{"id":239,"date":"2024-04-18T13:51:54","date_gmt":"2024-04-18T10:51:54","guid":{"rendered":"https:\/\/sisu.ut.ee\/soomisest-joomisest-informatsioonist\/test-soomine-ja-ainevahetus\/"},"modified":"2024-04-18T13:51:54","modified_gmt":"2024-04-18T10:51:54","slug":"test-soomine-ja-ainevahetus","status":"publish","type":"page","link":"https:\/\/sisu.ut.ee\/soomisest-joomisest-informatsioonist\/test-soomine-ja-ainevahetus\/","title":{"rendered":"TEST: S\u00f6\u00f6mine ja ainevahetus"},"content":{"rendered":"<div id=\"watupro_quiz\" class=\"quiz-area single-page-quiz\">\n<p id=\"submittingExam22\" style=\"display:none;text-align:center;\"><img loading=\"lazy\" decoding=\"async\" src=\"https:\/\/sisu.ut.ee\/wp-content\/plugins\/watupro\/img\/loading.gif\" width=\"16\" height=\"16\"><\/p>\n\n<div class=\"watupro-exam-description\" id=\"description-quiz-22\"><p>Antud test on m\u00f5eldud enesekontrolliks p\u00e4rast sissejuhatava video \"S\u00f6\u00f6mine ja ainevahetus\" vaatamist. Proovi test sooritada 100% peale ja kui ei \u00f5nnestu, siis keskendu \u00f5ppematerjalile uuesti ning lahenda veelkord kuni maksimumpunktid saavutatud.<\/p>\n<\/div>\n\n<form action=\"\" method=\"post\" class=\"quiz-form\" id=\"quiz-22\" enctype=\"multipart\/form-data\">\n<div class=\"watu-question \" id=\"question-1\" style=\";\"><div id=\"questionWrap-1\" class=\"  watupro-required-168 watupro-question-id-168\">\n\t\t\t<div class=\"question-content\"><div><p>Toitaineks nimetatakse:<\/p><\/div><input type=\"hidden\" name=\"question_id[]\" id=\"qID_1\" value=\"168\" class=\"watupro-question-id\"><input type=\"hidden\" id=\"answerType168\" class=\"answerTypeCnt1\" value=\"radio\"><input type=\"hidden\" id=\"watupro-required-question-168\"><!-- end question-content--><\/div><div class=\"question-choices watupro-choices-columns \" id=\"questionChoices168\"><div class=\"watupro-question-choice  \" dir=\"auto\"><input type=\"radio\" name=\"answer-168[]\" id=\"answer-id-852\" class=\"answer   answerof-168 \" value=\"852\"><label for=\"answer-id-852\" id=\"answer-label-852\" class=\" answer\"><span><p>t\u00f6\u00f6tlemist vajavat ainet<\/p><\/span><\/label><\/div><div class=\"watupro-question-choice  \" dir=\"auto\"><input type=\"radio\" name=\"answer-168[]\" id=\"answer-id-853\" class=\"answer   answerof-168 \" value=\"853\"><label for=\"answer-id-853\" id=\"answer-label-853\" class=\" answer\"><span><p>meeldiva maitsega ainet<\/p><\/span><\/label><\/div><div class=\"watupro-question-choice  \" dir=\"auto\"><input type=\"radio\" name=\"answer-168[]\" id=\"answer-id-854\" class=\"answer   answerof-168 \" value=\"854\"><label for=\"answer-id-854\" id=\"answer-label-854\" class=\" answer\"><span><p>ainet, mis peab olema kindlasti vesilahustuv<\/p><\/span><\/label><\/div><div class=\"watupro-question-choice  \" dir=\"auto\"><input type=\"radio\" name=\"answer-168[]\" id=\"answer-id-855\" class=\"answer   answerof-168 \" value=\"855\"><label for=\"answer-id-855\" id=\"answer-label-855\" class=\" answer\"><span><p>toidu koostisainet, mida vajab inimorganism kindlateks \u00fclesanneteks<\/p><\/span><\/label><\/div><div class=\"watupro-question-choice  \" dir=\"auto\"><input type=\"radio\" name=\"answer-168[]\" id=\"answer-id-856\" class=\"answer   answerof-168 \" value=\"856\"><label for=\"answer-id-856\" id=\"answer-label-856\" class=\" answer\"><span><p>retsepti koostisosi<\/p><\/span><\/label><\/div><!-- end question-choices--><\/div><!-- end questionWrap--><\/div><\/div><div class=\"watu-question \" id=\"question-2\" style=\";\"><div id=\"questionWrap-2\" class=\"  watupro-required-170 watupro-question-id-170\">\n\t\t\t<div class=\"question-content\"><div><p>RDA ehk:<\/p><\/div><input type=\"hidden\" name=\"question_id[]\" id=\"qID_2\" value=\"170\" class=\"watupro-question-id\"><input type=\"hidden\" id=\"answerType170\" class=\"answerTypeCnt2\" value=\"radio\"><input type=\"hidden\" id=\"watupro-required-question-170\"><!-- end question-content--><\/div><div class=\"question-choices watupro-choices-columns \" id=\"questionChoices170\"><div class=\"watupro-question-choice  \" dir=\"auto\"><input type=\"radio\" name=\"answer-170[]\" id=\"answer-id-862\" class=\"answer   answerof-170 \" value=\"862\"><label for=\"answer-id-862\" id=\"answer-label-862\" class=\" answer\"><span><p>\u00f6\u00f6p\u00e4evane kogus, mille peaks saama toiduga ja mis peaks katma vajaduse 97...98% tervetel inimestel tasakaalustatud segatoidu korral<\/p><\/span><\/label><\/div><div class=\"watupro-question-choice  \" dir=\"auto\"><input type=\"radio\" name=\"answer-170[]\" id=\"answer-id-863\" class=\"answer   answerof-170 \" value=\"863\"><label for=\"answer-id-863\" id=\"answer-label-863\" class=\" answer\"><span><p>\u00fchekordne kogus, mille peaks saama toiduga ja mis peaks katma vajaduse 50...75% tervetel inimestel tasakaalustatud segatoidu korral<\/p><\/span><\/label><\/div><div class=\"watupro-question-choice  \" dir=\"auto\"><input type=\"radio\" name=\"answer-170[]\" id=\"answer-id-864\" class=\"answer   answerof-170 \" value=\"864\"><label for=\"answer-id-864\" id=\"answer-label-864\" class=\" answer\"><span><p>\u00fchekordne kogus, mille peaks saama toiduga ja mis peaks katma vajaduse 97...98% tervetel inimestel tasakaalustatud segatoidu korral<\/p><\/span><\/label><\/div><div class=\"watupro-question-choice  \" dir=\"auto\"><input type=\"radio\" name=\"answer-170[]\" id=\"answer-id-861\" class=\"answer   answerof-170 \" value=\"861\"><label for=\"answer-id-861\" id=\"answer-label-861\" class=\" answer\"><span><p>\u00f6\u00f6p\u00e4evane kogus, mille peaks saama toiduga ja mis peaks katma vajaduse 50...75% tervetel inimestel tasakaalustatud segatoidu korral<\/p><\/span><\/label><\/div><!-- end question-choices--><\/div><!-- end questionWrap--><\/div><\/div><div class=\"watu-question \" id=\"question-3\" style=\";\"><div id=\"questionWrap-3\" class=\"  watupro-required-167 watupro-question-id-167\">\n\t\t\t<div class=\"question-content\"><div><p>T\u00e4isv\u00e4\u00e4rtuslikuks tervislikuks eluviisiks, et saada k\u00e4tte k\u00f5ik vajalikud toitained, tuleb:<\/p><\/div><input type=\"hidden\" name=\"question_id[]\" id=\"qID_3\" value=\"167\" class=\"watupro-question-id\"><input type=\"hidden\" id=\"answerType167\" class=\"answerTypeCnt3\" value=\"radio\"><input type=\"hidden\" id=\"watupro-required-question-167\"><!-- end question-content--><\/div><div class=\"question-choices watupro-choices-columns \" id=\"questionChoices167\"><div class=\"watupro-question-choice  \" dir=\"auto\"><input type=\"radio\" name=\"answer-167[]\" id=\"answer-id-846\" class=\"answer   answerof-167 \" value=\"846\"><label for=\"answer-id-846\" id=\"answer-label-846\" class=\" answer\"><span><p>s\u00fc\u00fca tasakaalustatud segatoitu<\/p><\/span><\/label><\/div><div class=\"watupro-question-choice  \" dir=\"auto\"><input type=\"radio\" name=\"answer-167[]\" id=\"answer-id-851\" class=\"answer   answerof-167 \" value=\"851\"><label for=\"answer-id-851\" id=\"answer-label-851\" class=\" answer\"><span><p>vaadata p\u00e4ikesesse<\/p><\/span><\/label><\/div><div class=\"watupro-question-choice  \" dir=\"auto\"><input type=\"radio\" name=\"answer-167[]\" id=\"answer-id-849\" class=\"answer   answerof-167 \" value=\"849\"><label for=\"answer-id-849\" id=\"answer-label-849\" class=\" answer\"><span><p>s\u00fc\u00fca ainult maiustusi<\/p><\/span><\/label><\/div><div class=\"watupro-question-choice  \" dir=\"auto\"><input type=\"radio\" name=\"answer-167[]\" id=\"answer-id-848\" class=\"answer   answerof-167 \" value=\"848\"><label for=\"answer-id-848\" id=\"answer-label-848\" class=\" answer\"><span><p>s\u00fc\u00fca ainult taimset toitu<\/p><\/span><\/label><\/div><div class=\"watupro-question-choice  \" dir=\"auto\"><input type=\"radio\" name=\"answer-167[]\" id=\"answer-id-850\" class=\"answer   answerof-167 \" value=\"850\"><label for=\"answer-id-850\" id=\"answer-label-850\" class=\" answer\"><span><p>juua vett<\/p><\/span><\/label><\/div><div class=\"watupro-question-choice  \" dir=\"auto\"><input type=\"radio\" name=\"answer-167[]\" id=\"answer-id-847\" class=\"answer   answerof-167 \" value=\"847\"><label for=\"answer-id-847\" id=\"answer-label-847\" class=\" answer\"><span><p>s\u00fc\u00fca ainult loomset toitu<\/p><\/span><\/label><\/div><!-- end question-choices--><\/div><!-- end questionWrap--><\/div><\/div><div class=\"watu-question \" id=\"question-4\" style=\";\"><div id=\"questionWrap-4\" class=\"  watupro-required-169 watupro-question-id-169\">\n\t\t\t<div class=\"question-content\"><div><p>Toiduaineks nimetatakse ainet:<\/p><\/div><input type=\"hidden\" name=\"question_id[]\" id=\"qID_4\" value=\"169\" class=\"watupro-question-id\"><input type=\"hidden\" id=\"answerType169\" class=\"answerTypeCnt4\" value=\"radio\"><input type=\"hidden\" id=\"watupro-required-question-169\"><!-- end question-content--><\/div><div class=\"question-choices watupro-choices-columns \" id=\"questionChoices169\"><div class=\"watupro-question-choice  \" dir=\"auto\"><input type=\"radio\" name=\"answer-169[]\" id=\"answer-id-857\" class=\"answer   answerof-169 \" value=\"857\"><label for=\"answer-id-857\" id=\"answer-label-857\" class=\" answer\"><span><p>millel on kindel\/fikseeritud hind<\/p><\/span><\/label><\/div><div class=\"watupro-question-choice  \" dir=\"auto\"><input type=\"radio\" name=\"answer-169[]\" id=\"answer-id-858\" class=\"answer   answerof-169 \" value=\"858\"><label for=\"answer-id-858\" id=\"answer-label-858\" class=\" answer\"><span><p>mida saab osta vaid poest<\/p><\/span><\/label><\/div><div class=\"watupro-question-choice  \" dir=\"auto\"><input type=\"radio\" name=\"answer-169[]\" id=\"answer-id-860\" class=\"answer   answerof-169 \" value=\"860\"><label for=\"answer-id-860\" id=\"answer-label-860\" class=\" answer\"><span><p>mis on inimorganismi jaoks sobiv taimse v\u00f5i loomse p\u00e4ritoluga saadus v\u00f5i toode<\/p><\/span><\/label><\/div><div class=\"watupro-question-choice  \" dir=\"auto\"><input type=\"radio\" name=\"answer-169[]\" id=\"answer-id-859\" class=\"answer   answerof-169 \" value=\"859\"><label for=\"answer-id-859\" id=\"answer-label-859\" class=\" answer\"><span><p>mis peab olema kindlasti kuumutatud<\/p><\/span><\/label><\/div><!-- end question-choices--><\/div><!-- end questionWrap--><\/div><\/div><div style=\"display:none\" id=\"question-5\">\n\t<div class=\"question-content\">\n\t\t<img loading=\"lazy\" decoding=\"async\" src=\"https:\/\/sisu.ut.ee\/wp-content\/plugins\/watupro\/img\/loading.gif\" width=\"16\" height=\"16\" alt=\"Loading...\" title=\"Loading...\">\u00a0Loading...\t<\/div>\n<\/div>\n\n<br>\n\t\n\t\t\t<div class=\"watupro_buttons flex \" id=\"watuPROButtons22\">\n\t\t  <div id=\"prev-question\" style=\"display:none;\"><input type=\"button\" value=\"&lt; Previous\" onclick=\"WatuPRO.nextQuestion(event, 'previous');\"><\/div>\t\t  \t\t  \t\t   \n\t\t   \t  \t\t<div><input type=\"button\" name=\"action\" class=\"watupro-submit-button\" onclick=\"WatuPRO.submitResult(event)\" id=\"action-button\" value=\"View Results\">\n\t\t<\/div>\n\t\t<\/div>\n\t\t\n\t<input type=\"hidden\" name=\"quiz_id\" value=\"22\" id=\"watuPROExamID\">\n\t<input type=\"hidden\" name=\"start_time\" id=\"startTime\" value=\"2026-04-11 08:19:28\">\n\t<input type=\"hidden\" name=\"start_timestamp\" id=\"startTimeStamp\" value=\"1775895568\">\n\t<input type=\"hidden\" name=\"question_ids\" value=\"\">\n\t<input type=\"hidden\" name=\"watupro_questions\" value=\"168:852,853,854,855,856 | 170:862,863,864,861 | 167:846,851,849,848,850,847 | 169:857,858,860,859\">\n\t<input type=\"hidden\" name=\"no_ajax\" value=\"0\">\t\t\t<\/form>\n\t<p>\u00a0<\/p>\n<\/div>\n\n<script type=\"text\/javascript\">\n\/\/jQuery(document).ready(function(){\ndocument.addEventListener(\"DOMContentLoaded\", function(event) { \t\nvar question_ids = \"168,170,167,169\";\nWatuPROSettings[22] = {};\nWatuPRO.qArr = question_ids.split(',');\nWatuPRO.exam_id = 22;\t    \nWatuPRO.post_id = 239;\nWatuPRO.store_progress = 0;\nWatuPRO.curCatPage = 1;\nWatuPRO.requiredIDs=\"0,168,170,167,169\".split(\",\");\nWatuPRO.hAppID = \"0.19981600 1775884768\";\nvar url = \"https:\/\/sisu.ut.ee\/wp-content\/plugins\/watupro\/show_exam.php\";\nWatuPRO.examMode = 1;\nWatuPRO.siteURL=\"https:\/\/sisu.ut.ee\/soomisest-joomisest-informatsioonist\/wp-admin\/admin-ajax.php\";\nWatuPRO.emailIsNotRequired = 0;\nWatuPRO.perDecade = 10;\nWatuPROIntel.init(22);\nWatuPRO.inCategoryPages=1;});    \t \n<\/script>\n\n","protected":false},"excerpt":{"rendered":"","protected":false},"author":9,"featured_media":0,"parent":0,"menu_order":0,"comment_status":"closed","ping_status":"closed","template":"","meta":{"_acf_changed":false,"inline_featured_image":false,"footnotes":""},"class_list":["post-239","page","type-page","status-publish","hentry"],"acf":[],"_links":{"self":[{"href":"https:\/\/sisu.ut.ee\/soomisest-joomisest-informatsioonist\/wp-json\/wp\/v2\/pages\/239","targetHints":{"allow":["GET"]}}],"collection":[{"href":"https:\/\/sisu.ut.ee\/soomisest-joomisest-informatsioonist\/wp-json\/wp\/v2\/pages"}],"about":[{"href":"https:\/\/sisu.ut.ee\/soomisest-joomisest-informatsioonist\/wp-json\/wp\/v2\/types\/page"}],"author":[{"embeddable":true,"href":"https:\/\/sisu.ut.ee\/soomisest-joomisest-informatsioonist\/wp-json\/wp\/v2\/users\/9"}],"replies":[{"embeddable":true,"href":"https:\/\/sisu.ut.ee\/soomisest-joomisest-informatsioonist\/wp-json\/wp\/v2\/comments?post=239"}],"version-history":[{"count":0,"href":"https:\/\/sisu.ut.ee\/soomisest-joomisest-informatsioonist\/wp-json\/wp\/v2\/pages\/239\/revisions"}],"wp:attachment":[{"href":"https:\/\/sisu.ut.ee\/soomisest-joomisest-informatsioonist\/wp-json\/wp\/v2\/media?parent=239"}],"curies":[{"name":"wp","href":"https:\/\/api.w.org\/{rel}","templated":true}]}}