{"id":21,"date":"2024-04-04T03:25:14","date_gmt":"2024-04-04T00:25:14","guid":{"rendered":"https:\/\/sisu.ut.ee\/soomisest-joomisest-informatsioonist\/3-joomine-ja-ainevahetus\/"},"modified":"2024-04-04T03:25:27","modified_gmt":"2024-04-04T00:25:27","slug":"3-joomine-ja-ainevahetus","status":"publish","type":"page","link":"https:\/\/sisu.ut.ee\/soomisest-joomisest-informatsioonist\/3-joomine-ja-ainevahetus\/","title":{"rendered":"3. Joomine ja ainevahetus"},"content":{"rendered":"<h3><div class=\"ratio ratio-16x9 mb-3\"><div class=\"video-placeholder-wrapper video-placeholder-wrapper--16x9\">\n\t\t\t    <div class=\"video-placeholder d-flex justify-content-center align-items-center\">\n\t\t\t        <div class=\"overlay text-white p-2 w-100 text-center d-block justify-content-center align-items-center\">\n\t\t\t            <div>Kolmandate osapoolte sisu n\u00e4gemiseks palun n\u00f5ustu k\u00fcpsistega.<\/div>\n\t\t\t            <button class=\"btn btn-secondary btn-sm mt-1 consent-change\">Muuda n\u00f5usolekut<\/button>\n\t\t\t        <\/div>\n\t\t\t    <\/div>\n\t\t\t<\/div>\n<\/div><\/h3><h3><img loading=\"lazy\" decoding=\"async\" width=\"32\" height=\"41\" class=\"alignnone wp-image-50\" src=\"https:\/\/sisu.ut.ee\/wp-content\/uploads\/sites\/222\/knopka2.png\" title=\"knopka2.png\" alt=\"knopka2.png\">Meeldej\u00e4tmiseks:<\/h3><ul><li>Vee tarbimise regulatsioon on m\u00f5nev\u00f5rra ebaselgem v\u00f5rreldes teadmisega toidu tarbimise regulatsioonist<\/li><li>Teatud osa organismile vajalikust veest tekib ainevahetuse k\u00e4igus<\/li><li>Kaheks vee tarbimisega seotud n\u00e4itajaks on osmootne r\u00f5hk ja ringleva vere maht. Osmootse r\u00f5hu kontroll on olulisem v\u00f5rreldes ringleva vere mahuga<\/li><li>Janu on subjektiivne l\u00e4bielamine meie peas vastusena veepuudusele. Sarnaselt teistele hom\u00f6ostaatilistele motivatsioonidele p\u00f5hjustab see meile ebamugavustunnet ja pinget, millest me vabaneme vee tarbimise k\u00e4igus. Vananemisel janutunne n\u00f5rgeneb, mis on \u00fcheks deh\u00fcdratatsiooni p\u00f5hjuseks vanemaealistel inimestel<\/li><\/ul><br><div class=\"wp-block-group attached-files-group is-layout-constrained wp-block-group-is-layout-constrained\"><\/div>","protected":false},"excerpt":{"rendered":"<p>Kolmandate osapoolte sisu n\u00e4gemiseks palun n\u00f5ustu k\u00fcpsistega. Muuda n\u00f5usolekut Meeldej\u00e4tmiseks: Vee tarbimise regulatsioon on m\u00f5nev\u00f5rra ebaselgem v\u00f5rreldes teadmisega toidu tarbimise regulatsioonist Teatud osa organismile vajalikust veest tekib ainevahetuse k\u00e4igus Kaheks vee tarbimisega seotud n\u00e4itajaks on osmootne r\u00f5hk ja ringleva vere &#8230;<\/p>\n","protected":false},"author":111,"featured_media":0,"parent":0,"menu_order":0,"comment_status":"closed","ping_status":"closed","template":"","meta":{"_acf_changed":false,"inline_featured_image":false,"footnotes":""},"class_list":["post-21","page","type-page","status-publish","hentry"],"acf":[],"_links":{"self":[{"href":"https:\/\/sisu.ut.ee\/soomisest-joomisest-informatsioonist\/wp-json\/wp\/v2\/pages\/21","targetHints":{"allow":["GET"]}}],"collection":[{"href":"https:\/\/sisu.ut.ee\/soomisest-joomisest-informatsioonist\/wp-json\/wp\/v2\/pages"}],"about":[{"href":"https:\/\/sisu.ut.ee\/soomisest-joomisest-informatsioonist\/wp-json\/wp\/v2\/types\/page"}],"author":[{"embeddable":true,"href":"https:\/\/sisu.ut.ee\/soomisest-joomisest-informatsioonist\/wp-json\/wp\/v2\/users\/111"}],"replies":[{"embeddable":true,"href":"https:\/\/sisu.ut.ee\/soomisest-joomisest-informatsioonist\/wp-json\/wp\/v2\/comments?post=21"}],"version-history":[{"count":2,"href":"https:\/\/sisu.ut.ee\/soomisest-joomisest-informatsioonist\/wp-json\/wp\/v2\/pages\/21\/revisions"}],"predecessor-version":[{"id":147,"href":"https:\/\/sisu.ut.ee\/soomisest-joomisest-informatsioonist\/wp-json\/wp\/v2\/pages\/21\/revisions\/147"}],"wp:attachment":[{"href":"https:\/\/sisu.ut.ee\/soomisest-joomisest-informatsioonist\/wp-json\/wp\/v2\/media?parent=21"}],"curies":[{"name":"wp","href":"https:\/\/api.w.org\/{rel}","templated":true}]}}