{"id":7,"date":"2024-04-04T03:57:57","date_gmt":"2024-04-04T00:57:57","guid":{"rendered":"https:\/\/sisu.ut.ee\/snk\/kontakt\/"},"modified":"2024-04-04T03:58:01","modified_gmt":"2024-04-04T00:58:01","slug":"kontakt","status":"publish","type":"page","link":"https:\/\/sisu.ut.ee\/snk\/kontakt\/","title":{"rendered":"Kontakt"},"content":{"rendered":"<p>\n\t\u00a0\n<\/p>\n<p style=\"line-height: 1.5\">\n\t<span style=\"font-size: large\">Kui soovid meie abi, siis palun saada oma probleemi ja andmete kirjeldus meie kontaktaadressile: <span style=\"color: #008000\"><strong>snk@ut.ee <\/strong><\/span> Hiljemalt n\u00e4dala jooksul v\u00f5tame Sinuga \u00fchendust. <\/span>\n<\/p>\n<p>\n\t\u00a0\n<\/p>\n<p style=\"line-height: 1.5\">\n\t<span style=\"font-size: large\">E-post: snk@ut.ee<br>Veeb: <a href=\"snk.ut.ee\">snk.ut.ee<\/a> <\/span>\n<\/p>\n<p>\n\t\u00a0\n<\/p>\n<p>\n\t<span style=\"font-size: large\">Tartu \u00dclikooli statistilise n\u00f5ustamise keskus<br>Narva mnt 18<br>51009 Tartu<br>Eesti <\/span><\/p>\n","protected":false},"excerpt":{"rendered":"<p>\u00a0 Kui soovid meie abi, siis palun saada oma probleemi ja andmete kirjeldus meie kontaktaadressile: snk@ut.ee Hiljemalt n\u00e4dala jooksul v\u00f5tame Sinuga \u00fchendust. \u00a0 E-post: snk@ut.eeVeeb: snk.ut.ee \u00a0 Tartu \u00dclikooli statistilise n\u00f5ustamise keskusNarva mnt 1851009 TartuEesti<\/p>\n","protected":false},"author":136,"featured_media":0,"parent":0,"menu_order":0,"comment_status":"closed","ping_status":"closed","template":"","meta":{"_acf_changed":false,"inline_featured_image":false,"footnotes":""},"class_list":["post-7","page","type-page","status-publish","hentry"],"acf":[],"_links":{"self":[{"href":"https:\/\/sisu.ut.ee\/snk\/wp-json\/wp\/v2\/pages\/7","targetHints":{"allow":["GET"]}}],"collection":[{"href":"https:\/\/sisu.ut.ee\/snk\/wp-json\/wp\/v2\/pages"}],"about":[{"href":"https:\/\/sisu.ut.ee\/snk\/wp-json\/wp\/v2\/types\/page"}],"author":[{"embeddable":true,"href":"https:\/\/sisu.ut.ee\/snk\/wp-json\/wp\/v2\/users\/136"}],"replies":[{"embeddable":true,"href":"https:\/\/sisu.ut.ee\/snk\/wp-json\/wp\/v2\/comments?post=7"}],"version-history":[{"count":1,"href":"https:\/\/sisu.ut.ee\/snk\/wp-json\/wp\/v2\/pages\/7\/revisions"}],"predecessor-version":[{"id":24,"href":"https:\/\/sisu.ut.ee\/snk\/wp-json\/wp\/v2\/pages\/7\/revisions\/24"}],"wp:attachment":[{"href":"https:\/\/sisu.ut.ee\/snk\/wp-json\/wp\/v2\/media?parent=7"}],"curies":[{"name":"wp","href":"https:\/\/api.w.org\/{rel}","templated":true}]}}