{"id":6,"date":"2024-04-04T03:57:57","date_gmt":"2024-04-04T00:57:57","guid":{"rendered":"https:\/\/sisu.ut.ee\/snk\/hinnad\/"},"modified":"2024-04-04T03:58:01","modified_gmt":"2024-04-04T00:58:01","slug":"hinnad","status":"publish","type":"page","link":"https:\/\/sisu.ut.ee\/snk\/hinnad\/","title":{"rendered":"Hinnad"},"content":{"rendered":"<p><span style=\"font-size: large\">SNK konsultatsioonid on tasulised, arvestades n\u00f5ustamisele kulunud aega.<\/span><\/p>\n<ul>\n<li><span style=\"font-size: large\">T\u00dc doktorandid \u2013 30\u00a0 eurot \/tund (doktorit\u00f6\u00f6d puudutavates k\u00fcsimustes).<\/span><\/li>\n<li><span style=\"font-size: large\">T\u00dc t\u00f6\u00f6tajad \u2013 50\u00a0 eurot \/tund.<\/span><\/li>\n<li><span style=\"font-size: large\">Konsultatsioonid v\u00e4ljapoole Tartu \u00dclikooli \u2013 70\u00a0 eurot\/tund (+ k\u00e4ibemaks).<\/span><\/li>\n<li><span style=\"font-size: large\">Suuremate projektide korral lepitakse tasu osas kokku eraldi.<\/span><\/li>\n<\/ul>\n<p><span style=\"font-size: large\"> \u00dclikooli sees toimub arveldamine sisek\u00e4ibe arvete alusel. <\/span> <\/p>\n","protected":false},"excerpt":{"rendered":"<p>SNK konsultatsioonid on tasulised, arvestades n\u00f5ustamisele kulunud aega. T\u00dc doktorandid \u2013 30\u00a0 eurot \/tund (doktorit\u00f6\u00f6d puudutavates k\u00fcsimustes). T\u00dc t\u00f6\u00f6tajad \u2013 50\u00a0 eurot \/tund. Konsultatsioonid v\u00e4ljapoole Tartu \u00dclikooli \u2013 70\u00a0 eurot\/tund (+ k\u00e4ibemaks). Suuremate projektide korral lepitakse tasu osas kokku eraldi. &#8230;<\/p>\n","protected":false},"author":136,"featured_media":0,"parent":0,"menu_order":0,"comment_status":"closed","ping_status":"closed","template":"","meta":{"_acf_changed":false,"inline_featured_image":false,"footnotes":""},"class_list":["post-6","page","type-page","status-publish","hentry"],"acf":[],"_links":{"self":[{"href":"https:\/\/sisu.ut.ee\/snk\/wp-json\/wp\/v2\/pages\/6","targetHints":{"allow":["GET"]}}],"collection":[{"href":"https:\/\/sisu.ut.ee\/snk\/wp-json\/wp\/v2\/pages"}],"about":[{"href":"https:\/\/sisu.ut.ee\/snk\/wp-json\/wp\/v2\/types\/page"}],"author":[{"embeddable":true,"href":"https:\/\/sisu.ut.ee\/snk\/wp-json\/wp\/v2\/users\/136"}],"replies":[{"embeddable":true,"href":"https:\/\/sisu.ut.ee\/snk\/wp-json\/wp\/v2\/comments?post=6"}],"version-history":[{"count":1,"href":"https:\/\/sisu.ut.ee\/snk\/wp-json\/wp\/v2\/pages\/6\/revisions"}],"predecessor-version":[{"id":23,"href":"https:\/\/sisu.ut.ee\/snk\/wp-json\/wp\/v2\/pages\/6\/revisions\/23"}],"wp:attachment":[{"href":"https:\/\/sisu.ut.ee\/snk\/wp-json\/wp\/v2\/media?parent=6"}],"curies":[{"name":"wp","href":"https:\/\/api.w.org\/{rel}","templated":true}]}}