{"id":5,"date":"2024-04-04T03:57:57","date_gmt":"2024-04-04T00:57:57","guid":{"rendered":"https:\/\/sisu.ut.ee\/snk\/teenused\/"},"modified":"2024-04-04T03:58:01","modified_gmt":"2024-04-04T00:58:01","slug":"teenused","status":"publish","type":"page","link":"https:\/\/sisu.ut.ee\/snk\/teenused\/","title":{"rendered":"Teenused"},"content":{"rendered":"<ul>\n<li><span style=\"font-size: large\">Pakume abi katseplaneerimisel ja uurimusteks sobiva disaini leidmisel.<\/span><\/li>\n<li><span style=\"font-size: large\">N\u00f5ustame andmete anal\u00fc\u00fcsiks sobilike statistiliste meetodite valikul.<\/span><\/li>\n<li><span style=\"font-size: large\">Osaleme meelsasti \u00fchistes teadusprojektides alates projekti koostamise faasist.<\/span><\/li>\n<li><span style=\"font-size: large\">Viime l\u00e4bi ka praktilist andmeanal\u00fc\u00fcsi kliendi andmetega.<\/span><\/li>\n<li><span style=\"font-size: large\">Teeme koolitusi gruppidele.<\/span><\/li>\n<\/ul>\n<p><span style=\"font-size: large\">Meie <strong>konsultantide<\/strong> gruppi kuuluvad:<\/span><\/p>\n<p style=\"padding-left: 30px\"><span style=\"font-size: large\"> Ene-Margit Tiit, Krista Fischer, Imbi Traat, T\u00f5nu Kollo, M\u00e4rt M\u00f6ls, Kristi Kuljus, J\u00fcri Lember, Kalev P\u00e4rna, Meelis K\u00e4\u00e4rik, Mare V\u00e4hi, Ene K\u00e4\u00e4rik, Anne Selart, Raul Kangro, doktorandid Kristi L\u00e4ll, Nele Taba, Merli M\u00e4ndul, Oliver Aasmets. <\/span><\/p>\n<p> <\/p>\n<p><span style=\"font-size: large\">Meie <strong>ekspertvaldkonnad<\/strong> on:<\/span><\/p>\n<p style=\"padding-left: 30px\"><span style=\"font-size: large\"> mitmem\u00f5\u00f5tmeline statistiline anal\u00fc\u00fcs, andmekaeve, valikuuringud, aegridade anal\u00fc\u00fcs, Monte-Carlo meetodid ja bootstrap, puuduvad andmed, R ja SAS tarkvara, visualiseerimine, elukestusanal\u00fc\u00fcs, struktuuriv\u00f5rrandid, stohhastiline (t\u00f5en\u00e4osuslik) modelleerimine, j\u00e4rjekorras\u00fcsteemid, finantsriskide m\u00f5\u00f5tmine, krediidiskooring, kindlustusstatistika, finantsderivatiivide hindamine jpm. <\/span><\/p>\n<p> <\/p>\n<p><span style=\"font-size: large\"> <!--T\u00e4iendava pildi ekspertvaldkondadest saate, kui loete meie l\u00f5petatud konsultatsioonide kohta.--> <\/span><\/p>\n<p><span style=\"font-size: large\"> <strong>SNK n\u00f5ukogu<\/strong>: Krista Fischer, Raul Kangro (koordinaator), Kalev P\u00e4rna. <\/span><\/p>\n<p> <\/p>\n<p><span style=\"font-size: large\"> Kui soovid meie abi, siis saada palun oma probleemi ja andmete kirjeldus meie kontaktaadressile: <strong><span style=\"color: #008000\">snk@ut.ee <\/span><\/strong> Hiljemalt n\u00e4dala jooksul v\u00f5tame Sinuga \u00fchendust. <\/span><\/p>\n<p> <\/p>\n","protected":false},"excerpt":{"rendered":"<p>Pakume abi katseplaneerimisel ja uurimusteks sobiva disaini leidmisel. N\u00f5ustame andmete anal\u00fc\u00fcsiks sobilike statistiliste meetodite valikul. Osaleme meelsasti \u00fchistes teadusprojektides alates projekti koostamise faasist. Viime l\u00e4bi ka praktilist andmeanal\u00fc\u00fcsi kliendi andmetega. Teeme koolitusi gruppidele. Meie konsultantide gruppi kuuluvad: Ene-Margit Tiit, Krista &#8230;<\/p>\n","protected":false},"author":136,"featured_media":0,"parent":0,"menu_order":0,"comment_status":"closed","ping_status":"closed","template":"","meta":{"_acf_changed":false,"inline_featured_image":false,"footnotes":""},"class_list":["post-5","page","type-page","status-publish","hentry"],"acf":[],"_links":{"self":[{"href":"https:\/\/sisu.ut.ee\/snk\/wp-json\/wp\/v2\/pages\/5","targetHints":{"allow":["GET"]}}],"collection":[{"href":"https:\/\/sisu.ut.ee\/snk\/wp-json\/wp\/v2\/pages"}],"about":[{"href":"https:\/\/sisu.ut.ee\/snk\/wp-json\/wp\/v2\/types\/page"}],"author":[{"embeddable":true,"href":"https:\/\/sisu.ut.ee\/snk\/wp-json\/wp\/v2\/users\/136"}],"replies":[{"embeddable":true,"href":"https:\/\/sisu.ut.ee\/snk\/wp-json\/wp\/v2\/comments?post=5"}],"version-history":[{"count":1,"href":"https:\/\/sisu.ut.ee\/snk\/wp-json\/wp\/v2\/pages\/5\/revisions"}],"predecessor-version":[{"id":22,"href":"https:\/\/sisu.ut.ee\/snk\/wp-json\/wp\/v2\/pages\/5\/revisions\/22"}],"wp:attachment":[{"href":"https:\/\/sisu.ut.ee\/snk\/wp-json\/wp\/v2\/media?parent=5"}],"curies":[{"name":"wp","href":"https:\/\/api.w.org\/{rel}","templated":true}]}}