{"id":4,"date":"2024-04-04T03:57:57","date_gmt":"2024-04-04T00:57:57","guid":{"rendered":"https:\/\/sisu.ut.ee\/snk\/avaleht\/"},"modified":"2024-04-04T03:58:01","modified_gmt":"2024-04-04T00:58:01","slug":"avaleht","status":"publish","type":"page","link":"https:\/\/sisu.ut.ee\/snk\/","title":{"rendered":"Avaleht"},"content":{"rendered":"<p><span style=\"font-size: large\"> Tartu \u00dclikooli statistilise n\u00f5ustamise keskuse (SNK) \u00fclesandeks on pakkuda statistilisi konsultatsioone \u00fclikooli akadeemilistele <strong>t\u00f6\u00f6tajatele<\/strong> ja <strong>doktorantidele<\/strong> ja aidata seel\u00e4bi kaasa teadust\u00f6\u00f6 kvaliteedi t\u00f5stmisele \u00fclikoolis. <\/span><\/p>\n\n<p style=\"line-height: 1.5\"><span style=\"font-size: large\"> Samuti oleme valmis konsulteerima abivajajaid <strong>v\u00e4ljastpoolt \u00fclikooli<\/strong> (nii \u00fcksikisikuid kui ka ettev\u00f5tteid ja asutusi), et koos leida lahendusi v\u00f5imalikele probleemidele t\u00f6\u00f6s andmetega. <\/span><\/p>\n\n<p><span style=\"font-size: large\"> N\u00f5ustamiskeskuse <strong>konsultandid<\/strong> on oma ala juhtivad eksperdid, kelle kogemustepagas v\u00f5imaldab efektiivselt lahendada statistikaprobleeme erinevates teadus- ja eluvaldkondades \u2013 loodusteadused, meditsiin, sotsiaalteadused, \u00e4ri, majandus jne <\/span><\/p>\n\n<p><span style=\"font-size: large\"> Hea <strong>rakendusstatistika<\/strong> on palju enamat kui andmeanal\u00fc\u00fcs \u2013 selle olulisteks komponentideks on ka uurimuse planeerimine ja uurimisk\u00fcsimustele vastamiseks sobiva disaini valimine, andmete optimaalne kogumine, professionaalne modelleerimine ja tulemuste t\u00f5lgendamine. <\/span><\/p>\n\n<p><span style=\"font-size: large\"> Meie <strong>missiooniks<\/strong> on hea seista selle eest, et \u00fclikooli teadus- ja arendust\u00f6\u00f6s j\u00e4rgitaks rakendusliku statistika p\u00f5hiprintsiipe. Sujuv koost\u00f6\u00f6 eeldab, et statistikul oleks teatav ettekujutus antud ainevaldkonnast ning et samal ajal valdkonna spetsialist tunneks huvi statistilise anal\u00fc\u00fcsi k\u00fcsimuste vastu. <\/span><\/p>\n","protected":false},"excerpt":{"rendered":"<p>Tartu \u00dclikooli statistilise n\u00f5ustamise keskuse (SNK) \u00fclesandeks on pakkuda statistilisi konsultatsioone \u00fclikooli akadeemilistele t\u00f6\u00f6tajatele ja doktorantidele ja aidata seel\u00e4bi kaasa teadust\u00f6\u00f6 kvaliteedi t\u00f5stmisele \u00fclikoolis. Samuti oleme valmis konsulteerima abivajajaid v\u00e4ljastpoolt \u00fclikooli (nii \u00fcksikisikuid kui ka ettev\u00f5tteid ja asutusi), et koos &#8230;<\/p>\n","protected":false},"author":136,"featured_media":0,"parent":0,"menu_order":0,"comment_status":"closed","ping_status":"closed","template":"","meta":{"_acf_changed":false,"inline_featured_image":false,"footnotes":""},"class_list":["post-4","page","type-page","status-publish","hentry"],"acf":[],"_links":{"self":[{"href":"https:\/\/sisu.ut.ee\/snk\/wp-json\/wp\/v2\/pages\/4","targetHints":{"allow":["GET"]}}],"collection":[{"href":"https:\/\/sisu.ut.ee\/snk\/wp-json\/wp\/v2\/pages"}],"about":[{"href":"https:\/\/sisu.ut.ee\/snk\/wp-json\/wp\/v2\/types\/page"}],"author":[{"embeddable":true,"href":"https:\/\/sisu.ut.ee\/snk\/wp-json\/wp\/v2\/users\/136"}],"replies":[{"embeddable":true,"href":"https:\/\/sisu.ut.ee\/snk\/wp-json\/wp\/v2\/comments?post=4"}],"version-history":[{"count":1,"href":"https:\/\/sisu.ut.ee\/snk\/wp-json\/wp\/v2\/pages\/4\/revisions"}],"predecessor-version":[{"id":21,"href":"https:\/\/sisu.ut.ee\/snk\/wp-json\/wp\/v2\/pages\/4\/revisions\/21"}],"wp:attachment":[{"href":"https:\/\/sisu.ut.ee\/snk\/wp-json\/wp\/v2\/media?parent=4"}],"curies":[{"name":"wp","href":"https:\/\/api.w.org\/{rel}","templated":true}]}}