{"id":8,"date":"2024-04-04T05:14:58","date_gmt":"2024-04-04T02:14:58","guid":{"rendered":"https:\/\/sisu.ut.ee\/skyttepraktika\/millist-praktikat-valida-praktika-liigid\/"},"modified":"2024-08-16T16:22:45","modified_gmt":"2024-08-16T13:22:45","slug":"millist-praktikat-valida-praktika-liigid","status":"publish","type":"page","link":"https:\/\/sisu.ut.ee\/skyttepraktika\/millist-praktikat-valida-praktika-liigid\/","title":{"rendered":"Praktika liigid"},"content":{"rendered":"<p align=\"left\">\n<\/p><p align=\"left\"><span style=\"font-size: 16px;\">V\u00f5imalik on l\u00e4bida eri liiki praktikaid, erinevates t\u00f6\u00f6keskkondades:<\/span><\/p>\n<p align=\"left\">\n<\/p><p><span style=\"font-size: 16px;\"><strong>1. Praktika riigi v\u00f5i kohaliku omavalitsuse asutuses, ettev\u00f5ttes v\u00f5i organisatsioonis <\/strong>(sh ministeeriumites, vallavalitsustes, Riigikogus, O\u00dc-s, MT\u00dc-s, \u00fclikoolis jne)\u00a0<\/span><\/p>\n<p><span style=\"font-size: 16px;\">Praktika on t\u00f6\u00f6keskkonnas korraldatav \u00fcli\u00f5pilase sihip\u00e4rane tegevus Johan Skytte poliitikauuringute instituudi poolt m\u00e4\u00e4ratud vormis ning juhendaja juhendamisel. Praktika eesm\u00e4rgiks on tutvuda reaalse t\u00f6\u00f6ga omandataval erialal, kinnistada teoreetilisi teadmisi praktilise t\u00f6\u00f6 kaudu, rakendada \u00f5pitut reaalses t\u00f6\u00f6keskkonnas, tutvuda erialaga seotud asutuste t\u00f6\u00f6korraldusega ja j\u00e4lgida erinevaid t\u00f6\u00f6protsesse ning arendada \u00fcli\u00f5pilase iseseisva t\u00f6\u00f6 oskusi ja harjumusi. Praktika peab toetama \u00f5ppekava eesm\u00e4rkide ja seatud \u00f5piv\u00e4ljundite saavutamist. Praktika peab olema seotud \u00f5ppekavade eesm\u00e4rkidega kas valdkondlikult v\u00f5i uurimis- ja anal\u00fc\u00fcsiv\u00f5imet arendavate tegevustega \u00fcldisemalt.<\/span><\/p>\n<p><span style=\"font-size: 16px;\"><strong>2. Projektip\u00f5hine praktika<\/strong><\/span><\/p>\n<p><span style=\"font-size: 16px;\">Praktikat v\u00f5ib teha ka nii, et asutusel\u00a0v\u00f5i organisatsioonil on soov saada mingile probleemile lahendus ja see lahendus leitakse praktika k\u00e4igus (projektip\u00f5hine praktika).<\/span><\/p>\n<p><span style=\"font-size: 16px;\"><div class=\"accordion mb-3\">\n        <div class=\"accordion-item accordion-item--white\">\n        <h2 class=\"accordion-header\" id=\"accordion-69e0359079cab-heading\">\n            <button class=\"accordion-button collapsed\" type=\"button\" data-bs-toggle=\"collapse\" data-bs-target=\"#accordion-69e0359079cab-collapse\" aria-expanded=\"true\" aria-controls=\"accordion-69e0359079cab-collapse\">Projektip\u00f5hise praktika m\u00e4rks\u00f5nad<\/button>\n        <\/h2>\n        <div id=\"accordion-69e0359079cab-collapse\" class=\"accordion-collapse collapse\" aria-labelledby=\"accordion-69e0359079cab-heading\">\n            <div class=\"accordion-body\">Projektip\u00f5hise praktika m\u00e4rks\u00f5nad on:<br>\n\u2013 Reaalne ettev\u00f5tte\/organisatsiooni \u00fclesanne, mis seondub erialaga;\n<p><span style=\"font-size: 16px;\">\u2013 interdistsiplinaarsus ja erinevate haridustasemete koost\u00f6\u00f6;<\/span><\/p>\n<p><span style=\"font-size: 16px;\">\u2013 fookustatus ja tulemusele orienteeritus;<\/span><\/p>\n<p><span style=\"font-size: 16px;\">\u2013 adekvaatne ja motiveeritud juhendamine nii \u00fclikooli kui ka asutuse\u00a0poolt;<\/span><\/p>\n<p><span style=\"font-size: 16px;\">\u2013 projekti l\u00f5petamine: tulemuste hindamine ja refleksioon .<\/span><\/p><\/div>\n        <\/div>\n        <\/div>\n    <\/div><\/span><\/p>\n<p><span style=\"font-size: 16px;\"><strong>3. Praktika uurimisgrupis<\/strong><\/span><\/p>\n<p><span style=\"font-size: 16px;\">Eeldab uurimisgrupi olemasolu, kuhu \u00fcli\u00f5pilane v\u00f5etakse teatud \u00fclesande lahendamiseks nt\u00a0<\/span><a title=\"\" href=\"https:\/\/skytte.ut.ee\/et\/sisu\/sotsiaalteaduslike-rakendusuuringute-keskus\" target=\"_blank\" rel=\"noopener\" data-url=\"https:\/\/skytte.ut.ee\/et\/sisu\/sotsiaalteaduslike-rakendusuuringute-keskus\">RAKE<\/a><span style=\"font-size: 16px;\">-s,\u00a0<a href=\"http:\/\/citis.ut.ee\/\" target=\"_blank\" rel=\"noopener noreferrer\" data-auth=\"NotApplicable\">CITIS<\/a>-es. Uurimisgrupis tehtavale praktikale kehtivad samad tingimused nagu asutuses tehtud praktikale.<\/span><\/p>\n<p><span style=\"font-size: 16px;\"><strong>4. Praktika \u00f5ppeassistendina<\/strong><\/span><\/p>\n<p><span style=\"font-size: 16px;\">\u00dclikoolis \u00f5petamise praktika eesm\u00e4rgiks on \u00f5ppida tundma \u00fclikoolis \u00f5petamise ja\/v\u00f5i \u00fcli\u00f5pilast\u00f6\u00f6de juhendamisega seotud k\u00fcsimusi, omandada \u00f5ppej\u00f5u juhendamisel k\u00f5rgkoolis \u00f5petamise kogemus. \u00dcldjuhul <span style=\"font-family: Arial,Helvetica,sans-serif;\">on <a title=\"\" href=\"https:\/\/skytte.ut.ee\/sites\/default\/files\/2022-08\/JS%20%C3%B5ppeassistentide%20juhend%202022.pdf\" target=\"_blank\" rel=\"noopener\" data-url=\"https:\/\/skytte.ut.ee\/sites\/default\/files\/2022-08\/JS%20%C3%B5ppeassistentide%20juhend%202022.pdf\">\u00f5ppeassistentide \u00fclesandeks<\/a> abistada \u00f5ppej\u00f5udu sem<\/span>inaride, praktikumide ja harjutustundide l\u00e4biviimisel ning korraldamisel, kodut\u00f6\u00f6de, kontrollt\u00f6\u00f6de ja tunnikontrollide l\u00e4bivaatamisel, parandamisel ning \u00fcli\u00f5pilastele tagasiside andmisel ja e-\u00f5ppe korraldamisel. \u00dcldjuhul peab praktikant valima, kas ta soovib praktika eest saada ainepunkte v\u00f5i (v\u00f5imalusel) t\u00f6\u00f6tasu \u2013 m\u00f5lemat ei saa.\u00a0<\/span><\/p>\n<p><span style=\"font-size: 16px;\"><strong>5. Tuutorpraktika<\/strong><\/span><\/p>\n<p><span style=\"font-size: 16px;\">Tuutoripraktika t\u00e4hendab, et tegutsed tuutorina ja oled rebaste jaoks olemas alates nende sisseastumisest kuni esimese semestri l\u00f5puni. Tuutorpraktika ei toimu Skytte praktikaaine raames.\u00a0<\/span><\/p>\n<p><strong><span style=\"font-size: 16px;\">6. Praktika v\u00e4lisriigis<\/span><\/strong><\/p>\n<p><span style=\"font-size: 16px;\"><a title=\"\" href=\"https:\/\/ut.ee\/et\/erasmusepraktika\" target=\"_blank\" rel=\"noopener\" data-url=\"https:\/\/ut.ee\/et\/erasmusepraktika\">Erasmus+ on Euroopa Liidu k\u00f5rgharidusalane programm<\/a>, mille raames on \u00fcli\u00f5pilastel v\u00f5imalik \u00f5ppida v\u00f5i sooritada praktikat v\u00e4ljaspool koduriiki. V\u00e4lismaal sooritatud praktika annab tudengitele suurep\u00e4rase rahvusvahelise kogemuse, mis omakorda on suureks eeliseks t\u00f6\u00f6turul.<\/span><\/p>\n","protected":false},"excerpt":{"rendered":"<p>V\u00f5imalik on l\u00e4bida eri liiki praktikaid, erinevates t\u00f6\u00f6keskkondades: 1. Praktika riigi v\u00f5i kohaliku omavalitsuse asutuses, ettev\u00f5ttes v\u00f5i organisatsioonis (sh ministeeriumites, vallavalitsustes, Riigikogus, O\u00dc-s, MT\u00dc-s, \u00fclikoolis jne)\u00a0 Praktika on t\u00f6\u00f6keskkonnas korraldatav \u00fcli\u00f5pilase sihip\u00e4rane tegevus Johan Skytte poliitikauuringute instituudi poolt m\u00e4\u00e4ratud vormis &#8230;<\/p>\n","protected":false},"author":190,"featured_media":0,"parent":0,"menu_order":0,"comment_status":"closed","ping_status":"closed","template":"","meta":{"_acf_changed":false,"inline_featured_image":false,"footnotes":""},"class_list":["post-8","page","type-page","status-publish","hentry"],"acf":[],"_links":{"self":[{"href":"https:\/\/sisu.ut.ee\/skyttepraktika\/wp-json\/wp\/v2\/pages\/8","targetHints":{"allow":["GET"]}}],"collection":[{"href":"https:\/\/sisu.ut.ee\/skyttepraktika\/wp-json\/wp\/v2\/pages"}],"about":[{"href":"https:\/\/sisu.ut.ee\/skyttepraktika\/wp-json\/wp\/v2\/types\/page"}],"author":[{"embeddable":true,"href":"https:\/\/sisu.ut.ee\/skyttepraktika\/wp-json\/wp\/v2\/users\/190"}],"replies":[{"embeddable":true,"href":"https:\/\/sisu.ut.ee\/skyttepraktika\/wp-json\/wp\/v2\/comments?post=8"}],"version-history":[{"count":3,"href":"https:\/\/sisu.ut.ee\/skyttepraktika\/wp-json\/wp\/v2\/pages\/8\/revisions"}],"predecessor-version":[{"id":139,"href":"https:\/\/sisu.ut.ee\/skyttepraktika\/wp-json\/wp\/v2\/pages\/8\/revisions\/139"}],"wp:attachment":[{"href":"https:\/\/sisu.ut.ee\/skyttepraktika\/wp-json\/wp\/v2\/media?parent=8"}],"curies":[{"name":"wp","href":"https:\/\/api.w.org\/{rel}","templated":true}]}}