{"id":5,"date":"2024-04-04T05:14:58","date_gmt":"2024-04-04T02:14:58","guid":{"rendered":"https:\/\/sisu.ut.ee\/skyttepraktika\/enne-praktikat\/"},"modified":"2024-08-28T11:03:58","modified_gmt":"2024-08-28T08:03:58","slug":"enne-praktikat","status":"publish","type":"page","link":"https:\/\/sisu.ut.ee\/skyttepraktika\/enne-praktikat\/","title":{"rendered":"Enne praktikat"},"content":{"rendered":"<ul>\n<li>Enne praktikale minekut m\u00f5tlen, millised on MINU huvid ja soovid praktikat teha.<\/li>\n<li>Tutvun oma \u00f5ppekava praktika eesm\u00e4rgiga ja valin <a title=\"\" href=\"https:\/\/sisu.ut.ee\/skyttepraktika\/millist-praktikat-valida-praktika-liigid\" data-url=\"https:\/\/sisu.ut.ee\/skyttepraktika\/millist-praktikat-valida-praktika-liigid\">praktika liigi<\/a> (nt praktika v\u00e4lismaal, riigi v\u00f5i kohaliku omavalitsuse asutuses, projektipraktika, \u00fclikoolis \u00f5petamise praktika vms). Bakalaureuse\u00f5ppes on praktika 6 EAP ulatuses kohustuslik osa \u00f5ppekavast.\u00a0 Magistri\u00f5ppes saab teha praktikat 3 v\u00f5i 6 EAP ulatuses. Lisaks on nii bakalaureuse- kui ka magistri\u00f5ppes v\u00f5imalik \u00fclikoolis \u00f5petamise praktika 3 v\u00f5i 6 EAP ulatuses. Pean meeles, et 1 EAP = 26 tundi praktikat.<\/li>\n<li>Valin praktikabaasi. Praktikabaasi leidmisel on abiks\u00a0<a title=\"\" href=\"https:\/\/sisu.ut.ee\/skyttepraktika\/praktikabaaside-nimekiri\" data-url=\"https:\/\/sisu.ut.ee\/skyttepraktika\/praktikabaaside-nimekiri\">praktikabaaside nimekiri<\/a>, <a title=\"\" href=\"https:\/\/sisu.ut.ee\/skyttepraktika\/praktikapakkumised\" target=\"_blank\" rel=\"noopener\" data-url=\"https:\/\/sisu.ut.ee\/skyttepraktika\/praktikapakkumised\">aktiivsed praktikapakkumised<\/a>, organisatsioonide kodulehed, t\u00f6\u00f6kuulutused, isiklikud tutvused.<\/li>\n<li>\u00d5piprotsessi l\u00e4bimiseks ja ainepunktide saamiseks registreerun praktika kursusele\u00a0<a title=\"\" href=\"https:\/\/moodle.ut.ee\/course\/view.php?id=9014\" target=\"_blank\" rel=\"noopener\" data-url=\"https:\/\/moodle.ut.ee\/course\/view.php?id=9014\">moodles<\/a>. Seal s\u00f5nastan praktika eesm\u00e4rgi ja \u00fclesanded ning esitan praktikalepingu v\u00f5i kinnituskirja. Enne praktikat \u00d5ISis praktikaainele registreerumine ei ole vajalik, piisab registreerumisest Moodle\u2019is. P\u00e4rast edukat praktikaaine l\u00e4bimist registreerib praktikakoordinaator \u00fcli\u00f5pilast \u00d5ISi.<\/li>\n<\/ul>\n<h4><\/h4>\n","protected":false},"excerpt":{"rendered":"<p>Enne praktikale minekut m\u00f5tlen, millised on MINU huvid ja soovid praktikat teha. Tutvun oma \u00f5ppekava praktika eesm\u00e4rgiga ja valin praktika liigi (nt praktika v\u00e4lismaal, riigi v\u00f5i kohaliku omavalitsuse asutuses, projektipraktika, \u00fclikoolis \u00f5petamise praktika vms). Bakalaureuse\u00f5ppes on praktika 6 EAP ulatuses &#8230;<\/p>\n","protected":false},"author":190,"featured_media":0,"parent":0,"menu_order":0,"comment_status":"closed","ping_status":"closed","template":"","meta":{"_acf_changed":false,"inline_featured_image":false,"footnotes":""},"class_list":["post-5","page","type-page","status-publish","hentry"],"acf":[],"_links":{"self":[{"href":"https:\/\/sisu.ut.ee\/skyttepraktika\/wp-json\/wp\/v2\/pages\/5","targetHints":{"allow":["GET"]}}],"collection":[{"href":"https:\/\/sisu.ut.ee\/skyttepraktika\/wp-json\/wp\/v2\/pages"}],"about":[{"href":"https:\/\/sisu.ut.ee\/skyttepraktika\/wp-json\/wp\/v2\/types\/page"}],"author":[{"embeddable":true,"href":"https:\/\/sisu.ut.ee\/skyttepraktika\/wp-json\/wp\/v2\/users\/190"}],"replies":[{"embeddable":true,"href":"https:\/\/sisu.ut.ee\/skyttepraktika\/wp-json\/wp\/v2\/comments?post=5"}],"version-history":[{"count":4,"href":"https:\/\/sisu.ut.ee\/skyttepraktika\/wp-json\/wp\/v2\/pages\/5\/revisions"}],"predecessor-version":[{"id":147,"href":"https:\/\/sisu.ut.ee\/skyttepraktika\/wp-json\/wp\/v2\/pages\/5\/revisions\/147"}],"wp:attachment":[{"href":"https:\/\/sisu.ut.ee\/skyttepraktika\/wp-json\/wp\/v2\/media?parent=5"}],"curies":[{"name":"wp","href":"https:\/\/api.w.org\/{rel}","templated":true}]}}