{"id":15,"date":"2024-04-04T05:14:59","date_gmt":"2024-04-04T02:14:59","guid":{"rendered":"https:\/\/sisu.ut.ee\/skyttepraktika\/lisaks-praktika-sooritamise-voimalusi-0\/"},"modified":"2024-04-04T05:15:11","modified_gmt":"2024-04-04T02:15:11","slug":"lisaks-praktika-sooritamise-voimalusi-0","status":"publish","type":"page","link":"https:\/\/sisu.ut.ee\/skyttepraktika\/lisaks-praktika-sooritamise-voimalusi-0\/","title":{"rendered":"Praktikav\u00f5imalused v\u00e4lisriigis"},"content":{"rendered":"<p>\n\t\u00a0\n<\/p>\n<ul>\n<li>\n\t\t<span style=\"font-size:16px\"><a href=\"http:\/\/infokiri.ut.ee\/\" target=\"_blank\" title=\"\" rel=\"noopener\">\u00dcli\u00f5pilaste infokiri\u00a0<\/a>Infokirjas on v\u00f5imalik otsida infot praktika kohta vasakul pool olevast men\u00fc\u00fcst \u2013\u00a0<em>Praktika- ja t\u00f6\u00f6pakkumised.<\/em><\/span>\n\t<\/li>\n<li>\n\t\t<span style=\"font-size:16px\"><a data-url=\"https:\/\/ut.ee\/et\/erasmusepraktika\" href=\"https:\/\/ut.ee\/et\/erasmusepraktika\" target=\"_blank\" title=\"\" rel=\"noopener\">Erasmus+<\/a> on Euroopa Liidu k\u00f5rgharidusalane programm, mille raames on \u00fcli\u00f5pilastel v\u00f5imalik \u00f5ppida v\u00f5i sooritada praktikat v\u00e4ljaspool koduriiki. V\u00e4lismaal sooritatud praktika annab tudengitele suurep\u00e4rase rahvusvahelise kogemuse, mis on suureks eeliseks t\u00f6\u00f6turul.<\/span>\n\t<\/li>\n<li>\n\t\t<span style=\"font-size:16px\"><a data-url=\"http:\/\/haridus.archimedes.ee\/kristjan-jaagu-stipendiumid\" href=\"http:\/\/haridus.archimedes.ee\/kristjan-jaagu-stipendiumid\" target=\"_blank\" title=\"\" rel=\"noopener\">Kristjan Jaagu stipendiumiprogramm<\/a> on Haridus- ja Teadusministeeriumi ning Sihtasutuse Archimedes koost\u00f6\u00f6s algatatud riiklik stipendiumiprogramm, mille eesm\u00e4rgiks on tugevdada Eesti k\u00f5rgkoolides pakutava hariduse rahvusvahelisust ja l\u00f5petajate konkurentsiv\u00f5imet t\u00f6\u00f6turul.<\/span>\n\t<\/li>\n<\/ul>\n<p>\n\t\u00a0\n<\/p>\n<p>\n\t<span style=\"font-size:16px\"><strong>Praktika Euroopa institutsioonides<\/strong><\/span>\n<\/p>\n<p>\n\t<span style=\"font-size:16px\"><a data-url=\"https:\/\/europa.eu\/european-union\/about-eu\/institutions-bodies\/european-investment-bank_et\" href=\"https:\/\/europa.eu\/european-union\/about-eu\/institutions-bodies\/european-investment-bank_et\" target=\"_blank\" title=\"\" rel=\"noopener\">Euroopa Investeerimispank<\/a><\/span>\n<\/p>\n<p>\n\t<span style=\"font-size:16px\"><a data-url=\"https:\/\/www.ecb.europa.eu\/ecb\/html\/index.et.html\" href=\"https:\/\/www.ecb.europa.eu\/ecb\/html\/index.et.html\" target=\"_blank\" title=\"\" rel=\"noopener\">Euroopa Keskpank<\/a><\/span>\n<\/p>\n<p>\n\t<span style=\"font-size:16px\"><a data-url=\"https:\/\/europa.eu\/european-union\/about-eu\/institutions-bodies\/court-justice_et\" href=\"https:\/\/europa.eu\/european-union\/about-eu\/institutions-bodies\/court-justice_et\" target=\"_blank\" title=\"\" rel=\"noopener\">Euroopa Kohus<\/a><\/span>\n<\/p>\n<p>\n\t<span style=\"font-size:16px\"><a data-url=\"https:\/\/europa.eu\/european-union\/about-eu\/institutions-bodies\/european-commission_et\" href=\"https:\/\/europa.eu\/european-union\/about-eu\/institutions-bodies\/european-commission_et\" target=\"_blank\" title=\"\" rel=\"noopener\">Euroopa Komisjon<\/a><\/span>\n<\/p>\n<p>\n\t<span style=\"font-size:16px\"><a data-url=\"https:\/\/europa.eu\/european-union\/about-eu\/institutions-bodies\/european-court-auditors_et\" href=\"https:\/\/europa.eu\/european-union\/about-eu\/institutions-bodies\/european-court-auditors_et\" target=\"_blank\" title=\"\" rel=\"noopener\">Euroopa Kontrollikoda<\/a><\/span>\n<\/p>\n<p>\n\t<span style=\"font-size:16px\"><a data-url=\"https:\/\/europa.eu\/european-union\/about-eu\/institutions-bodies\/council-eu_et\" href=\"https:\/\/europa.eu\/european-union\/about-eu\/institutions-bodies\/council-eu_et\" target=\"_blank\" title=\"\" rel=\"noopener\">Euroopa Liidu N\u00f5ukogu<\/a><\/span>\n<\/p>\n<p>\n\t<span style=\"font-size:16px\"><a data-url=\"https:\/\/www.coe.int\/et\/web\/compass\/council-of-europe\" href=\"https:\/\/www.coe.int\/et\/web\/compass\/council-of-europe\" target=\"_blank\" title=\"\" rel=\"noopener\">Euroopa N\u00f5ukogu<\/a><\/span>\n<\/p>\n<p>\n\t<span style=\"font-size:16px\"><a data-url=\"http:\/\/www.europarl.europa.eu\/portal\/et\" href=\"http:\/\/www.europarl.europa.eu\/portal\/et\" target=\"_blank\" title=\"\" rel=\"noopener\">Euroopa Parlament<\/a><\/span>\n<\/p>\n<p>\n\t<span style=\"font-size:16px\"><a href=\"https:\/\/www.eui.eu\/About\/JobOpportunities\/Traineeships\" target=\"_blank\" title=\"\" rel=\"noopener\">Euroopa \u00dclikool-Instituut<\/a><\/span>\n<\/p>\n<p>\n\t\u00a0\n<\/p>\n<p>\n\t<span style=\"font-size:16px\"><strong>Lisaks lingid andmebaasidele, kust v\u00f5ib leida praktikakohti:<\/strong><\/span>\n<\/p>\n<div class=\"os-links\">\n<p>\n\t\t<span style=\"font-size:16px\"><a href=\"https:\/\/exchanges.state.gov\/non-us\" target=\"_blank\" title=\"\" rel=\"noopener\">Bureau of educational and cultural affairs exchange programs<\/a><\/span>\n\t<\/p>\n<p>\n\t\t<span style=\"font-size:16px\"><a href=\"https:\/\/www.jobted.com\/\" target=\"_blank\" title=\"\" rel=\"noopener\">JOBTED<\/a><\/span>\n\t<\/p>\n<p>\n\t\t<span style=\"font-size:16px\"><a href=\"https:\/\/www.eurobrussels.com\/\" target=\"_blank\" title=\"\" rel=\"noopener\">Euro Brussels<\/a><\/span>\n\t<\/p>\n<p>\n\t\t<span style=\"font-size:16px\"><a href=\"https:\/\/www.bestjobs.eu\/en\/jobs\" target=\"_blank\" title=\"\" rel=\"noopener\">bestjobs<\/a><\/span>\n\t<\/p>\n<p>\n\t\t<span style=\"font-size:16px\"><a href=\"https:\/\/chinet.org\/\" target=\"_blank\" title=\"\" rel=\"noopener\">CHI<\/a><\/span>\n\t<\/p>\n<p>\n\t\t<span style=\"font-size:16px\"><a href=\"https:\/\/www.cicdgo.com\/\" target=\"_blank\" title=\"\" rel=\"noopener\">CICD Global Opportunities<\/a><\/span>\n\t<\/p>\n<p>\n\t\t<span style=\"font-size:16px\"><a href=\"https:\/\/www.cipusa.org\/\" target=\"_blank\" title=\"\" rel=\"noopener\">COUNCIL OF INTERNATIONAL PROGRAMS USA<\/a><\/span>\n\t<\/p>\n<p>\n\t\t<span style=\"font-size:16px\"><a href=\"https:\/\/culturalvistas.org\/\" target=\"_blank\" title=\"\" rel=\"noopener\">CulturalVistas<\/a><\/span>\n\t<\/p>\n<p>\n\t\t<span style=\"font-size:16px\"><a href=\"http:\/\/www.prabo.de\/\" target=\"_blank\" title=\"\" rel=\"noopener\">Die Praktikumb\u00f6rse<\/a><\/span>\n\t<\/p>\n<p>\n\t\t<span style=\"font-size:16px\"><a href=\"http:\/\/www.eurograduate.com\/job_search_en.asp\" target=\"_blank\" title=\"\" rel=\"noopener\">EUROGRADUATE LIVE<\/a><\/span>\n\t<\/p>\n<p>\n\t\t<a data-url=\"https:\/\/erasmusintern.org\/\" href=\"https:\/\/erasmusintern.org\/\" target=\"_blank\" title=\"\" rel=\"noopener\">Erasmus Intern<\/a>\n\t<\/p>\n<p>\n\t\t<span style=\"font-size:16px\"><a href=\"http:\/\/globalplacement.com\/\" target=\"_blank\" title=\"\" rel=\"noopener\">GLOBALPLACEMENT.COM<\/a><\/span>\n\t<\/p>\n<p>\n\t\t<span style=\"font-size:16px\"><a href=\"http:\/\/www.grants.at\/\" target=\"_blank\" title=\"\" rel=\"noopener\">Grants Database OEAD<\/a><\/span>\n\t<\/p>\n<p>\n\t\t<span style=\"font-size:16px\"><a href=\"https:\/\/www.hobsons.com\/\" target=\"_blank\" title=\"\" rel=\"noopener\">HOBSONS<\/a><\/span>\n\t<\/p>\n<p>\n\t\t<span style=\"font-size:16px\"><a href=\"https:\/\/www.iaeste.de\/de\/\" target=\"_blank\" title=\"\" rel=\"noopener\">IAESTE Germany<\/a><\/span>\n\t<\/p>\n<p>\n\t\t<span style=\"font-size:16px\"><a href=\"http:\/\/www.career.tu-berlin.de\/menue\/for_students\/overview\/parameter\/en\/?no_cache=1\" target=\"_blank\" title=\"\" rel=\"noopener\">IF Career Service<\/a><\/span>\n\t<\/p>\n<p>\n\t\t<span style=\"font-size:16px\"><a href=\"http:\/\/www.internweb.com\/\" target=\"_blank\" title=\"\" rel=\"noopener\">InternWeb.com<\/a><\/span>\n\t<\/p>\n<p>\n\t\t<span style=\"font-size:16px\"><a href=\"https:\/\/www.stepstone.at\/\" target=\"_blank\" title=\"\" rel=\"noopener\">Jobs in \u00d6sterreich<\/a><\/span>\n\t<\/p>\n<p>\n\t\t<span style=\"font-size:16px\"><a href=\"http:\/\/www.jobnews.at\/\" target=\"_blank\" title=\"\" rel=\"noopener\">JOBNews<\/a><\/span>\n\t<\/p>\n<p>\n\t\t<span style=\"font-size:16px\"><a href=\"https:\/\/jobsplus.gov.mt\/training-opportunities\" target=\"_blank\" title=\"\" rel=\"noopener\">jobsplus<\/a><\/span>\n\t<\/p>\n<p>\n\t\t<span style=\"font-size:16px\"><a href=\"http:\/\/www.praktika.de\/\" target=\"_blank\" title=\"\" rel=\"noopener\">praktika.de<\/a><\/span>\n\t<\/p>\n<p>\n\t\t<span style=\"font-size:16px\"><a href=\"https:\/\/www.prospects.ac.uk\/\" target=\"_blank\" title=\"\" rel=\"noopener\">PROSPECTS<\/a><\/span>\n\t<\/p>\n<p>\n\t\t<span style=\"font-size:16px\"><a href=\"http:\/\/haridus.archimedes.ee\/korgharidus\" target=\"_blank\" title=\"\" rel=\"noopener\">Stipendiumid<\/a><\/span>\n\t<\/p>\n<p>\n\t\t<span style=\"font-size:16px\"><a href=\"https:\/\/www.summerjobs.com\/\" target=\"_blank\" title=\"\" rel=\"noopener\">SummerJobs.com<\/a><\/span>\n\t<\/p>\n<p>\n\t\t<span style=\"font-size:16px\"><a href=\"https:\/\/www.thebigchoice.com\/work-placements\" target=\"_blank\" title=\"\" rel=\"noopener\">TheBigChoice<\/a><\/span>\n\t<\/p>\n<p>\n\t\t<span style=\"font-size:16px\"><a href=\"https:\/\/ec.europa.eu\/eures\/public\/en\/homepage\" target=\"_blank\" title=\"\" rel=\"noopener\">The European Job Mobility Portal EURES<\/a><\/span>\n\t<\/p>\n<p>\n\t\t<span style=\"font-size:16px\"><a href=\"http:\/\/leo-net.tue.nl\/leonet\/traineeship-offers\/\" target=\"_blank\" title=\"\" rel=\"noopener\">Traineeship Offers LEO-NET<\/a><\/span>\n\t<\/p>\n<p>\n\t\t<span style=\"font-size:16px\"><a href=\"http:\/\/jobs.euractiv.com\/\" target=\"_blank\" title=\"\" rel=\"noopener\">EURACTIV JOBS<\/a><\/span>\n\t<\/p>\n<p>\n\t\t<a data-url=\"https:\/\/www.wikijob.co.uk\" href=\"https:\/\/www.wikijob.co.uk\" target=\"_blank\" title=\"\" rel=\"noopener\">Wikijob<\/a>\n\t<\/p>\n<\/div>\n","protected":false},"excerpt":{"rendered":"<p>\u00a0 \u00dcli\u00f5pilaste infokiri\u00a0Infokirjas on v\u00f5imalik otsida infot praktika kohta vasakul pool olevast men\u00fc\u00fcst \u2013\u00a0Praktika- ja t\u00f6\u00f6pakkumised. Erasmus+ on Euroopa Liidu k\u00f5rgharidusalane programm, mille raames on \u00fcli\u00f5pilastel v\u00f5imalik \u00f5ppida v\u00f5i sooritada praktikat v\u00e4ljaspool koduriiki. V\u00e4lismaal sooritatud praktika annab tudengitele suurep\u00e4rase rahvusvahelise &#8230;<\/p>\n","protected":false},"author":190,"featured_media":0,"parent":0,"menu_order":0,"comment_status":"closed","ping_status":"closed","template":"","meta":{"_acf_changed":false,"inline_featured_image":false,"footnotes":""},"class_list":["post-15","page","type-page","status-publish","hentry"],"acf":[],"_links":{"self":[{"href":"https:\/\/sisu.ut.ee\/skyttepraktika\/wp-json\/wp\/v2\/pages\/15","targetHints":{"allow":["GET"]}}],"collection":[{"href":"https:\/\/sisu.ut.ee\/skyttepraktika\/wp-json\/wp\/v2\/pages"}],"about":[{"href":"https:\/\/sisu.ut.ee\/skyttepraktika\/wp-json\/wp\/v2\/types\/page"}],"author":[{"embeddable":true,"href":"https:\/\/sisu.ut.ee\/skyttepraktika\/wp-json\/wp\/v2\/users\/190"}],"replies":[{"embeddable":true,"href":"https:\/\/sisu.ut.ee\/skyttepraktika\/wp-json\/wp\/v2\/comments?post=15"}],"version-history":[{"count":1,"href":"https:\/\/sisu.ut.ee\/skyttepraktika\/wp-json\/wp\/v2\/pages\/15\/revisions"}],"predecessor-version":[{"id":74,"href":"https:\/\/sisu.ut.ee\/skyttepraktika\/wp-json\/wp\/v2\/pages\/15\/revisions\/74"}],"wp:attachment":[{"href":"https:\/\/sisu.ut.ee\/skyttepraktika\/wp-json\/wp\/v2\/media?parent=15"}],"curies":[{"name":"wp","href":"https:\/\/api.w.org\/{rel}","templated":true}]}}