{"id":14,"date":"2024-04-04T05:14:59","date_gmt":"2024-04-04T02:14:59","guid":{"rendered":"https:\/\/sisu.ut.ee\/skyttepraktika\/praktika-eneseanaluusiks-starr-metoodika\/"},"modified":"2025-03-10T10:08:21","modified_gmt":"2025-03-10T08:08:21","slug":"praktika-eneseanaluusiks-starr-metoodika","status":"publish","type":"page","link":"https:\/\/sisu.ut.ee\/skyttepraktika\/praktika-eneseanaluusiks-starr-metoodika\/","title":{"rendered":"Praktika eneseanal\u00fc\u00fcsiks STARR metoodika"},"content":{"rendered":"<p><span style=\"font-size: 16px;\">Praktika l\u00f5ppedes peate ennast anal\u00fc\u00fcsima STARR metoodika j\u00e4rgi (kasutatakse laialdaselt nii hariduses (nt \u00fclikooli V\u00d5TA, kui personalijuhtimises).<\/span><\/p>\n<p><span style=\"font-size: 16px;\"><strong>S\u00a0<\/strong>\u2013\u00a0<em>situation<\/em>;\u00a0<strong>olukord, kus kogemus saadi\u00a0<\/strong>(nt t\u00f6\u00f6koha kirjeldus v\u00f5i konkreetne \u00fcksikjuhtum).<\/span><\/p>\n<p><span style=\"font-size: 16px;\"><strong>T\u00a0<\/strong>\u2013<\/span><span style=\"font-size: 16px;\"><em>task<\/em>;\u00a0<strong>\u00fclesanded ja rollid<\/strong>, mida t\u00e4ideti praktikal olles (peavad olemas seotud \u00f5ppekaval \u00f5pituga ja peate m\u00f5tlema selle peale, et need \u00fclesanded Teid arendaks). Siin tuleb sisse probleem, millele hakkate t\u00e4helepanu p\u00f6\u00f6rama.<\/span><\/p>\n<p><span style=\"font-size: 16px;\"><strong>A\u00a0<\/strong>\u2013\u00a0<em>activities<\/em>;\u00a0<strong>tegevused ja meetodid\u00a0<\/strong>(tehnikad, ettevalmistus, meetodi valiku p\u00f5him\u00f5tted ja alternatiivid). Tegevuste puhul kirjutage selliselt, et lugeja saab aru, et mida tegite, kuidas ja milliste vahendite\/meetoditega.<\/span><\/p>\n<p><span style=\"font-size: 16px;\"><strong>R<\/strong> \u2013\u00a0<em>results<\/em>;\u00a0<strong>k\u00f5ige olulisemad tulemused\u00a0<\/strong>(parimad, aga ka \u00fcllatuslikumad, mis panid oma tegevust anal\u00fc\u00fcsima ja muutma), kes, kuidas ja mille p\u00f5hjal hindas, mida tulemustega edasi tehti.<\/span><\/p>\n<p><span style=\"font-size: 16px;\"><strong>R<\/strong>\u00a0\u2013\u00a0<em>reflection;\u00a0<\/em><strong>anal\u00fc\u00fcs<\/strong>, milles selguvad praktika k\u00e4igus saadud p\u00e4devused ja parendusvaldkonnad.<\/span><\/p>\n<p><span style=\"font-size: 16px;\">Tooge KINDLASTI v\u00e4lja enda \u00f5ppimis- ja arengukohad, mis l\u00e4ks h\u00e4sti, mida v\u00f5inuks teisiti teha.<\/span><\/p>\n<blockquote><p><span style=\"font-size: 16px;\"><span style=\"color: #0066ff;\"><strong>Eneseanal\u00fc\u00fcsi lugedes peate nii Teie kui lugeja aru saama arengutest v\u00f5i arendamist vajavatest oskustest!<\/strong><\/span><\/span><\/p><\/blockquote>\n<p><a href=\"https:\/\/sisu.ut.ee\/wp-content\/uploads\/sites\/370\/Eneseanaluusi-vorm.docx\">Eneseanal\u00fc\u00fcsi vorm<\/a><\/p>\n","protected":false},"excerpt":{"rendered":"<p>Praktika l\u00f5ppedes peate ennast anal\u00fc\u00fcsima STARR metoodika j\u00e4rgi (kasutatakse laialdaselt nii hariduses (nt \u00fclikooli V\u00d5TA, kui personalijuhtimises). S\u00a0\u2013\u00a0situation;\u00a0olukord, kus kogemus saadi\u00a0(nt t\u00f6\u00f6koha kirjeldus v\u00f5i konkreetne \u00fcksikjuhtum). T\u00a0\u2013task;\u00a0\u00fclesanded ja rollid, mida t\u00e4ideti praktikal olles (peavad olemas seotud \u00f5ppekaval \u00f5pituga ja peate &#8230;<\/p>\n","protected":false},"author":190,"featured_media":0,"parent":0,"menu_order":0,"comment_status":"closed","ping_status":"closed","template":"","meta":{"_acf_changed":false,"inline_featured_image":false,"footnotes":""},"class_list":["post-14","page","type-page","status-publish","hentry"],"acf":[],"_links":{"self":[{"href":"https:\/\/sisu.ut.ee\/skyttepraktika\/wp-json\/wp\/v2\/pages\/14","targetHints":{"allow":["GET"]}}],"collection":[{"href":"https:\/\/sisu.ut.ee\/skyttepraktika\/wp-json\/wp\/v2\/pages"}],"about":[{"href":"https:\/\/sisu.ut.ee\/skyttepraktika\/wp-json\/wp\/v2\/types\/page"}],"author":[{"embeddable":true,"href":"https:\/\/sisu.ut.ee\/skyttepraktika\/wp-json\/wp\/v2\/users\/190"}],"replies":[{"embeddable":true,"href":"https:\/\/sisu.ut.ee\/skyttepraktika\/wp-json\/wp\/v2\/comments?post=14"}],"version-history":[{"count":4,"href":"https:\/\/sisu.ut.ee\/skyttepraktika\/wp-json\/wp\/v2\/pages\/14\/revisions"}],"predecessor-version":[{"id":167,"href":"https:\/\/sisu.ut.ee\/skyttepraktika\/wp-json\/wp\/v2\/pages\/14\/revisions\/167"}],"wp:attachment":[{"href":"https:\/\/sisu.ut.ee\/skyttepraktika\/wp-json\/wp\/v2\/media?parent=14"}],"curies":[{"name":"wp","href":"https:\/\/api.w.org\/{rel}","templated":true}]}}