{"id":13,"date":"2024-04-04T05:14:59","date_gmt":"2024-04-04T02:14:59","guid":{"rendered":"https:\/\/sisu.ut.ee\/skyttepraktika\/peale-praktikat-0\/"},"modified":"2024-08-28T11:25:08","modified_gmt":"2024-08-28T08:25:08","slug":"peale-praktikat-0","status":"publish","type":"page","link":"https:\/\/sisu.ut.ee\/skyttepraktika\/peale-praktikat-0\/","title":{"rendered":"P\u00e4rast praktikat"},"content":{"rendered":"<ol>\n<li dir=\"ltr\">\u00a0Anal\u00fc\u00fcsin <a title=\"https:\/\/moodle.ut.ee\/course\/view.php?id=9014\" href=\"https:\/\/moodle.ut.ee\/course\/view.php?id=9014\" target=\"_blank\" rel=\"noopener\" data-url=\"\/skyttepraktika\/\">Moodles<\/a> praktika l\u00f5ppedes oma praktika eesm\u00e4rgi ja\u00a0\u00fclesannete saavutamist ning\u00a0enda arengut (<a title=\"\" href=\"https:\/\/sisu.ut.ee\/skyttepraktika\/praktika-eneseanaluusiks-starr-metoodika\/\" target=\"_blank\" rel=\"noopener\" data-url=\"https:\/\/sisu.ut.ee\/skyttepraktika\/praktika-eneseanal%C3%BC%C3%BCsiks-starr-metoodika\">STARR metoodika<\/a>).<\/li>\n<li dir=\"ltr\">K\u00fcsin praktikabaasipoolselt juhendajalt kokkuv\u00f5tva tagasiside ja edastan talle <a href=\"https:\/\/survey.ut.ee\/index.php\/323117?newtest=Y&amp;lang=et\" target=\"_blank\" rel=\"noopener\">k\u00fcsimustiku lingi.<\/a><\/li>\n<li dir=\"ltr\">Annan <a style=\"font-size: revert; font-weight: var(--bs-body-font-weight); text-align: var(--bs-body-text-align);\" href=\"https:\/\/survey.ut.ee\/index.php\/527192?newtest=Y&amp;lang=et\" target=\"_blank\" rel=\"noopener\">tagasisidet praktikakorraldusele<\/a><span style=\"font-size: revert; font-weight: var(--bs-body-font-weight); text-align: var(--bs-body-text-align);\">.<\/span><\/li>\n<li>Osalen praktikaj\u00e4rgsel seminaril. (Seminar on alates 2024\/25. \u00f5ppeaastast kohustuslik bakalaureuse\u00f5ppe tudengitele.)<\/li>\n<\/ol>\n<p dir=\"ltr\">NB! Esimesed kolm tegevust tuleb esitada <strong>2 kuu jooksul<\/strong> p\u00e4rast praktika l\u00f5ppu.<\/p>\n<p dir=\"ltr\">Praktika on sooritatud ja n\u00fc\u00fcd k\u00fcsi, et kas panustasid nii, et v\u00f5id olla endaga rahul ja ARENG on saavutatud.<\/p>\n<p dir=\"ltr\">Kui vastasid \u201cjah\u201d, siis v\u00f5id endaga rahul olla ja saad m\u00f5elda, et kuidas edasi.<\/p>\n<p dir=\"ltr\">Kui vastasid \u201cei\u201d, siis pead m\u00f5tlema, et mis valesti l\u00e4ks.<\/p>\n<p><strong><span style=\"color: #0000ff;\">\u00a0 \u00a0 \u00a0 \u00a0 \u00a0 \u00a0 \u00a0 \u00a0 \u00a0 \u00a0 \u00a0 \u00a0 \u00a0 \u00a0 \u00a0 \u00a0 \u00a0 \u00a0 \u00a0 \u00a0 <\/span><\/strong><\/p>\n<p><strong><span style=\"color: #0000ff;\">\u00a0 \u00a0 \u00a0 \u00a0 \u00a0 \u00a0 \u00a0 \u00a0 \u00a0 \u00a0 \u00a0 \u00a0 \u00a0 \u00a0<\/span><span style=\"color: #808080;\"> \u00a0 \u00a0<\/span><span style=\"color: #696969;\"> \u00a0 PRAKTIKA TULEMUS JA SINU ARENG S\u00d5LTUB SINUST ENDAST<\/span><\/strong><\/p>\n","protected":false},"excerpt":{"rendered":"<p>\u00a0Anal\u00fc\u00fcsin Moodles praktika l\u00f5ppedes oma praktika eesm\u00e4rgi ja\u00a0\u00fclesannete saavutamist ning\u00a0enda arengut (STARR metoodika). K\u00fcsin praktikabaasipoolselt juhendajalt kokkuv\u00f5tva tagasiside ja edastan talle k\u00fcsimustiku lingi. Annan tagasisidet praktikakorraldusele. Osalen praktikaj\u00e4rgsel seminaril. (Seminar on alates 2024\/25. \u00f5ppeaastast kohustuslik bakalaureuse\u00f5ppe tudengitele.) NB! Esimesed kolm &#8230;<\/p>\n","protected":false},"author":190,"featured_media":0,"parent":0,"menu_order":0,"comment_status":"closed","ping_status":"closed","template":"","meta":{"_acf_changed":false,"inline_featured_image":false,"footnotes":""},"class_list":["post-13","page","type-page","status-publish","hentry"],"acf":[],"_links":{"self":[{"href":"https:\/\/sisu.ut.ee\/skyttepraktika\/wp-json\/wp\/v2\/pages\/13","targetHints":{"allow":["GET"]}}],"collection":[{"href":"https:\/\/sisu.ut.ee\/skyttepraktika\/wp-json\/wp\/v2\/pages"}],"about":[{"href":"https:\/\/sisu.ut.ee\/skyttepraktika\/wp-json\/wp\/v2\/types\/page"}],"author":[{"embeddable":true,"href":"https:\/\/sisu.ut.ee\/skyttepraktika\/wp-json\/wp\/v2\/users\/190"}],"replies":[{"embeddable":true,"href":"https:\/\/sisu.ut.ee\/skyttepraktika\/wp-json\/wp\/v2\/comments?post=13"}],"version-history":[{"count":6,"href":"https:\/\/sisu.ut.ee\/skyttepraktika\/wp-json\/wp\/v2\/pages\/13\/revisions"}],"predecessor-version":[{"id":153,"href":"https:\/\/sisu.ut.ee\/skyttepraktika\/wp-json\/wp\/v2\/pages\/13\/revisions\/153"}],"wp:attachment":[{"href":"https:\/\/sisu.ut.ee\/skyttepraktika\/wp-json\/wp\/v2\/media?parent=13"}],"curies":[{"name":"wp","href":"https:\/\/api.w.org\/{rel}","templated":true}]}}