{"id":10,"date":"2024-04-04T05:14:58","date_gmt":"2024-04-04T02:14:58","guid":{"rendered":"https:\/\/sisu.ut.ee\/skyttepraktika\/praktikabaaside-nimekiri\/"},"modified":"2025-12-10T16:26:25","modified_gmt":"2025-12-10T14:26:25","slug":"praktikabaaside-nimekiri","status":"publish","type":"page","link":"https:\/\/sisu.ut.ee\/skyttepraktika\/praktikabaaside-nimekiri\/","title":{"rendered":"Praktikabaaside nimekiri &#8211; m\u00f5ned n\u00e4ited, kus Skytte instituudi \u00fcli\u00f5pilased on oma praktika sooritanud"},"content":{"rendered":"<p><a title=\"\" href=\"https:\/\/www.aki.ee\/et\" target=\"_blank\" rel=\"noopener\" data-url=\"https:\/\/www.aki.ee\/et\">Andmekaitseinspektsioon<\/a><\/p>\n<p><a title=\"\" href=\"https:\/\/www.ibs.ee\/\" target=\"_blank\" rel=\"noopener\">Balti Uuringute Instituut<\/a><\/p>\n<p><a title=\"\" href=\"https:\/\/www.baltdefcol.org\/\" target=\"_blank\" rel=\"noopener\" data-url=\"https:\/\/www.baltdefcol.org\/\">Balti kaitsekolled\u017e<\/a><\/p>\n<p><a title=\"\" href=\"https:\/\/delfimeedia.ee\/\" target=\"_blank\" rel=\"noopener\" data-url=\"https:\/\/delfimeedia.ee\/\">Delfi\u00a0Meedia AS<\/a><\/p>\n<p>Erakonnad<\/p>\n<p>Eesti saatkonnad<\/p>\n<p><a title=\"\" href=\"https:\/\/eu.mfa.ee\/et\/\" target=\"_blank\" rel=\"noopener\" data-url=\"https:\/\/eu.mfa.ee\/et\/\">Eesti alaline esindus Euroopa Liidu juures<\/a><\/p>\n<p>Eesti keele instituut<\/p>\n<p>Eesti Vabariigi alaline esindus \u00dcRO ja teiste rahvusvaheliste organisatsioonide juures<\/p>\n<p><a title=\"\" href=\"https:\/\/www.err.ee\/\" target=\"_blank\" rel=\"noopener\">ERR<\/a><\/p>\n<p><a title=\"\" href=\"https:\/\/estonia.representation.ec.europa.eu\/index_et\" target=\"_blank\" rel=\"noopener\" data-url=\"https:\/\/estonia.representation.ec.europa.eu\/index_et\">Euroopa Komisjoni esindus Eestis<\/a><\/p>\n<p><a href=\"https:\/\/www.europarl.europa.eu\/at-your-service\/en\/work-with-us\/traineeships\" target=\"_blank\" rel=\"noopener\">Euroopa Parlament<\/a><\/p>\n<p><a title=\"\" href=\"https:\/\/efmc.eu\/\" target=\"_blank\" rel=\"noopener\" data-url=\"https:\/\/efmc.eu\/\">European Fund Management Consulting\u00a0<\/a><\/p>\n<p><a title=\"\" href=\"https:\/\/www.zdh.de\/english\/\" target=\"_blank\" rel=\"noopener\" data-url=\"https:\/\/www.zdh.de\/english\/\">German Confederation of Skilled Crafts Representation to the EU\u00a0<\/a><\/p>\n<p><a title=\"\" href=\"https:\/\/www.hm.ee\/\" target=\"_blank\" rel=\"noopener\" data-url=\"https:\/\/www.hm.ee\/\">Haridus- ja Teadusministeerium\u00a0<\/a><\/p>\n<p>Joint Baltic American National Committee, USA<\/p>\n<p><a title=\"\" href=\"https:\/\/www.just.ee\/et\" target=\"_blank\" rel=\"noopener\">Justiitsministeerium<\/a><\/p>\n<p><a title=\"\" href=\"https:\/\/kra.ee\/\" target=\"_blank\" rel=\"noopener\" data-url=\"https:\/\/kra.ee\/\">Kaitseressursside amet<\/a><\/p>\n<p>Kaitseministeerium<\/p>\n<p>Kliimaministeerium<\/p>\n<p>Kohalikud omavalitsused (valla- ja linnavalitsused, -volikogud)<\/p>\n<p>Kultuuriministeerium<\/p>\n<p><a href=\"https:\/\/lapas.lv\/en\/engage\/prakse_lapas\/\" target=\"_blank\" rel=\"noopener\">Latvian Platform for Development Cooperation LAPAS<\/a><\/p>\n<p><a title=\"\" href=\"https:\/\/cbss.org\/\" target=\"_blank\" rel=\"noopener\" data-url=\"https:\/\/cbss.org\/\">L\u00e4\u00e4nemeremaade N\u00f5ukogu<\/a><\/p>\n<p><a title=\"\" href=\"https:\/\/www.mkm.ee\/\" target=\"_blank\" rel=\"noopener\" data-url=\"https:\/\/www.mkm.ee\/\">Majandus- ja Kommunikatsiooniministeerium<\/a><\/p>\n<p><a href=\"https:\/\/miltton.com\/ee\/\" target=\"_blank\" rel=\"noopener\">Miltton New Nordics<\/a><\/p>\n<p><a title=\"\" href=\"https:\/\/www.swedbank.ee\/about\/careers\/work\/trainee\" target=\"_blank\" rel=\"noopener\" data-url=\"https:\/\/www.swedbank.ee\/about\/careers\/work\/trainee\">AS Swedbank<\/a><\/p>\n<p><a title=\"\" href=\"https:\/\/www.seb.ee\" target=\"_blank\" rel=\"noopener\">SEB Pank AS<\/a><\/p>\n<p><a title=\"\" href=\"https:\/\/www.eestipank.ee\/\" target=\"_blank\" rel=\"noopener\">Eesti Pank<\/a><\/p>\n<p><a title=\"\" href=\"http:\/\/www.praxis.ee\/\" target=\"_blank\" rel=\"noopener\">Poliitikauuringute keskus Praxis<\/a><\/p>\n<p><a title=\"\" href=\"https:\/\/www.politsei.ee\/\" target=\"_blank\" rel=\"noopener\" data-url=\"https:\/\/www.politsei.ee\/\">Politsei- ja Piirivalveamet<\/a><\/p>\n<p><a title=\"\" href=\"https:\/\/kood.tech\/et\/\" target=\"_blank\" rel=\"noopener\" data-url=\"https:\/\/kood.tech\/et\/\">Programmeerimiskool kood\/J\u00f5hvi<\/a><\/p>\n<p><a title=\"\" href=\"https:\/\/www.rahandusministeerium.ee\/et\" target=\"_blank\" rel=\"noopener\">Rahandusministeerium<\/a><\/p>\n<p><a title=\"\" href=\"https:\/\/estonia.iom.int\/\" target=\"_blank\" rel=\"noopener\" data-url=\"https:\/\/estonia.iom.int\/\">Rahvusvahelise Migratsiooniorganisatsiooni (IOM) Tallinna esindus<\/a><\/p>\n<p><a title=\"\" href=\"https:\/\/www.riigikantselei.ee\/\" target=\"_blank\" rel=\"noopener\" data-url=\"https:\/\/www.riigikantselei.ee\/\">Riigikantselei<\/a><\/p>\n<p><a title=\"\" href=\"https:\/\/www.riigikogu.ee\/riigikogu\/riigikogu-kantselei\/\" target=\"_blank\" rel=\"noopener\">Riigikogu kantselei<\/a><\/p>\n<p><a title=\"\" href=\"https:\/\/www.riigikontroll.ee\/\" target=\"_blank\" rel=\"noopener\">Riigikontroll<\/a><\/p>\n<p><a title=\"\" href=\"https:\/\/www.siseministeerium.ee\/\" target=\"_blank\" rel=\"noopener\" data-url=\"https:\/\/www.siseministeerium.ee\/\">Siseministeerium<\/a><\/p>\n<p><a title=\"\" href=\"https:\/\/skytte.ut.ee\/et\/sisu\/sotsiaalteaduslike-rakendusuuringute-keskus\" target=\"_blank\" rel=\"noopener\" data-url=\"https:\/\/skytte.ut.ee\/et\/sisu\/sotsiaalteaduslike-rakendusuuringute-keskus\">Sotsiaalteaduslike rakendusuuringute keskus (RAKE)<\/a><\/p>\n<p>Tallinna Linna Noortevolikogu<\/p>\n<p><a title=\"\" href=\"https:\/\/ut.ee\/et\/uliopilaskonna-buroo\" target=\"_blank\" rel=\"noopener\" data-url=\"https:\/\/ut.ee\/et\/uliopilaskonna-buroo\">T\u00dc\u00dcE (Tartu \u00dclikooli \u00fcli\u00f5pilaskonna b\u00fcroo)<\/a><\/p>\n<p><a title=\"\" href=\"https:\/\/ee.usembassy.gov\/et\/\" target=\"_blank\" rel=\"noopener\">USA saatkond Tallinnas<\/a><\/p>\n<p><a title=\"\" href=\"https:\/\/vm.ee\/et\" target=\"_blank\" rel=\"noopener\">V\u00e4lisministeerium<\/a><\/p>\n<p><a title=\"\" href=\"https:\/\/www.volkswagen-karriere.de\/en\/entry-opportunities\/studenten\/classic-internship.html#powerteasersection_c\" target=\"_blank\" rel=\"noopener\" data-url=\"https:\/\/www.volkswagen-karriere.de\/en\/entry-opportunities\/studenten\/classic-internship.html#powerteasersection_c\">Volkswagen AG<\/a><\/p>\n","protected":false},"excerpt":{"rendered":"<p>Andmekaitseinspektsioon Balti Uuringute Instituut Balti kaitsekolled\u017e Delfi\u00a0Meedia AS Erakonnad Eesti saatkonnad Eesti alaline esindus Euroopa Liidu juures Eesti keele instituut Eesti Vabariigi alaline esindus \u00dcRO ja teiste rahvusvaheliste organisatsioonide juures ERR Euroopa Komisjoni esindus Eestis Euroopa Parlament European Fund Management &#8230;<\/p>\n","protected":false},"author":190,"featured_media":0,"parent":0,"menu_order":0,"comment_status":"closed","ping_status":"closed","template":"","meta":{"_acf_changed":false,"inline_featured_image":false,"footnotes":""},"class_list":["post-10","page","type-page","status-publish","hentry"],"acf":[],"_links":{"self":[{"href":"https:\/\/sisu.ut.ee\/skyttepraktika\/wp-json\/wp\/v2\/pages\/10","targetHints":{"allow":["GET"]}}],"collection":[{"href":"https:\/\/sisu.ut.ee\/skyttepraktika\/wp-json\/wp\/v2\/pages"}],"about":[{"href":"https:\/\/sisu.ut.ee\/skyttepraktika\/wp-json\/wp\/v2\/types\/page"}],"author":[{"embeddable":true,"href":"https:\/\/sisu.ut.ee\/skyttepraktika\/wp-json\/wp\/v2\/users\/190"}],"replies":[{"embeddable":true,"href":"https:\/\/sisu.ut.ee\/skyttepraktika\/wp-json\/wp\/v2\/comments?post=10"}],"version-history":[{"count":9,"href":"https:\/\/sisu.ut.ee\/skyttepraktika\/wp-json\/wp\/v2\/pages\/10\/revisions"}],"predecessor-version":[{"id":207,"href":"https:\/\/sisu.ut.ee\/skyttepraktika\/wp-json\/wp\/v2\/pages\/10\/revisions\/207"}],"wp:attachment":[{"href":"https:\/\/sisu.ut.ee\/skyttepraktika\/wp-json\/wp\/v2\/media?parent=10"}],"curies":[{"name":"wp","href":"https:\/\/api.w.org\/{rel}","templated":true}]}}