{"id":3,"date":"2024-04-04T07:09:43","date_gmt":"2024-04-04T04:09:43","guid":{"rendered":"https:\/\/sisu.ut.ee\/sissejuhatus-andmebaasidesse-testid\/avaleht\/"},"modified":"2024-04-21T16:25:52","modified_gmt":"2024-04-21T13:25:52","slug":"avaleht","status":"publish","type":"page","link":"https:\/\/sisu.ut.ee\/sissejuhatus-andmebaasidesse-testid\/","title":{"rendered":"Enesekontrolli testid"},"content":{"rendered":"<h2>\n\tSissejuhatus<br>\n<\/h2>\n<ul>\n<li>\n\t\t<a data-url=\"https:\/\/sisu.ut.ee\/sissejuhatus-andmebaasidesse-testid\/h5p\/sissejuhatus?admin_panel=1\" href=\"https:\/\/sisu.ut.ee\/sissejuhatus-andmebaasidesse-testid\/h5p\/sissejuhatus?admin_panel=1\" title=\"\">Sissejuhatus<\/a>\n\t<\/li>\n<li>\n\t\t<a data-url=\"https:\/\/sisu.ut.ee\/sissejuhatus-andmebaasidesse-testid\/h5p\/andmet%C3%BC%C3%BCpid?admin_panel=1\" href=\"https:\/\/sisu.ut.ee\/sissejuhatus-andmebaasidesse-testid\/h5p\/andmetuupid?admin_panel=1\" title=\"\">Andmet\u00fc\u00fcpid<\/a>\n\t<\/li>\n<\/ul>\n<p>\n\t\u00a0\n<\/p>\n<h2>\n\tLoogiline mudel<br>\n<\/h2>\n<ul>\n<li>\n\t\t<a data-url=\"https:\/\/sisu.ut.ee\/sissejuhatus-andmebaasidesse-testid\/h5p\/olem-ja-selle-tunnused?admin_panel=1\" href=\"https:\/\/sisu.ut.ee\/sissejuhatus-andmebaasidesse-testid\/h5p\/olem-ja-selle-tunnused?admin_panel=1\" title=\"\">Olem ja selle tunnused<\/a>\n\t<\/li>\n<li>\n\t\t<a data-url=\"https:\/\/sisu.ut.ee\/sissejuhatus-andmebaasidesse-testid\/h5p\/n%C3%B5uete-anal%C3%BC%C3%BCs?admin_panel=1\" href=\"https:\/\/sisu.ut.ee\/sissejuhatus-andmebaasidesse-testid\/h5p\/nouete-analuus?admin_panel=1\" title=\"\">N\u00f5uete anal\u00fc\u00fcs<\/a>\n\t<\/li>\n<li>\n\t\t<a data-url=\"https:\/\/sisu.ut.ee\/sissejuhatus-andmebaasidesse-testid\/h5p\/v%C3%B5tmed?admin_panel=1\" href=\"https:\/\/sisu.ut.ee\/sissejuhatus-andmebaasidesse-testid\/h5p\/votmed?admin_panel=1\" title=\"\">V\u00f5tmed<\/a>\n\t<\/li>\n<li>\n\t\t<a data-url=\"https:\/\/sisu.ut.ee\/sissejuhatus-andmebaasidesse-testid\/h5p\/seosed?admin_panel=1\" href=\"https:\/\/sisu.ut.ee\/sissejuhatus-andmebaasidesse-testid\/h5p\/seosed?admin_panel=1\" title=\"\">Seosed<\/a>\n\t<\/li>\n<li>\n\t\t<a data-url=\"https:\/\/sisu.ut.ee\/sissejuhatus-andmebaasidesse-testid\/h5p\/loogilise-mudeli-koostamine?admin_panel=1\" href=\"https:\/\/sisu.ut.ee\/sissejuhatus-andmebaasidesse-testid\/h5p\/loogilise-mudeli-koostamine?admin_panel=1\" title=\"\">Loogilise mudeli koostamine<\/a>\n\t<\/li>\n<\/ul>\n<p>\n\t\u00a0\n<\/p>\n<h2>\n\tRelatsiooniline mudel<br>\n<\/h2>\n<ul>\n<li>\n\t\t<a data-url=\"https:\/\/sisu.ut.ee\/sissejuhatus-andmebaasidesse-testid\/h5p\/andmet%C3%BC%C3%BCpide-m%C3%A4%C3%A4ramine?admin_panel=1\" href=\"https:\/\/sisu.ut.ee\/sissejuhatus-andmebaasidesse-testid\/h5p\/andmetuupide-maaramine?admin_panel=1\" title=\"\">Andmet\u00fc\u00fcpide m\u00e4\u00e4ramine<\/a>\n\t<\/li>\n<li>\n\t\t<a data-url=\"https:\/\/sisu.ut.ee\/sissejuhatus-andmebaasidesse-testid\/h5p\/n%C3%B5rk-ja-tugev-olem?admin_panel=1\" href=\"https:\/\/sisu.ut.ee\/sissejuhatus-andmebaasidesse-testid\/h5p\/nork-ja-tugev-olem?admin_panel=1\" title=\"\">N\u00f5rk ja tugev olem<\/a>\n\t<\/li>\n<li>\n\t\t<a data-url=\"https:\/\/sisu.ut.ee\/sissejuhatus-andmebaasidesse-testid\/h5p\/primaarv%C3%B5ti-ja-v%C3%A4lisv%C3%B5ti?admin_panel=1\" href=\"https:\/\/sisu.ut.ee\/sissejuhatus-andmebaasidesse-testid\/h5p\/primaarvoti-ja-valisvoti?admin_panel=1\" title=\"\">Primaarv\u00f5ti ja v\u00e4lisv\u00f5ti<\/a>\n\t<\/li>\n<li>\n\t\t<a data-url=\"https:\/\/sisu.ut.ee\/sissejuhatus-andmebaasidesse-testid\/h5p\/alamtabelid-ja-%C3%BClemtabelid?admin_panel=1\" href=\"https:\/\/sisu.ut.ee\/sissejuhatus-andmebaasidesse-testid\/h5p\/alamtabelid-ja-ulemtabelid?admin_panel=1\" title=\"\">Alamtabelid ja \u00fclemtabelid<\/a>\n\t<\/li>\n<li>\n\t\t<a data-url=\"https:\/\/sisu.ut.ee\/sissejuhatus-andmebaasidesse-testid\/h5p\/relatsioonilise-mudeli-koostamine?admin_panel=1\" href=\"https:\/\/sisu.ut.ee\/sissejuhatus-andmebaasidesse-testid\/h5p\/relatsioonilise-mudeli-koostamine?admin_panel=1\" title=\"\">Relatsioonilise mudeli koostamine<\/a>\n\t<\/li>\n<\/ul>\n<p>\n\t\u00a0\n<\/p>\n<h2>\n\tAndmebaaside administreerimine<br>\n<\/h2>\n<ul>\n<li>\n\t\t<a data-url=\"https:\/\/sisu.ut.ee\/sissejuhatus-andmebaasidesse-testid\/h5p\/vaated?admin_panel=1\" href=\"https:\/\/sisu.ut.ee\/sissejuhatus-andmebaasidesse-testid\/h5p\/vaated?admin_panel=1\" title=\"\">Vaated<\/a>\n\t<\/li>\n<li>\n\t\t<a data-url=\"https:\/\/sisu.ut.ee\/sissejuhatus-andmebaasidesse-testid\/h5p\/j%C3%A4lgimine-ja-trigerid?admin_panel=1\" href=\"https:\/\/sisu.ut.ee\/sissejuhatus-andmebaasidesse-testid\/h5p\/jalgimine-ja-trigerid?admin_panel=1\" title=\"\">J\u00e4lgimine ja trigerid<\/a>\n\t<\/li>\n<li>\n\t\t<a data-url=\"https:\/\/sisu.ut.ee\/sissejuhatus-andmebaasidesse-testid\/h5p\/p%C3%A4ringute-optimeerimine?admin_panel=1\" href=\"https:\/\/sisu.ut.ee\/sissejuhatus-andmebaasidesse-testid\/h5p\/paringute-optimeerimine?admin_panel=1\" title=\"\">P\u00e4ringute optimeerimine<\/a>\n\t<\/li>\n<\/ul>\n","protected":false},"excerpt":{"rendered":"<p>Sissejuhatus Sissejuhatus Andmet\u00fc\u00fcpid \u00a0 Loogiline mudel Olem ja selle tunnused N\u00f5uete anal\u00fc\u00fcs V\u00f5tmed Seosed Loogilise mudeli koostamine \u00a0 Relatsiooniline mudel Andmet\u00fc\u00fcpide m\u00e4\u00e4ramine N\u00f5rk ja tugev olem Primaarv\u00f5ti ja v\u00e4lisv\u00f5ti Alamtabelid ja \u00fclemtabelid Relatsioonilise mudeli koostamine \u00a0 Andmebaaside administreerimine Vaated J\u00e4lgimine &#8230;<\/p>\n","protected":false},"author":248,"featured_media":0,"parent":0,"menu_order":0,"comment_status":"closed","ping_status":"closed","template":"","meta":{"_acf_changed":false,"inline_featured_image":false,"footnotes":""},"class_list":["post-3","page","type-page","status-publish","hentry"],"acf":[],"_links":{"self":[{"href":"https:\/\/sisu.ut.ee\/sissejuhatus-andmebaasidesse-testid\/wp-json\/wp\/v2\/pages\/3","targetHints":{"allow":["GET"]}}],"collection":[{"href":"https:\/\/sisu.ut.ee\/sissejuhatus-andmebaasidesse-testid\/wp-json\/wp\/v2\/pages"}],"about":[{"href":"https:\/\/sisu.ut.ee\/sissejuhatus-andmebaasidesse-testid\/wp-json\/wp\/v2\/types\/page"}],"author":[{"embeddable":true,"href":"https:\/\/sisu.ut.ee\/sissejuhatus-andmebaasidesse-testid\/wp-json\/wp\/v2\/users\/248"}],"replies":[{"embeddable":true,"href":"https:\/\/sisu.ut.ee\/sissejuhatus-andmebaasidesse-testid\/wp-json\/wp\/v2\/comments?post=3"}],"version-history":[{"count":3,"href":"https:\/\/sisu.ut.ee\/sissejuhatus-andmebaasidesse-testid\/wp-json\/wp\/v2\/pages\/3\/revisions"}],"predecessor-version":[{"id":27,"href":"https:\/\/sisu.ut.ee\/sissejuhatus-andmebaasidesse-testid\/wp-json\/wp\/v2\/pages\/3\/revisions\/27"}],"wp:attachment":[{"href":"https:\/\/sisu.ut.ee\/sissejuhatus-andmebaasidesse-testid\/wp-json\/wp\/v2\/media?parent=3"}],"curies":[{"name":"wp","href":"https:\/\/api.w.org\/{rel}","templated":true}]}}