{"id":3,"date":"2024-04-04T07:24:49","date_gmt":"2024-04-04T04:24:49","guid":{"rendered":"https:\/\/sisu.ut.ee\/sisehindamine\/avaleht\/"},"modified":"2026-01-15T16:36:11","modified_gmt":"2026-01-15T14:36:11","slug":"avaleht","status":"publish","type":"page","link":"https:\/\/sisu.ut.ee\/sisehindamine\/","title":{"rendered":"\u00dcldinfo"},"content":{"rendered":"<p><span lang=\"ET\">\u00d5ppekvaliteedi sisehindamise eesm\u00e4rk on igal aastal j\u00e4lgida, kuidas \u00f5ppekaval l\u00e4heb, kas kavandatud arengud on ellu viidud ja vastavad parimal moel \u00fchiskonna ning \u00f5ppija vajadustele. <\/span><span lang=\"ET\">Uus sisehindamise kord kehtib alates 01.01.2021 ja see v\u00f5imaldab<\/span><\/p>\n<ul>\n<li style=\"text-align: justify;\"><span lang=\"ET\"><span style=\"line-height: 107%;\">programmijuhil \u00f5ppekava kohta kogutud andmetele tuginedes igal aastal arendustegevusi planeerida ning ettepanekuid \u00fcksuse v\u00f5i valdkonna tasandil otsustamiseks esitada;<\/span><\/span><\/li>\n<li style=\"text-align: justify;\"><span lang=\"ET\"><span style=\"line-height: 107%;\">siduda omavahel \u00f5ppekava sisehindamise ning \u00f5ppeainetele ja \u00f5ppekavadele antud tagasiside tulemuste anal\u00fc\u00fcsimise ja arvestamise protsessid;<\/span><\/span><\/li>\n<li style=\"text-align: justify;\"><span lang=\"ET\"><span style=\"line-height: 107%;\">luua v\u00f5imalused vastastikuseks \u00f5ppimiseks;<\/span><\/span><\/li>\n<li style=\"text-align: justify;\"><span lang=\"ET\"><span style=\"line-height: 107%;\">vaadata programmin\u00f5ukogus kord aastas \u00fcle \u00f5ppekava tulemused (v\u00f5rdluses valdkonna ja \u00fclikooli keskmiste tulemustega) ning plaanitud tegevuste elluviimine;<\/span><\/span><\/li>\n<li style=\"text-align: justify;\"><span lang=\"ET\"><span style=\"line-height: 107%;\">lahendada valdkonna v\u00f5i \u00fcksuse n\u00f5ukogu tasemel \u00f5ppekavade ja \u00fcksuste \u00fcleseid k\u00fcsimusi ning kasutada n\u00f5ukogudes kokkulepitud ettepanekuid ja otsuseid sisendina arendustegevuste raha v\u00f5i arengufondi raha kasutamise otsuste tegemisel;<\/span><\/span><\/li>\n<li style=\"text-align: justify;\"><span lang=\"ET\"><span style=\"line-height: 107%;\">muuta \u00fcli\u00f5pilastele \u00f5ppekava info juures n\u00e4htavaks nii \u00f5ppeaine kui ka \u00f5ppekava tagasiside k\u00fcsimustike tulemuste kasutamine ja kavandatud parendustegevused;<\/span><\/span><\/li>\n<li style=\"text-align: justify;\"><span lang=\"ET\"><span style=\"line-height: 107%;\">kasutada saadud teadmist \u00f5ppekava tutvustamisel ja turundamisel.<\/span><\/span><\/li>\n<\/ul>\n<p><span lang=\"ET\">Sisehindamise aruandeid on kaht liiki: <\/span><\/p>\n<ul>\n<li>Vahearuanne, s.o iga-aastane \u00f5ppe kvaliteeti iseloomustavate n\u00e4itajate \u00fclevaatamine statistika t\u00f6\u00f6laua abiga. Sisaldab \u00f5ppeaine ja \u00f5ppekava tagasiside tulemuste \u00fclevaatamist.<\/li>\n<li>P\u00f5hiaruanne, mis koostatakse igal kolmandal aastal ja kus lisatakse vahearuande andmete anal\u00fc\u00fcsile strateegilisema v\u00f5rdluse osa ning sidusgruppide tagasiside, eesm\u00e4rgiga vaadata \u00fcle vaheaastate tulemused ja seada uued sihid.<\/li>\n<\/ul>\n<p><span lang=\"ET\">Milline aruanne konkreetsel aastal t\u00e4ita tuleb, saab n\u00e4ha \u00d5IS 2-s, kus programmijuhi t\u00f6\u00f6laual kuvatakse \u00f5ige aruande mustandi vorm. Programmijuht t\u00e4idab aruande \u00d5IS 2-s, arutab seda programmin\u00f5ukoguga, t\u00e4iendab ja parandab aruannet programmin\u00f5ukogu soovituste j\u00e4rgi ning kinnitab aruande hiljemalt s\u00fcgissemestri l\u00f5pukuup\u00e4evaks (11. veebruar).<\/span><\/p>\n<p><span lang=\"ET\">Sisehindamise aruande t\u00e4itmisel on abiks juba kogutud andmed. Kasutada saab nii statistilisi andmeid (nt sisseastujate, katkestajate ja l\u00f5petajate arv, nominaalajaga l\u00f5petamine) kui ka \u00fcli\u00f5pilastelt kogutud tagasiside tulemusi (nt \u00f5ppeaine tagasiside k\u00fcsitlus, \u00f5ppekava tagasiside k\u00fcsitlus), lisaks \u00fcleriigiliste k\u00fcsitluste andmeid (nt vilistlaste k\u00fcsitlus). Osa andmeid kuvatakse joonistena sisehindamise aruande mustandisse, nende selgitamine ja hindamine j\u00e4\u00e4b aruande kirjutaja \u00fclesandeks. Kui aruandesse valitud joonised mingil p\u00f5hjusel segaseks v\u00f5i konkreetse \u00f5ppekava puhul v\u00e4he\u00fctlevaks j\u00e4\u00e4vad, saab t\u00e4iendavat infot otsida statistika t\u00f6\u00f6laudadelt <\/span><strong><a href=\"https:\/\/statistika.ut.ee\/oppekavad\/\">https:\/\/statistika.ut.ee\/oppekavad\/<\/a><\/strong><span lang=\"ET\">\u00a0ja <\/span><strong><a title=\"\" href=\"https:\/\/statistika.ut.ee\/tagasiside2\/?_inputs_&amp;keel=%22ee%22\" target=\"_blank\" rel=\"noopener\" data-url=\"https:\/\/statistika.ut.ee\/tagasiside2\/?_inputs_&amp;keel=%22ee%22\">statistika.ut.ee\/tagasiside2<\/a><\/strong><span lang=\"ET\">. M\u00f5lemad t\u00f6\u00f6lauad leiab \u00d5IS 2 statistika men\u00fc\u00fcst.<\/span><\/p>\n<p><span lang=\"ET\">N\u00e4itajad, mida anal\u00fc\u00fcsides on v\u00f5imalik \u00f5ppekavaga tehtut anal\u00fc\u00fcsida, on\u00a0 valitud koost\u00f6\u00f6s programmijuhtidega. Aruande koostamisel on oluline uurida neid n\u00e4itajaid just oma \u00f5ppekava kontekstist l\u00e4htudes, m\u00e4\u00e4ratleda piirid ja eesm\u00e4rgid, mille poole p\u00fc\u00fceldakse. K\u00f5ik n\u00e4itajad ei ole k\u00f5igi \u00f5ppekavade jaoks v\u00f5rdselt olulised v\u00f5i t\u00e4henduslikud, nende anal\u00fc\u00fcsimise t\u00e4htsust saab programmijuht aruande koostamisel selgitada.<\/span><\/p>\n<p><span lang=\"ET\">Sisehindamise aruande mustand on s\u00fcgissemestril \u00d5IS 2-s programmijuhi t\u00f6\u00f6laual nn loomisel olekus ning n\u00e4htav ainult programmijuhile endale. Programmin\u00f5ukoguga jagamiseks tuleb aruanne viia olekusse \u201esisekasutuses\u201c. Siis saab seda pdf-ina alla laadida ja programmin\u00f5ukogu liikmetega jagada. Kui programmin\u00f5ukogu on aruannet arutanud, viib programmijuht muudatusettepanekud aruandesse sisse ning kinnitab aruande hiljemalt s\u00fcgissemestri l\u00f5pukuup\u00e4evaks (11. veebruar).<\/span><\/p>\n<p><span lang=\"ET\">Kinnitamise j\u00e4rel muutub aruanne n\u00e4htavaks k\u00f5igile \u00d5IS 2 loginutele. \u00dcli\u00f5pilastel on v\u00f5imalik n\u00e4ha, kuidas on nende antud \u00f5ppeainete ja \u00f5ppekava tagasisidet kasutatud, \u00f5ppej\u00f5ud n\u00e4evad, missugused arendustegevused j\u00e4rgmisel aastal v\u00f5i j\u00e4rgmisel kolmel aastal plaanis on, juhtidel on v\u00f5imalik kitsaskohad leida ja nende parandamiseks tegevusi kavandada.<\/span><\/p>\n<p>Sisehindamise \u00fcks eesm\u00e4rke on see, et \u00f5ppekava iga-aastase anal\u00fc\u00fcsi tulemusi arutataks, \u00f5nnestumisi m\u00e4rgataks ja probleemidele otsitaks lahendusi eri tasanditel. Edasised tegevused aruande kinnitamisele j\u00e4rel on kavandatud selliselt:<\/p>\n<ul>\n<li>veebruar 2026 \u2013 aruannetega tutvumine, arutelu valdkonna \u00f5ppekomisjonis: olulisemad tulemused ja arendusvajadused;<\/li>\n<li>veebruar 2026 \u2013 tulemuste ja arendustegevuste tutvustus ning arutelu \u00f5ppekava haldava struktuuri\u00fcksuse n\u00f5ukogus;<\/li>\n<li>m\u00e4rts 2026 \u2013 arendusvajaduste arutelu valdkonna n\u00f5ukogus;<\/li>\n<li>aprill \u00a02026 \u2013 tulemuste arutelu \u00f5ppekomisjonis, sh tagasiside ja parendusettepanekud;<\/li>\n<li>mai 2026 \u2013 \u00fclevaade ja ettepanekud senatis.<\/li>\n<\/ul>\n<p><span lang=\"ET\">Sellise mitmetasandilise arutelu m\u00f5te on see, et probleemid ja ettepanekud j\u00f5uaksid \u00f5igesse kohta. <\/span><\/p>\n<p><span lang=\"ET\">Aruande koostamisel tekkinud murede puhul saab abi k\u00fcsida tel 6269 v\u00f5i e-kirjaga <\/span><a href=\"mailto:ene.voolaid@ut.ee\">ene.voolaid@ut.ee<\/a><span lang=\"ET\">. <\/span><\/p>\n","protected":false},"excerpt":{"rendered":"<p>\u00d5ppekvaliteedi sisehindamise eesm\u00e4rk on igal aastal j\u00e4lgida, kuidas \u00f5ppekaval l\u00e4heb, kas kavandatud arengud on ellu viidud ja vastavad parimal moel \u00fchiskonna ning \u00f5ppija vajadustele. Uus sisehindamise kord kehtib alates 01.01.2021 ja see v\u00f5imaldab programmijuhil \u00f5ppekava kohta kogutud andmetele tuginedes igal &#8230;<\/p>\n","protected":false},"author":8,"featured_media":0,"parent":0,"menu_order":0,"comment_status":"closed","ping_status":"closed","template":"","meta":{"_acf_changed":false,"inline_featured_image":false,"footnotes":""},"class_list":["post-3","page","type-page","status-publish","hentry"],"acf":[],"_links":{"self":[{"href":"https:\/\/sisu.ut.ee\/sisehindamine\/wp-json\/wp\/v2\/pages\/3","targetHints":{"allow":["GET"]}}],"collection":[{"href":"https:\/\/sisu.ut.ee\/sisehindamine\/wp-json\/wp\/v2\/pages"}],"about":[{"href":"https:\/\/sisu.ut.ee\/sisehindamine\/wp-json\/wp\/v2\/types\/page"}],"author":[{"embeddable":true,"href":"https:\/\/sisu.ut.ee\/sisehindamine\/wp-json\/wp\/v2\/users\/8"}],"replies":[{"embeddable":true,"href":"https:\/\/sisu.ut.ee\/sisehindamine\/wp-json\/wp\/v2\/comments?post=3"}],"version-history":[{"count":3,"href":"https:\/\/sisu.ut.ee\/sisehindamine\/wp-json\/wp\/v2\/pages\/3\/revisions"}],"predecessor-version":[{"id":24,"href":"https:\/\/sisu.ut.ee\/sisehindamine\/wp-json\/wp\/v2\/pages\/3\/revisions\/24"}],"wp:attachment":[{"href":"https:\/\/sisu.ut.ee\/sisehindamine\/wp-json\/wp\/v2\/media?parent=3"}],"curies":[{"name":"wp","href":"https:\/\/api.w.org\/{rel}","templated":true}]}}