{"id":9,"date":"2024-04-03T23:13:01","date_gmt":"2024-04-03T20:13:01","guid":{"rendered":"https:\/\/sisu.ut.ee\/sihitis\/121-millal-taissihitis-nimetavas-kaandes\/"},"modified":"2024-04-03T23:13:04","modified_gmt":"2024-04-03T20:13:04","slug":"121-millal-taissihitis-nimetavas-kaandes","status":"publish","type":"page","link":"https:\/\/sisu.ut.ee\/sihitis\/121-millal-taissihitis-nimetavas-kaandes\/","title":{"rendered":"1.2.1. Millal on t\u00e4issihitis nimetavas k\u00e4\u00e4ndes?"},"content":{"rendered":"<p>\n\t<strong>T\u00e4issihitis on nimetavas k\u00e4\u00e4ndes j\u00e4rgmistel juhtudel:<\/strong>\n<\/p>\n<p>\n\t1) kui t\u00e4issihitis on vormilt v\u00f5i sisult mitmuslik;\n<\/p>\n<p>\n\tNt: Mari ostis <strong>uued saapad<\/strong>. Lapsed s\u00f5id <strong>kommid<\/strong> \u00e4ra. Kirjutasin t\u00e4na <strong>kaks kirja<\/strong>.\n<\/p>\n<p>\n\t2) kui t\u00e4issihitis laiendab umbisikulises tegumoes v\u00f5i k\u00e4skivas k\u00f5neviisis \u00f6eldisverbi;\n<\/p>\n<p>\n\tNt: <strong>Ajalehed<\/strong> tuuakse postkasti juba varahommikul. V\u00f5ta homme <strong>s\u00f5naraamat<\/strong> kooli kaasa!\n<\/p>\n<p>\n\t3) kui t\u00e4issihitis laiendab <em>da<\/em>-infinitiivi, mis on ise lauses aluse, t\u00e4iendi v\u00f5i \u00f6eldise funktsioonis (vt t\u00e4psemalt alapeat\u00fckist 3. <em>da<\/em>-infintiivi laiendav sihitis).\n<\/p>\n<p>\n\tNt: Liisa eesm\u00e4rgiks on <strong>referaat<\/strong> t\u00e4na l\u00f5petada. Mul on plaan osta <strong>uus arvuti<\/strong>.\n<\/p>\n<p>\n\tK\u00f5ik need lausestruktuurid v\u00f5imaldavad ka osastavas sihitise kasutamist, kui lause sisu seda eeldab.<\/p>\n","protected":false},"excerpt":{"rendered":"<p>T\u00e4issihitis on nimetavas k\u00e4\u00e4ndes j\u00e4rgmistel juhtudel: 1) kui t\u00e4issihitis on vormilt v\u00f5i sisult mitmuslik; Nt: Mari ostis uued saapad. Lapsed s\u00f5id kommid \u00e4ra. Kirjutasin t\u00e4na kaks kirja. 2) kui t\u00e4issihitis laiendab umbisikulises tegumoes v\u00f5i k\u00e4skivas k\u00f5neviisis \u00f6eldisverbi; Nt: Ajalehed tuuakse &#8230;<\/p>\n","protected":false},"author":18,"featured_media":0,"parent":0,"menu_order":0,"comment_status":"closed","ping_status":"closed","template":"","meta":{"_acf_changed":false,"inline_featured_image":false,"footnotes":""},"class_list":["post-9","page","type-page","status-publish","hentry"],"acf":[],"_links":{"self":[{"href":"https:\/\/sisu.ut.ee\/sihitis\/wp-json\/wp\/v2\/pages\/9","targetHints":{"allow":["GET"]}}],"collection":[{"href":"https:\/\/sisu.ut.ee\/sihitis\/wp-json\/wp\/v2\/pages"}],"about":[{"href":"https:\/\/sisu.ut.ee\/sihitis\/wp-json\/wp\/v2\/types\/page"}],"author":[{"embeddable":true,"href":"https:\/\/sisu.ut.ee\/sihitis\/wp-json\/wp\/v2\/users\/18"}],"replies":[{"embeddable":true,"href":"https:\/\/sisu.ut.ee\/sihitis\/wp-json\/wp\/v2\/comments?post=9"}],"version-history":[{"count":1,"href":"https:\/\/sisu.ut.ee\/sihitis\/wp-json\/wp\/v2\/pages\/9\/revisions"}],"predecessor-version":[{"id":44,"href":"https:\/\/sisu.ut.ee\/sihitis\/wp-json\/wp\/v2\/pages\/9\/revisions\/44"}],"wp:attachment":[{"href":"https:\/\/sisu.ut.ee\/sihitis\/wp-json\/wp\/v2\/media?parent=9"}],"curies":[{"name":"wp","href":"https:\/\/api.w.org\/{rel}","templated":true}]}}