{"id":7,"date":"2024-04-03T23:13:01","date_gmt":"2024-04-03T20:13:01","guid":{"rendered":"https:\/\/sisu.ut.ee\/sihitis\/11-tais-ja-osasihitise-kaanded\/"},"modified":"2024-04-03T23:13:04","modified_gmt":"2024-04-03T20:13:04","slug":"11-tais-ja-osasihitise-kaanded","status":"publish","type":"page","link":"https:\/\/sisu.ut.ee\/sihitis\/11-tais-ja-osasihitise-kaanded\/","title":{"rendered":"1.1. T\u00e4is- ja osasihitise k\u00e4\u00e4nded"},"content":{"rendered":"<p>\n\t<strong>Osasihitis<\/strong> on sihitis osastavas k\u00e4\u00e4ndes. Osastav on eesti keele sihitise p\u00f5hik\u00e4\u00e4ne. Osastavas esineb sihitis nii ainsuses kui ka mitmuses.\n<\/p>\n<p>\n\tNt: Ma joon <strong>teed<\/strong>. Elle armastab <strong>kasse<\/strong>. \u00c4ra usu <strong>hundi juttu<\/strong>! Piret ei \u00f5pi <strong>prantsuse keelt<em>.<\/em><\/strong> Ma loen <strong>ajalehte<\/strong>. Ma loen <strong>ajalehti<\/strong>. <strong>Suppi<\/strong> ei s\u00f6\u00f6da liiga kuumalt.\n<\/p>\n<p>\n\t<strong>T\u00e4issihitis <\/strong>on sihitis omastavas ja nimetavas k\u00e4\u00e4ndes. Omastavas on sihitis ainult ainsuses, nimetavas nii ainsuses kui ka mitmuses. Mitmuslik t\u00e4issihitis on ainult nimetavas k\u00e4\u00e4ndes.\n<\/p>\n<p>\n\tNt: Ma lugesin <strong>ajalehe<\/strong> l\u00e4bi. Vanaema k\u00fcpsetas <strong>suure piruka<\/strong>. Liisa ostis <strong>raamatu<\/strong>.\n<\/p>\n<p>\n\tV\u00f5ta <strong>oma pliiats<\/strong>! V\u00f5ta <strong>oma pliiatsid<\/strong>! Lea kudus <strong>soojad sokid<\/strong>. T\u00fcdruk v\u00e4rvis <strong>juuksed<\/strong> punaseks. <strong>K\u00fclalised<\/strong> paluti lauda.\n<\/p>\n<p>\n\t\u00a0<\/p>\n","protected":false},"excerpt":{"rendered":"<p>Osasihitis on sihitis osastavas k\u00e4\u00e4ndes. Osastav on eesti keele sihitise p\u00f5hik\u00e4\u00e4ne. Osastavas esineb sihitis nii ainsuses kui ka mitmuses. Nt: Ma joon teed. Elle armastab kasse. \u00c4ra usu hundi juttu! Piret ei \u00f5pi prantsuse keelt. Ma loen ajalehte. Ma loen &#8230;<\/p>\n","protected":false},"author":18,"featured_media":0,"parent":0,"menu_order":0,"comment_status":"closed","ping_status":"closed","template":"","meta":{"_acf_changed":false,"inline_featured_image":false,"footnotes":""},"class_list":["post-7","page","type-page","status-publish","hentry"],"acf":[],"_links":{"self":[{"href":"https:\/\/sisu.ut.ee\/sihitis\/wp-json\/wp\/v2\/pages\/7","targetHints":{"allow":["GET"]}}],"collection":[{"href":"https:\/\/sisu.ut.ee\/sihitis\/wp-json\/wp\/v2\/pages"}],"about":[{"href":"https:\/\/sisu.ut.ee\/sihitis\/wp-json\/wp\/v2\/types\/page"}],"author":[{"embeddable":true,"href":"https:\/\/sisu.ut.ee\/sihitis\/wp-json\/wp\/v2\/users\/18"}],"replies":[{"embeddable":true,"href":"https:\/\/sisu.ut.ee\/sihitis\/wp-json\/wp\/v2\/comments?post=7"}],"version-history":[{"count":1,"href":"https:\/\/sisu.ut.ee\/sihitis\/wp-json\/wp\/v2\/pages\/7\/revisions"}],"predecessor-version":[{"id":42,"href":"https:\/\/sisu.ut.ee\/sihitis\/wp-json\/wp\/v2\/pages\/7\/revisions\/42"}],"wp:attachment":[{"href":"https:\/\/sisu.ut.ee\/sihitis\/wp-json\/wp\/v2\/media?parent=7"}],"curies":[{"name":"wp","href":"https:\/\/api.w.org\/{rel}","templated":true}]}}