{"id":68,"date":"2024-04-11T11:23:17","date_gmt":"2024-04-11T08:23:17","guid":{"rendered":"https:\/\/sisu.ut.ee\/sihitis\/harjutus-6\/"},"modified":"2024-04-11T11:23:17","modified_gmt":"2024-04-11T08:23:17","slug":"harjutus-6","status":"publish","type":"page","link":"https:\/\/sisu.ut.ee\/sihitis\/harjutus-6\/","title":{"rendered":"Harjutus 6"},"content":{"rendered":"<div id=\"watupro_quiz\" class=\"quiz-area single-page-quiz\">\n<p id=\"submittingExam7\" style=\"display:none;text-align:center;\"><img loading=\"lazy\" decoding=\"async\" src=\"https:\/\/sisu.ut.ee\/wp-content\/plugins\/watupro\/img\/loading.gif\" width=\"16\" height=\"16\"><\/p>\n\n<div class=\"watupro-exam-description\" id=\"description-quiz-7\"><p><span style=\"font-family: arial,helvetica,sans-serif;\"><strong>Pange <em>aitama<\/em>-,\u00a0<em> arendama-<\/em> ja <em>kuulama<\/em>-verbide sihitis sobivasse k\u00e4\u00e4ndesse.<\/strong><\/span><\/p>\n<p><span style=\"font-family: arial,helvetica,sans-serif;\">Harjutuse katsete arv ja sooritamiseks m\u00f5eldud aeg pole piiratud.<\/span><\/p>\n<\/div>\n\n<form action=\"\" method=\"post\" class=\"quiz-form\" id=\"quiz-7\" enctype=\"multipart\/form-data\">\n<div class=\"watu-question \" id=\"question-1\" style=\";\"><div id=\"questionWrap-1\" class=\"  watupro-required-7 watupro-question-id-7\">\n\t\t\t<div class=\"question-content\"><p><span style=\"font-size: small; font-family: arial|helvetica|sans-serif;\"><strong>Pange<em> aitama<\/em>-|<em>arendama<\/em>- ja <em>kuulama<\/em>-verbide sihitis sobivasse k\u00e4\u00e4ndesse. Nende verbide sihitis on osastavas k\u00e4\u00e4ndes|kuid t\u00e4issihitis on v\u00f5imalik|kui lauses on m\u00f5ni s\u00f5na|mis r\u00f5hutab tegevuse tulemuslikkust. <\/strong><\/span><\/p>\n<p><span style=\"font-size: small; font-family: arial|helvetica|sans-serif;\">1)\u00a0\u00a0\u00a0\u00a0\u00a0 Perekonna toetus aitas (sportlane) <input type=\"text\" size=\"10\" name=\"gap_7_1\" class=\"watupro-gap answer answerof-7\" value=\"\">eesm\u00e4rgi saavutamisel.<\/span><\/p>\n<p><span style=\"font-size: small; font-family: arial|helvetica|sans-serif;\">2)\u00a0\u00a0\u00a0\u00a0\u00a0 Aitasin (laps) <input type=\"text\" size=\"10\" name=\"gap_7_2\" class=\"watupro-gap answer answerof-7\" value=\"\">veest v\u00e4lja ja kutsusin kiiresti abi.<\/span><\/p>\n<p><span style=\"font-size: small; font-family: arial|helvetica|sans-serif;\">3)\u00a0\u00a0\u00a0\u00a0\u00a0 Keegi kaass\u00f5itjatest ei aidanud (noor ema) <input type=\"text\" size=\"10\" name=\"gap_7_3\" class=\"watupro-gap answer answerof-7\" value=\"\">koos lapsevankriga bussi.<\/span><\/p>\n<p><span style=\"font-size: small; font-family: arial|helvetica|sans-serif;\">4)\u00a0\u00a0\u00a0\u00a0\u00a0 Kas sa aitaksid (ta) <input type=\"text\" size=\"10\" name=\"gap_7_4\" class=\"watupro-gap answer answerof-7\" value=\"\">?<\/span><\/p>\n<p><span style=\"font-size: small; font-family: arial|helvetica|sans-serif;\">5)\u00a0\u00a0\u00a0\u00a0\u00a0 Talunik arendab oma kodukohas (lambakasvatus) <input type=\"text\" size=\"10\" name=\"gap_7_5\" class=\"watupro-gap answer answerof-7\" value=\"\">.<\/span><\/p>\n<p><span style=\"font-size: small; font-family: arial|helvetica|sans-serif;\">6)\u00a0\u00a0\u00a0\u00a0\u00a0 \u00dcli\u00f5pilasselts arendas aja jooksul v\u00e4lja oma (traditsioonid) <input type=\"text\" size=\"10\" name=\"gap_7_6\" class=\"watupro-gap answer answerof-7\" value=\"\">.<\/span><\/p>\n<p><span style=\"font-size: small; font-family: arial|helvetica|sans-serif;\">7)\u00a0\u00a0\u00a0\u00a0\u00a0 Koosolekul s\u00f5na v\u00f5tnud poliitik arendas oma (m\u00f5te) <input type=\"text\" size=\"10\" name=\"gap_7_7\" class=\"watupro-gap answer answerof-7\" value=\"\">edasi ka p\u00e4rast ametliku osa l\u00f5ppu.<\/span><\/p>\n<p><span style=\"font-size: small; font-family: arial|helvetica|sans-serif;\">8)\u00a0\u00a0\u00a0\u00a0\u00a0 Miskip\u00e4rast ei soovinud teadlane oma (teema) <input type=\"text\" size=\"10\" name=\"gap_7_8\" class=\"watupro-gap answer answerof-7\" value=\"\">enam edasi arendada.<\/span><\/p>\n<p><span style=\"font-size: small; font-family: arial|helvetica|sans-serif;\">9)\u00a0\u00a0\u00a0\u00a0\u00a0 Kuulan igal hommikul raadiost (uudised) <input type=\"text\" size=\"10\" name=\"gap_7_9\" class=\"watupro-gap answer answerof-7\" value=\"\">.<\/span><\/p>\n<p><span style=\"font-size: small; font-family: arial|helvetica|sans-serif;\">10)\u00a0\u00a0 Kui lapsed (muinasjutt) <input type=\"text\" size=\"10\" name=\"gap_7_10\" class=\"watupro-gap answer answerof-7\" value=\"\">l\u00f5puni olid kuulanud|pidid nad magama minema.<\/span><\/p>\n<p><span style=\"font-size: small; font-family: arial|helvetica|sans-serif;\">11)\u00a0\u00a0 Kahjuks pole mul t\u00e4na aega|aga ma kuulan (see plaat) <input type=\"text\" size=\"10\" name=\"gap_7_11\" class=\"watupro-gap answer answerof-7\" value=\"\">kindlasti homme ja \u00fctlen sulle siis oma arvamuse.<\/span><\/p>\n<p><span style=\"font-size: small; font-family: arial|helvetica|sans-serif;\">12)\u00a0\u00a0 Isa ei kuulanud oma (t\u00fctar) <input type=\"text\" size=\"10\" name=\"gap_7_12\" class=\"watupro-gap answer answerof-7\" value=\"\">\u00e4ra ja ei saanudki toimunud peost t\u00e4ielikku \u00fclevaadet.<\/span><\/p>\n<p><span style=\"font-size: small; font-family: arial|helvetica|sans-serif;\">13)\u00a0\u00a0 Kuulake (k\u00fcsimus) <input type=\"text\" size=\"10\" name=\"gap_7_13\" class=\"watupro-gap answer answerof-7\" value=\"\">ja m\u00f5telge|kuidas sellele vastata!<\/span><\/p>\n<p><span style=\"font-size: small; font-family: arial|helvetica|sans-serif;\">14)\u00a0\u00a0 Kuula (tekst) <input type=\"text\" size=\"10\" name=\"gap_7_14\" class=\"watupro-gap answer answerof-7\" value=\"\">l\u00f5puni ja vasta teksti kohta esitatud k\u00fcsimustele!<\/span><\/p>\n<input type=\"hidden\" name=\"question_id[]\" id=\"qID_1\" value=\"7\" class=\"watupro-question-id\"><input type=\"hidden\" id=\"answerType7\" class=\"answerTypeCnt1\" value=\"gaps\"><input type=\"hidden\" id=\"watupro-required-question-7\"><!-- end question-content--><\/div><!-- end questionWrap--><\/div><\/div><div style=\"display:none\" id=\"question-2\">\n\t<div class=\"question-content\">\n\t\t<img loading=\"lazy\" decoding=\"async\" src=\"https:\/\/sisu.ut.ee\/wp-content\/plugins\/watupro\/img\/loading.gif\" width=\"16\" height=\"16\" alt=\"Loading...\" title=\"Loading...\">\u00a0Loading...\t<\/div>\n<\/div>\n\n<br>\n\t\n\t\t\t<div class=\"watupro_buttons flex \" id=\"watuPROButtons7\">\n\t\t  <div id=\"prev-question\" style=\"display:none;\"><input type=\"button\" value=\"&lt; Previous\" onclick=\"WatuPRO.nextQuestion(event, 'previous');\"><\/div>\t\t  \t\t  \t\t   \n\t\t   \t  \t\t<div><input type=\"button\" name=\"action\" class=\"watupro-submit-button\" onclick=\"WatuPRO.submitResult(event)\" id=\"action-button\" value=\"View Results\">\n\t\t<\/div>\n\t\t<\/div>\n\t\t\n\t<input type=\"hidden\" name=\"quiz_id\" value=\"7\" id=\"watuPROExamID\">\n\t<input type=\"hidden\" name=\"start_time\" id=\"startTime\" value=\"2026-04-15 05:55:27\">\n\t<input type=\"hidden\" name=\"start_timestamp\" id=\"startTimeStamp\" value=\"1776232527\">\n\t<input type=\"hidden\" name=\"question_ids\" value=\"\">\n\t<input type=\"hidden\" name=\"watupro_questions\" value=\"7:19\">\n\t<input type=\"hidden\" name=\"no_ajax\" value=\"0\">\t\t\t<\/form>\n\t<p>\u00a0<\/p>\n<\/div>\n\n<script type=\"text\/javascript\">\n\/\/jQuery(document).ready(function(){\ndocument.addEventListener(\"DOMContentLoaded\", function(event) { \t\nvar question_ids = \"7\";\nWatuPROSettings[7] = {};\nWatuPRO.qArr = question_ids.split(',');\nWatuPRO.exam_id = 7;\t    \nWatuPRO.post_id = 68;\nWatuPRO.store_progress = 0;\nWatuPRO.curCatPage = 1;\nWatuPRO.requiredIDs=\"0,7\".split(\",\");\nWatuPRO.hAppID = \"0.86046000 1776221727\";\nvar url = \"https:\/\/sisu.ut.ee\/wp-content\/plugins\/watupro\/show_exam.php\";\nWatuPRO.examMode = 1;\nWatuPRO.siteURL=\"https:\/\/sisu.ut.ee\/sihitis\/wp-admin\/admin-ajax.php\";\nWatuPRO.emailIsNotRequired = 0;\nWatuPRO.perDecade = 10;\nWatuPROIntel.init(7);\nWatuPRO.inCategoryPages=1;});    \t \n<\/script>\n\n","protected":false},"excerpt":{"rendered":"","protected":false},"author":28,"featured_media":0,"parent":0,"menu_order":0,"comment_status":"closed","ping_status":"closed","template":"","meta":{"_acf_changed":false,"inline_featured_image":false,"footnotes":""},"class_list":["post-68","page","type-page","status-publish","hentry"],"acf":[],"_links":{"self":[{"href":"https:\/\/sisu.ut.ee\/sihitis\/wp-json\/wp\/v2\/pages\/68","targetHints":{"allow":["GET"]}}],"collection":[{"href":"https:\/\/sisu.ut.ee\/sihitis\/wp-json\/wp\/v2\/pages"}],"about":[{"href":"https:\/\/sisu.ut.ee\/sihitis\/wp-json\/wp\/v2\/types\/page"}],"author":[{"embeddable":true,"href":"https:\/\/sisu.ut.ee\/sihitis\/wp-json\/wp\/v2\/users\/28"}],"replies":[{"embeddable":true,"href":"https:\/\/sisu.ut.ee\/sihitis\/wp-json\/wp\/v2\/comments?post=68"}],"version-history":[{"count":0,"href":"https:\/\/sisu.ut.ee\/sihitis\/wp-json\/wp\/v2\/pages\/68\/revisions"}],"wp:attachment":[{"href":"https:\/\/sisu.ut.ee\/sihitis\/wp-json\/wp\/v2\/media?parent=68"}],"curies":[{"name":"wp","href":"https:\/\/api.w.org\/{rel}","templated":true}]}}