{"id":65,"date":"2024-04-11T11:22:46","date_gmt":"2024-04-11T08:22:46","guid":{"rendered":"https:\/\/sisu.ut.ee\/sihitis\/harjutus-3\/"},"modified":"2024-04-11T11:22:46","modified_gmt":"2024-04-11T08:22:46","slug":"harjutus-3","status":"publish","type":"page","link":"https:\/\/sisu.ut.ee\/sihitis\/harjutus-3\/","title":{"rendered":"Harjutus 3"},"content":{"rendered":"<div id=\"watupro_quiz\" class=\"quiz-area single-page-quiz\">\n<p id=\"submittingExam4\" style=\"display:none;text-align:center;\"><img loading=\"lazy\" decoding=\"async\" src=\"https:\/\/sisu.ut.ee\/wp-content\/plugins\/watupro\/img\/loading.gif\" width=\"16\" height=\"16\"><\/p>\n\n<div class=\"watupro-exam-description\" id=\"description-quiz-4\"><p><span style=\"font-family: arial,helvetica,sans-serif;\"><strong>Valige rippmen\u00fc\u00fcdest\u00a0 sobiv sihitise variant.<\/strong><\/span><\/p>\n<p><span style=\"font-family: arial,helvetica,sans-serif;\">Harjutuse katsete arv ja sooritamiseks m\u00f5eldud aeg pole piiratud.<\/span><\/p>\n<\/div>\n\n<form action=\"\" method=\"post\" class=\"quiz-form\" id=\"quiz-4\" enctype=\"multipart\/form-data\">\n<div class=\"watu-question \" id=\"question-1\" style=\";\"><div id=\"questionWrap-1\" class=\"  watupro-required-4 watupro-question-id-4\">\n\t\t\t<div class=\"question-content\"><p><span style=\"font-family: arial|helvetica|sans-serif;\"><strong>Valige lausesse sobiv sihitise variant.<\/strong><\/span><\/p>\n<p><span style=\"font-family: arial|helvetica|sans-serif;\">1) Tegime <select name=\"gap_4_1\" class=\"watupro-gap answer answerof-4\"><option value=\"\"><\/option><option value=\"ettepanekut\">ettepanekut<\/option><option value=\"ettepaneku\">ettepaneku<\/option><option value=\"ettepanek\">ettepanek<\/option><\/select> ja <select name=\"gap_4_2\" class=\"watupro-gap answer answerof-4\"><option value=\"\"><\/option><option value=\"seda\">seda<\/option><option value=\"see\">see<\/option><option value=\"selle\">selle<\/option><\/select> v\u00f5eti vastu.<\/span><\/p>\n<p><span style=\"font-family: arial|helvetica|sans-serif;\">2) Peeter ostis kevadel endale <select name=\"gap_4_3\" class=\"watupro-gap answer answerof-4\"><option value=\"\"><\/option><option value=\"uus jalgratas\">uus jalgratas<\/option><option value=\"uut jalgratast\">uut jalgratast<\/option><option value=\"uue jalgratta\">uue jalgratta<\/option><\/select>.<\/span><\/p>\n<p><span style=\"font-family: arial|helvetica|sans-serif;\">3) Oleksin hea meelega <select name=\"gap_4_4\" class=\"watupro-gap answer answerof-4\"><option value=\"\"><\/option><option value=\"selle filmi\">selle filmi<\/option><option value=\"seda filmi\">seda filmi<\/option><option value=\"see film\">see film<\/option><\/select> vaadanud|kuid ei saanud|sest televiisor oli rikkis.<\/span><\/p>\n<p><span style=\"font-family: arial|helvetica|sans-serif;\">4) <select name=\"gap_4_5\" class=\"watupro-gap answer answerof-4\"><option value=\"\"><\/option><option value=\"See nukk\">See nukk<\/option><option value=\"Seda nukku\">Seda nukku<\/option><option value=\"Selle nuku\">Selle nuku<\/option><\/select> kinkis mulle ema|kui ma olin kolmeaastane.<\/span><\/p>\n<p><span style=\"font-family: arial|helvetica|sans-serif;\">5) Ma ei suuda kuidagi <select name=\"gap_4_6\" class=\"watupro-gap answer answerof-4\"><option value=\"\"><\/option><option value=\"loengu l\u00f5ppu\">loengu l\u00f5ppu<\/option><option value=\"loengu l\u00f5pp\">loengu l\u00f5pp<\/option><option value=\"loengu l\u00f5pu\">loengu l\u00f5pu<\/option><\/select> \u00e4ra oodata.<\/span><\/p>\n<p><span style=\"font-family: arial|helvetica|sans-serif;\">6) Rein hakkas <select name=\"gap_4_7\" class=\"watupro-gap answer answerof-4\"><option value=\"\"><\/option><option value=\"suur puu\">suur puu<\/option><option value=\"suurt puud\">suurt puud<\/option><option value=\"suure puu\">suure puu<\/option><\/select> raiuma.<\/span><\/p>\n<p><span style=\"font-family: arial|helvetica|sans-serif;\">7) <select name=\"gap_4_8\" class=\"watupro-gap answer answerof-4\"><option value=\"\"><\/option><option value=\"Terve kook\">Terve kook<\/option><option value=\"Tervet kooki\">Tervet kooki<\/option><option value=\"Terve koogi\">Terve koogi<\/option><\/select> s\u00f6\u00f6di m\u00f5ne minutiga \u00e4ra.<\/span><\/p>\n<p><span style=\"font-family: arial|helvetica|sans-serif;\">8) \u00c4ra <select name=\"gap_4_9\" class=\"watupro-gap answer answerof-4\"><option value=\"\"><\/option><option value=\"v\u00f5tit\">v\u00f5tit<\/option><option value=\"v\u00f5ti\">v\u00f5ti<\/option><option value=\"v\u00f5tme\">v\u00f5tme<\/option><\/select>\u00a0 koju unusta!<\/span><\/p>\n<p><span style=\"font-family: arial|helvetica|sans-serif;\">9) \u00dckskord varastati minult poes <select name=\"gap_4_10\" class=\"watupro-gap answer answerof-4\"><option value=\"\"><\/option><option value=\"rahakotti\">rahakotti<\/option><option value=\"rahakoti\">rahakoti<\/option><option value=\"rahakott\">rahakott<\/option><\/select>.<\/span><\/p>\n<input type=\"hidden\" name=\"question_id[]\" id=\"qID_1\" value=\"4\" class=\"watupro-question-id\"><input type=\"hidden\" id=\"answerType4\" class=\"answerTypeCnt1\" value=\"gaps\"><input type=\"hidden\" id=\"watupro-required-question-4\"><!-- end question-content--><\/div><!-- end questionWrap--><\/div><\/div><div style=\"display:none\" id=\"question-2\">\n\t<div class=\"question-content\">\n\t\t<img loading=\"lazy\" decoding=\"async\" src=\"https:\/\/sisu.ut.ee\/wp-content\/plugins\/watupro\/img\/loading.gif\" width=\"16\" height=\"16\" alt=\"Loading...\" title=\"Loading...\">\u00a0Loading...\t<\/div>\n<\/div>\n\n<br>\n\t\n\t\t\t<div class=\"watupro_buttons flex \" id=\"watuPROButtons4\">\n\t\t  <div id=\"prev-question\" style=\"display:none;\"><input type=\"button\" value=\"&lt; Previous\" onclick=\"WatuPRO.nextQuestion(event, 'previous');\"><\/div>\t\t  \t\t  \t\t   \n\t\t   \t  \t\t<div><input type=\"button\" name=\"action\" class=\"watupro-submit-button\" onclick=\"WatuPRO.submitResult(event)\" id=\"action-button\" value=\"View Results\">\n\t\t<\/div>\n\t\t<\/div>\n\t\t\n\t<input type=\"hidden\" name=\"quiz_id\" value=\"4\" id=\"watuPROExamID\">\n\t<input type=\"hidden\" name=\"start_time\" id=\"startTime\" value=\"2026-04-15 05:55:28\">\n\t<input type=\"hidden\" name=\"start_timestamp\" id=\"startTimeStamp\" value=\"1776232528\">\n\t<input type=\"hidden\" name=\"question_ids\" value=\"\">\n\t<input type=\"hidden\" name=\"watupro_questions\" value=\"4:16\">\n\t<input type=\"hidden\" name=\"no_ajax\" value=\"0\">\t\t\t<\/form>\n\t<p>\u00a0<\/p>\n<\/div>\n\n<script type=\"text\/javascript\">\n\/\/jQuery(document).ready(function(){\ndocument.addEventListener(\"DOMContentLoaded\", function(event) { \t\nvar question_ids = \"4\";\nWatuPROSettings[4] = {};\nWatuPRO.qArr = question_ids.split(',');\nWatuPRO.exam_id = 4;\t    \nWatuPRO.post_id = 65;\nWatuPRO.store_progress = 0;\nWatuPRO.curCatPage = 1;\nWatuPRO.requiredIDs=\"0,4\".split(\",\");\nWatuPRO.hAppID = \"0.17665100 1776221728\";\nvar url = \"https:\/\/sisu.ut.ee\/wp-content\/plugins\/watupro\/show_exam.php\";\nWatuPRO.examMode = 1;\nWatuPRO.siteURL=\"https:\/\/sisu.ut.ee\/sihitis\/wp-admin\/admin-ajax.php\";\nWatuPRO.emailIsNotRequired = 0;\nWatuPRO.perDecade = 10;\nWatuPROIntel.init(4);\nWatuPRO.inCategoryPages=1;});    \t \n<\/script>\n\n","protected":false},"excerpt":{"rendered":"","protected":false},"author":28,"featured_media":0,"parent":0,"menu_order":0,"comment_status":"closed","ping_status":"closed","template":"","meta":{"_acf_changed":false,"inline_featured_image":false,"footnotes":""},"class_list":["post-65","page","type-page","status-publish","hentry"],"acf":[],"_links":{"self":[{"href":"https:\/\/sisu.ut.ee\/sihitis\/wp-json\/wp\/v2\/pages\/65","targetHints":{"allow":["GET"]}}],"collection":[{"href":"https:\/\/sisu.ut.ee\/sihitis\/wp-json\/wp\/v2\/pages"}],"about":[{"href":"https:\/\/sisu.ut.ee\/sihitis\/wp-json\/wp\/v2\/types\/page"}],"author":[{"embeddable":true,"href":"https:\/\/sisu.ut.ee\/sihitis\/wp-json\/wp\/v2\/users\/28"}],"replies":[{"embeddable":true,"href":"https:\/\/sisu.ut.ee\/sihitis\/wp-json\/wp\/v2\/comments?post=65"}],"version-history":[{"count":0,"href":"https:\/\/sisu.ut.ee\/sihitis\/wp-json\/wp\/v2\/pages\/65\/revisions"}],"wp:attachment":[{"href":"https:\/\/sisu.ut.ee\/sihitis\/wp-json\/wp\/v2\/media?parent=65"}],"curies":[{"name":"wp","href":"https:\/\/api.w.org\/{rel}","templated":true}]}}