{"id":6,"date":"2024-04-03T23:13:01","date_gmt":"2024-04-03T20:13:01","guid":{"rendered":"https:\/\/sisu.ut.ee\/sihitis\/1-mis-sihitis\/"},"modified":"2024-04-03T23:13:04","modified_gmt":"2024-04-03T20:13:04","slug":"1-mis-sihitis","status":"publish","type":"page","link":"https:\/\/sisu.ut.ee\/sihitis\/1-mis-sihitis\/","title":{"rendered":"1. Mis on sihitis?"},"content":{"rendered":"<p>\n\tSihitis on lauseliige, mis n\u00e4itab, millele on verbiga v\u00e4ljendatud tegevus suunatud. Sihitis on tavaliselt nimis\u00f5na, aga see v\u00f5ib olla ka m\u00f5ne muu s\u00f5naliigi s\u00f5na, kui see esineb lauses nimis\u00f5na t\u00e4henduses.\n<\/p>\n<p>\n\tSihitis saab olla osastavas (keda? mida?), omastavas (kelle? mille?) v\u00f5i nimetavas (kes? mis?) k\u00e4\u00e4ndes. Eesti keele sihitise p\u00f5hik\u00e4\u00e4ne on osastav.\n<\/p>\n<p>\n\tNt: Peeter loeb <strong>raamatut<\/strong>. Peeter luges <strong>raamatu<\/strong> l\u00e4bi. Loe <strong>raamat<\/strong> l\u00e4bi!\n<\/p>\n<p>\n\tSihitis laiendab sihilisi verbe, nt <em>alustama, \u00f5ppima, s\u00f6\u00f6ma, leidma, andma, avama, armastama, petma, lugema <\/em>jpt.\n<\/p>\n<p>\n\tNt: Peeter s\u00f6\u00f6b <strong>suppi. <\/strong>\u00a0Ma leidsin <strong>suure k\u00e4rbseseene<\/strong>. Palun avage <strong>uks<\/strong>!\n<\/p>\n<p>\n\tSihilised verbid v\u00f5ivad esineda ka ilma sihitiseta.\n<\/p>\n<p>\n\tNt: K\u00fclalised s\u00f6\u00f6vad ja joovad. Peeter \u00f5pib.\n<\/p>\n<p>\n\tSihitud verbid reeglina sihitist ei liida, nt <em>sulguma, tutvuma, avanema, olema, istuma, haigestuma, kaduma, leiduma, t\u00fcdinema <\/em>jpt.\n<\/p>\n<p>\n\tM\u00f5nikord harva saavad ka sihitud verbid sihitise.\n<\/p>\n<p>\n\tNt: Laps magab <strong>magusat und<\/strong>. Teek\u00e4ija k\u00e4ib <strong>oma teed<\/strong>.<\/p>\n","protected":false},"excerpt":{"rendered":"<p>Sihitis on lauseliige, mis n\u00e4itab, millele on verbiga v\u00e4ljendatud tegevus suunatud. Sihitis on tavaliselt nimis\u00f5na, aga see v\u00f5ib olla ka m\u00f5ne muu s\u00f5naliigi s\u00f5na, kui see esineb lauses nimis\u00f5na t\u00e4henduses. Sihitis saab olla osastavas (keda? mida?), omastavas (kelle? mille?) v\u00f5i &#8230;<\/p>\n","protected":false},"author":18,"featured_media":0,"parent":0,"menu_order":0,"comment_status":"closed","ping_status":"closed","template":"","meta":{"_acf_changed":false,"inline_featured_image":false,"footnotes":""},"class_list":["post-6","page","type-page","status-publish","hentry"],"acf":[],"_links":{"self":[{"href":"https:\/\/sisu.ut.ee\/sihitis\/wp-json\/wp\/v2\/pages\/6","targetHints":{"allow":["GET"]}}],"collection":[{"href":"https:\/\/sisu.ut.ee\/sihitis\/wp-json\/wp\/v2\/pages"}],"about":[{"href":"https:\/\/sisu.ut.ee\/sihitis\/wp-json\/wp\/v2\/types\/page"}],"author":[{"embeddable":true,"href":"https:\/\/sisu.ut.ee\/sihitis\/wp-json\/wp\/v2\/users\/18"}],"replies":[{"embeddable":true,"href":"https:\/\/sisu.ut.ee\/sihitis\/wp-json\/wp\/v2\/comments?post=6"}],"version-history":[{"count":1,"href":"https:\/\/sisu.ut.ee\/sihitis\/wp-json\/wp\/v2\/pages\/6\/revisions"}],"predecessor-version":[{"id":41,"href":"https:\/\/sisu.ut.ee\/sihitis\/wp-json\/wp\/v2\/pages\/6\/revisions\/41"}],"wp:attachment":[{"href":"https:\/\/sisu.ut.ee\/sihitis\/wp-json\/wp\/v2\/media?parent=6"}],"curies":[{"name":"wp","href":"https:\/\/api.w.org\/{rel}","templated":true}]}}