{"id":5,"date":"2024-04-03T23:13:01","date_gmt":"2024-04-03T20:13:01","guid":{"rendered":"https:\/\/sisu.ut.ee\/sihitis\/sisukord\/"},"modified":"2024-04-03T23:13:04","modified_gmt":"2024-04-03T20:13:04","slug":"sisukord","status":"publish","type":"page","link":"https:\/\/sisu.ut.ee\/sihitis\/sisukord\/","title":{"rendered":"Sisukord"},"content":{"rendered":"<p>\n\t\u00a01. Mis on sihitis?<br>\u00a0\u00a0\u00a0\u00a0 1.1. T\u00e4is- ja osasihitise k\u00e4\u00e4nded<br>\u00a0\u00a0\u00a0\u00a0 1.2. T\u00e4is- ja osasihitise kasutamistingimused<br>\u00a0\u00a0\u00a0\u00a0\u00a0\u00a0\u00a0\u00a0\u00a0 1.2.1. Millal on t\u00e4issihitis nimetavas k\u00e4\u00e4ndes?\n<\/p>\n<p>\n\t2. Erandid t\u00e4is- ja osasihitise kasutamisel: arvs\u00f5naline ja ases\u00f5naline sihitis<br>3. <em>da<\/em>-infinitiivi laiendav sihitis\n<\/p>\n<p>\n\t4. Harjutused<br>\u00a0\u00a0\u00a0\u00a0 Harjutus 1. M\u00e4rkige\u00a0sihilised verbid.<br>\u00a0\u00a0\u00a0\u00a0 Harjutus 2. Leidke lausetest sihitised.<br>\u00a0\u00a0\u00a0\u00a0 Harjutus 3. Valige lausesse sobiv sihitise variant.<br>\u00a0\u00a0\u00a0\u00a0 Harjutus 4. Pange sihitis sobivasse k\u00e4\u00e4ndesse.<br>\u00a0\u00a0\u00a0\u00a0 Harjutus 5. Pange <em>lugema<\/em>\u2013 ja <em>ootama<\/em>-verbide sihitis sobivasse k\u00e4\u00e4ndesse.<br>\u00a0\u00a0\u00a0\u00a0 Harjutus 6. Pange <em>aitama<\/em>-, \u00a0<em>arendama<\/em>\u2013 ja <em>kuulama<\/em>-verbide sihitis sobivasse k\u00e4\u00e4ndesse.<br>\u00a0\u00a0\u00a0\u00a0 Harjutus 7. Ases\u00f5naline ja arvs\u00f5naline sihitis.<br>\u00a0\u00a0\u00a0\u00a0 Harjutus 8. da-infinitiivi laiendav sihitis.\n<\/p>\n<p>\n\t5. Kokkuv\u00f5tlik test 1<br>6, Kokkuv\u00f5tlik test 2<br>7. Kirjandust sihitise kohta.<\/p>\n","protected":false},"excerpt":{"rendered":"<p>\u00a01. Mis on sihitis?\u00a0\u00a0\u00a0\u00a0 1.1. T\u00e4is- ja osasihitise k\u00e4\u00e4nded\u00a0\u00a0\u00a0\u00a0 1.2. T\u00e4is- ja osasihitise kasutamistingimused\u00a0\u00a0\u00a0\u00a0\u00a0\u00a0\u00a0\u00a0\u00a0 1.2.1. Millal on t\u00e4issihitis nimetavas k\u00e4\u00e4ndes? 2. Erandid t\u00e4is- ja osasihitise kasutamisel: arvs\u00f5naline ja ases\u00f5naline sihitis3. da-infinitiivi laiendav sihitis 4. Harjutused\u00a0\u00a0\u00a0\u00a0 Harjutus 1. M\u00e4rkige\u00a0sihilised verbid.\u00a0\u00a0\u00a0\u00a0 Harjutus &#8230;<\/p>\n","protected":false},"author":18,"featured_media":0,"parent":0,"menu_order":0,"comment_status":"closed","ping_status":"closed","template":"","meta":{"_acf_changed":false,"inline_featured_image":false,"footnotes":""},"class_list":["post-5","page","type-page","status-publish","hentry"],"acf":[],"_links":{"self":[{"href":"https:\/\/sisu.ut.ee\/sihitis\/wp-json\/wp\/v2\/pages\/5","targetHints":{"allow":["GET"]}}],"collection":[{"href":"https:\/\/sisu.ut.ee\/sihitis\/wp-json\/wp\/v2\/pages"}],"about":[{"href":"https:\/\/sisu.ut.ee\/sihitis\/wp-json\/wp\/v2\/types\/page"}],"author":[{"embeddable":true,"href":"https:\/\/sisu.ut.ee\/sihitis\/wp-json\/wp\/v2\/users\/18"}],"replies":[{"embeddable":true,"href":"https:\/\/sisu.ut.ee\/sihitis\/wp-json\/wp\/v2\/comments?post=5"}],"version-history":[{"count":1,"href":"https:\/\/sisu.ut.ee\/sihitis\/wp-json\/wp\/v2\/pages\/5\/revisions"}],"predecessor-version":[{"id":40,"href":"https:\/\/sisu.ut.ee\/sihitis\/wp-json\/wp\/v2\/pages\/5\/revisions\/40"}],"wp:attachment":[{"href":"https:\/\/sisu.ut.ee\/sihitis\/wp-json\/wp\/v2\/media?parent=5"}],"curies":[{"name":"wp","href":"https:\/\/api.w.org\/{rel}","templated":true}]}}