{"id":12,"date":"2024-04-03T23:13:01","date_gmt":"2024-04-03T20:13:01","guid":{"rendered":"https:\/\/sisu.ut.ee\/sihitis\/kirjandust-sihitise-kohta\/"},"modified":"2024-04-03T23:13:04","modified_gmt":"2024-04-03T20:13:04","slug":"kirjandust-sihitise-kohta","status":"publish","type":"page","link":"https:\/\/sisu.ut.ee\/sihitis\/kirjandust-sihitise-kohta\/","title":{"rendered":"7. Kirjandust sihitise kohta"},"content":{"rendered":"<p>\n\tErelt, Mati 2006. Sihitis. \u2013 Lause \u00f5igekeelsus. Tartu, lk 41\u201348.\n<\/p>\n<p>\n\tErelt, Mati, Tiiu Erelt, Kristiina Ross 2007. Eesti keele k\u00e4siraamat. Kolmas, t\u00e4iendatud tr\u00fckk. Tallinn: Eesti Keele Sihtasutus, lk 472\u2013480.\n<\/p>\n<p>\n\tMetslang, Helle, Ingrid Krall, Renate Pajusalu, Kristi Saarso, Elle S\u00f5rmus, Silvi Vare 2003. Keeleh\u00e4rm. Tallinn: TP\u00dc Kirjastus, lk 126\u2013131.\n<\/p>\n<p>\n\tPool, Raili 2019. Eesti keele sihitise ja rektsiooni harjutusi. Teine, oluliselt t\u00e4iendatud ja parandatud tr\u00fckk. Tartu: Tartu \u00dclikooli Kirjastus.\n<\/p>\n<p>\n\t\u00a0<\/p>\n","protected":false},"excerpt":{"rendered":"<p>Erelt, Mati 2006. Sihitis. \u2013 Lause \u00f5igekeelsus. Tartu, lk 41\u201348. Erelt, Mati, Tiiu Erelt, Kristiina Ross 2007. Eesti keele k\u00e4siraamat. Kolmas, t\u00e4iendatud tr\u00fckk. Tallinn: Eesti Keele Sihtasutus, lk 472\u2013480. Metslang, Helle, Ingrid Krall, Renate Pajusalu, Kristi Saarso, Elle S\u00f5rmus, Silvi &#8230;<\/p>\n","protected":false},"author":18,"featured_media":0,"parent":0,"menu_order":0,"comment_status":"closed","ping_status":"closed","template":"","meta":{"_acf_changed":false,"inline_featured_image":false,"footnotes":""},"class_list":["post-12","page","type-page","status-publish","hentry"],"acf":[],"_links":{"self":[{"href":"https:\/\/sisu.ut.ee\/sihitis\/wp-json\/wp\/v2\/pages\/12","targetHints":{"allow":["GET"]}}],"collection":[{"href":"https:\/\/sisu.ut.ee\/sihitis\/wp-json\/wp\/v2\/pages"}],"about":[{"href":"https:\/\/sisu.ut.ee\/sihitis\/wp-json\/wp\/v2\/types\/page"}],"author":[{"embeddable":true,"href":"https:\/\/sisu.ut.ee\/sihitis\/wp-json\/wp\/v2\/users\/18"}],"replies":[{"embeddable":true,"href":"https:\/\/sisu.ut.ee\/sihitis\/wp-json\/wp\/v2\/comments?post=12"}],"version-history":[{"count":1,"href":"https:\/\/sisu.ut.ee\/sihitis\/wp-json\/wp\/v2\/pages\/12\/revisions"}],"predecessor-version":[{"id":47,"href":"https:\/\/sisu.ut.ee\/sihitis\/wp-json\/wp\/v2\/pages\/12\/revisions\/47"}],"wp:attachment":[{"href":"https:\/\/sisu.ut.ee\/sihitis\/wp-json\/wp\/v2\/media?parent=12"}],"curies":[{"name":"wp","href":"https:\/\/api.w.org\/{rel}","templated":true}]}}