{"id":11,"date":"2024-04-03T23:13:01","date_gmt":"2024-04-03T20:13:01","guid":{"rendered":"https:\/\/sisu.ut.ee\/sihitis\/3-da-infinitiivi-laiendav-sihitis\/"},"modified":"2024-04-03T23:13:04","modified_gmt":"2024-04-03T20:13:04","slug":"3-da-infinitiivi-laiendav-sihitis","status":"publish","type":"page","link":"https:\/\/sisu.ut.ee\/sihitis\/3-da-infinitiivi-laiendav-sihitis\/","title":{"rendered":"3. da-infinitiivi laiendav sihitis"},"content":{"rendered":"<p>\n\tKui sihitis kuulub <em>da<\/em>-infinitiivi juurde, on osasihitis tavap\u00e4raselt osastavas, kuid t\u00e4issihitise k\u00e4\u00e4ne s\u00f5ltub sellest, millise lauseliikmena <em>da-<\/em>infinitiiv ise lauses esineb.\n<\/p>\n<p>\n\tKui <em>da<\/em>-infinitiiv on ise lauses kas alus, t\u00e4iend v\u00f5i \u00f6eldis, on tema t\u00e4issihitis nimetavas k\u00e4\u00e4ndes.\n<\/p>\n<p>\n\tNt: Minu eesm\u00e4rgiks on <strong>eesti keel<\/strong> h\u00e4sti \u00e4ra \u00f5ppida. (\u00e4ra \u00f5ppida \u2013 alus)\n<\/p>\n<p>\n\tMul on suur soov <strong>eesti keel <\/strong>\u00e4ra \u00f5ppida. (\u00e4ra \u00f5ppida \u2013 t\u00e4iend)\n<\/p>\n<p>\n\tKas koristada <strong>toad<\/strong> kohe hommikul v\u00f5i alles \u00f5htul? (koristada \u2013 \u00f6eldis)\n<\/p>\n<p>\n\tKui <em>da<\/em>-infinitiiv on ise lauses sihitis, on tema ainsuslik t\u00e4issihitis omastavas (mitmuslik t\u00e4issihitis on \u00fcldreegli kohaselt alati nimetavas).\n<\/p>\n<p>\n\tMa tahan <strong>eesti keele<\/strong> \u00e4ra \u00f5ppida. (\u00e4ra \u00f5ppida \u2013 sihitis)<\/p>\n","protected":false},"excerpt":{"rendered":"<p>Kui sihitis kuulub da-infinitiivi juurde, on osasihitis tavap\u00e4raselt osastavas, kuid t\u00e4issihitise k\u00e4\u00e4ne s\u00f5ltub sellest, millise lauseliikmena da-infinitiiv ise lauses esineb. Kui da-infinitiiv on ise lauses kas alus, t\u00e4iend v\u00f5i \u00f6eldis, on tema t\u00e4issihitis nimetavas k\u00e4\u00e4ndes. Nt: Minu eesm\u00e4rgiks on eesti &#8230;<\/p>\n","protected":false},"author":18,"featured_media":0,"parent":0,"menu_order":0,"comment_status":"closed","ping_status":"closed","template":"","meta":{"_acf_changed":false,"inline_featured_image":false,"footnotes":""},"class_list":["post-11","page","type-page","status-publish","hentry"],"acf":[],"_links":{"self":[{"href":"https:\/\/sisu.ut.ee\/sihitis\/wp-json\/wp\/v2\/pages\/11","targetHints":{"allow":["GET"]}}],"collection":[{"href":"https:\/\/sisu.ut.ee\/sihitis\/wp-json\/wp\/v2\/pages"}],"about":[{"href":"https:\/\/sisu.ut.ee\/sihitis\/wp-json\/wp\/v2\/types\/page"}],"author":[{"embeddable":true,"href":"https:\/\/sisu.ut.ee\/sihitis\/wp-json\/wp\/v2\/users\/18"}],"replies":[{"embeddable":true,"href":"https:\/\/sisu.ut.ee\/sihitis\/wp-json\/wp\/v2\/comments?post=11"}],"version-history":[{"count":1,"href":"https:\/\/sisu.ut.ee\/sihitis\/wp-json\/wp\/v2\/pages\/11\/revisions"}],"predecessor-version":[{"id":46,"href":"https:\/\/sisu.ut.ee\/sihitis\/wp-json\/wp\/v2\/pages\/11\/revisions\/46"}],"wp:attachment":[{"href":"https:\/\/sisu.ut.ee\/sihitis\/wp-json\/wp\/v2\/media?parent=11"}],"curies":[{"name":"wp","href":"https:\/\/api.w.org\/{rel}","templated":true}]}}