{"id":8,"date":"2024-04-03T23:13:17","date_gmt":"2024-04-03T20:13:17","guid":{"rendered":"https:\/\/sisu.ut.ee\/signaalitootlus2\/6-signaalitootlus-tehisava-radari-andmetootluses\/"},"modified":"2025-01-31T09:26:58","modified_gmt":"2025-01-31T07:26:58","slug":"6-signaalitootlus-tehisava-radari-andmetootluses","status":"publish","type":"page","link":"https:\/\/sisu.ut.ee\/signaalitootlus2\/6-signaalitootlus-tehisava-radari-andmetootluses\/","title":{"rendered":"5. Signaalit\u00f6\u00f6tlus tehisava-radari andmet\u00f6\u00f6tluses"},"content":{"rendered":"<h2>Brief summary<\/h2>\n<p>Synthetic aperture radar systems take advantage of the long-range propagation characteristics of radar signals and the complex information processing capability of modern digital electronics to provide high resolution imagery. In this section we discuss how the radar image is formed and the signal processing techniques required to do it.<\/p>\n<h2>Kokkuv\u00f5te<\/h2>\n<p><span style=\"background-color: #ffffff;\">Tehisavaradari (Synthetic aperture radar \u2013 SAR) s\u00fcsteem kasutab \u00e4ra pikka vahemaad l\u00e4biva radarsignaali omadusi ja t\u00e4nap\u00e4eva digitaalelektroonika andmet\u00f6\u00f6tluse v\u00f5imalusi, et hankida k\u00f5rge resolutsiooniga pilte. Selles peat\u00fckis selgitatakse kuidas radaripilt luuakse ja milliseid signaalit\u00f6\u00f6tluse v\u00f5tteid on selleks tarvis.<\/span><\/p>\n<p><\/p><div class=\"ratio ratio-16x9 mb-3\"><div class=\"video-placeholder-wrapper video-placeholder-wrapper--16x9\">\n\t\t\t    <div class=\"video-placeholder d-flex justify-content-center align-items-center\">\n\t\t\t        <div class=\"overlay text-white p-2 w-100 text-center d-block justify-content-center align-items-center\">\n\t\t\t            <div>Kolmandate osapoolte sisu n\u00e4gemiseks palun n\u00f5ustu k\u00fcpsistega.<\/div>\n\t\t\t            <button class=\"btn btn-secondary btn-sm mt-1 consent-change\">Muuda n\u00f5usolekut<\/button>\n\t\t\t        <\/div>\n\t\t\t    <\/div>\n\t\t\t<\/div>\n<\/div>\n","protected":false},"excerpt":{"rendered":"<p>Brief summary Synthetic aperture radar systems take advantage of the long-range propagation characteristics of radar signals and the complex information processing capability of modern digital electronics to provide high resolution imagery. In this section we discuss how the radar image &#8230;<\/p>\n","protected":false},"author":280,"featured_media":0,"parent":0,"menu_order":0,"comment_status":"closed","ping_status":"closed","template":"","meta":{"_acf_changed":false,"inline_featured_image":false,"footnotes":""},"class_list":["post-8","page","type-page","status-publish","hentry"],"acf":[],"_links":{"self":[{"href":"https:\/\/sisu.ut.ee\/signaalitootlus2\/wp-json\/wp\/v2\/pages\/8","targetHints":{"allow":["GET"]}}],"collection":[{"href":"https:\/\/sisu.ut.ee\/signaalitootlus2\/wp-json\/wp\/v2\/pages"}],"about":[{"href":"https:\/\/sisu.ut.ee\/signaalitootlus2\/wp-json\/wp\/v2\/types\/page"}],"author":[{"embeddable":true,"href":"https:\/\/sisu.ut.ee\/signaalitootlus2\/wp-json\/wp\/v2\/users\/280"}],"replies":[{"embeddable":true,"href":"https:\/\/sisu.ut.ee\/signaalitootlus2\/wp-json\/wp\/v2\/comments?post=8"}],"version-history":[{"count":2,"href":"https:\/\/sisu.ut.ee\/signaalitootlus2\/wp-json\/wp\/v2\/pages\/8\/revisions"}],"predecessor-version":[{"id":68,"href":"https:\/\/sisu.ut.ee\/signaalitootlus2\/wp-json\/wp\/v2\/pages\/8\/revisions\/68"}],"wp:attachment":[{"href":"https:\/\/sisu.ut.ee\/signaalitootlus2\/wp-json\/wp\/v2\/media?parent=8"}],"curies":[{"name":"wp","href":"https:\/\/api.w.org\/{rel}","templated":true}]}}