{"id":3,"date":"2024-04-03T23:13:17","date_gmt":"2024-04-03T20:13:17","guid":{"rendered":"https:\/\/sisu.ut.ee\/signaalitootlus2\/avaleht\/"},"modified":"2024-04-03T23:13:20","modified_gmt":"2024-04-03T20:13:20","slug":"avaleht","status":"publish","type":"page","link":"https:\/\/sisu.ut.ee\/signaalitootlus2\/","title":{"rendered":"Avaleht"},"content":{"rendered":"<h2><strong class=\"moz-txt-star\"><span class=\"moz-txt-tag\"><\/span>Saateks<span class=\"moz-txt-tag\"><\/span><\/strong><\/h2>\n<p><span style=\"background-color: #ffff00\"><\/span><\/p>\n<p><span style=\"background: #ffffff\">Fourier\u2019 teisendus on signaalit\u00f6\u00f6tluse fundamentaalne m\u00f5iste. Seda kasutatakse paljudes rakendustes meie \u00fcmber. Antud kursus tutvustab Fourier\u2019 teisendust, selle omadusi ja rakendusi.<\/span><\/p>\n<h2><strong class=\"moz-txt-star\"><span class=\"moz-txt-tag\"><\/span>Kursuse eesm\u00e4rk<\/strong><\/h2>\n<p><span style=\"background-color: #ffff00\"><\/span><\/p>\n<p>Kursuse eesm\u00e4rk on \u00f5petada Fourier\u2019 teisendust ja signaalit\u00f6\u00f6tluse rakendusi nagu filtreerimine, modulatsioon ja pakkimine. Neid oskusi on vaja, et lahendada reaalseid probleeme erinevate signaalit\u00f6\u00f6tluse v\u00f5tetega.<\/p>\n<h2><strong class=\"moz-txt-star\">Vajalikud eelteadmised<span class=\"moz-txt-tag\"><\/span><\/strong><\/h2>\n<p>F\u00fc\u00fcsika ja matemaatilise anal\u00fc\u00fcsi p\u00f5hivara tundmine on vajalik. <strong>Inglise keele oskus on kohustuslik, sest k\u00f5ik testid ning osa loengutest on inglise keeles.<\/strong><\/p>\n<h2><strong>\u00d5piv\u00e4ljundid<\/strong><\/h2>\n<p>Kursuse l\u00e4bimise j\u00e4rel suudavad \u00f5pilased:<\/p>\n<ul>\n<li>oskab rakendada pidevat ja diskreetset Fourier\u2019 teisendust<\/li>\n<li>teab Fourier\u2019 teisenduse omadusi<\/li>\n<li>teab signaali filtreerimise, modulatsiooni ja pakkimise p\u00f5hit\u00f5desid<\/li>\n<li>teab tehisavaradari (SAR) m\u00f5istet ja teab sellega seotud signaalit\u00f6\u00f6tluse v\u00f5tteid<\/li>\n<\/ul>\n<h2><strong class=\"moz-txt-star\">Kursuse \u00fclesehitus<span class=\"moz-txt-tag\"><\/span><\/strong><\/h2>\n<p>Kursus koosneb viiest osast ja tema kogumaht on 0,25 EAP. Iga osa koosneb omakorda:<\/p>\n<ol>\n<li>algab sissejuhatusega antud p\u00f5hiteemasse (v\u00f5i teemadesse) ja omandatavatesse \u00f5piv\u00e4ljunditesse.<\/li>\n<li>p\u00f5hiteema on selgitatud videoloengutes.<\/li>\n<li>omab loenguid toetavaid slaide k\u00e4sitletava teema p\u00f5hiliste punktidega.<\/li>\n<li>Iga loeng (v.a \u00fcks) l\u00f5ppeb vastl\u00e4bitud teemal p\u00f5hineva testiga.<\/li>\n<\/ol>\n<p>Kursuse l\u00f5petab enesekontrolliks m\u00f5eldud test, et saada tagasisidet saavutatud taseme kohta.<\/p>\n<h2><strong class=\"moz-txt-star\">Kursuse kirjandus<span class=\"moz-txt-tag\"><\/span><\/strong><\/h2>\n<p>Kursus p\u00f5hineb peamiselt H. P. Hsu rohkete n\u00e4ite\u00fcleseannetega illustreeritud \u00f5pikul \u201c<em>Schaum\u2019s outline of theory and problems of Signals and Systems<\/em>\u201c, McGraw-Hill, New York, 1995.<\/p>\n<h2><strong class=\"moz-txt-star\">Meeskond<\/strong><\/h2>\n<p><strong class=\"moz-txt-star\">Kaupo Voormansik <\/strong>on Tartu \u00dclikooli doktorant. Tema uurimist\u00f6\u00f6 keskendub tehisava-radari rakenduste arendamisele. Kaupo Voormansikul on kaks magistrikraadi, kosmosetehnoloogias Rahvusvahelisest Kosmose\u00fclikoolist Strasbourgis (2009) ja infotehnoloogias Tartu \u00dclikoolist (2009). Septembrist 2011 aprillini 2012 oli Kaupo Voormansik nooremteadlasena praktikal Saksa Kosmosekeskuse Mikrolaine- ja Radartehnika Instituudis.<strong class=\"moz-txt-star\"><br><\/strong><\/p>\n<p><strong class=\"moz-txt-star\">Karlis Zalite <\/strong>on Ventspilsi \u00dclikooli infotehnoloogia magistrikraad. Praegu \u00f5pib Karlis Tartu \u00dclikoolis f\u00fc\u00fcsika doktorantuuris. Alates 2011. a. t\u00f6\u00f6tab Karlis Tartu Observatooriumi Kosmosetehnoloogia osakonnas. Karlis Zalite teeb uurimist\u00f6\u00f6d tehisava-radari p\u00f5histe keskkonnaseire teenuste arendamiseks.<strong class=\"moz-txt-star\"><br><\/strong><\/p>\n","protected":false},"excerpt":{"rendered":"<p>Saateks Fourier\u2019 teisendus on signaalit\u00f6\u00f6tluse fundamentaalne m\u00f5iste. Seda kasutatakse paljudes rakendustes meie \u00fcmber. Antud kursus tutvustab Fourier\u2019 teisendust, selle omadusi ja rakendusi. Kursuse eesm\u00e4rk Kursuse eesm\u00e4rk on \u00f5petada Fourier\u2019 teisendust ja signaalit\u00f6\u00f6tluse rakendusi nagu filtreerimine, modulatsioon ja pakkimine. Neid oskusi &#8230;<\/p>\n","protected":false},"author":280,"featured_media":0,"parent":0,"menu_order":0,"comment_status":"closed","ping_status":"closed","template":"","meta":{"_acf_changed":false,"inline_featured_image":false,"footnotes":""},"class_list":["post-3","page","type-page","status-publish","hentry"],"acf":[],"_links":{"self":[{"href":"https:\/\/sisu.ut.ee\/signaalitootlus2\/wp-json\/wp\/v2\/pages\/3","targetHints":{"allow":["GET"]}}],"collection":[{"href":"https:\/\/sisu.ut.ee\/signaalitootlus2\/wp-json\/wp\/v2\/pages"}],"about":[{"href":"https:\/\/sisu.ut.ee\/signaalitootlus2\/wp-json\/wp\/v2\/types\/page"}],"author":[{"embeddable":true,"href":"https:\/\/sisu.ut.ee\/signaalitootlus2\/wp-json\/wp\/v2\/users\/280"}],"replies":[{"embeddable":true,"href":"https:\/\/sisu.ut.ee\/signaalitootlus2\/wp-json\/wp\/v2\/comments?post=3"}],"version-history":[{"count":1,"href":"https:\/\/sisu.ut.ee\/signaalitootlus2\/wp-json\/wp\/v2\/pages\/3\/revisions"}],"predecessor-version":[{"id":44,"href":"https:\/\/sisu.ut.ee\/signaalitootlus2\/wp-json\/wp\/v2\/pages\/3\/revisions\/44"}],"wp:attachment":[{"href":"https:\/\/sisu.ut.ee\/signaalitootlus2\/wp-json\/wp\/v2\/media?parent=3"}],"curies":[{"name":"wp","href":"https:\/\/api.w.org\/{rel}","templated":true}]}}