{"id":9,"date":"2024-04-03T23:13:10","date_gmt":"2024-04-03T20:13:10","guid":{"rendered":"https:\/\/sisu.ut.ee\/signaalitootlus1\/5-signaalitootluse-rakendamine-pilditootlused-modulatsioonides-ja-pakkimised\/"},"modified":"2024-04-03T23:13:16","modified_gmt":"2024-04-03T20:13:16","slug":"5-signaalitootluse-rakendamine-pilditootlused-modulatsioonides-ja-pakkimised","status":"publish","type":"page","link":"https:\/\/sisu.ut.ee\/signaalitootlus1\/5-signaalitootluse-rakendamine-pilditootlused-modulatsioonides-ja-pakkimised\/","title":{"rendered":"5. Laplace teisendus ja Z-teisendus"},"content":{"rendered":"<h2>Brief summary<\/h2>\n<p>A basic result from Section 4 is that the response of an LTI system is given by convolution of the input and the impulse response of the system. In this section we present an alternative representation for signals and LTI systems. The Laplace transform is introduced to represent continuous-time signals in the s-domain (s is a complex variable), and the concept of the system function for a continuous-time LTI system is described. Many useful insights into the properties of continuous-time LTI systems, as well as the study of many problems involving LTI systems, can be provided by application of the Laplace transform technique.<\/p>\n<p>We also present the z-transform, which is the discrete-time counterpart of the Laplace transform. The z-transform is introduced to represent discrete-time signals (or sequences) in the z-domain (z is a complex variable), and the concept of the system function for a discrete-time LTI system will be described. The Laplace transform converts integrodifferential equations into algebraic equations. In a similar manner, the z-transform converts difference equations into algebraic equations, thereby simplifying the analysis of discrete-time systems. The properties of the z-transform closely parallel those of the Laplace transform.<\/p>\n<h2>Kokkuv\u00f5te<\/h2>\n<p>Neljanda osa p\u00f5hitulemusena selgus, et LNI s\u00fcsteemi v\u00e4ljundi saab arvutada selle impulsskoste ja sisendi sidumsummana. Viiendas osas tutvustatakse signaalide ja LNI s\u00fcsteemide \u00fchte v\u00f5imalikku esitusviisi (teisendustehet). Laplace teisendus esitab suvalist signaali v\u00f5i s\u00fcsteemi komplekses s-ruumis. Tutvustatakse s\u00fcsteemi funktsiooni m\u00f5istet pidevate LNI s\u00fcsteemide kirjeldamiseks. Laplace teisenduse teostamise j\u00e4rel on paljusid signaalide ja LNI s\u00fcsteemide omadusi oluliselt lihtsam n\u00e4ha kui aegesitust uurides. Defineeritakse z-teisendus, mis on Laplace teisenduse analoog diskreetse argumendiga signaalide ja LNI s\u00fcsteemide jaoks. Z-teisendus esitab diskreetse argumendiga signaale v\u00f5i LNI s\u00fcsteeme komplekses z-ruumis. Laplace teisenduse abil saab teisendada integraalsed diferentsiaalsed v\u00f5rrandid algebralisteks v\u00f5rranditeks ning neid seel\u00e4bi oluliselt lihtsustada. Z-teisenduse omadused on Laplace teisenduse omadustega analoogsed.<\/p>\n<p><strong>Video #1 \u2013 Laplace transform<br><\/strong><\/p>\n<p><\/p><div class=\"ratio ratio-16x9 mb-3\"><div class=\"video-placeholder-wrapper video-placeholder-wrapper--16x9\">\n\t\t\t    <div class=\"video-placeholder d-flex justify-content-center align-items-center\">\n\t\t\t        <div class=\"overlay text-white p-2 w-100 text-center d-block justify-content-center align-items-center\">\n\t\t\t            <div>Kolmandate osapoolte sisu n\u00e4gemiseks palun n\u00f5ustu k\u00fcpsistega.<\/div>\n\t\t\t            <button class=\"btn btn-secondary btn-sm mt-1 consent-change\">Muuda n\u00f5usolekut<\/button>\n\t\t\t        <\/div>\n\t\t\t    <\/div>\n\t\t\t<\/div>\n<\/div>\n<p>Videoloeng slaididega:\u00a0<a href=\"http:\/\/chuck.ut.ee:8080\/ess\/echo\/presentation\/4c7bd971-3129-4ef0-a297-0d172dbaee93\" target=\"_blank\" rel=\"noopener\">http:\/\/chuck.ut.ee:8080\/ess\/echo\/presentation\/4c7bd971-3129-4ef0-a297-0d172dbaee93<\/a><\/p>\n<p><strong>Video #2 \u2013 Laplace transform cont., z-transform<br><\/strong><\/p>\n<p><\/p><div class=\"ratio ratio-16x9 mb-3\"><div class=\"video-placeholder-wrapper video-placeholder-wrapper--16x9\">\n\t\t\t    <div class=\"video-placeholder d-flex justify-content-center align-items-center\">\n\t\t\t        <div class=\"overlay text-white p-2 w-100 text-center d-block justify-content-center align-items-center\">\n\t\t\t            <div>Kolmandate osapoolte sisu n\u00e4gemiseks palun n\u00f5ustu k\u00fcpsistega.<\/div>\n\t\t\t            <button class=\"btn btn-secondary btn-sm mt-1 consent-change\">Muuda n\u00f5usolekut<\/button>\n\t\t\t        <\/div>\n\t\t\t    <\/div>\n\t\t\t<\/div>\n<\/div>\n<p>Videoloeng slaididega:\u00a0<a href=\"http:\/\/chuck.ut.ee:8080\/ess\/echo\/presentation\/8e317cfe-0415-4676-81c3-f4f3cef50b1c\" target=\"_blank\" rel=\"noopener\">http:\/\/chuck.ut.ee:8080\/ess\/echo\/presentation\/8e317cfe-0415-4676-81c3-f4f3cef50b1c<\/a><\/p>\n","protected":false},"excerpt":{"rendered":"<p>Brief summary A basic result from Section 4 is that the response of an LTI system is given by convolution of the input and the impulse response of the system. In this section we present an alternative representation for signals &#8230;<\/p>\n","protected":false},"author":280,"featured_media":0,"parent":0,"menu_order":0,"comment_status":"closed","ping_status":"closed","template":"","meta":{"_acf_changed":false,"inline_featured_image":false,"footnotes":""},"class_list":["post-9","page","type-page","status-publish","hentry"],"acf":[],"_links":{"self":[{"href":"https:\/\/sisu.ut.ee\/signaalitootlus1\/wp-json\/wp\/v2\/pages\/9","targetHints":{"allow":["GET"]}}],"collection":[{"href":"https:\/\/sisu.ut.ee\/signaalitootlus1\/wp-json\/wp\/v2\/pages"}],"about":[{"href":"https:\/\/sisu.ut.ee\/signaalitootlus1\/wp-json\/wp\/v2\/types\/page"}],"author":[{"embeddable":true,"href":"https:\/\/sisu.ut.ee\/signaalitootlus1\/wp-json\/wp\/v2\/users\/280"}],"replies":[{"embeddable":true,"href":"https:\/\/sisu.ut.ee\/signaalitootlus1\/wp-json\/wp\/v2\/comments?post=9"}],"version-history":[{"count":1,"href":"https:\/\/sisu.ut.ee\/signaalitootlus1\/wp-json\/wp\/v2\/pages\/9\/revisions"}],"predecessor-version":[{"id":121,"href":"https:\/\/sisu.ut.ee\/signaalitootlus1\/wp-json\/wp\/v2\/pages\/9\/revisions\/121"}],"wp:attachment":[{"href":"https:\/\/sisu.ut.ee\/signaalitootlus1\/wp-json\/wp\/v2\/media?parent=9"}],"curies":[{"name":"wp","href":"https:\/\/api.w.org\/{rel}","templated":true}]}}