{"id":6,"date":"2024-04-03T23:13:10","date_gmt":"2024-04-03T20:13:10","guid":{"rendered":"https:\/\/sisu.ut.ee\/signaalitootlus1\/2-fourier-poore-ja-selle-omadused\/"},"modified":"2024-04-03T23:13:16","modified_gmt":"2024-04-03T20:13:16","slug":"2-fourier-poore-ja-selle-omadused","status":"publish","type":"page","link":"https:\/\/sisu.ut.ee\/signaalitootlus1\/2-fourier-poore-ja-selle-omadused\/","title":{"rendered":"2. Matemaatika p\u00f5hivara kordamine"},"content":{"rendered":"<h2>Brief summary<\/h2>\n<p>In this section, basic mathematical concepts necessary to understand the course are given. These include the concept of dB, Euler\u2019s identity and basic calculus.<\/p>\n<h2>Kokkuv\u00f5te<\/h2>\n<p>Kursuse sisu m\u00f5istmiseks vajaliku matemaatika p\u00f5hivara kordamine. Detsibelli m\u00f5iste, Euleri valem ja matemaatilise anal\u00fc\u00fcsi algt\u00f5ed.<\/p>\n<p>For math topics, please forward to 57:00.<\/p>\n<p><\/p><div class=\"ratio ratio-16x9 mb-3\"><div class=\"video-placeholder-wrapper video-placeholder-wrapper--16x9\">\n\t\t\t    <div class=\"video-placeholder d-flex justify-content-center align-items-center\">\n\t\t\t        <div class=\"overlay text-white p-2 w-100 text-center d-block justify-content-center align-items-center\">\n\t\t\t            <div>Kolmandate osapoolte sisu n\u00e4gemiseks palun n\u00f5ustu k\u00fcpsistega.<\/div>\n\t\t\t            <button class=\"btn btn-secondary btn-sm mt-1 consent-change\">Muuda n\u00f5usolekut<\/button>\n\t\t\t        <\/div>\n\t\t\t    <\/div>\n\t\t\t<\/div>\n<\/div>\n<p>Videoloeng slaididega:\u00a0<a href=\"http:\/\/chuck.ut.ee:8080\/ess\/echo\/presentation\/4604d6d6-d027-4a56-b446-064469366011\" target=\"_blank\" rel=\"noopener\">http:\/\/chuck.ut.ee:8080\/ess\/echo\/presentation\/4604d6d6-d027-4a56-b446-064469366011<\/a><\/p>\n","protected":false},"excerpt":{"rendered":"<p>Brief summary In this section, basic mathematical concepts necessary to understand the course are given. These include the concept of dB, Euler\u2019s identity and basic calculus. Kokkuv\u00f5te Kursuse sisu m\u00f5istmiseks vajaliku matemaatika p\u00f5hivara kordamine. Detsibelli m\u00f5iste, Euleri valem ja matemaatilise &#8230;<\/p>\n","protected":false},"author":280,"featured_media":0,"parent":0,"menu_order":0,"comment_status":"closed","ping_status":"closed","template":"","meta":{"_acf_changed":false,"inline_featured_image":false,"footnotes":""},"class_list":["post-6","page","type-page","status-publish","hentry"],"acf":[],"_links":{"self":[{"href":"https:\/\/sisu.ut.ee\/signaalitootlus1\/wp-json\/wp\/v2\/pages\/6","targetHints":{"allow":["GET"]}}],"collection":[{"href":"https:\/\/sisu.ut.ee\/signaalitootlus1\/wp-json\/wp\/v2\/pages"}],"about":[{"href":"https:\/\/sisu.ut.ee\/signaalitootlus1\/wp-json\/wp\/v2\/types\/page"}],"author":[{"embeddable":true,"href":"https:\/\/sisu.ut.ee\/signaalitootlus1\/wp-json\/wp\/v2\/users\/280"}],"replies":[{"embeddable":true,"href":"https:\/\/sisu.ut.ee\/signaalitootlus1\/wp-json\/wp\/v2\/comments?post=6"}],"version-history":[{"count":1,"href":"https:\/\/sisu.ut.ee\/signaalitootlus1\/wp-json\/wp\/v2\/pages\/6\/revisions"}],"predecessor-version":[{"id":124,"href":"https:\/\/sisu.ut.ee\/signaalitootlus1\/wp-json\/wp\/v2\/pages\/6\/revisions\/124"}],"wp:attachment":[{"href":"https:\/\/sisu.ut.ee\/signaalitootlus1\/wp-json\/wp\/v2\/media?parent=6"}],"curies":[{"name":"wp","href":"https:\/\/api.w.org\/{rel}","templated":true}]}}