{"id":5,"date":"2024-04-03T23:13:10","date_gmt":"2024-04-03T20:13:10","guid":{"rendered":"https:\/\/sisu.ut.ee\/signaalitootlus1\/1-signaalitootluse-rakendused\/"},"modified":"2025-01-31T10:06:29","modified_gmt":"2025-01-31T08:06:29","slug":"1-signaalitootluse-rakendused","status":"publish","type":"page","link":"https:\/\/sisu.ut.ee\/signaalitootlus1\/1-signaalitootluse-rakendused\/","title":{"rendered":"1. Signaalit\u00f6\u00f6tluse p\u00f5hivara"},"content":{"rendered":"<h2>Brief summary<\/h2>\n<p>In this introductory lecture we give examples where the topics covered during this course are used in real life.<\/p>\n<h2>Kokkuv\u00f5te<\/h2>\n<p>Sissejuhatav loeng annab \u00fclevaate kursuse sisust ja selle rakendusaladest teaduses, tehnikas ja igap\u00e4evaelus.<\/p>\n<p><\/p><div class=\"ratio ratio-16x9 mb-3\"><div class=\"video-placeholder-wrapper video-placeholder-wrapper--16x9\">\n\t\t\t    <div class=\"video-placeholder d-flex justify-content-center align-items-center\">\n\t\t\t        <div class=\"overlay text-white p-2 w-100 text-center d-block justify-content-center align-items-center\">\n\t\t\t            <div>Kolmandate osapoolte sisu n\u00e4gemiseks palun n\u00f5ustu k\u00fcpsistega.<\/div>\n\t\t\t            <button class=\"btn btn-secondary btn-sm mt-1 consent-change\">Muuda n\u00f5usolekut<\/button>\n\t\t\t        <\/div>\n\t\t\t    <\/div>\n\t\t\t<\/div>\n<\/div>\n","protected":false},"excerpt":{"rendered":"<p>Brief summary In this introductory lecture we give examples where the topics covered during this course are used in real life. Kokkuv\u00f5te Sissejuhatav loeng annab \u00fclevaate kursuse sisust ja selle rakendusaladest teaduses, tehnikas ja igap\u00e4evaelus. Kolmandate osapoolte sisu n\u00e4gemiseks palun &#8230;<\/p>\n","protected":false},"author":280,"featured_media":0,"parent":0,"menu_order":0,"comment_status":"closed","ping_status":"closed","template":"","meta":{"_acf_changed":false,"inline_featured_image":false,"footnotes":""},"class_list":["post-5","page","type-page","status-publish","hentry"],"acf":[],"_links":{"self":[{"href":"https:\/\/sisu.ut.ee\/signaalitootlus1\/wp-json\/wp\/v2\/pages\/5","targetHints":{"allow":["GET"]}}],"collection":[{"href":"https:\/\/sisu.ut.ee\/signaalitootlus1\/wp-json\/wp\/v2\/pages"}],"about":[{"href":"https:\/\/sisu.ut.ee\/signaalitootlus1\/wp-json\/wp\/v2\/types\/page"}],"author":[{"embeddable":true,"href":"https:\/\/sisu.ut.ee\/signaalitootlus1\/wp-json\/wp\/v2\/users\/280"}],"replies":[{"embeddable":true,"href":"https:\/\/sisu.ut.ee\/signaalitootlus1\/wp-json\/wp\/v2\/comments?post=5"}],"version-history":[{"count":2,"href":"https:\/\/sisu.ut.ee\/signaalitootlus1\/wp-json\/wp\/v2\/pages\/5\/revisions"}],"predecessor-version":[{"id":157,"href":"https:\/\/sisu.ut.ee\/signaalitootlus1\/wp-json\/wp\/v2\/pages\/5\/revisions\/157"}],"wp:attachment":[{"href":"https:\/\/sisu.ut.ee\/signaalitootlus1\/wp-json\/wp\/v2\/media?parent=5"}],"curies":[{"name":"wp","href":"https:\/\/api.w.org\/{rel}","templated":true}]}}