{"id":9,"date":"2024-04-04T06:40:21","date_gmt":"2024-04-04T03:40:21","guid":{"rendered":"https:\/\/sisu.ut.ee\/setko\/pildid\/"},"modified":"2024-06-06T16:07:02","modified_gmt":"2024-06-06T13:07:02","slug":"pildid","status":"publish","type":"page","link":"https:\/\/sisu.ut.ee\/setko\/pildid\/","title":{"rendered":"Pildid"},"content":{"rendered":"<figure class=\"wp-block-gallery has-nested-images columns-default is-cropped wp-block-gallery-1 is-layout-flex wp-block-gallery-is-layout-flex\">\n<figure class=\"wp-block-image size-large\"><a href=\"https:\/\/sisu.ut.ee\/wp-content\/uploads\/sites\/457\/df0021-050_sokolova_tsasson-210713-1-scaled.jpg\"><img loading=\"lazy\" decoding=\"async\" width=\"1024\" height=\"768\" data-id=\"68\" src=\"https:\/\/sisu.ut.ee\/wp-content\/uploads\/sites\/457\/df0021-050_sokolova_tsasson-210713-1-1024x768.jpg\" alt=\"Sokolova ts\u00e4sson\" class=\"wp-image-68\" srcset=\"https:\/\/sisu.ut.ee\/wp-content\/uploads\/sites\/457\/df0021-050_sokolova_tsasson-210713-1-1024x768.jpg 1024w, https:\/\/sisu.ut.ee\/wp-content\/uploads\/sites\/457\/df0021-050_sokolova_tsasson-210713-1-300x225.jpg 300w, https:\/\/sisu.ut.ee\/wp-content\/uploads\/sites\/457\/df0021-050_sokolova_tsasson-210713-1-768x576.jpg 768w, https:\/\/sisu.ut.ee\/wp-content\/uploads\/sites\/457\/df0021-050_sokolova_tsasson-210713-1-1536x1152.jpg 1536w, https:\/\/sisu.ut.ee\/wp-content\/uploads\/sites\/457\/df0021-050_sokolova_tsasson-210713-1-2048x1536.jpg 2048w, https:\/\/sisu.ut.ee\/wp-content\/uploads\/sites\/457\/df0021-050_sokolova_tsasson-210713-1-1920x1440.jpg 1920w\" sizes=\"auto, (max-width: 1024px) 100vw, 1024px\"><\/a><figcaption class=\"wp-element-caption\">Sokolova ts\u00e4sson (2010)<\/figcaption><\/figure>\n\n\n\n<figure class=\"wp-block-image size-large\"><a href=\"https:\/\/sisu.ut.ee\/wp-content\/uploads\/sites\/457\/df0021-045_pankjavitsa_kirik_260710-scaled.jpg\"><img loading=\"lazy\" decoding=\"async\" width=\"1024\" height=\"683\" data-id=\"66\" src=\"https:\/\/sisu.ut.ee\/wp-content\/uploads\/sites\/457\/df0021-045_pankjavitsa_kirik_260710-1024x683.jpg\" alt=\"Pankjavitsa kirik\" class=\"wp-image-66\" srcset=\"https:\/\/sisu.ut.ee\/wp-content\/uploads\/sites\/457\/df0021-045_pankjavitsa_kirik_260710-1024x683.jpg 1024w, https:\/\/sisu.ut.ee\/wp-content\/uploads\/sites\/457\/df0021-045_pankjavitsa_kirik_260710-300x200.jpg 300w, https:\/\/sisu.ut.ee\/wp-content\/uploads\/sites\/457\/df0021-045_pankjavitsa_kirik_260710-768x512.jpg 768w, https:\/\/sisu.ut.ee\/wp-content\/uploads\/sites\/457\/df0021-045_pankjavitsa_kirik_260710-1536x1024.jpg 1536w, https:\/\/sisu.ut.ee\/wp-content\/uploads\/sites\/457\/df0021-045_pankjavitsa_kirik_260710-2048x1365.jpg 2048w, https:\/\/sisu.ut.ee\/wp-content\/uploads\/sites\/457\/df0021-045_pankjavitsa_kirik_260710-1920x1280.jpg 1920w\" sizes=\"auto, (max-width: 1024px) 100vw, 1024px\"><\/a><figcaption class=\"wp-element-caption\">Pankjavitsa kirik (2010)<\/figcaption><\/figure>\n\n\n\n<figure class=\"wp-block-image size-large\"><a href=\"https:\/\/sisu.ut.ee\/wp-content\/uploads\/sites\/457\/df0021-026_m6la_jarve_vastaskaldal_200710-scaled.jpg\"><img loading=\"lazy\" decoding=\"async\" width=\"1024\" height=\"768\" data-id=\"65\" src=\"https:\/\/sisu.ut.ee\/wp-content\/uploads\/sites\/457\/df0021-026_m6la_jarve_vastaskaldal_200710-1024x768.jpg\" alt=\"M\u00f5la j\u00e4rve vastaskaldal\" class=\"wp-image-65\" srcset=\"https:\/\/sisu.ut.ee\/wp-content\/uploads\/sites\/457\/df0021-026_m6la_jarve_vastaskaldal_200710-1024x768.jpg 1024w, https:\/\/sisu.ut.ee\/wp-content\/uploads\/sites\/457\/df0021-026_m6la_jarve_vastaskaldal_200710-300x225.jpg 300w, https:\/\/sisu.ut.ee\/wp-content\/uploads\/sites\/457\/df0021-026_m6la_jarve_vastaskaldal_200710-768x576.jpg 768w, https:\/\/sisu.ut.ee\/wp-content\/uploads\/sites\/457\/df0021-026_m6la_jarve_vastaskaldal_200710-1536x1152.jpg 1536w, https:\/\/sisu.ut.ee\/wp-content\/uploads\/sites\/457\/df0021-026_m6la_jarve_vastaskaldal_200710-2048x1536.jpg 2048w, https:\/\/sisu.ut.ee\/wp-content\/uploads\/sites\/457\/df0021-026_m6la_jarve_vastaskaldal_200710-1920x1440.jpg 1920w\" sizes=\"auto, (max-width: 1024px) 100vw, 1024px\"><\/a><figcaption class=\"wp-element-caption\">M\u00f5la j\u00e4rve vastaskaldal (2010)<\/figcaption><\/figure>\n\n\n\n<figure class=\"wp-block-image size-large\"><a href=\"https:\/\/sisu.ut.ee\/wp-content\/uploads\/sites\/457\/df0021-025_m6la_jarv_200710-1-scaled.jpg\"><img loading=\"lazy\" decoding=\"async\" width=\"1024\" height=\"768\" data-id=\"64\" src=\"https:\/\/sisu.ut.ee\/wp-content\/uploads\/sites\/457\/df0021-025_m6la_jarv_200710-1-1024x768.jpg\" alt=\"M\u00f5la j\u00e4rv\" class=\"wp-image-64\" srcset=\"https:\/\/sisu.ut.ee\/wp-content\/uploads\/sites\/457\/df0021-025_m6la_jarv_200710-1-1024x768.jpg 1024w, https:\/\/sisu.ut.ee\/wp-content\/uploads\/sites\/457\/df0021-025_m6la_jarv_200710-1-300x225.jpg 300w, https:\/\/sisu.ut.ee\/wp-content\/uploads\/sites\/457\/df0021-025_m6la_jarv_200710-1-768x576.jpg 768w, https:\/\/sisu.ut.ee\/wp-content\/uploads\/sites\/457\/df0021-025_m6la_jarv_200710-1-1536x1152.jpg 1536w, https:\/\/sisu.ut.ee\/wp-content\/uploads\/sites\/457\/df0021-025_m6la_jarv_200710-1-2048x1536.jpg 2048w, https:\/\/sisu.ut.ee\/wp-content\/uploads\/sites\/457\/df0021-025_m6la_jarv_200710-1-1920x1440.jpg 1920w\" sizes=\"auto, (max-width: 1024px) 100vw, 1024px\"><\/a><figcaption class=\"wp-element-caption\">M\u00f5la j\u00e4rv ja M\u00f5la kirik (2010)<\/figcaption><\/figure>\n\n\n\n<figure class=\"wp-block-image size-large\"><a href=\"https:\/\/sisu.ut.ee\/wp-content\/uploads\/sites\/457\/df0025-030_dsc_0394_veera_nurmetalo_auto_parandus_ts-1-scaled.jpg\"><img loading=\"lazy\" decoding=\"async\" width=\"1024\" height=\"681\" data-id=\"60\" src=\"https:\/\/sisu.ut.ee\/wp-content\/uploads\/sites\/457\/df0025-030_dsc_0394_veera_nurmetalo_auto_parandus_ts-1-1024x681.jpg\" alt=\"Keelejuhi auto parandus\" class=\"wp-image-60\" srcset=\"https:\/\/sisu.ut.ee\/wp-content\/uploads\/sites\/457\/df0025-030_dsc_0394_veera_nurmetalo_auto_parandus_ts-1-1024x681.jpg 1024w, https:\/\/sisu.ut.ee\/wp-content\/uploads\/sites\/457\/df0025-030_dsc_0394_veera_nurmetalo_auto_parandus_ts-1-300x199.jpg 300w, https:\/\/sisu.ut.ee\/wp-content\/uploads\/sites\/457\/df0025-030_dsc_0394_veera_nurmetalo_auto_parandus_ts-1-768x511.jpg 768w, https:\/\/sisu.ut.ee\/wp-content\/uploads\/sites\/457\/df0025-030_dsc_0394_veera_nurmetalo_auto_parandus_ts-1-1536x1021.jpg 1536w, https:\/\/sisu.ut.ee\/wp-content\/uploads\/sites\/457\/df0025-030_dsc_0394_veera_nurmetalo_auto_parandus_ts-1-2048x1362.jpg 2048w, https:\/\/sisu.ut.ee\/wp-content\/uploads\/sites\/457\/df0025-030_dsc_0394_veera_nurmetalo_auto_parandus_ts-1-1920x1277.jpg 1920w\" sizes=\"auto, (max-width: 1024px) 100vw, 1024px\"><\/a><figcaption class=\"wp-element-caption\">Keelejuhi auto parandus (foto: Tiit Sibul)<\/figcaption><\/figure>\n\n\n\n<figure class=\"wp-block-image size-large\"><a href=\"https:\/\/sisu.ut.ee\/wp-content\/uploads\/sites\/457\/df0025-022_dsc_0383_leeni_nimik_liina_ja_andreas_lambaga_ts-1-scaled.jpg\"><img loading=\"lazy\" decoding=\"async\" width=\"1024\" height=\"681\" data-id=\"58\" src=\"https:\/\/sisu.ut.ee\/wp-content\/uploads\/sites\/457\/df0025-022_dsc_0383_leeni_nimik_liina_ja_andreas_lambaga_ts-1-1024x681.jpg\" alt=\"Keelejuhi Leeni Nimikuga\" class=\"wp-image-58\" srcset=\"https:\/\/sisu.ut.ee\/wp-content\/uploads\/sites\/457\/df0025-022_dsc_0383_leeni_nimik_liina_ja_andreas_lambaga_ts-1-1024x681.jpg 1024w, https:\/\/sisu.ut.ee\/wp-content\/uploads\/sites\/457\/df0025-022_dsc_0383_leeni_nimik_liina_ja_andreas_lambaga_ts-1-300x199.jpg 300w, https:\/\/sisu.ut.ee\/wp-content\/uploads\/sites\/457\/df0025-022_dsc_0383_leeni_nimik_liina_ja_andreas_lambaga_ts-1-768x511.jpg 768w, https:\/\/sisu.ut.ee\/wp-content\/uploads\/sites\/457\/df0025-022_dsc_0383_leeni_nimik_liina_ja_andreas_lambaga_ts-1-1536x1021.jpg 1536w, https:\/\/sisu.ut.ee\/wp-content\/uploads\/sites\/457\/df0025-022_dsc_0383_leeni_nimik_liina_ja_andreas_lambaga_ts-1-2048x1362.jpg 2048w, https:\/\/sisu.ut.ee\/wp-content\/uploads\/sites\/457\/df0025-022_dsc_0383_leeni_nimik_liina_ja_andreas_lambaga_ts-1-1920x1277.jpg 1920w\" sizes=\"auto, (max-width: 1024px) 100vw, 1024px\"><\/a><figcaption class=\"wp-element-caption\">Keelejuhiga (foto: Tiit Sibul)<\/figcaption><\/figure>\n\n\n\n<figure class=\"wp-block-image size-large\"><a href=\"https:\/\/sisu.ut.ee\/wp-content\/uploads\/sites\/457\/df0025-008_img_7447_irboska_linnus_2_ll-1-scaled.jpg\"><img loading=\"lazy\" decoding=\"async\" width=\"1024\" height=\"683\" data-id=\"56\" src=\"https:\/\/sisu.ut.ee\/wp-content\/uploads\/sites\/457\/df0025-008_img_7447_irboska_linnus_2_ll-1-1024x683.jpg\" alt=\"Irboska linnus\" class=\"wp-image-56\" srcset=\"https:\/\/sisu.ut.ee\/wp-content\/uploads\/sites\/457\/df0025-008_img_7447_irboska_linnus_2_ll-1-1024x683.jpg 1024w, https:\/\/sisu.ut.ee\/wp-content\/uploads\/sites\/457\/df0025-008_img_7447_irboska_linnus_2_ll-1-300x200.jpg 300w, https:\/\/sisu.ut.ee\/wp-content\/uploads\/sites\/457\/df0025-008_img_7447_irboska_linnus_2_ll-1-768x512.jpg 768w, https:\/\/sisu.ut.ee\/wp-content\/uploads\/sites\/457\/df0025-008_img_7447_irboska_linnus_2_ll-1-1536x1024.jpg 1536w, https:\/\/sisu.ut.ee\/wp-content\/uploads\/sites\/457\/df0025-008_img_7447_irboska_linnus_2_ll-1-2048x1365.jpg 2048w, https:\/\/sisu.ut.ee\/wp-content\/uploads\/sites\/457\/df0025-008_img_7447_irboska_linnus_2_ll-1-1920x1280.jpg 1920w\" sizes=\"auto, (max-width: 1024px) 100vw, 1024px\"><\/a><figcaption class=\"wp-element-caption\">Irboska linnus (foto: Liina Lindstr\u00f6m)<\/figcaption><\/figure>\n\n\n\n<figure class=\"wp-block-image size-large\"><a href=\"https:\/\/sisu.ut.ee\/wp-content\/uploads\/sites\/457\/df0021-017_irboska_linnus_220713-1-scaled.jpg\"><img loading=\"lazy\" decoding=\"async\" width=\"1024\" height=\"683\" data-id=\"62\" src=\"https:\/\/sisu.ut.ee\/wp-content\/uploads\/sites\/457\/df0021-017_irboska_linnus_220713-1-1024x683.jpg\" alt=\"Irboska linnuse vaade\" class=\"wp-image-62\" srcset=\"https:\/\/sisu.ut.ee\/wp-content\/uploads\/sites\/457\/df0021-017_irboska_linnus_220713-1-1024x683.jpg 1024w, https:\/\/sisu.ut.ee\/wp-content\/uploads\/sites\/457\/df0021-017_irboska_linnus_220713-1-300x200.jpg 300w, https:\/\/sisu.ut.ee\/wp-content\/uploads\/sites\/457\/df0021-017_irboska_linnus_220713-1-768x512.jpg 768w, https:\/\/sisu.ut.ee\/wp-content\/uploads\/sites\/457\/df0021-017_irboska_linnus_220713-1-1536x1024.jpg 1536w, https:\/\/sisu.ut.ee\/wp-content\/uploads\/sites\/457\/df0021-017_irboska_linnus_220713-1-2048x1365.jpg 2048w, https:\/\/sisu.ut.ee\/wp-content\/uploads\/sites\/457\/df0021-017_irboska_linnus_220713-1-1920x1280.jpg 1920w\" sizes=\"auto, (max-width: 1024px) 100vw, 1024px\"><\/a><figcaption class=\"wp-element-caption\">Irboska linnuse vaade (2010)<\/figcaption><\/figure>\n\n\n\n<figure class=\"wp-block-image size-large\"><a href=\"https:\/\/sisu.ut.ee\/wp-content\/uploads\/sites\/457\/df0025-048_img_7481_laura_kulas_ll-1-scaled.jpg\"><img loading=\"lazy\" decoding=\"async\" width=\"1024\" height=\"683\" data-id=\"54\" src=\"https:\/\/sisu.ut.ee\/wp-content\/uploads\/sites\/457\/df0025-048_img_7481_laura_kulas_ll-1-1024x683.jpg\" alt=\"Laura k\u00fclas\" class=\"wp-image-54\" srcset=\"https:\/\/sisu.ut.ee\/wp-content\/uploads\/sites\/457\/df0025-048_img_7481_laura_kulas_ll-1-1024x683.jpg 1024w, https:\/\/sisu.ut.ee\/wp-content\/uploads\/sites\/457\/df0025-048_img_7481_laura_kulas_ll-1-300x200.jpg 300w, https:\/\/sisu.ut.ee\/wp-content\/uploads\/sites\/457\/df0025-048_img_7481_laura_kulas_ll-1-768x512.jpg 768w, https:\/\/sisu.ut.ee\/wp-content\/uploads\/sites\/457\/df0025-048_img_7481_laura_kulas_ll-1-1536x1024.jpg 1536w, https:\/\/sisu.ut.ee\/wp-content\/uploads\/sites\/457\/df0025-048_img_7481_laura_kulas_ll-1-2048x1365.jpg 2048w, https:\/\/sisu.ut.ee\/wp-content\/uploads\/sites\/457\/df0025-048_img_7481_laura_kulas_ll-1-1920x1280.jpg 1920w\" sizes=\"auto, (max-width: 1024px) 100vw, 1024px\"><\/a><figcaption class=\"wp-element-caption\">Laura k\u00fclas (foto: Liina Lindstr\u00f6m)<\/figcaption><\/figure>\n\n\n\n<figure class=\"wp-block-image size-large\"><a href=\"https:\/\/sisu.ut.ee\/wp-content\/uploads\/sites\/457\/df0025-015_dsc_0376_jalaga_leeni_nimiku_juurde_ts-1-scaled.jpg\"><img loading=\"lazy\" decoding=\"async\" width=\"1024\" height=\"681\" data-id=\"51\" src=\"https:\/\/sisu.ut.ee\/wp-content\/uploads\/sites\/457\/df0025-015_dsc_0376_jalaga_leeni_nimiku_juurde_ts-1-1024x681.jpg\" alt=\"Teel keelejuhi juurde\" class=\"wp-image-51\" srcset=\"https:\/\/sisu.ut.ee\/wp-content\/uploads\/sites\/457\/df0025-015_dsc_0376_jalaga_leeni_nimiku_juurde_ts-1-1024x681.jpg 1024w, https:\/\/sisu.ut.ee\/wp-content\/uploads\/sites\/457\/df0025-015_dsc_0376_jalaga_leeni_nimiku_juurde_ts-1-300x199.jpg 300w, https:\/\/sisu.ut.ee\/wp-content\/uploads\/sites\/457\/df0025-015_dsc_0376_jalaga_leeni_nimiku_juurde_ts-1-768x511.jpg 768w, https:\/\/sisu.ut.ee\/wp-content\/uploads\/sites\/457\/df0025-015_dsc_0376_jalaga_leeni_nimiku_juurde_ts-1-1536x1021.jpg 1536w, https:\/\/sisu.ut.ee\/wp-content\/uploads\/sites\/457\/df0025-015_dsc_0376_jalaga_leeni_nimiku_juurde_ts-1-2048x1362.jpg 2048w, https:\/\/sisu.ut.ee\/wp-content\/uploads\/sites\/457\/df0025-015_dsc_0376_jalaga_leeni_nimiku_juurde_ts-1-1920x1277.jpg 1920w\" sizes=\"auto, (max-width: 1024px) 100vw, 1024px\"><\/a><figcaption class=\"wp-element-caption\">Teel keelejuhi juurde (foto: Tiit Sibul)<\/figcaption><\/figure>\n\n\n\n<figure class=\"wp-block-image size-large\"><a href=\"https:\/\/sisu.ut.ee\/wp-content\/uploads\/sites\/457\/df0025-047_img_7477_puhkehetk_salesje_raamatukogu_trepil_ll-1-scaled.jpg\"><img loading=\"lazy\" decoding=\"async\" width=\"1024\" height=\"683\" data-id=\"49\" src=\"https:\/\/sisu.ut.ee\/wp-content\/uploads\/sites\/457\/df0025-047_img_7477_puhkehetk_salesje_raamatukogu_trepil_ll-1-1024x683.jpg\" alt=\"Puhkehetk Salesje raamatukogu trepil\" class=\"wp-image-49\" srcset=\"https:\/\/sisu.ut.ee\/wp-content\/uploads\/sites\/457\/df0025-047_img_7477_puhkehetk_salesje_raamatukogu_trepil_ll-1-1024x683.jpg 1024w, https:\/\/sisu.ut.ee\/wp-content\/uploads\/sites\/457\/df0025-047_img_7477_puhkehetk_salesje_raamatukogu_trepil_ll-1-300x200.jpg 300w, https:\/\/sisu.ut.ee\/wp-content\/uploads\/sites\/457\/df0025-047_img_7477_puhkehetk_salesje_raamatukogu_trepil_ll-1-768x512.jpg 768w, https:\/\/sisu.ut.ee\/wp-content\/uploads\/sites\/457\/df0025-047_img_7477_puhkehetk_salesje_raamatukogu_trepil_ll-1-1536x1024.jpg 1536w, https:\/\/sisu.ut.ee\/wp-content\/uploads\/sites\/457\/df0025-047_img_7477_puhkehetk_salesje_raamatukogu_trepil_ll-1-2048x1365.jpg 2048w, https:\/\/sisu.ut.ee\/wp-content\/uploads\/sites\/457\/df0025-047_img_7477_puhkehetk_salesje_raamatukogu_trepil_ll-1-1920x1280.jpg 1920w\" sizes=\"auto, (max-width: 1024px) 100vw, 1024px\"><\/a><figcaption class=\"wp-element-caption\">Puhkehetk Salesje raamatukogu trepil (foto: Liina Lindstr\u00f6m)<\/figcaption><\/figure>\n\n\n\n<figure class=\"wp-block-image size-large\"><img loading=\"lazy\" decoding=\"async\" width=\"675\" height=\"450\" data-id=\"47\" src=\"https:\/\/sisu.ut.ee\/wp-content\/uploads\/sites\/457\/seto_muuseum_radajal.jpg\" alt=\"Pilt: T\u00dc eesti murrete ja sugulaskeelte arhiiv, pildil seto muuseum Radajal\" class=\"wp-image-47\" srcset=\"https:\/\/sisu.ut.ee\/wp-content\/uploads\/sites\/457\/seto_muuseum_radajal.jpg 675w, https:\/\/sisu.ut.ee\/wp-content\/uploads\/sites\/457\/seto_muuseum_radajal-300x200.jpg 300w\" sizes=\"auto, (max-width: 675px) 100vw, 675px\"><figcaption class=\"wp-element-caption\">Seto muuseum Radajal (2010)<\/figcaption><\/figure>\n<\/figure>\n","protected":false},"excerpt":{"rendered":"","protected":false},"author":239,"featured_media":0,"parent":0,"menu_order":0,"comment_status":"closed","ping_status":"closed","template":"","meta":{"_acf_changed":false,"inline_featured_image":false,"footnotes":""},"class_list":["post-9","page","type-page","status-publish","hentry"],"acf":[],"_links":{"self":[{"href":"https:\/\/sisu.ut.ee\/setko\/wp-json\/wp\/v2\/pages\/9","targetHints":{"allow":["GET"]}}],"collection":[{"href":"https:\/\/sisu.ut.ee\/setko\/wp-json\/wp\/v2\/pages"}],"about":[{"href":"https:\/\/sisu.ut.ee\/setko\/wp-json\/wp\/v2\/types\/page"}],"author":[{"embeddable":true,"href":"https:\/\/sisu.ut.ee\/setko\/wp-json\/wp\/v2\/users\/239"}],"replies":[{"embeddable":true,"href":"https:\/\/sisu.ut.ee\/setko\/wp-json\/wp\/v2\/comments?post=9"}],"version-history":[{"count":9,"href":"https:\/\/sisu.ut.ee\/setko\/wp-json\/wp\/v2\/pages\/9\/revisions"}],"predecessor-version":[{"id":276,"href":"https:\/\/sisu.ut.ee\/setko\/wp-json\/wp\/v2\/pages\/9\/revisions\/276"}],"wp:attachment":[{"href":"https:\/\/sisu.ut.ee\/setko\/wp-json\/wp\/v2\/media?parent=9"}],"curies":[{"name":"wp","href":"https:\/\/api.w.org\/{rel}","templated":true}]}}