{"id":7,"date":"2024-04-04T06:40:21","date_gmt":"2024-04-04T03:40:21","guid":{"rendered":"https:\/\/sisu.ut.ee\/setko\/seto-koguteos\/"},"modified":"2024-06-06T14:57:30","modified_gmt":"2024-06-06T11:57:30","slug":"seto-koguteos","status":"publish","type":"page","link":"https:\/\/sisu.ut.ee\/setko\/seto-koguteos\/","title":{"rendered":"Seto koguteos"},"content":{"rendered":"<div style=\"height:20px\" aria-hidden=\"true\" class=\"wp-block-spacer\"><\/div>\n\n\n\n<p><strong>1.<\/strong>\u00a0<a href=\"https:\/\/www.etis.ee\/Portal\/Publications\/Display\/7a886aff-0dca-4c24-98f5-ee93294b568b\" target=\"_blank\" rel=\"noopener\">Lindstr\u00f6m, Liina (2020). Keelelised v\u00e4lit\u00f6\u00f6d Ida-Setomaal: dokumenteerimas ohustatud keelt. Kalkun, Andreas; Pajusalu, Karl; V\u00e4strik, Ergo-Hart (Toim.). Setomaa 3. Keel, rahvaluule ja t\u00e4nap\u00e4eva kultuur (x). Tartu: Eesti Rahva Muuseum [ilmumas].<\/a><span class=\"file media-element file-os-files-link\" data-file_info=\"%7B%22fid%22:%2257273%22,%22view_mode%22:%22os_files_link%22,%22type%22:%22media%22%7D\">\u00a0<img decoding=\"async\" class=\"file-icon\" src=\"\/profiles\/openscholar\/modules\/os\/modules\/os_files\/icons\/application-pdf.svg\" alt=\"\"><\/span><a title=\"\" href=\"https:\/\/sisu.ut.ee\/wp-content\/uploads\/sites\/457\/seto_kogoteos_lindstrom_viimaste_aastate_valitood.pdf\" target=\"_blank\" rel=\"noopener\" data-url=\"https:\/\/sisu.ut.ee\/wp-content\/uploads\/sites\/457\/seto_kogoteos_lindstrom_viimaste_aastate_valitood.pdf\">t\u00e4istekst (PDF)<\/a><\/p>\n\n\n\n<p><span class=\"file media-element file-os-files-link\" data-file_info=\"%7B%22fid%22:%2257273%22,%22view_mode%22:%22os_files_link%22,%22type%22:%22media%22%7D\"><strong>2.<\/strong>\u00a0<\/span><a href=\"https:\/\/www.etis.ee\/Portal\/Publications\/Display\/373622a8-dfe5-43ce-ac27-dec538719ec7\" target=\"_blank\" rel=\"noopener\">Lindstr\u00f6m, Liina (2020). Seto lause p\u00f5hijooned. Kalkun, Andreas; Pajusalu, Karl; V\u00e4strik, Ergo-Hart (Toim.). Setomaa 3. Keel, rahvaluule ja t\u00e4nap\u00e4eva kultuur (x). Tartu: Eesti Rahva Muuseum [ilmumas].<\/a><span class=\"file media-element file-os-files-link\" data-file_info=\"%7B%22fid%22:%2257274%22,%22view_mode%22:%22os_files_link%22,%22type%22:%22media%22%7D\">\u00a0<img decoding=\"async\" class=\"file-icon\" src=\"\/profiles\/openscholar\/modules\/os\/modules\/os_files\/icons\/application-pdf.svg\" alt=\"\"><\/span><a title=\"\" href=\"https:\/\/sisu.ut.ee\/wp-content\/uploads\/sites\/457\/lindstrom_setokogoteos_1.5.setolause.pdf\" target=\"_blank\" rel=\"noopener\" data-url=\"https:\/\/sisu.ut.ee\/wp-content\/uploads\/sites\/457\/lindstrom_setokogoteos_1.5.setolause.pdf\">t\u00e4istekst (PDF)<\/a><\/p>\n\n\n\n<p><strong>3.<\/strong>\u00a0<a href=\"https:\/\/www.etis.ee\/Portal\/Publications\/Display\/dbbe8b48-4882-40a8-a67f-c7fa8d615f4f\" target=\"_blank\" rel=\"noopener\">Juhkason, Grethe; Kalkun, Andreas; Lindstr\u00f6m, Liina; Plado, Helen (2012). Petserimaa setodest ja nende keelest 2010.-2011. a v\u00e4lit\u00f6\u00f6de p\u00f5hjal. \u00d5dagumeresoom\u00f5 piiriq. L\u00e4\u00e4nemeresoome piirid. Finnic borders (11\u221229).. V\u00f5ro Instituut. (V\u00f5ro Instituudi Toim\u00f5ndus\u00f5q. Publications of V\u00f5ro Institute).<\/a><span class=\"file media-element file-os-files-link\" data-file_info=\"%7B%22fid%22:%2257275%22,%22view_mode%22:%22os_files_link%22,%22type%22:%22media%22%7D\">\u00a0<img decoding=\"async\" class=\"file-icon\" src=\"\/profiles\/openscholar\/modules\/os\/modules\/os_files\/icons\/application-pdf.svg\" alt=\"\"><\/span><a title=\"\" href=\"https:\/\/sisu.ut.ee\/wp-content\/uploads\/sites\/457\/juhkason_jt_petserimaa_valitood2012.pdf\" target=\"_blank\" rel=\"noopener\" data-url=\"https:\/\/sisu.ut.ee\/wp-content\/uploads\/sites\/457\/juhkason_jt_petserimaa_valitood2012.pdf\">t\u00e4istekst (PDF)<\/a><\/p>\n","protected":false},"excerpt":{"rendered":"<p>1.\u00a0Lindstr\u00f6m, Liina (2020). Keelelised v\u00e4lit\u00f6\u00f6d Ida-Setomaal: dokumenteerimas ohustatud keelt. Kalkun, Andreas; Pajusalu, Karl; V\u00e4strik, Ergo-Hart (Toim.). Setomaa 3. Keel, rahvaluule ja t\u00e4nap\u00e4eva kultuur (x). Tartu: Eesti Rahva Muuseum [ilmumas].\u00a0t\u00e4istekst (PDF) 2.\u00a0Lindstr\u00f6m, Liina (2020). Seto lause p\u00f5hijooned. Kalkun, Andreas; Pajusalu, Karl; &#8230;<\/p>\n","protected":false},"author":239,"featured_media":0,"parent":0,"menu_order":0,"comment_status":"closed","ping_status":"closed","template":"","meta":{"_acf_changed":false,"inline_featured_image":false,"footnotes":""},"class_list":["post-7","page","type-page","status-publish","hentry"],"acf":[],"_links":{"self":[{"href":"https:\/\/sisu.ut.ee\/setko\/wp-json\/wp\/v2\/pages\/7","targetHints":{"allow":["GET"]}}],"collection":[{"href":"https:\/\/sisu.ut.ee\/setko\/wp-json\/wp\/v2\/pages"}],"about":[{"href":"https:\/\/sisu.ut.ee\/setko\/wp-json\/wp\/v2\/types\/page"}],"author":[{"embeddable":true,"href":"https:\/\/sisu.ut.ee\/setko\/wp-json\/wp\/v2\/users\/239"}],"replies":[{"embeddable":true,"href":"https:\/\/sisu.ut.ee\/setko\/wp-json\/wp\/v2\/comments?post=7"}],"version-history":[{"count":3,"href":"https:\/\/sisu.ut.ee\/setko\/wp-json\/wp\/v2\/pages\/7\/revisions"}],"predecessor-version":[{"id":253,"href":"https:\/\/sisu.ut.ee\/setko\/wp-json\/wp\/v2\/pages\/7\/revisions\/253"}],"wp:attachment":[{"href":"https:\/\/sisu.ut.ee\/setko\/wp-json\/wp\/v2\/media?parent=7"}],"curies":[{"name":"wp","href":"https:\/\/api.w.org\/{rel}","templated":true}]}}