{"id":5,"date":"2024-04-04T06:40:21","date_gmt":"2024-04-04T03:40:21","guid":{"rendered":"https:\/\/sisu.ut.ee\/setko\/publikatsioonid\/"},"modified":"2024-06-06T14:53:54","modified_gmt":"2024-06-06T11:53:54","slug":"publikatsioonid","status":"publish","type":"page","link":"https:\/\/sisu.ut.ee\/setko\/publikatsioonid\/","title":{"rendered":"Publikatsioonid"},"content":{"rendered":"<div style=\"height:20px\" aria-hidden=\"true\" class=\"wp-block-spacer\"><\/div>\n\n\n\n<h4 class=\"wp-block-heading\"><span style=\"color: #a52a2a;\"><span style=\"font-family: Verdana,Geneva,sans-serif;\"><strong>Ilmumas<\/strong><\/span><\/span><\/h4>\n\n\n\n<ul class=\"wp-block-list\">\n<li><a title=\"\" data-url=\"https:\/\/www.etis.ee\/Portal\/Publications\/Display\/373622a8-dfe5-43ce-ac27-dec538719ec7\" href=\"https:\/\/www.etis.ee\/Portal\/Publications\/Display\/373622a8-dfe5-43ce-ac27-dec538719ec7\" target=\"_blank\" rel=\"noopener\">Lindstr\u00f6m, Liina.\u00a0Seto lause p\u00f5hijooned. Kalkun, Andreas; Pajusalu, Karl; V\u00e4strik, Ergo-Hart (Toim.), Setomaa 3. Keel, rahvaluule ja t\u00e4nap\u00e4eva kultuur. Tartu: Eesti Rahva Muuseum. [Ilmumas].<\/a>\u00a0<img decoding=\"async\" style=\"height: 16px; width: 17px;\" src=\"\/profiles\/openscholar\/modules\/os\/modules\/os_files\/icons\/application-pdf.svg\" alt=\"\"><a title=\"\" data-url=\"https:\/\/sisu.ut.ee\/wp-content\/uploads\/sites\/457\/lindstrom_setokogoteos_1.5.setolause.pdf\" href=\"https:\/\/sisu.ut.ee\/wp-content\/uploads\/sites\/457\/lindstrom_setokogoteos_1.5.setolause.pdf\" target=\"_blank\" rel=\"noopener\">terviktekst (PDF)<\/a><\/li>\n\n\n\n<li><a title=\"\" href=\"https:\/\/www.etis.ee\/Portal\/Publications\/Display\/7a886aff-0dca-4c24-98f5-ee93294b568b\" target=\"_blank\" rel=\"noopener\" data-url=\"https:\/\/www.etis.ee\/Portal\/Publications\/Display\/7a886aff-0dca-4c24-98f5-ee93294b568b\">Lindstr\u00f6m, Liina.\u00a0Keelelised v\u00e4lit\u00f6\u00f6d Ida-Setomaal: dokumenteerimas ohustatud keelt. Kalkun, Andreas; Pajusalu, Karl; V\u00e4strik, Ergo-Hart (Toim.), Setomaa 3. Keel, rahvaluule ja t\u00e4nap\u00e4eva kultuur. Tartu: Eesti Rahva Muuseum. [Ilmumas].<\/a>\u00a0<img decoding=\"async\" style=\"width: 17px; height: 19px;\" src=\"\/profiles\/openscholar\/modules\/os\/modules\/os_files\/icons\/application-pdf.svg\" alt=\"\"><a title=\"\" href=\"https:\/\/sisu.ut.ee\/wp-content\/uploads\/sites\/457\/seto_kogoteos_lindstrom_viimaste_aastate_valitood.pdf\" target=\"_blank\" rel=\"noopener\" data-url=\"https:\/\/sisu.ut.ee\/wp-content\/uploads\/sites\/457\/seto_kogoteos_lindstrom_viimaste_aastate_valitood.pdf\">terviktekst (PDF)<\/a><\/li>\n<\/ul>\n\n\n\n<div style=\"height:20px\" aria-hidden=\"true\" class=\"wp-block-spacer\"><\/div>\n\n\n\n<h4 class=\"wp-block-heading\"><span style=\"color: #a52a2a;\"><span style=\"font-family: Verdana,Geneva,sans-serif;\"><strong>Ilmunud<\/strong><\/span><\/span><\/h4>\n\n\n\n<ul class=\"wp-block-list\">\n<li><a href=\"https:\/\/www.etis.ee\/Portal\/Publications\/Display\/e18f4b26-4b72-4b9b-b22e-8709d3bafab4\" target=\"_blank\" rel=\"noreferrer noopener\">Lindstr\u00f6m, Liina; Pilvik, Maarja-Liisa; Plado, Helen; Todesk, Triin (2024). V\u00f5ro ja seto keelevahetus XX\u2013XXI sajandil. Kas p\u00f6\u00f6rdumatu protsess? Keel ja Kirjandus, 5, 449\u2013476.<\/a> <a href=\"https:\/\/doi.org\/10.54013\/kk797a3\" target=\"_blank\" rel=\"noreferrer noopener\">https:\/\/doi.org\/10.54013\/kk797a3.<\/a> <a href=\"https:\/\/sisu.ut.ee\/wp-content\/uploads\/sites\/457\/L.LINDSTROMM-L.PILVIKH.PLADOT.TODESK.pdf\" target=\"_blank\" rel=\"noreferrer noopener\">terviktekst (PDF).<\/a><\/li>\n\n\n\n<li><a data-url=\"https:\/\/www.etis.ee\/Portal\/Publications\/Display\/df047292-bb2a-4b8f-8eaa-6238966aa203\" title=\"\" href=\"https:\/\/www.etis.ee\/Portal\/Publications\/Display\/df047292-bb2a-4b8f-8eaa-6238966aa203\" target=\"_blank\" rel=\"noopener\">Plado, Helen; Lindstr\u00f6m, Liina; Pilvik, Maarja-Liisa (2023). V\u00f5ro ja seto keele olukorrast 20.\u201321. sajandil. Oma Keel, 3\u221210.<\/a> <a href=\"https:\/\/www.emakeeleselts.ee\/wp-content\/uploads\/2023\/11\/plado-jt.pdf\" target=\"_blank\" rel=\"noreferrer noopener\">terviktekst (PDF).<\/a><\/li>\n\n\n\n<li><a data-url=\"https:\/\/www.etis.ee\/Portal\/Publications\/Display\/680de034-dfe2-4644-a32f-f4fb0731b332\" style=\"font-size: revert; font-weight: var(--bs-body-font-weight); text-align: var(--bs-body-text-align);\" title=\"\" href=\"https:\/\/www.etis.ee\/Portal\/Publications\/Display\/680de034-dfe2-4644-a32f-f4fb0731b332\" target=\"_blank\" rel=\"noopener\">Saar, Eva; Todesk, Triin (2023). Seto deminutiivid. Emakeele Seltsi aastaraamat. (138\u2212165). Teaduste Akadeemia Kirjastus.<\/a> <a href=\"http:\/\/dx.doi.org\/10.3176\/esa68.07\" target=\"_blank\" rel=\"noreferrer noopener\">http:\/\/dx.doi.org\/10.3176\/esa68.07.<\/a> <a href=\"https:\/\/sisu.ut.ee\/wp-content\/uploads\/sites\/457\/esa68_2022_138-165_20230611210252.pdf\" target=\"_blank\" rel=\"noreferrer noopener\">terviktekst (PDF).<\/a><\/li>\n\n\n\n<li><a data-url=\"https:\/\/www.etis.ee\/Portal\/Publications\/Display\/18ce011a-1ee8-48e2-bcfb-8c22a1af863d\" title=\"\" href=\"https:\/\/www.etis.ee\/Portal\/Publications\/Display\/18ce011a-1ee8-48e2-bcfb-8c22a1af863d\" target=\"_blank\" rel=\"noopener\">Lindstr\u00f6m, Liina; Pilvik, Maarja-Liisa; Plado, Helen (2021). Variation in negation in Seto. Studies in Language, 557\u2212597.<\/a> <br><a href=\"https:\/\/www.jbe-platform.com\/content\/journals\/10.1075\/sl.19063.lin\" target=\"_blank\" rel=\"noreferrer noopener\">http:\/\/dx.doi.org\/10.1075\/sl.19063.lin.<\/a> <a data-url=\"https:\/\/sisu.ut.ee\/wp-content\/uploads\/sites\/457\/variation_in_negation_in_seto.pdf\" title=\"\" href=\"https:\/\/sisu.ut.ee\/wp-content\/uploads\/sites\/457\/variation_in_negation_in_seto.pdf\" target=\"_blank\" rel=\"noopener\">terviktekst (PDF)<\/a><\/li>\n\n\n\n<li><a href=\"https:\/\/www.etis.ee\/Portal\/Publications\/Display\/df7a406a-a629-43d5-881c-8500d92dc2a8\" target=\"_blank\" rel=\"noopener\">Pilvik, Maarja-Liisa; Plado, Helen ; Lindstr\u00f6m, Liina (2021). Murded, varieerumine ja korpusandmed. Eituss\u00f5na paiknemine v\u00f5ru ja seto eituslausetes. Keel ja Kirjandus, 64 (8-9), 771\u2212796.<\/a> <a href=\"https:\/\/doi.org\/10.54013\/kk764a7\" target=\"_blank\" rel=\"noreferrer noopener\">https:\/\/doi.org\/10.54013\/kk764a7.<\/a>\u00a0<img decoding=\"async\" style=\"height: 16px; width: 17px;\" src=\"\/profiles\/openscholar\/modules\/os\/modules\/os_files\/icons\/application-pdf.svg\" alt=\"\"><a title=\"\" data-url=\"https:\/\/sisu.ut.ee\/wp-content\/uploads\/sites\/457\/pilvikjt2021_seto-voru-eitus.pdf\" href=\"https:\/\/sisu.ut.ee\/wp-content\/uploads\/sites\/457\/pilvikjt2021_seto-voru-eitus.pdf\" target=\"_blank\" rel=\"noopener\">terviktekst (PDF)<\/a><\/li>\n\n\n\n<li><a href=\"https:\/\/www.etis.ee\/Portal\/Publications\/Display\/1f34a281-0325-4ee0-99e8-7d48f21b5384\" target=\"_blank\" rel=\"noopener\">Kalkun, Andreas (2020). How to Ask Embarrassing Questions About Women\u2019s Religion: Menstruating Mother of God, Ritual Impurity, and Fieldwork Among Seto Women in Estonia and Russia. In: Kupari, Helena; Vuola, Elina (Ed.). Orthodox Christianity and Gender: Dynamics of Tradition, Culture and Lived Practice (97\u2212114). London: Routledge. (Routledge Studies in Religion).<\/a> <a href=\"https:\/\/doi.org\/10.4324\/9780203701188-6\" target=\"_blank\" rel=\"noreferrer noopener\">https:\/\/doi.org\/10.4324\/9780203701188-6<\/a>. <img decoding=\"async\" style=\"height: 16px; width: 17px;\" src=\"\/profiles\/openscholar\/modules\/os\/modules\/os_files\/icons\/application-pdf.svg\" alt=\"\"><a title=\"\" data-url=\"https:\/\/sisu.ut.ee\/wp-content\/uploads\/sites\/457\/andreas_kalkun_how_to_ask.2019.pdf\" href=\"https:\/\/sisu.ut.ee\/wp-content\/uploads\/sites\/457\/andreas_kalkun_how_to_ask.2019.pdf\" target=\"_blank\" rel=\"noopener\">terviktekst (PDF)<\/a><\/li>\n<\/ul>\n\n\n\n<div style=\"height:20px\" aria-hidden=\"true\" class=\"wp-block-spacer\"><\/div>\n\n\n\n<h4 class=\"wp-block-heading\"><span style=\"font-family: Verdana,Geneva,sans-serif;\"><span style=\"color: #a52a2a;\"><span style=\"font-family: Verdana,Geneva,sans-serif;\"><strong>Varasemad uurimused<\/strong><\/span><\/span><\/span><\/h4>\n\n\n\n<ul class=\"wp-block-list\">\n<li><a href=\"https:\/\/www.etis.ee\/Portal\/Publications\/Display\/dbbe8b48-4882-40a8-a67f-c7fa8d615f4f\" target=\"_blank\" rel=\"noopener\">Juhkason, Grethe; Kalkun, Andreas; Lindstr\u00f6m, Liina; Plado, Helen (2012). Petserimaa setodest ja nende keelest 2010.-2011. a v\u00e4lit\u00f6\u00f6de p\u00f5hjal. \u00d5dagumeresoom\u00f5 piiriq. L\u00e4\u00e4nemeresoome piirid. Finnic borders (11\u221229). V\u00f5ro Instituut. (V\u00f5ro Instituudi Toim\u00f5ndus\u00f5q. Publications of V\u00f5ro Institute).<\/a>\u00a0<img decoding=\"async\" style=\"height: 16px; width: 17px;\" src=\"\/profiles\/openscholar\/modules\/os\/modules\/os_files\/icons\/application-pdf.svg\" alt=\"\"><a title=\"\" data-url=\"https:\/\/sisu.ut.ee\/wp-content\/uploads\/sites\/457\/juhkason_jt_petserimaa_valitood2012.pdf\" href=\"https:\/\/sisu.ut.ee\/wp-content\/uploads\/sites\/457\/juhkason_jt_petserimaa_valitood2012.pdf\" target=\"_blank\" rel=\"noopener\">terviktekst (PDF)<\/a><\/li>\n<\/ul>\n","protected":false},"excerpt":{"rendered":"<p>Ilmumas Ilmunud Varasemad uurimused<\/p>\n","protected":false},"author":239,"featured_media":0,"parent":0,"menu_order":0,"comment_status":"closed","ping_status":"closed","template":"","meta":{"_acf_changed":false,"inline_featured_image":false,"footnotes":""},"class_list":["post-5","page","type-page","status-publish","hentry"],"acf":[],"_links":{"self":[{"href":"https:\/\/sisu.ut.ee\/setko\/wp-json\/wp\/v2\/pages\/5","targetHints":{"allow":["GET"]}}],"collection":[{"href":"https:\/\/sisu.ut.ee\/setko\/wp-json\/wp\/v2\/pages"}],"about":[{"href":"https:\/\/sisu.ut.ee\/setko\/wp-json\/wp\/v2\/types\/page"}],"author":[{"embeddable":true,"href":"https:\/\/sisu.ut.ee\/setko\/wp-json\/wp\/v2\/users\/239"}],"replies":[{"embeddable":true,"href":"https:\/\/sisu.ut.ee\/setko\/wp-json\/wp\/v2\/comments?post=5"}],"version-history":[{"count":22,"href":"https:\/\/sisu.ut.ee\/setko\/wp-json\/wp\/v2\/pages\/5\/revisions"}],"predecessor-version":[{"id":251,"href":"https:\/\/sisu.ut.ee\/setko\/wp-json\/wp\/v2\/pages\/5\/revisions\/251"}],"wp:attachment":[{"href":"https:\/\/sisu.ut.ee\/setko\/wp-json\/wp\/v2\/media?parent=5"}],"curies":[{"name":"wp","href":"https:\/\/api.w.org\/{rel}","templated":true}]}}