{"id":4,"date":"2024-04-04T06:40:21","date_gmt":"2024-04-04T03:40:21","guid":{"rendered":"https:\/\/sisu.ut.ee\/setko\/tooruhm\/"},"modified":"2024-10-24T23:09:30","modified_gmt":"2024-10-24T20:09:30","slug":"tooruhm","status":"publish","type":"page","link":"https:\/\/sisu.ut.ee\/setko\/tooruhm\/","title":{"rendered":"T\u00f6\u00f6r\u00fchm"},"content":{"rendered":"<div class=\"wp-block-media-text is-stacked-on-mobile\" style=\"grid-template-columns:21% auto\"><figure class=\"wp-block-media-text__media\"><img loading=\"lazy\" decoding=\"async\" width=\"683\" height=\"1024\" src=\"https:\/\/sisu.ut.ee\/wp-content\/uploads\/sites\/457\/Liina_Lindstrom-3-683x1024.jpg\" alt=\"\" class=\"wp-image-189 size-full\" srcset=\"https:\/\/sisu.ut.ee\/wp-content\/uploads\/sites\/457\/Liina_Lindstrom-3-683x1024.jpg 683w, https:\/\/sisu.ut.ee\/wp-content\/uploads\/sites\/457\/Liina_Lindstrom-3-200x300.jpg 200w, https:\/\/sisu.ut.ee\/wp-content\/uploads\/sites\/457\/Liina_Lindstrom-3-768x1152.jpg 768w, https:\/\/sisu.ut.ee\/wp-content\/uploads\/sites\/457\/Liina_Lindstrom-3-1024x1536.jpg 1024w, https:\/\/sisu.ut.ee\/wp-content\/uploads\/sites\/457\/Liina_Lindstrom-3-1365x2048.jpg 1365w, https:\/\/sisu.ut.ee\/wp-content\/uploads\/sites\/457\/Liina_Lindstrom-3-1920x2880.jpg 1920w, https:\/\/sisu.ut.ee\/wp-content\/uploads\/sites\/457\/Liina_Lindstrom-3-scaled.jpg 1706w\" sizes=\"auto, (max-width: 683px) 100vw, 683px\"><\/figure><div class=\"wp-block-media-text__content\">\n<p><span style=\"color: #a52a2a;\"><strong>Liina Lindstr\u00f6m<\/strong><\/span><\/p>\n\n\n\n<p><em>Tartu \u00fclikooli\u00a0t\u00e4nap\u00e4eva eesti keele professor ja projekti \u201eInterdistsiplinaarne seto korpus\u201c juht<\/em><\/p>\n\n\n\n<p>Liina on uurinud eesti keele s\u00fcntaksit, eesti keele grammatika varieerumist, eesti murdeid ning murdes\u00fcntaksi varieerumist. Ta on teinud palju v\u00e4lit\u00f6id eesti keele aladel, eriti aga seto keele alal. Aastatel 2010\u20132013 juhtis Liina projekti, mille k\u00e4igus koguti hulgaliselt keelematerjali t\u00e4nap\u00e4eva Vene F\u00f6deratsiooni koosseisu kuuluval seto keele alal Petseri \u00fcmbruses. Projektis huvitab teda ennek\u00f5ik seto keele, eriti selle grammatika varieerumine ning seda m\u00f5jutavad asjaolud, aga ka laiemalt seto keele olukord t\u00e4nap\u00e4eva Eestis ja Venemaal.<\/p>\n<\/div><\/div>\n\n\n\n<p>Foto: Lauri Kulpsoo<\/p>\n\n\n\n<div class=\"wp-block-media-text is-stacked-on-mobile\" style=\"grid-template-columns:21% auto\"><figure class=\"wp-block-media-text__media\"><img loading=\"lazy\" decoding=\"async\" width=\"717\" height=\"1024\" src=\"https:\/\/sisu.ut.ee\/wp-content\/uploads\/sites\/457\/andreas_kalkun_crop-717x1024.jpg\" alt=\"Andreas Kalkun\" class=\"wp-image-35 size-full\" srcset=\"https:\/\/sisu.ut.ee\/wp-content\/uploads\/sites\/457\/andreas_kalkun_crop-717x1024.jpg 717w, https:\/\/sisu.ut.ee\/wp-content\/uploads\/sites\/457\/andreas_kalkun_crop-210x300.jpg 210w, https:\/\/sisu.ut.ee\/wp-content\/uploads\/sites\/457\/andreas_kalkun_crop-768x1097.jpg 768w, https:\/\/sisu.ut.ee\/wp-content\/uploads\/sites\/457\/andreas_kalkun_crop-1075x1536.jpg 1075w, https:\/\/sisu.ut.ee\/wp-content\/uploads\/sites\/457\/andreas_kalkun_crop-1434x2048.jpg 1434w, https:\/\/sisu.ut.ee\/wp-content\/uploads\/sites\/457\/andreas_kalkun_crop.jpg 1750w\" sizes=\"auto, (max-width: 717px) 100vw, 717px\"><\/figure><div class=\"wp-block-media-text__content\">\n<p><span style=\"color: #a52a2a;\"><strong>Andreas Kalkun<\/strong><\/span><\/p>\n\n\n\n<p><em>seto keele ja kultuuri teadur<\/em><\/p>\n\n\n\n<p>Andreas\u00a0on folklorist,\u00a0kes on uurinud peamiselt seto laulup\u00e4rimust ja usundit, aga tegelenud ka folkloristika ajaloo, varase kirjakultuuri ning soo ja seksuaalsuse teemadega. V\u00e4lit\u00f6id on ta teinud peamiselt setode juures Eestis, aga ka Pihkva oblasti Petseri rajoonis ja Krasnojarski krais. Keeleteadlastega seob Andreast juba pikem koost\u00f6\u00f6 seoses \u00fchiste v\u00e4lit\u00f6\u00f6dega Setomaal.<\/p>\n<\/div><\/div>\n\n\n\n<div style=\"height:50px\" aria-hidden=\"true\" class=\"wp-block-spacer\"><\/div>\n\n\n\n<div class=\"wp-block-media-text is-stacked-on-mobile\" style=\"grid-template-columns:21% auto\"><figure class=\"wp-block-media-text__media\"><img loading=\"lazy\" decoding=\"async\" width=\"683\" height=\"1024\" src=\"https:\/\/sisu.ut.ee\/wp-content\/uploads\/sites\/457\/Helen_Plado-2-683x1024.jpg\" alt=\"\" class=\"wp-image-198 size-full\" srcset=\"https:\/\/sisu.ut.ee\/wp-content\/uploads\/sites\/457\/Helen_Plado-2-683x1024.jpg 683w, https:\/\/sisu.ut.ee\/wp-content\/uploads\/sites\/457\/Helen_Plado-2-200x300.jpg 200w, https:\/\/sisu.ut.ee\/wp-content\/uploads\/sites\/457\/Helen_Plado-2-768x1152.jpg 768w, https:\/\/sisu.ut.ee\/wp-content\/uploads\/sites\/457\/Helen_Plado-2-1024x1536.jpg 1024w, https:\/\/sisu.ut.ee\/wp-content\/uploads\/sites\/457\/Helen_Plado-2-1365x2048.jpg 1365w, https:\/\/sisu.ut.ee\/wp-content\/uploads\/sites\/457\/Helen_Plado-2-1920x2880.jpg 1920w, https:\/\/sisu.ut.ee\/wp-content\/uploads\/sites\/457\/Helen_Plado-2-scaled.jpg 1707w\" sizes=\"auto, (max-width: 683px) 100vw, 683px\"><\/figure><div class=\"wp-block-media-text__content\">\n<p><span style=\"color: #a52a2a;\"><strong>Helen Plado<\/strong><\/span><\/p>\n\n\n\n<p><em>Tartu \u00fclikooli eesti keele teadur\u00a0ja V\u00f5ro instituudi grammatikateadur<\/em><\/p>\n\n\n\n<p>Helenit huvitab keele varieerumine ja keele muutumine (eelk\u00f5ige grammatika varieerumine ja muutumine) ning selle kaudu ka keelekontaktid. Taustaks on peamiselt funktsionaalne l\u00e4henemine.\u00a0V\u00f5ru ja seto keelega seoses on ta hakanud tegelema ka sotsiolingvistikaga, keskendudes ohustatud keelte temaatikale ja keelte elustamisele.\u00a0Helen on\u00a0v\u00f5ru keele r\u00e4\u00e4kija ja v\u00f5ru keele olukorraga paremini kursis. Lisaks V\u00f5rumaal tehtud v\u00e4lit\u00f6\u00f6dele on ta k\u00e4inud keelelistel v\u00e4lit\u00f6\u00f6del ka Setomaal.\u00a0<\/p>\n<\/div><\/div>\n\n\n\n<p>Foto: Lauri Kulpsoo<\/p>\n\n\n\n<div class=\"wp-block-media-text is-stacked-on-mobile\" style=\"grid-template-columns:21% auto\"><figure class=\"wp-block-media-text__media\"><img loading=\"lazy\" decoding=\"async\" width=\"683\" height=\"1024\" src=\"https:\/\/sisu.ut.ee\/wp-content\/uploads\/sites\/457\/Annika_Kangsepp-683x1024.jpg\" alt=\"\" class=\"wp-image-200 size-full\" srcset=\"https:\/\/sisu.ut.ee\/wp-content\/uploads\/sites\/457\/Annika_Kangsepp-683x1024.jpg 683w, https:\/\/sisu.ut.ee\/wp-content\/uploads\/sites\/457\/Annika_Kangsepp-200x300.jpg 200w, https:\/\/sisu.ut.ee\/wp-content\/uploads\/sites\/457\/Annika_Kangsepp-768x1152.jpg 768w, https:\/\/sisu.ut.ee\/wp-content\/uploads\/sites\/457\/Annika_Kangsepp-1024x1536.jpg 1024w, https:\/\/sisu.ut.ee\/wp-content\/uploads\/sites\/457\/Annika_Kangsepp-1365x2048.jpg 1365w, https:\/\/sisu.ut.ee\/wp-content\/uploads\/sites\/457\/Annika_Kangsepp-1920x2880.jpg 1920w, https:\/\/sisu.ut.ee\/wp-content\/uploads\/sites\/457\/Annika_Kangsepp-scaled.jpg 1707w\" sizes=\"auto, (max-width: 683px) 100vw, 683px\"><\/figure><div class=\"wp-block-media-text__content\">\n<p><span style=\"color: #a52a2a;\"><strong>Annika K\u00e4ngsepp<\/strong><\/span><\/p>\n\n\n\n<p><em>keeleteaduse nooremteadur<\/em><\/p>\n\n\n\n<p>Keeleteaduslikest suundadest huvitavad Annikat enim keele varieerumine ja eesti murded. SetKo projektis otsustas Annika kaasa l\u00fc\u00fca eelk\u00f5ige seet\u00f5ttu, et \u00fcks osa tema juurtest on p\u00e4rit V\u00f5rumaalt ja teine Setomaalt. Projektis pakub talle peamiselt huvi see, kuidas erineb Venemaa poolel elavate setode keel Eesti poolel elavate setode keelest.<\/p>\n<\/div><\/div>\n\n\n\n<p>Foto: Lauri Kulpsoo<\/p>\n\n\n\n<div class=\"wp-block-media-text is-stacked-on-mobile\" style=\"grid-template-columns:21% auto\"><figure class=\"wp-block-media-text__media\"><img loading=\"lazy\" decoding=\"async\" width=\"683\" height=\"1024\" src=\"https:\/\/sisu.ut.ee\/wp-content\/uploads\/sites\/457\/Maarja-Liisa_Pilvik-683x1024.jpg\" alt=\"\" class=\"wp-image-203 size-full\" srcset=\"https:\/\/sisu.ut.ee\/wp-content\/uploads\/sites\/457\/Maarja-Liisa_Pilvik-683x1024.jpg 683w, https:\/\/sisu.ut.ee\/wp-content\/uploads\/sites\/457\/Maarja-Liisa_Pilvik-200x300.jpg 200w, https:\/\/sisu.ut.ee\/wp-content\/uploads\/sites\/457\/Maarja-Liisa_Pilvik-768x1152.jpg 768w, https:\/\/sisu.ut.ee\/wp-content\/uploads\/sites\/457\/Maarja-Liisa_Pilvik-1024x1536.jpg 1024w, https:\/\/sisu.ut.ee\/wp-content\/uploads\/sites\/457\/Maarja-Liisa_Pilvik-1365x2048.jpg 1365w, https:\/\/sisu.ut.ee\/wp-content\/uploads\/sites\/457\/Maarja-Liisa_Pilvik-1920x2880.jpg 1920w, https:\/\/sisu.ut.ee\/wp-content\/uploads\/sites\/457\/Maarja-Liisa_Pilvik-scaled.jpg 1707w\" sizes=\"auto, (max-width: 683px) 100vw, 683px\"><\/figure><div class=\"wp-block-media-text__content\">\n<p><span style=\"color: #a52a2a;\"><strong>Maarja-Liisa Pilvik<\/strong><\/span><\/p>\n\n\n\n<p><em>eesti keele teadur<\/em><\/p>\n\n\n\n<p>Maarja-Liisat huvitavad eesk\u00e4tt konstruktsiooniline varieerumine, lingvistiline produktiivsus ning keelekasutuse erinevused eri registrites. Samuti on Maarja-Liisa end arendanud andmeteaduse ja kvantitatiivsete andmeanal\u00fc\u00fcsi meetodite vallas ning \u00f5petab seda ka \u00fclikoolis.<\/p>\n<\/div><\/div>\n\n\n\n<p>Foto: Lauri Kulpsoo<\/p>\n\n\n\n<div class=\"wp-block-media-text is-stacked-on-mobile\" style=\"grid-template-columns:21% auto\"><figure class=\"wp-block-media-text__media\"><img loading=\"lazy\" decoding=\"async\" width=\"683\" height=\"1024\" src=\"https:\/\/sisu.ut.ee\/wp-content\/uploads\/sites\/457\/Triin_Todesk-683x1024.jpg\" alt=\"\" class=\"wp-image-206 size-full\" srcset=\"https:\/\/sisu.ut.ee\/wp-content\/uploads\/sites\/457\/Triin_Todesk-683x1024.jpg 683w, https:\/\/sisu.ut.ee\/wp-content\/uploads\/sites\/457\/Triin_Todesk-200x300.jpg 200w, https:\/\/sisu.ut.ee\/wp-content\/uploads\/sites\/457\/Triin_Todesk-768x1152.jpg 768w, https:\/\/sisu.ut.ee\/wp-content\/uploads\/sites\/457\/Triin_Todesk-1024x1536.jpg 1024w, https:\/\/sisu.ut.ee\/wp-content\/uploads\/sites\/457\/Triin_Todesk-1365x2048.jpg 1365w, https:\/\/sisu.ut.ee\/wp-content\/uploads\/sites\/457\/Triin_Todesk-1920x2880.jpg 1920w, https:\/\/sisu.ut.ee\/wp-content\/uploads\/sites\/457\/Triin_Todesk-scaled.jpg 1706w\" sizes=\"auto, (max-width: 683px) 100vw, 683px\"><\/figure><div class=\"wp-block-media-text__content\">\n<p><span style=\"color: #a52a2a;\"><strong>Triin Todesk<\/strong><\/span><\/p>\n\n\n\n<p><em>l\u00f5unaeesti keelte teadur<\/em><\/p>\n\n\n\n<p>Triin on tegelenud eesti murrete muutemorfoloogia ja s\u00f5navaraga ning on h\u00e4sti tuttav murdekeele kogumise, kogutu s\u00e4ilitamise ning t\u00f6\u00f6tlemisega. Seto korpuse projektis koordineerib Triin tekstide litereerimist ning osaleb uue materjali salvestamises.<\/p>\n<\/div><\/div>\n\n\n\n<p>Foto: Lauri Kulpsoo<\/p>\n\n\n\n<div class=\"wp-block-media-text is-stacked-on-mobile\" style=\"grid-template-columns:21% auto\"><figure class=\"wp-block-media-text__media\"><img loading=\"lazy\" decoding=\"async\" width=\"799\" height=\"1024\" src=\"https:\/\/sisu.ut.ee\/wp-content\/uploads\/sites\/457\/ly_kaasik-799x1024.jpg\" alt=\"Ly Kaasik\" class=\"wp-image-22 size-full\" srcset=\"https:\/\/sisu.ut.ee\/wp-content\/uploads\/sites\/457\/ly_kaasik-799x1024.jpg 799w, https:\/\/sisu.ut.ee\/wp-content\/uploads\/sites\/457\/ly_kaasik-234x300.jpg 234w, https:\/\/sisu.ut.ee\/wp-content\/uploads\/sites\/457\/ly_kaasik-768x984.jpg 768w, https:\/\/sisu.ut.ee\/wp-content\/uploads\/sites\/457\/ly_kaasik-1199x1536.jpg 1199w, https:\/\/sisu.ut.ee\/wp-content\/uploads\/sites\/457\/ly_kaasik-1598x2048.jpg 1598w, https:\/\/sisu.ut.ee\/wp-content\/uploads\/sites\/457\/ly_kaasik-1920x2460.jpg 1920w, https:\/\/sisu.ut.ee\/wp-content\/uploads\/sites\/457\/ly_kaasik-scaled.jpg 1998w\" sizes=\"auto, (max-width: 799px) 100vw, 799px\"><\/figure><div class=\"wp-block-media-text__content\">\n<p><span style=\"color: #a52a2a;\"><strong>Ly Kaasik<\/strong><\/span><\/p>\n\n\n\n<p><em>eesti ja soome-ugri keeleteaduse magistrant<\/em><\/p>\n\n\n\n<p>Lyle pakub keeleteaduses k\u00f5ige rohkem huvi kognitiivne metafooriteooria ning s\u00fcnesteetilised ja kehaosametafoorid. Samas on tema jaoks v\u00e4ga p\u00f5nevad ka eesti murded ning keele piirkondlik kujunemine ja muutumine aja jooksul. Eriti on Ly huvitatud seto ja v\u00f5ro keelest, sest ta emapoolne vanaema oli p\u00e4rit Setomaalt. Ly otsustas\u00a0projektis osaleda sellep\u00e4rast, et \u00f5ppida paremini tundma seto keelt ja tutvuda selle hetkeolukorraga. Samuti soovib ta rohkem teada saada seto kombestikust ja traditsioonidest.<\/p>\n<\/div><\/div>\n\n\n\n<div style=\"height:50px\" aria-hidden=\"true\" class=\"wp-block-spacer\"><\/div>\n\n\n\n<div class=\"wp-block-media-text is-stacked-on-mobile\" style=\"grid-template-columns:21% auto\"><figure class=\"wp-block-media-text__media\"><img loading=\"lazy\" decoding=\"async\" width=\"768\" height=\"1024\" src=\"https:\/\/sisu.ut.ee\/wp-content\/uploads\/sites\/457\/pilt.hipe_-768x1024.jpeg\" alt=\"Hipp Saar\" class=\"wp-image-31 size-full\" srcset=\"https:\/\/sisu.ut.ee\/wp-content\/uploads\/sites\/457\/pilt.hipe_-768x1024.jpeg 768w, https:\/\/sisu.ut.ee\/wp-content\/uploads\/sites\/457\/pilt.hipe_-225x300.jpeg 225w, https:\/\/sisu.ut.ee\/wp-content\/uploads\/sites\/457\/pilt.hipe_-1152x1536.jpeg 1152w, https:\/\/sisu.ut.ee\/wp-content\/uploads\/sites\/457\/pilt.hipe_-1536x2048.jpeg 1536w, https:\/\/sisu.ut.ee\/wp-content\/uploads\/sites\/457\/pilt.hipe_-scaled.jpeg 1920w\" sizes=\"auto, (max-width: 768px) 100vw, 768px\"><\/figure><div class=\"wp-block-media-text__content\">\n<p><span style=\"color: #a52a2a;\"><strong>Hipp Saar<\/strong><\/span><\/p>\n\n\n\n<p><em>ajaloo magistritudeng<\/em><\/p>\n\n\n\n<p>Hipp on p\u00e4rit V\u00f5rumaalt ning kasvanud inimeste keskel, kes on pidevalt tegelenud keelega ja ka murdekeelt rohkem kui lihtsalt k\u00f5nelnud. T\u00e4nu neile inimestele j\u00f5udis ta ka seto korpuse projekti. Juba lapseeas j\u00e4i Hipele k\u00fclge nii v\u00f5ru keel kui ka arusaamine murdekeelte s\u00e4ilitamise vajadusest, mis on ka praegu \u00fcks tema s\u00fcdamel\u00e4hedane keeleteema.<\/p>\n<\/div><\/div>\n\n\n\n<div style=\"height:50px\" aria-hidden=\"true\" class=\"wp-block-spacer\"><\/div>\n\n\n\n<div class=\"wp-block-media-text is-stacked-on-mobile\" style=\"grid-template-columns:21% auto\"><figure class=\"wp-block-media-text__media\"><img loading=\"lazy\" decoding=\"async\" width=\"683\" height=\"1024\" src=\"https:\/\/sisu.ut.ee\/wp-content\/uploads\/sites\/457\/50403720617_d3a2cc0675_o-683x1024.jpg\" alt=\"Janek Vaab\" class=\"wp-image-19 size-full\" srcset=\"https:\/\/sisu.ut.ee\/wp-content\/uploads\/sites\/457\/50403720617_d3a2cc0675_o-683x1024.jpg 683w, https:\/\/sisu.ut.ee\/wp-content\/uploads\/sites\/457\/50403720617_d3a2cc0675_o-200x300.jpg 200w, https:\/\/sisu.ut.ee\/wp-content\/uploads\/sites\/457\/50403720617_d3a2cc0675_o-768x1152.jpg 768w, https:\/\/sisu.ut.ee\/wp-content\/uploads\/sites\/457\/50403720617_d3a2cc0675_o-1024x1536.jpg 1024w, https:\/\/sisu.ut.ee\/wp-content\/uploads\/sites\/457\/50403720617_d3a2cc0675_o-1365x2048.jpg 1365w, https:\/\/sisu.ut.ee\/wp-content\/uploads\/sites\/457\/50403720617_d3a2cc0675_o-1920x2880.jpg 1920w, https:\/\/sisu.ut.ee\/wp-content\/uploads\/sites\/457\/50403720617_d3a2cc0675_o-scaled.jpg 1706w\" sizes=\"auto, (max-width: 683px) 100vw, 683px\"><\/figure><div class=\"wp-block-media-text__content\">\n<p><span style=\"color: #a52a2a;\"><strong>Janek Vaab<\/strong><\/span><\/p>\n\n\n\n<p><em>fennougristika nooremteadur<\/em><\/p>\n\n\n\n<p>Janek on\u00a0s\u00fcndinud-kasvanud Tallinnas, kuid juured viivad ta pisikesse Savil\u00f6\u00f6vi k\u00fclla V\u00f5rumaal. Seet\u00f5ttu huvitub Janek\u00a0l\u00f5unaeesti keeltest, t\u00e4psemalt v\u00f5ru keelest, aga ka l\u00e4\u00e4nemeresoome s\u00f5nade et\u00fcmoloogiast ja h\u00e4\u00e4likuloost.<\/p>\n<\/div><\/div>\n\n\n\n<div style=\"height:50px\" aria-hidden=\"true\" class=\"wp-block-spacer\"><\/div>\n\n\n\n<div class=\"wp-block-media-text is-stacked-on-mobile\" style=\"grid-template-columns:21% auto\"><figure class=\"wp-block-media-text__media\"><img loading=\"lazy\" decoding=\"async\" width=\"556\" height=\"810\" src=\"https:\/\/sisu.ut.ee\/wp-content\/uploads\/sites\/457\/maria_grunberg2.jpg\" alt=\"Maria Gr\u00fcnberg\" class=\"wp-image-26 size-full\" srcset=\"https:\/\/sisu.ut.ee\/wp-content\/uploads\/sites\/457\/maria_grunberg2.jpg 556w, https:\/\/sisu.ut.ee\/wp-content\/uploads\/sites\/457\/maria_grunberg2-206x300.jpg 206w\" sizes=\"auto, (max-width: 556px) 100vw, 556px\"><\/figure><div class=\"wp-block-media-text__content\">\n<p><span style=\"color: #a52a2a;\"><strong>Maria Gr\u00fcnberg<\/strong><\/span><\/p>\n\n\n\n<p><i>Vikerraadio setokeelsete uudiste toimetaja<\/i><\/p>\n\n\n\n<p>Kuigi Setomaa ja seto laulud on Maria s\u00fcdames olnud juba v\u00e4iksest saati, on ta seto asja aktiivsemalt ajanud viimased viis aastat. 2018. aastal valiti Maria ka Setomaa noorsootskaks. Projektiga liitus ta seet\u00f5ttu, et seto keele s\u00e4ilimine on Maria s\u00fcdameasi. Seto keele litereerijana pakuvad talle enim huvi erip\u00e4rased seto s\u00f5nad ja vanad jutud.<\/p>\n<\/div><\/div>\n\n\n\n<div style=\"height:50px\" aria-hidden=\"true\" class=\"wp-block-spacer\"><\/div>\n\n\n\n<div class=\"wp-block-media-text is-stacked-on-mobile\" style=\"grid-template-columns:21% auto\"><figure class=\"wp-block-media-text__media\"><img loading=\"lazy\" decoding=\"async\" width=\"689\" height=\"1024\" src=\"https:\/\/sisu.ut.ee\/wp-content\/uploads\/sites\/457\/Kertu_Zahharov-689x1024.jpg\" alt=\"\" class=\"wp-image-281 size-full\" srcset=\"https:\/\/sisu.ut.ee\/wp-content\/uploads\/sites\/457\/Kertu_Zahharov-689x1024.jpg 689w, https:\/\/sisu.ut.ee\/wp-content\/uploads\/sites\/457\/Kertu_Zahharov-202x300.jpg 202w, https:\/\/sisu.ut.ee\/wp-content\/uploads\/sites\/457\/Kertu_Zahharov-768x1141.jpg 768w, https:\/\/sisu.ut.ee\/wp-content\/uploads\/sites\/457\/Kertu_Zahharov-1034x1536.jpg 1034w, https:\/\/sisu.ut.ee\/wp-content\/uploads\/sites\/457\/Kertu_Zahharov.jpg 1378w\" sizes=\"auto, (max-width: 689px) 100vw, 689px\"><\/figure><div class=\"wp-block-media-text__content\">\n<p><span style=\"color: #a52a2a;\"><strong>Kertu Zahharov<\/strong><\/span><\/p>\n\n\n\n<p><em>eesti ja soome-ugri keeleteaduse bakalaureusetudeng<\/em><\/p>\n\n\n\n<p>\u00dcldkeeleteaduse eriala tudengit Kertut, olles ise \u00fcles kasvanud Alutaguse murde keskel, paeluvad k\u00f5ik Eesti murded. Selle projekti tarvis Setomaal keelt kogumas k\u00e4ia oli tema esimene v\u00e4lit\u00f6\u00f6de kogemus. Lisaks keeleteadusele on Kertu tegus ka p\u00e4rimusmuusikuna, mille kaudu on erinev murdekeel olnud osa tema elust pikka aega. Bakalaureuse\u00f5ppe tudengina tunneb ta huvi paljude keeleteaduse suundade vastu, sest keelemaailm l\u00e4bi teadlase pilgu on \u00fcks \u00e4\u00e4retult p\u00f5nev paik.<\/p>\n<\/div><\/div>\n\n\n\n<div style=\"height:50px\" aria-hidden=\"true\" class=\"wp-block-spacer\"><\/div>\n\n\n\n<div class=\"wp-block-media-text is-stacked-on-mobile\" style=\"grid-template-columns:21% auto\"><figure class=\"wp-block-media-text__media\"><img loading=\"lazy\" decoding=\"async\" width=\"677\" height=\"1024\" src=\"https:\/\/sisu.ut.ee\/wp-content\/uploads\/sites\/457\/Georg_Timostsenko-1-677x1024.jpg\" alt=\"\" class=\"wp-image-286 size-full\" srcset=\"https:\/\/sisu.ut.ee\/wp-content\/uploads\/sites\/457\/Georg_Timostsenko-1-677x1024.jpg 677w, https:\/\/sisu.ut.ee\/wp-content\/uploads\/sites\/457\/Georg_Timostsenko-1-198x300.jpg 198w, https:\/\/sisu.ut.ee\/wp-content\/uploads\/sites\/457\/Georg_Timostsenko-1-768x1162.jpg 768w, https:\/\/sisu.ut.ee\/wp-content\/uploads\/sites\/457\/Georg_Timostsenko-1-1015x1536.jpg 1015w, https:\/\/sisu.ut.ee\/wp-content\/uploads\/sites\/457\/Georg_Timostsenko-1-1354x2048.jpg 1354w, https:\/\/sisu.ut.ee\/wp-content\/uploads\/sites\/457\/Georg_Timostsenko-1-1920x2904.jpg 1920w, https:\/\/sisu.ut.ee\/wp-content\/uploads\/sites\/457\/Georg_Timostsenko-1-scaled.jpg 1692w\" sizes=\"auto, (max-width: 677px) 100vw, 677px\"><\/figure><div class=\"wp-block-media-text__content\">\n<p><span style=\"color: #a52a2a;\"><strong>Georg Timo\u0161t\u0161enko<\/strong><\/span><\/p>\n\n\n\n<p><em>keeleteaduse magistrant<\/em><strong style=\"color: rgb(165, 42, 42);\"> <\/strong><\/p>\n\n\n\n<p>Georg on p\u00e4rit P\u00e4rnust, seto keele juurde j\u00f5udnud aga keeleteaduse kaudu. Varem on ta uurinud k\u00e4\u00e4nd- ja p\u00f6\u00f6rds\u00f5nade piirile j\u00e4\u00e4vaid eesti keele s\u00f5nu, teda huvitavad ka keele muutumine ja ajalugu. Projektis osaledes on talle varasemast v\u00f5\u00f5ras seto keel saanud palju tuttavamaks ja arusaadavamaks. Selle k\u00f5nelemiseni l\u00e4heb aga veel aega.<\/p>\n<\/div><\/div>\n\n\n\n<p>\u00a0<\/p>\n\n\n\n<p>\u00a0<\/p>\n\n\n\n<p>\u00a0<\/p>\n","protected":false},"excerpt":{"rendered":"<p>Liina Lindstr\u00f6m Tartu \u00fclikooli\u00a0t\u00e4nap\u00e4eva eesti keele professor ja projekti \u201eInterdistsiplinaarne seto korpus\u201c juht Liina on uurinud eesti keele s\u00fcntaksit, eesti keele grammatika varieerumist, eesti murdeid ning murdes\u00fcntaksi varieerumist. Ta on teinud palju v\u00e4lit\u00f6id eesti keele aladel, eriti aga seto keele &#8230;<\/p>\n","protected":false},"author":239,"featured_media":0,"parent":0,"menu_order":0,"comment_status":"closed","ping_status":"closed","template":"","meta":{"_acf_changed":false,"inline_featured_image":false,"footnotes":""},"class_list":["post-4","page","type-page","status-publish","hentry"],"acf":[],"_links":{"self":[{"href":"https:\/\/sisu.ut.ee\/setko\/wp-json\/wp\/v2\/pages\/4","targetHints":{"allow":["GET"]}}],"collection":[{"href":"https:\/\/sisu.ut.ee\/setko\/wp-json\/wp\/v2\/pages"}],"about":[{"href":"https:\/\/sisu.ut.ee\/setko\/wp-json\/wp\/v2\/types\/page"}],"author":[{"embeddable":true,"href":"https:\/\/sisu.ut.ee\/setko\/wp-json\/wp\/v2\/users\/239"}],"replies":[{"embeddable":true,"href":"https:\/\/sisu.ut.ee\/setko\/wp-json\/wp\/v2\/comments?post=4"}],"version-history":[{"count":19,"href":"https:\/\/sisu.ut.ee\/setko\/wp-json\/wp\/v2\/pages\/4\/revisions"}],"predecessor-version":[{"id":287,"href":"https:\/\/sisu.ut.ee\/setko\/wp-json\/wp\/v2\/pages\/4\/revisions\/287"}],"wp:attachment":[{"href":"https:\/\/sisu.ut.ee\/setko\/wp-json\/wp\/v2\/media?parent=4"}],"curies":[{"name":"wp","href":"https:\/\/api.w.org\/{rel}","templated":true}]}}