{"id":15,"date":"2024-04-04T06:40:22","date_gmt":"2024-04-04T03:40:22","guid":{"rendered":"https:\/\/sisu.ut.ee\/setko\/petserimaa-eesti-riigi-osana\/"},"modified":"2024-06-06T13:32:20","modified_gmt":"2024-06-06T10:32:20","slug":"petserimaa-eesti-riigi-osana","status":"publish","type":"page","link":"https:\/\/sisu.ut.ee\/setko\/petserimaa-eesti-riigi-osana\/","title":{"rendered":"Petserimaa eestistamine"},"content":{"rendered":"<div style=\"height:20px\" aria-hidden=\"true\" class=\"wp-block-spacer\"><\/div>\n\n\n\n<p><span style=\"line-height: 115%;\"><span lang=\"ET\"><span style=\"line-height: 115%;\">1. juulil 1917 (vkj) saadeti Setomaalt Eestimaa kubermangu maan\u00f5ukogule 73 allkirjaga palvekiri \u201ePetserimaa eestlaste ehk setukeste palve Eestiga \u00fchendamise asjus\u201d, mida maan\u00f5ukogu otsustas 14. oktoobril 1917 (vkj) kuulda v\u00f5tta. 1918. aastal Saksa okupatsiooni ajal liideti Petserimaa haldus\u00fcksusena \u00fclej\u00e4\u00e4nud Eestiga ning 1920. aastal Eesti vabariigi ja N\u00f5ukogude Venemaa vahel s\u00f5lmitud Tartu rahulepingu j\u00e4rgi kuulutati Petserimaa igaveseks ajaks Eesti osaks. Petserimaa koosseisu kuulunud setode asuala liitmine Eesti vabariigiga t\u00e4hendas setode jaoks \u00fchtlasi kiiret moderniseerumist ja eestlasteks l\u00f5imumise algust.<\/span><\/span><\/span><\/p>\n\n\n\n<p><span style=\"line-height: 115%;\"><span lang=\"ET\"><span style=\"line-height: 115%;\">Eesti vabariigis loodi spetsiaalne organisatsioon \u2013 piirimaade selts, mille eesm\u00e4rk oli liidetud Narvataguste alade ja Petserimaa administratiivne ja kultuuriline edendamine. Petserimaal pandi piirimaade seltsi algatusel 1921. aastal setodele perekonnanimed, \u00fchtlasi p\u00fc\u00fcti setosid igati integreerida eesti \u00fchiskonda. \u00dcks eesm\u00e4rke oli n\u00e4iteks uue kalendri kasutuselev\u00f5tmine, mis pole Setomaal siiamaani t\u00e4ielikult \u00f5nnestunud, ning vene-seto segakoguduste lahutamine. Selleks, et setode ja venelaste jumalateenistused toimuksid eraldi, plaaniti ehitada mitmeid setode kirikuid, aga rahapuudusel j\u00e4i see nii m\u00f5neski kohas teostamata (ajutist lahendust pakkusid n\u00e4iteks vaheseintega poolitatud kirikuruumid). Piirimaade seltsi eestv\u00f5ttel ehitati Petserisse ka luteri kirik, samuti organiseeriti setodele p\u00fchap\u00e4evakoole, korraldati I Seto kongress ja laulupidu ning organiseeriti mitmeid kursusi, et \u201csetode kultuuri edendada\u201d. Piirimaade selts alustas valitsuse toel oma t\u00f6\u00f6d suure hurraaga, ja v\u00e4hemalt aruannete j\u00e4rgi oldi oma tegevuses ka edukas. T\u00f5epoolest, setod said perekonnanimed, teostati vallareform ja Setomaa kaeti kooliv\u00f5rguga, milles t\u00f6\u00f6tanud \u00f5petajad p\u00fc\u00fcdsid hea ja kurjaga kasvatada seto lastest tublisid Eesti vabariigi kodanikke. Piirimaade seltsi ja selle juhi Samuel Sommeri t\u00e4htsaimaks teeneks kujunes aga suure rahvaluulekogumise aktsiooni korraldamine, mille k\u00e4igus kogusid kirjaoskuse omandanud seto noored 124 648 lehek\u00fclge seto rahvaluulet \u2013 \u00fcliv\u00e4\u00e4rtuslikku materjali, millest suur osa ootab siiani veel avastamist ja publitseerimist.<\/span><\/span><\/span><\/p>\n","protected":false},"excerpt":{"rendered":"<p>1. juulil 1917 (vkj) saadeti Setomaalt Eestimaa kubermangu maan\u00f5ukogule 73 allkirjaga palvekiri \u201ePetserimaa eestlaste ehk setukeste palve Eestiga \u00fchendamise asjus\u201d, mida maan\u00f5ukogu otsustas 14. oktoobril 1917 (vkj) kuulda v\u00f5tta. 1918. aastal Saksa okupatsiooni ajal liideti Petserimaa haldus\u00fcksusena \u00fclej\u00e4\u00e4nud Eestiga ning &#8230;<\/p>\n","protected":false},"author":239,"featured_media":0,"parent":0,"menu_order":0,"comment_status":"closed","ping_status":"closed","template":"","meta":{"_acf_changed":false,"inline_featured_image":false,"footnotes":""},"class_list":["post-15","page","type-page","status-publish","hentry"],"acf":[],"_links":{"self":[{"href":"https:\/\/sisu.ut.ee\/setko\/wp-json\/wp\/v2\/pages\/15","targetHints":{"allow":["GET"]}}],"collection":[{"href":"https:\/\/sisu.ut.ee\/setko\/wp-json\/wp\/v2\/pages"}],"about":[{"href":"https:\/\/sisu.ut.ee\/setko\/wp-json\/wp\/v2\/types\/page"}],"author":[{"embeddable":true,"href":"https:\/\/sisu.ut.ee\/setko\/wp-json\/wp\/v2\/users\/239"}],"replies":[{"embeddable":true,"href":"https:\/\/sisu.ut.ee\/setko\/wp-json\/wp\/v2\/comments?post=15"}],"version-history":[{"count":2,"href":"https:\/\/sisu.ut.ee\/setko\/wp-json\/wp\/v2\/pages\/15\/revisions"}],"predecessor-version":[{"id":172,"href":"https:\/\/sisu.ut.ee\/setko\/wp-json\/wp\/v2\/pages\/15\/revisions\/172"}],"wp:attachment":[{"href":"https:\/\/sisu.ut.ee\/setko\/wp-json\/wp\/v2\/media?parent=15"}],"curies":[{"name":"wp","href":"https:\/\/api.w.org\/{rel}","templated":true}]}}