{"id":13,"date":"2024-04-04T06:40:22","date_gmt":"2024-04-04T03:40:22","guid":{"rendered":"https:\/\/sisu.ut.ee\/setko\/viiteid\/"},"modified":"2024-06-06T15:49:29","modified_gmt":"2024-06-06T12:49:29","slug":"viiteid","status":"publish","type":"page","link":"https:\/\/sisu.ut.ee\/setko\/viiteid\/","title":{"rendered":"Viiteid"},"content":{"rendered":"<div style=\"height:20px\" aria-hidden=\"true\" class=\"wp-block-spacer\"><\/div>\n\n\n\n<h4 class=\"wp-block-heading\"><span style=\"color: #a52a2a;\">Setodest ja Setomaast: <\/span><\/h4>\n\n\n\n<div style=\"height:10px\" aria-hidden=\"true\" class=\"wp-block-spacer\"><\/div>\n\n\n\n<p><a title=\"\" data-url=\"http:\/\/www.setoinstituut.ee\" href=\"http:\/\/www.setoinstituut.ee\" target=\"_blank\" rel=\"noopener\">Seto Instituut<\/a><\/p>\n\n\n\n<p><a title=\"\" href=\"http:\/\/www.setomaa.ee\" target=\"_blank\" rel=\"noopener\" data-url=\"http:\/\/www.setomaa.ee\">Setomaa.ee<\/a><\/p>\n\n\n\n<div style=\"height:20px\" aria-hidden=\"true\" class=\"wp-block-spacer\"><\/div>\n\n\n\n<h4 class=\"wp-block-heading\"><span style=\"color: #a52a2a;\">Seto keelest:<\/span><\/h4>\n\n\n\n<div style=\"height:10px\" aria-hidden=\"true\" class=\"wp-block-spacer\"><\/div>\n\n\n\n<p><a title=\"\" data-url=\"http:\/\/www.eki.ee\/dict\/setosonastik\/\" href=\"http:\/\/www.eki.ee\/dict\/setosonastik\/\" target=\"_blank\" rel=\"noopener\">Seto s\u00f5nastik<\/a><\/p>\n\n\n\n<p><a title=\"\" href=\"http:\/\/www.eki.ee\/dict\/setoeri\/\" target=\"_blank\" rel=\"noopener\" data-url=\"http:\/\/www.eki.ee\/dict\/setoeri\/\">Seto erip\u00e4raste s\u00f5nade s\u00f5naraamat<\/a><\/p>\n\n\n\n<p><img decoding=\"async\" style=\"width: 17px; height: 19px;\" src=\"\/profiles\/openscholar\/modules\/os\/modules\/os_files\/icons\/application-pdf.svg\" alt=\"\"><a href=\"https:\/\/sisu.ut.ee\/wp-content\/uploads\/sites\/457\/keeleoppus_veebi-1.pdf\" target=\"_blank\" rel=\"noreferrer noopener\">L\u00fchkene seto keeleoppus<\/a><\/p>\n\n\n\n<p><img decoding=\"async\" style=\"width: 17px; height: 19px;\" src=\"\/profiles\/openscholar\/modules\/os\/modules\/os_files\/icons\/application-pdf.svg\" alt=\"\"><a data-fid=\"59081\" href=\"https:\/\/sisu.ut.ee\/wp-content\/uploads\/sites\/457\/oigeusu_kirikuga_seotud_seto_sonavara_kalkun.pdf\">\u00d5igeusu kirikuga seotud seto s\u00f5navara<\/a><\/p>\n","protected":false},"excerpt":{"rendered":"<p>Setodest ja Setomaast: Seto Instituut Setomaa.ee Seto keelest: Seto s\u00f5nastik Seto erip\u00e4raste s\u00f5nade s\u00f5naraamat L\u00fchkene seto keeleoppus \u00d5igeusu kirikuga seotud seto s\u00f5navara<\/p>\n","protected":false},"author":239,"featured_media":0,"parent":0,"menu_order":0,"comment_status":"closed","ping_status":"closed","template":"","meta":{"_acf_changed":false,"inline_featured_image":false,"footnotes":""},"class_list":["post-13","page","type-page","status-publish","hentry"],"acf":[],"_links":{"self":[{"href":"https:\/\/sisu.ut.ee\/setko\/wp-json\/wp\/v2\/pages\/13","targetHints":{"allow":["GET"]}}],"collection":[{"href":"https:\/\/sisu.ut.ee\/setko\/wp-json\/wp\/v2\/pages"}],"about":[{"href":"https:\/\/sisu.ut.ee\/setko\/wp-json\/wp\/v2\/types\/page"}],"author":[{"embeddable":true,"href":"https:\/\/sisu.ut.ee\/setko\/wp-json\/wp\/v2\/users\/239"}],"replies":[{"embeddable":true,"href":"https:\/\/sisu.ut.ee\/setko\/wp-json\/wp\/v2\/comments?post=13"}],"version-history":[{"count":3,"href":"https:\/\/sisu.ut.ee\/setko\/wp-json\/wp\/v2\/pages\/13\/revisions"}],"predecessor-version":[{"id":266,"href":"https:\/\/sisu.ut.ee\/setko\/wp-json\/wp\/v2\/pages\/13\/revisions\/266"}],"wp:attachment":[{"href":"https:\/\/sisu.ut.ee\/setko\/wp-json\/wp\/v2\/media?parent=13"}],"curies":[{"name":"wp","href":"https:\/\/api.w.org\/{rel}","templated":true}]}}