{"id":18,"date":"2024-04-04T05:33:45","date_gmt":"2024-04-04T02:33:45","guid":{"rendered":"https:\/\/sisu.ut.ee\/serv\/partners\/"},"modified":"2024-04-04T05:34:02","modified_gmt":"2024-04-04T02:34:02","slug":"partners","status":"publish","type":"page","link":"https:\/\/sisu.ut.ee\/serv\/partners\/","title":{"rendered":"Partners"},"content":{"rendered":"<p>\n\t<img loading=\"lazy\" decoding=\"async\" width=\"1280\" height=\"587\" class=\"alignnone wp-image-40\" style=\"width: 640px;height: 294px\" src=\"https:\/\/sisu.ut.ee\/wp-content\/uploads\/sites\/397\/thumbnail_serv_partners.jpg\" title=\"thumbnail_serv_partners.jpg\" alt=\"Partners\" srcset=\"https:\/\/sisu.ut.ee\/wp-content\/uploads\/sites\/397\/thumbnail_serv_partners.jpg 1280w, https:\/\/sisu.ut.ee\/wp-content\/uploads\/sites\/397\/thumbnail_serv_partners-300x138.jpg 300w, https:\/\/sisu.ut.ee\/wp-content\/uploads\/sites\/397\/thumbnail_serv_partners-1024x470.jpg 1024w, https:\/\/sisu.ut.ee\/wp-content\/uploads\/sites\/397\/thumbnail_serv_partners-768x352.jpg 768w\" sizes=\"auto, (max-width: 1280px) 100vw, 1280px\">\n<\/p>\n<table class=\"table table-hover\" border=\"1\" cellpadding=\"1\" cellspacing=\"1\" style=\"width: 500px\">\n<tbody>\n<tr>\n<td>\n\t\t\t\t<img loading=\"lazy\" decoding=\"async\" width=\"31\" height=\"20\" class=\"alignnone wp-image-34\" src=\"https:\/\/sisu.ut.ee\/wp-content\/uploads\/sites\/397\/ee.png\" title=\"ee.png\" alt=\"EE\">\n\t\t\t<\/td>\n<td>\n\t\t\t\tEE\n\t\t\t<\/td>\n<td>\n\t\t\t\t<span style=\"line-height:normal\"><a href=\"https:\/\/ut.ee\/\">Tartu \u00dclikool<\/a><\/span>\n\t\t\t<\/td>\n<\/tr>\n<tr>\n<td>\n\t\t\t\t<img loading=\"lazy\" decoding=\"async\" width=\"33\" height=\"20\" class=\"alignnone wp-image-35\" src=\"https:\/\/sisu.ut.ee\/wp-content\/uploads\/sites\/397\/de.png\" title=\"de.png\" alt=\"DE\">\n\t\t\t<\/td>\n<td>\n\t\t\t\tDE\n\t\t\t<\/td>\n<td>\n\t\t\t\t<span style=\"line-height:normal\"><a href=\"https:\/\/www.cjd.de\/\">Christliches Jugenddorfwerk Deutschlands e.V. (CJD)<\/a><\/span>\n\t\t\t<\/td>\n<\/tr>\n<tr>\n<td>\n\t\t\t\t<img loading=\"lazy\" decoding=\"async\" width=\"30\" height=\"20\" class=\"alignnone wp-image-36\" src=\"https:\/\/sisu.ut.ee\/wp-content\/uploads\/sites\/397\/es.png\" title=\"es.png\" alt=\"ES\">\n\t\t\t<\/td>\n<td>\n\t\t\t\tES\n\t\t\t<\/td>\n<td>\n\t\t\t\t<span style=\"line-height:normal\"><strong><span><span style=\"font-weight:normal\"><a href=\"https:\/\/aconsensus.wordpress.com\/about\/\">Asociaci\u00f3n Consensus<\/a><\/span><\/span><\/strong><\/span>\n\t\t\t<\/td>\n<\/tr>\n<tr>\n<td>\n\t\t\t\t<img loading=\"lazy\" decoding=\"async\" width=\"30\" height=\"20\" class=\"alignnone wp-image-37\" src=\"https:\/\/sisu.ut.ee\/wp-content\/uploads\/sites\/397\/pt.png\" title=\"pt.png\" alt=\"PT\">\n\t\t\t<\/td>\n<td>\n\t\t\t\tPT\n\t\t\t<\/td>\n<td>\n\t\t\t\t<span style=\"line-height:normal\"><a href=\"http:\/\/www.mri.porto.ucp.pt\/\">Universidade Cat\u00f3lica Portuguesa<\/a><\/span>\n\t\t\t<\/td>\n<\/tr>\n<tr>\n<td>\n\t\t\t\t<img loading=\"lazy\" decoding=\"async\" width=\"30\" height=\"20\" class=\"alignnone wp-image-38\" src=\"https:\/\/sisu.ut.ee\/wp-content\/uploads\/sites\/397\/it.png\" title=\"it.png\" alt=\"IT\">\n\t\t\t<\/td>\n<td>\n\t\t\t\tIT\n\t\t\t<\/td>\n<td>\n\t\t\t\t<span style=\"line-height:normal\"><strong><span><span style=\"font-weight:normal\"><a href=\"https:\/\/www.iprs.it\/en\/\">Istituto Psicoanalitico per le Ricerche Sociali<\/a><\/span><\/span><\/strong><\/span>\n\t\t\t<\/td>\n<\/tr>\n<tr>\n<td>\n\t\t\t\t<img loading=\"lazy\" decoding=\"async\" width=\"214\" height=\"142\" class=\"alignnone wp-image-39\" style=\"width:30px;height:20px\" src=\"https:\/\/sisu.ut.ee\/wp-content\/uploads\/sites\/397\/ro.png\" title=\"ro.png\" alt=\"RO\">\n\t\t\t<\/td>\n<td>\n\t\t\t\tRO\n\t\t\t<\/td>\n<td>\n\t\t\t\t<span style=\"line-height:normal\"><a href=\"https:\/\/www.uvt.ro\/ro\/\">Universitatea de Vest din Timisoara<\/a><\/span>\n\t\t\t<\/td>\n<\/tr>\n<\/tbody>\n<\/table>\n<p style=\"margin:0cm0cm0.0001pt;text-align:start\">\n\t\u00a0\n<\/p>\n<p>\u00a0<\/p>\n<p style=\"margin:0cm0cm0.0001pt;text-align:start\">\n\t\u00a0<\/p>\n","protected":false},"excerpt":{"rendered":"<p>EE Tartu \u00dclikool DE Christliches Jugenddorfwerk Deutschlands e.V. (CJD) ES Asociaci\u00f3n Consensus PT Universidade Cat\u00f3lica Portuguesa IT Istituto Psicoanalitico per le Ricerche Sociali RO Universitatea de Vest din Timisoara \u00a0 \u00a0 \u00a0<\/p>\n","protected":false},"author":158,"featured_media":0,"parent":0,"menu_order":0,"comment_status":"closed","ping_status":"closed","template":"","meta":{"_acf_changed":false,"inline_featured_image":false,"footnotes":""},"class_list":["post-18","page","type-page","status-publish","hentry"],"acf":[],"_links":{"self":[{"href":"https:\/\/sisu.ut.ee\/serv\/wp-json\/wp\/v2\/pages\/18","targetHints":{"allow":["GET"]}}],"collection":[{"href":"https:\/\/sisu.ut.ee\/serv\/wp-json\/wp\/v2\/pages"}],"about":[{"href":"https:\/\/sisu.ut.ee\/serv\/wp-json\/wp\/v2\/types\/page"}],"author":[{"embeddable":true,"href":"https:\/\/sisu.ut.ee\/serv\/wp-json\/wp\/v2\/users\/158"}],"replies":[{"embeddable":true,"href":"https:\/\/sisu.ut.ee\/serv\/wp-json\/wp\/v2\/comments?post=18"}],"version-history":[{"count":1,"href":"https:\/\/sisu.ut.ee\/serv\/wp-json\/wp\/v2\/pages\/18\/revisions"}],"predecessor-version":[{"id":93,"href":"https:\/\/sisu.ut.ee\/serv\/wp-json\/wp\/v2\/pages\/18\/revisions\/93"}],"wp:attachment":[{"href":"https:\/\/sisu.ut.ee\/serv\/wp-json\/wp\/v2\/media?parent=18"}],"curies":[{"name":"wp","href":"https:\/\/api.w.org\/{rel}","templated":true}]}}