{"id":11,"date":"2024-04-04T05:33:44","date_gmt":"2024-04-04T02:33:44","guid":{"rendered":"https:\/\/sisu.ut.ee\/serv\/et\/"},"modified":"2024-04-04T05:34:02","modified_gmt":"2024-04-04T02:34:02","slug":"et","status":"publish","type":"page","link":"https:\/\/sisu.ut.ee\/serv\/et\/?lang=et","title":{"rendered":"Kuriteoohvrite \u00f5igused ja neile suunatud teenused"},"content":{"rendered":"<p>\n\tProjektis SERV (\u201cKuriteoohvrite \u00f5igused ja neile suunatud teenused\u201d) osaleb 6 riiki, kes esindavad erinevaid ohvriabi teenuse mudeleid ning ohvrite \u00f5iguste kaitset. Osalevad riigid on Itaalia, Hispaania, Rumeenia, Saksamaa, eesti ja Portugal.\n<\/p>\n<p>\n\tMeie eesm\u00e4rkideks on leida parimad ohvriabi teenusete mudelid, arendada koost\u00f6\u00f6d teenusepakkujate vahel ning edendada valdkonnap\u00f5hist rahvusvahelist koost\u00f6\u00f6d.\n<\/p>\n<p>\n\tProjekti sihtgruppideks on kuriteoohvrid, ohvriabi organisatsioonid, ohvriabi teenuseid pakkuvad MT\u00dc-d, \u00d5itgusala t\u00f6\u00f6tajad ja poliitikakujundajad.\n<\/p>\n<p>\n\tProjeti p\u00f5hitegevusteks on teadusuuringute ja anl\u00fc\u00fcside teostamine, intervjuud kuriteoohvrite ja ohvriabi teenuste osutajatega, ohvriabi s\u00fcsteemi kujundamine ja monitooring, arutelud ja koolitused, arengukavade ning temaatiliste v\u00e4ljaannete (\u201cOhvrite h\u00e4\u00e4lked\u201d, EU k\u00e4siraamat \u201cOhvriabi teenuste muutuvad mudelid\u201d) koostamine.\n<\/p>\n<p>\n\t\u00a0\n<\/p>\n<p style=\"text-align: center\">\n\t<img loading=\"lazy\" decoding=\"async\" width=\"2560\" height=\"1046\" class=\"alignnone wp-image-32\" src=\"https:\/\/sisu.ut.ee\/wp-content\/uploads\/sites\/397\/logod6-scaled.jpg\" title=\"logod6.jpg\" alt=\"logod6.jpg\" srcset=\"https:\/\/sisu.ut.ee\/wp-content\/uploads\/sites\/397\/logod6-scaled.jpg 2560w, https:\/\/sisu.ut.ee\/wp-content\/uploads\/sites\/397\/logod6-300x123.jpg 300w, https:\/\/sisu.ut.ee\/wp-content\/uploads\/sites\/397\/logod6-1024x418.jpg 1024w, https:\/\/sisu.ut.ee\/wp-content\/uploads\/sites\/397\/logod6-768x314.jpg 768w, https:\/\/sisu.ut.ee\/wp-content\/uploads\/sites\/397\/logod6-1536x628.jpg 1536w, https:\/\/sisu.ut.ee\/wp-content\/uploads\/sites\/397\/logod6-2048x837.jpg 2048w, https:\/\/sisu.ut.ee\/wp-content\/uploads\/sites\/397\/logod6-1920x785.jpg 1920w\" sizes=\"auto, (max-width: 2560px) 100vw, 2560px\">\n<\/p>\n<p>\n\t<img loading=\"lazy\" decoding=\"async\" width=\"1229\" height=\"835\" class=\"alignnone wp-image-33\" style=\"width: 100px;height: 68px\" src=\"https:\/\/sisu.ut.ee\/wp-content\/uploads\/sites\/397\/flag_yellow_.jpg\" title=\"flag_yellow_.jpg\" alt=\"EU.jpg\" srcset=\"https:\/\/sisu.ut.ee\/wp-content\/uploads\/sites\/397\/flag_yellow_.jpg 1229w, https:\/\/sisu.ut.ee\/wp-content\/uploads\/sites\/397\/flag_yellow_-300x204.jpg 300w, https:\/\/sisu.ut.ee\/wp-content\/uploads\/sites\/397\/flag_yellow_-1024x696.jpg 1024w, https:\/\/sisu.ut.ee\/wp-content\/uploads\/sites\/397\/flag_yellow_-768x522.jpg 768w\" sizes=\"auto, (max-width: 1229px) 100vw, 1229px\">\u00a0<span style=\"color:#0000cd\">Projekti\u00a0rahastab\u00a0Euroopa Liidu Justiitsprogramm (2014-2020)<\/span><\/p>\n","protected":false},"excerpt":{"rendered":"<p>Projektis SERV (\u201cKuriteoohvrite \u00f5igused ja neile suunatud teenused\u201d) osaleb 6 riiki, kes esindavad erinevaid ohvriabi teenuse mudeleid ning ohvrite \u00f5iguste kaitset. Osalevad riigid on Itaalia, Hispaania, Rumeenia, Saksamaa, eesti ja Portugal. Meie eesm\u00e4rkideks on leida parimad ohvriabi teenusete mudelid, arendada &#8230;<\/p>\n","protected":false},"author":158,"featured_media":0,"parent":0,"menu_order":0,"comment_status":"closed","ping_status":"closed","template":"","meta":{"_acf_changed":false,"inline_featured_image":false,"footnotes":""},"class_list":["post-11","page","type-page","status-publish","hentry"],"acf":[],"_links":{"self":[{"href":"https:\/\/sisu.ut.ee\/serv\/wp-json\/wp\/v2\/pages\/11","targetHints":{"allow":["GET"]}}],"collection":[{"href":"https:\/\/sisu.ut.ee\/serv\/wp-json\/wp\/v2\/pages"}],"about":[{"href":"https:\/\/sisu.ut.ee\/serv\/wp-json\/wp\/v2\/types\/page"}],"author":[{"embeddable":true,"href":"https:\/\/sisu.ut.ee\/serv\/wp-json\/wp\/v2\/users\/158"}],"replies":[{"embeddable":true,"href":"https:\/\/sisu.ut.ee\/serv\/wp-json\/wp\/v2\/comments?post=11"}],"version-history":[{"count":1,"href":"https:\/\/sisu.ut.ee\/serv\/wp-json\/wp\/v2\/pages\/11\/revisions"}],"predecessor-version":[{"id":100,"href":"https:\/\/sisu.ut.ee\/serv\/wp-json\/wp\/v2\/pages\/11\/revisions\/100"}],"wp:attachment":[{"href":"https:\/\/sisu.ut.ee\/serv\/wp-json\/wp\/v2\/media?parent=11"}],"curies":[{"name":"wp","href":"https:\/\/api.w.org\/{rel}","templated":true}]}}