{"id":47,"date":"2024-04-04T06:43:18","date_gmt":"2024-04-04T03:43:18","guid":{"rendered":"https:\/\/sisu.ut.ee\/sensiclass\/time-machine-narratives-past\/"},"modified":"2024-06-21T10:31:53","modified_gmt":"2024-06-21T07:31:53","slug":"time-machine-narratives-past","status":"publish","type":"page","link":"https:\/\/sisu.ut.ee\/sensiclass\/e-modules\/constructivist-treatment-political-values-and-identities-educational-process\/exercises-10\/time-machine-narratives-past\/","title":{"rendered":"Time Machine \u2013 Narratives of the Past"},"content":{"rendered":"<nav style=\"font-style:normal;font-weight:400;\" class=\"has-background has-light-background-color has-regular-font-size is-responsive items-justified-left mb-1 mt-1 wp-block-navigation is-horizontal is-content-justification-left is-layout-flex wp-container-core-navigation-is-layout-c39e78a4 wp-block-navigation-is-layout-flex\" aria-label=\"Constructivist Treatment of Political Values and Identities in the Educational Process\" data-wp-interactive=\"core\/navigation\" data-wp-context='{\"overlayOpenedBy\":{\"click\":false,\"hover\":false,\"focus\":false},\"type\":\"overlay\",\"roleAttribute\":\"\",\"ariaLabel\":\"Menu\"}'><button aria-haspopup=\"dialog\" aria-label=\"Open menu\" class=\"wp-block-navigation__responsive-container-open\" data-wp-on--click=\"actions.openMenuOnClick\" data-wp-on--keydown=\"actions.handleMenuKeydown\"><svg width=\"24\" height=\"24\" xmlns=\"http:\/\/www.w3.org\/2000\/svg\" viewbox=\"0 0 24 24\"><path d=\"M5 5v1.5h14V5H5z\"><\/path><path d=\"M5 12.8h14v-1.5H5v1.5z\"><\/path><path d=\"M5 19h14v-1.5H5V19z\"><\/path><\/svg><\/button>\n\t\t\t\t<div class=\"wp-block-navigation__responsive-container\" id=\"modal-1\" data-wp-class--has-modal-open=\"state.isMenuOpen\" data-wp-class--is-menu-open=\"state.isMenuOpen\" data-wp-watch=\"callbacks.initMenu\" data-wp-on--keydown=\"actions.handleMenuKeydown\" data-wp-on--focusout=\"actions.handleMenuFocusout\" tabindex=\"-1\">\n\t\t\t\t\t<div class=\"wp-block-navigation__responsive-close\" tabindex=\"-1\">\n\t\t\t\t\t\t<div class=\"wp-block-navigation__responsive-dialog\" data-wp-bind--aria-modal=\"state.ariaModal\" data-wp-bind--aria-label=\"state.ariaLabel\" data-wp-bind--role=\"state.roleAttribute\">\n\t\t\t\t\t\t\t<button aria-label=\"Close menu\" class=\"wp-block-navigation__responsive-container-close\" data-wp-on--click=\"actions.closeMenuOnClick\"><svg xmlns=\"http:\/\/www.w3.org\/2000\/svg\" viewbox=\"0 0 24 24\" width=\"24\" height=\"24\" aria-hidden=\"true\" focusable=\"false\"><path d=\"m13.06 12 6.47-6.47-1.06-1.06L12 10.94 5.53 4.47 4.47 5.53 10.94 12l-6.47 6.47 1.06 1.06L12 13.06l6.47 6.47 1.06-1.06L13.06 12Z\"><\/path><\/svg><\/button>\n\t\t\t\t\t\t\t<div class=\"wp-block-navigation__responsive-container-content\" data-wp-watch=\"callbacks.focusFirstElement\" id=\"modal-1-content\">\n\t\t\t\t\t\t\t\t<ul style=\"font-style:normal;font-weight:400;\" class=\"wp-block-navigation__container has-background has-light-background-color has-regular-font-size is-responsive items-justified-left mb-1 mt-1 wp-block-navigation has-regular-font-size\"><li class=\"has-regular-font-size wp-block-navigation-item wp-block-navigation-link\"><a class=\"wp-block-navigation-item__content\" href=\"https:\/\/sisu.ut.ee\/sensiclass\/e-modules\/constructivist-treatment-political-values-and-identities-educational-process\/\"><span class=\"wp-block-navigation-item__label\">Constructivist Treatment of Political Values and Identities in the Educational Process<\/span><\/a><\/li><li class=\"has-regular-font-size wp-block-navigation-item wp-block-navigation-link\"><a class=\"wp-block-navigation-item__content\" href=\"https:\/\/sisu.ut.ee\/sensiclass\/e-modules\/constructivist-treatment-political-values-and-identities-educational-process\/methodical-explanation-1\/\"><span class=\"wp-block-navigation-item__label\">Methodical explanation<\/span><\/a><\/li><li class=\"has-regular-font-size wp-block-navigation-item wp-block-navigation-link\"><a class=\"wp-block-navigation-item__content\" href=\"https:\/\/sisu.ut.ee\/sensiclass\/e-modules\/constructivist-treatment-political-values-and-identities-educational-process\/theoretical-background\/\"><span class=\"wp-block-navigation-item__label\">Theoretical background<\/span><\/a><\/li><li data-wp-context='{ \"submenuOpenedBy\": { \"click\": false, \"hover\": false, \"focus\": false }, \"type\": \"submenu\", \"modal\": null, \"previousFocus\": null }' data-wp-interactive=\"core\/navigation\" data-wp-on--focusout=\"actions.handleMenuFocusout\" data-wp-on--keydown=\"actions.handleMenuKeydown\" data-wp-watch=\"callbacks.initMenu\" tabindex=\"-1\" class=\"wp-block-navigation-item has-regular-font-size has-child open-on-click wp-block-navigation-submenu\"><button data-wp-bind--aria-expanded=\"state.isMenuOpen\" data-wp-on--click=\"actions.toggleMenuOnClick\" aria-label=\"Exercises submenu\" class=\"wp-block-navigation-item__content wp-block-navigation-submenu__toggle\"><span class=\"wp-block-navigation-item__label\">Exercises<\/span><\/button><span class=\"wp-block-navigation__submenu-icon\"><svg xmlns=\"http:\/\/www.w3.org\/2000\/svg\" width=\"12\" height=\"12\" viewbox=\"0 0 12 12\" fill=\"none\" aria-hidden=\"true\" focusable=\"false\"><path d=\"M1.50002 4L6.00002 8L10.5 4\" stroke-width=\"1.5\"><\/path><\/svg><\/span><ul data-wp-on--focus=\"actions.openMenuOnFocus\" class=\"wp-block-navigation__submenu-container wp-block-navigation-submenu\"><li class=\"has-regular-font-size wp-block-navigation-item wp-block-navigation-link\"><a class=\"wp-block-navigation-item__content\" href=\"https:\/\/sisu.ut.ee\/sensiclass\/e-modules\/constructivist-treatment-political-values-and-identities-educational-process\/exercises-10\/time-machine-narratives-past\/\"><span class=\"wp-block-navigation-item__label\">Time Machine \u2013 Narratives of the Past<\/span><\/a><\/li><li class=\"has-regular-font-size wp-block-navigation-item wp-block-navigation-link\"><a class=\"wp-block-navigation-item__content\" href=\"https:\/\/sisu.ut.ee\/sensiclass\/e-modules\/constructivist-treatment-political-values-and-identities-educational-process\/exercises-10\/what-manipulation-about\/\"><span class=\"wp-block-navigation-item__label\">What is manipulation about?<\/span><\/a><\/li><li class=\"has-regular-font-size wp-block-navigation-item wp-block-navigation-link\"><a class=\"wp-block-navigation-item__content\" href=\"https:\/\/sisu.ut.ee\/sensiclass\/e-modules\/constructivist-treatment-political-values-and-identities-educational-process\/exercises-10\/who-free-and-who-not\/\"><span class=\"wp-block-navigation-item__label\">Who is free and who is not?<\/span><\/a><\/li><\/ul><\/li><li class=\"has-regular-font-size wp-block-navigation-item wp-block-navigation-link\"><a class=\"wp-block-navigation-item__content\" href=\"https:\/\/sisu.ut.ee\/sensiclass\/e-modules\/constructivist-treatment-political-values-and-identities-educational-process\/note-teacher-regarding-teaching-sensitive-and-controversial-topics\/\"><span class=\"wp-block-navigation-item__label\">A note for the teacher regarding teaching sensitive and controversial topics<\/span><\/a><\/li><li class=\"has-regular-font-size wp-block-navigation-item wp-block-navigation-link\"><a class=\"wp-block-navigation-item__content\" href=\"https:\/\/sisu.ut.ee\/sensiclass\/e-modules\/constructivist-treatment-political-values-and-identities-educational-process\/references-10\/\"><span class=\"wp-block-navigation-item__label\">References<\/span><\/a><\/li><\/ul>\n\t\t\t\t\t\t\t<\/div>\n\t\t\t\t\t\t<\/div>\n\t\t\t\t\t<\/div>\n\t\t\t\t<\/div><\/nav>\n\n<p>\n\t<b>Main subject: <\/b>Civics, History, Political Science\n<\/p>\n<p>\n\t<b>Key words: <\/b>Ideology, Historical Events, Narratives, Discourse, Media manipulation\n<\/p>\n<p>\n\t\u00a0\n<\/p>\n<p>\n\t<b>Main questions to be reflected: <\/b>\n<\/p>\n<ol>\n<li>\n\t\tHow does it come about that historical events can be described and assessed in totally contradictory ways?\n\t<\/li>\n<li>\n\t\tHow can one change meanings and assessments of the same events\/situations with a choice of different words?\n\t<\/li>\n<li>\n\t\tWhat does it mean to defend \u201cnationalist\u201d, \u201cMarxist\u201d or \u201cliberal\u201d narratives of history?\n\t<\/li>\n<\/ol>\n<p>\n\t\u00a0\n<\/p>\n<p><b>Teaching methods:<\/b><\/p>\n<ul>\n<li>\n\t\tindividual work\n\t<\/li>\n<li>\n\t\tteamwork\n\t<\/li>\n<li>\n\t\trole-playing\n\t<\/li>\n<li>\n\t\tinterpretative work with words and discourses\n\t<\/li>\n<li>\n\t\tdiscussion\n\t<\/li>\n<li>\n\t\twriting\n\t<\/li>\n<li>\n\t\tcase study\n\t<\/li>\n<\/ul>\n<p>\n\t<br><b>Time<\/b>: 45 minutes\n<\/p>\n<p>\n\t<b>Teaching aids: <\/b>worksheet, writing implements, Internet access\n<\/p>\n<p>\n\t\u00a0\n<\/p>\n<p><b>Main aim of this exercise<\/b>:<\/p>\n<p>\n\tThe central idea of this activity is the fictional concept of a time machine, and students are invited to imagine that humankind is endowed with the possibility of time travelling and thus teams of adventurers, scientists and journalists are setting out on their journeys to the past. Their task is to get to famous moments in history, observe the deeds of our ancestors and then tell us what \u201creally happened.\u201d\n<\/p>\n<p>\n\tThe material works with three distinguished historical narratives (<b>\u201cNationalist\u201d, \u201cMarxist\u201d and \u201cLiberal\u201d) <\/b>which are supposed to be applied to the student\u2019s interpretation of particular historical events (there are several examples of such events such as the Discovery of the American continent in 1492, the French Revolution in 1789 or the Outbreak of WW1 in 1914, but the events can be adjusted according to individual needs of any teacher, groups of students etc.).\n<\/p>\n<p>\n\tAll students should be divided into teams representing various editorial staff that have been sent to the past to explore the selected famous historical events and then to refer about them to our contemporary public. Each team should be composed of approximately 3\u20134 students. However, since there are different journals that the distinguished editorial staff work for, there are 3 abovementioned different worldviews (narratives) which these teams should advocate and write according to. Hence, even though students\u2019 expeditions travel together to a definite historical period (for instance to the year 1492), they differ in their worldviews and so, even though they had the same opportunity to see the same historical event with their own eyes, their reflections about these events might be completely dissimilar. The selection of the narrative \u2013 i.e. which team would work for which journal \u2013 is arbitrary, it might be both defined by a teacher or students can choose it as well, nonetheless, all narratives should be represented in a similar way (for instance, if there are 20 students in a class, there will be probably 6 groups, which means there should be 2 nationalist journals, 2 Marxist journals and 2 liberal journals).\n<\/p>\n<p>\n\tThe essential meaning of this complex exercise should therefore remain the same: to present both historical events and social values not as absolutes and final facts that must be just accepted, but as a space for various interpretations. Students should also find out that even though these interpretations might be dangerous when they are misused for ideological purposes, we should still understand them if we do not want to get lost in the contemporary world of narratives, in which the ability to work with words and symbols is crucial.<br>\u00a0\n<\/p>\n<p>\n\t<b>Teacher\u2019s Instructions:<\/b>\n<\/p>\n<p>\n\tAt the beginning, the students should be presented with the basic information about the fictional situation: i.e. that our civilization is equipped with a time machine and today\u2019s public is therefore very intrigued by the \u201cnews\u201d regarding the historical events. We all are now journalists working for different journals that differ mainly in their worldviews (i.e. students are supposed to be informed about 3 distinguished narratives that are relevant to understanding the current society and that will be important for the exercise: Nationalist, Marxist and Liberal) and whose main task is to travel to the past events and write articles about our \u201ceveryday experience\u201d (i.e. eyewitness account of the selected events such as the French Revolution etc.).\n<\/p>\n<p>\n\tBefore the teacher selects the first historical event that will be described by the students\u2019 journal teams, all students must be divided into groups (3-4 students per each group) and these groups must be assigned to one of the abovementioned narratives)\n<\/p>\n<p>\n\tWhen each team knows its own narrative, it will gain the <a data-fid=\"70518\" href=\"https:\/\/sisu.ut.ee\/wp-content\/uploads\/sites\/463\/template13.3.pdf\">List of narrative words (see Worksheet below)<\/a> i.e. the list of selected words, collocations and phrases that are typical of one of the three aforementioned worldviews (Nationalist, Marxist, Liberal). This list has been created by the author of this material on the basis of academic literature and the discourse analysis of current journal language which has enabled to identify 30\u201340 specific terms that have been assessed as typical collocations of each of the abovementioned types of discourse (Cvr\u010dek, \u010cerm\u00e1k &amp; Schiedtov\u00e1, 2010; Fidelius, 2016).\n<\/p>\n<p>\n\tEach \u201cjournal team\u201d should also make up its own title of their \u201cnewspaper\u201d that should correspond to the narrative that they support\n<\/p>\n<p>\n\tWith the help of this List, each team is expected to provide their interpretation of the selected historical event based on the world-view that they are assumed to advocate by writing a newspaper article of approximately 8\u201310sentences. All teams should have an Internet access at their disposal to be able to look for particular important historical pieces of information about the defined event (i.e. the thing is that the exercise should not test the level of students\u2019 historical knowledge but their ability and skills to apply the discursive and narrative interpretation of historical reality; hence, even students who are not very well aware of the details of the French revolution are supposed to be employed and have an opportunity to find the required information online).\n<\/p>\n<p>\n\tOf course, the differences in ideological explanations are supposed to be the first clue that the teams should follow to write article in the defined narrative (i.e. concerning the interpretation of the French Revolution, Nationalist narrative should promote the ideal of national greatness and threat, Marxist narrative an opportunity for class fight and Liberal narrative use the vision of emancipatory ideals etc.) However, since the content is not thinkable without \u201cright\u201d words and teams are thus equipped with the \u201cnarrative dictionaries\u201d, the \u201cjournal teams\u201d should focus on the precise work with the language as their primary goal.\n<\/p>\n<p>\n\tWhen all \u201cjournal teams\u201d are ready, they will present their solutions in two possible ways:\n<\/p>\n<ul style=\"list-style-type:circle\">\n<li>\n\t\tIf a teacher expects the presentation during the same lesson when the exercise has been assigned; in such case, each team should just read its article one by one and the other teams are expected to listen carefully and then decide which narrative has been presented in each case and how they were able to recognize it\n\t<\/li>\n<li>\n\t\tIf a teacher is willing to reserve more time for the activity and students are allowed to present their articles during the next lesson, all teams can be asked to work not only on the content and discursive part of their articles, but also on their graphic and aesthetical form.\n\t<\/li>\n<\/ul>\n<p>\n\tAfter the presentation of each team, the rest of students should decide which narrative has just been presented and to what extent the \u201cjournal team\u201d has managed to apply their assigned narrative to the selected historical event (whether the article was intelligible, if \u201cright\u201d words were included, how convincing the article was etc.). It means that after the previous part of the activity is finished and the teams can present their suggested solutions, the discussion opens and students present their <i>modus operandi<\/i>, i.e., explain how they proceeded with their writing and which attributes were decisive for the usage of significant nuances in each of the articles. Thanks to these presentations, all the teams can then try to delimit and name four different styles of \u201chistory writing\u201d as well as define their typical traits, phrases, interpretative tools etc. The extent and application of the worksheet might, of course, vary depending on the size of the groups, age of students and the main aim that each teacher wants to achieve (for example the expected length of assigned articles, amount and level of difficulty of words that are expected to be applied etc.)\n<\/p>\n<p>\n\tAt the end, a teacher should sum up with students the main principles, messages and outcomes of this activity, i.e.:\n<\/p>\n<ul style=\"list-style-type:circle\">\n<li>\n\t\tto understand that all interpretations of historical events are contextually or even ideologically based and thus might be biased\n\t<\/li>\n<li>\n\t\tthat history is not only the object of scientific research but an indispensable and significant part of the \u201ccultural\u201d and \u201cidentitary wars (i.e. the ideological tensions in the current world over the \u201cright\u201d interpretation of the past)\n\t<\/li>\n<li>\n\t\tto realize how important and powerful is the language for both political and our everyday life\n\t<\/li>\n<\/ul>\n<p>In all parts of this e-module (i.e. the topics of freedom, manipulation and misinterpretation of history), it is inevitable to open issues that might be considered sensitive and controversial. Hence, it is highly recommended to use politically correct and \u201cneutral\u201d inclusive language which is devoid of any kinds of unequal and unfair treatment of minority perspectives, freed from both auto- and hetero-stereotypes as well as ethnic, racial, religious or gender prejudices. All established issues and questions are opened to the pluralist principles of dialogue, negotiation, mediation and discussion including Rawlsian \u201coverlapping consensus\u201d and liberal notion of free and peaceful of the dialogue between competing worldviews. During the whole realization of the programme, these principles and methods are treated as necessary for maintaining the pluralist and safe environment of the community of enquiry:<\/p>\n<ul style=\"list-style-type:circle\">\n<li>\n\t\tEstablish common and consensual principles of work in groups\n\t<\/li>\n<li>\n\t\tImplement safe and obligatory rules of free, democratic and non-offending discussion\n\t<\/li>\n<li>\n\t\tSetting the difference between \u201cexchange of views\u201d and \u201cpersonal attacks\u201d\n\t<\/li>\n<li>\n\t\tIn the case of collision of ideas, the teacher is expected to argue and explain, not to criticize and evaluate\n\t<\/li>\n<li>\n\t\tMake sure that students can identify with the group that they work in and that they can accept the rules and principles of role-playing games and simulations\n\t<\/li>\n<li>\n\t\tAll members of the group can feel both freedom as well as responsibility for the common collective work and should take the sensitivity of the controversial topics into account\n\t<\/li>\n<li>\n\t\tAll topics, arguments and examples should be discussed with respect to social, cultural, political, geographical contexts and differences\n\t<\/li>\n<li>\n\t\tAll the work should support and respect the principle of free proliferation of data, information, ideas and sources\n\t<\/li>\n<li>\n\t\tAll arguments should be based on the free, relevant and responsible work with sources of knowledge and information\n\t<\/li>\n<li>\n\t\tAll fake news, irrelevant sources and misinterpretation should be identified, analysed and rejected for the needs of free democratic debate\n\t<\/li>\n<li>\n\t\tThe particular needs and opinions of each student should be taken into consideration; hence, the teacher should flexibly and continuously change the activities, methods as well as approaches\n\t<\/li>\n<li>\n\t\tAll members (teachers and students) are expected to use non-discriminatory language and ethical approaches in the discussion\n\t<\/li>\n<li>\n\t\tAll students should feel free not to take part in any phase of the project or to decide not to carry on in the project in the case that their worldview or personal mindset would not correspond with the essential principle of any of the employed activities (i.e. the teacher constantly takes care of their own and students\u2019 comfort and safety).\n\t<\/li>\n<\/ul>\n\n\n<div class=\"wp-block-group attached-files-group is-layout-constrained wp-block-group-is-layout-constrained\">\n<div class=\"wp-block-file\"><a id=\"wp-block-file--media-4b6d95be-7572-404e-b799-ea58d9a6b853\" href=\"https:\/\/sisu.ut.ee\/wp-content\/uploads\/sites\/463\/template13.3.pdf\" target=\"_blank\" rel=\"noreferrer noopener\">template13.3.pdf<\/a><\/div>\n<\/div>\n","protected":false},"excerpt":{"rendered":"<p>Main subject: Civics, History, Political Science Key words: Ideology, Historical Events, Narratives, Discourse, Media manipulation \u00a0 Main questions to be reflected: How does it come about that historical events can be described and assessed in totally contradictory ways? How can &#8230;<\/p>\n","protected":false},"author":240,"featured_media":0,"parent":43,"menu_order":0,"comment_status":"closed","ping_status":"closed","template":"","meta":{"_acf_changed":false,"inline_featured_image":false,"footnotes":""},"class_list":["post-47","page","type-page","status-publish","hentry"],"acf":[],"_links":{"self":[{"href":"https:\/\/sisu.ut.ee\/sensiclass\/wp-json\/wp\/v2\/pages\/47","targetHints":{"allow":["GET"]}}],"collection":[{"href":"https:\/\/sisu.ut.ee\/sensiclass\/wp-json\/wp\/v2\/pages"}],"about":[{"href":"https:\/\/sisu.ut.ee\/sensiclass\/wp-json\/wp\/v2\/types\/page"}],"author":[{"embeddable":true,"href":"https:\/\/sisu.ut.ee\/sensiclass\/wp-json\/wp\/v2\/users\/240"}],"replies":[{"embeddable":true,"href":"https:\/\/sisu.ut.ee\/sensiclass\/wp-json\/wp\/v2\/comments?post=47"}],"version-history":[{"count":6,"href":"https:\/\/sisu.ut.ee\/sensiclass\/wp-json\/wp\/v2\/pages\/47\/revisions"}],"predecessor-version":[{"id":2395,"href":"https:\/\/sisu.ut.ee\/sensiclass\/wp-json\/wp\/v2\/pages\/47\/revisions\/2395"}],"up":[{"embeddable":true,"href":"https:\/\/sisu.ut.ee\/sensiclass\/wp-json\/wp\/v2\/pages\/43"}],"wp:attachment":[{"href":"https:\/\/sisu.ut.ee\/sensiclass\/wp-json\/wp\/v2\/media?parent=47"}],"curies":[{"name":"wp","href":"https:\/\/api.w.org\/{rel}","templated":true}]}}