{"id":313,"date":"2024-04-04T06:43:46","date_gmt":"2024-04-04T03:43:46","guid":{"rendered":"https:\/\/sisu.ut.ee\/sensiclass\/state-en\/"},"modified":"2024-06-21T11:08:11","modified_gmt":"2024-06-21T08:08:11","slug":"state","status":"publish","type":"page","link":"https:\/\/sisu.ut.ee\/sensiclass\/en\/state\/","title":{"rendered":"STATE (EN)"},"content":{"rendered":"<h3 style=\"margin:0cm0cm8pt\">\n\t<img loading=\"lazy\" decoding=\"async\" width=\"1096\" height=\"1206\" class=\"alignnone wp-image-442\" style=\"float: left;width: 400px;height: 440px;margin-right: 20px;margin-bottom:20px\" src=\"https:\/\/sisu.ut.ee\/wp-content\/uploads\/sites\/463\/state-en.jpg\" title=\"state-en.jpg\" alt=\"STATE\" srcset=\"https:\/\/sisu.ut.ee\/wp-content\/uploads\/sites\/463\/state-en.jpg 1096w, https:\/\/sisu.ut.ee\/wp-content\/uploads\/sites\/463\/state-en-273x300.jpg 273w, https:\/\/sisu.ut.ee\/wp-content\/uploads\/sites\/463\/state-en-931x1024.jpg 931w, https:\/\/sisu.ut.ee\/wp-content\/uploads\/sites\/463\/state-en-768x845.jpg 768w\" sizes=\"auto, (max-width: 1096px) 100vw, 1096px\"><br>\n<\/h3>\n<h3>\n\t<strong><span><span style=\"line-height:15.6933px\"><span style=\"sans-serif\"><span lang=\"CS\"><span style=\"line-height:25.68px\">What is it about?<\/span><\/span><\/span><\/span><\/span><\/strong><br>\n<\/h3>\n<p>\n\t<span><span style=\"line-height:15.6933px\"><span style=\"sans-serif\"><span lang=\"CS\"><span style=\"line-height:25.68px\">Both the English word \u201cstate\u201d and its Czech equivalent \u201cst\u00e1t\u201d refer to the basic form of organization of human society. Similarly, the acronym STATE represents something fundamental in the SensiClass project that should not be missing in the educational environment.<\/span><\/span><\/span><\/span><\/span>\n<\/p>\n<p>\n\t<span><span style=\"line-height:15.6933px\"><span style=\"sans-serif\"><span lang=\"CS\"><span style=\"line-height:25.68px\"><strong>It is a methodological support of teachers and an effort to contribute to the development of a tolerant environment in teaching<\/strong> (<strong>s<\/strong>upport <strong>t<\/strong>eachers <strong>a<\/strong>nd <strong>t<\/strong>olerant <strong>e<\/strong>nvironment). To be able to voice one\u00b4s opinion, to discuss, not to be afraid to express oneself and ask questions. Such a bold goal is a long run. Nevertheless, the STATE authors try to sprint with teachers for at least a while and offer them inspiration for teaching and for themselves.<\/span><\/span><\/span><\/span><\/span>\n<\/p>\n<p>\n\t<span><span style=\"line-height:15.6933px\"><span style=\"sans-serif\"><span lang=\"CS\"><span style=\"line-height:25.68px\">The didactic transformation of content is influenced by various factors; the teacher\u00b4s preferences, interests and experiences are crucial. For the \u201csensitive topics\u201d found in the project, such as religion, gender, racism or multicultural education in general, this is perhaps doubly true. And that\u00b4s why STATE is created in a way to collect and share.<\/span><\/span><\/span><\/span><\/span>\n<\/p>\n<p>\n\t<span><span style=\"line-height:15.6933px\"><span style=\"sans-serif\"><span lang=\"CS\"><span style=\"line-height:25.68px\"><strong>The addressed academics together with primary and secondary school teachers were given a free hand in presenting efficient teaching ideas or theoretical concepts and professional literature from which they draw. <\/strong>The results are diverse, and the same applies to the way the authors think about the topics, what they pay attention to, or what teaching style they follow. Each approach varies considerably depending on the author. However, please do not confuse the presented variety with chaos or sloppy formal editing. <strong>It is an open approach to sub-topics \u201cembellished\u201d by the interactive possibilities of the H5P software.<\/strong><\/span><\/span><\/span><\/span><\/span>\n<\/p>\n<p>\n\t<span><span style=\"line-height:15.6933px\"><span style=\"sans-serif\"><span lang=\"CS\"><span style=\"line-height:25.68px\">Although STATE spends only a short time with teachers on the track, it is beneficial for them. The experience from teaching practice based on professional literature will not ensure one hundred percent truth and the only possible interpretation. However, it will certainly strengthen the tolerant and safe classroom environment that teachers and students deserve.<\/span><\/span><\/span><\/span><\/span>\n<\/p>\n<p>\n\t\u00a0\n<\/p>\n<h3>\n\t<strong><span><span style=\"line-height:15.6933px\"><span style=\"sans-serif\"><span lang=\"CS\"><span style=\"line-height:25.68px\">Four parts<\/span><\/span><\/span><\/span><\/span><\/strong><br>\n<\/h3>\n<p>\n\t<span><span style=\"line-height:15.6933px\"><span style=\"sans-serif\"><span lang=\"CS\"><span style=\"line-height:25.68px\"><strong>Theoretical start:<\/strong> Educational text about selected fields and key concepts of multicultural topics (categorization, member and non-member groups, us and them, evaluation, moral exclusion,\u2026). The paper includes references to more literature and small exercises about understanding the text.<\/span><\/span><\/span><\/span><\/span>\n<\/p>\n<p>\n\t<span><span style=\"line-height:15.6933px\"><span style=\"sans-serif\"><span lang=\"CS\"><span style=\"line-height:25.68px\"><strong>Teaching lessons:<\/strong> Author\u2019s teaching activities by teachers and academics for students of primary, secondary and higher education. The activities work with sub-topics of the project (notion of beauty, gender, racism, religion,\u2026) in three levels of difficulty. There is a variety of teaching methods, organizational forms and tools.<\/span><\/span><\/span><\/span><\/span>\n<\/p>\n<p>\n\t\u00a0<img loading=\"lazy\" decoding=\"async\" alt=\"Czech Republic\" data-file_info=\"%7B%22fid%22:%2272504%22,%22view_mode%22:%22default%22,%22type%22:%22media%22%7D\" height=\"27\" src=\"https:\/\/sisu.ut.ee\/wp-content\/uploads\/sites\/463\/cz.jpg\" title=\"\" width=\"40\">\u00a0<img loading=\"lazy\" decoding=\"async\" alt=\"Estonia\" data-file_info=\"%7B%22fid%22:%2272503%22,%22view_mode%22:%22default%22,%22type%22:%22media%22%7D\" height=\"25\" src=\"https:\/\/sisu.ut.ee\/wp-content\/uploads\/sites\/463\/ee.jpg\" title=\"\" width=\"40\">\u00a0<img loading=\"lazy\" decoding=\"async\" alt=\"Poland\" data-file_info=\"%7B%22fid%22:%2272506%22,%22view_mode%22:%22default%22,%22type%22:%22media%22%7D\" height=\"25\" src=\"https:\/\/sisu.ut.ee\/wp-content\/uploads\/sites\/463\/pl.jpg\" title=\"\" width=\"40\">\u00a0<img loading=\"lazy\" decoding=\"async\" alt=\"United Kingdom\" data-file_info=\"%7B%22fid%22:%2272505%22,%22view_mode%22:%22default%22,%22type%22:%22media%22%7D\" height=\"20\" src=\"https:\/\/sisu.ut.ee\/wp-content\/uploads\/sites\/463\/gb.jpg\" title=\"\" width=\"40\">\n<\/p>\n<p>\n\t<span><span style=\"line-height:15.6933px\"><span style=\"sans-serif\"><span lang=\"CS\"><span style=\"line-height:25.68px\"><strong>Personal stories:<\/strong> Seven authentic stories from different European countries, which present personal experiences with different problems (race, origin, perception of your body,\u2026). Except the stories, the output also contains inspiration how to use the texts in teaching and show students various forms of \u201cdifference\u201d.<\/span><\/span><\/span><\/span><\/span><br>\u00a0<img loading=\"lazy\" decoding=\"async\" alt=\"Czech Republic\" data-file_info=\"%7B%22fid%22:%2272504%22,%22view_mode%22:%22default%22,%22type%22:%22media%22%7D\" height=\"27\" src=\"https:\/\/sisu.ut.ee\/wp-content\/uploads\/sites\/463\/cz.jpg\" title=\"\" width=\"40\">\u00a0<img loading=\"lazy\" decoding=\"async\" alt=\"Estonia\" data-file_info=\"%7B%22fid%22:%2272503%22,%22view_mode%22:%22default%22,%22type%22:%22media%22%7D\" height=\"25\" src=\"https:\/\/sisu.ut.ee\/wp-content\/uploads\/sites\/463\/ee.jpg\" title=\"\" width=\"40\">\u00a0<img loading=\"lazy\" decoding=\"async\" alt=\"Poland\" data-file_info=\"%7B%22fid%22:%2272506%22,%22view_mode%22:%22default%22,%22type%22:%22media%22%7D\" height=\"25\" src=\"https:\/\/sisu.ut.ee\/wp-content\/uploads\/sites\/463\/pl.jpg\" title=\"\" width=\"40\">\u00a0\u200b\u200b\u200b\u200b\u200b\u200b<img loading=\"lazy\" decoding=\"async\" alt=\"Hungary\" data-file_info=\"%7B%22fid%22:%2272507%22,%22view_mode%22:%22default%22,%22type%22:%22media%22%7D\" height=\"20\" src=\"https:\/\/sisu.ut.ee\/wp-content\/uploads\/sites\/463\/hu.jpg\" title=\"\" width=\"40\">\u00a0<img loading=\"lazy\" decoding=\"async\" alt=\"United Kingdom\" data-file_info=\"%7B%22fid%22:%2272505%22,%22view_mode%22:%22default%22,%22type%22:%22media%22%7D\" height=\"20\" src=\"https:\/\/sisu.ut.ee\/wp-content\/uploads\/sites\/463\/gb.jpg\" title=\"\" width=\"40\">\n<\/p>\n<p>\n\t<span><span style=\"line-height:15.6933px\"><span style=\"sans-serif\"><span lang=\"CS\"><span style=\"line-height:25.68px\"><strong>Feedback:<\/strong> Comments and observations from piloting educational materials. The materials were shared during the project with students, future teachers, and teachers. Some evaluated them on the basis of reading, others tried them in teaching together with students or in university studies directly on their own.<\/span><\/span><\/span><\/span><\/span>\n<\/p>\n<p>\n\t\u00a0\n<\/p>\n<h3>\n\t<strong><span><span style=\"line-height:15.6933px\"><span style=\"sans-serif\"><span lang=\"CS\"><span style=\"line-height:25.68px\">Team of authors<\/span><\/span><\/span><\/span><\/span><\/strong><br>\n<\/h3>\n<p>\n\t<span><span style=\"line-height:15.6933px\"><span style=\"sans-serif\"><span lang=\"CS\"><span style=\"line-height:25.68px\"><strong>Personal stories, theoretical start, teaching lessons:<\/strong> Adam Cvik, Jekatyerina Dunajeva, Katatzyna G\u00f3rak-Sosnowska, Tereza Jano\u0161ov\u00e1, Heidi Maiberg, Urszula Markowska-Manista, Michal Riegel, So\u0148a \u017daloudkov\u00e1<\/span><\/span><\/span><\/span><\/span>\n<\/p>\n<p>\n\t<span><span style=\"line-height:15.6933px\"><span style=\"sans-serif\"><span lang=\"CS\"><span style=\"line-height:25.68px\"><strong>Translation into foreign languages:<\/strong> Jekatyerina Dunajeva, Heidi Maiberg, Urszula Markowska-Manista, Sean Mark Miller, Denisa \u0160vandov\u00e1, Eda Tagamets<\/span><\/span><\/span><\/span><\/span>\n<\/p>\n<p>\n\t<span><span style=\"line-height:15.6933px\"><span style=\"sans-serif\"><span lang=\"CS\"><span style=\"line-height:25.68px\"><strong>Feedback:<\/strong> Kate\u0159ina Hejkalov\u00e1, Renata Jir\u00e1nkov\u00e1, Michaela Maiov\u00e1, Pavla \u0160indlerov\u00e1, participants of workshops Join Training for the Teachers of the Network Universities on Teaching Sensitive Issues<\/span><\/span><\/span><\/span><\/span>\n<\/p>\n<p>\n\t<span><span style=\"line-height:15.6933px\"><span style=\"sans-serif\"><span lang=\"CS\"><span style=\"line-height:25.68px\"><strong>Work in H5P:<\/strong> Adam Cvik<\/span><\/span><\/span><\/span><\/span>\n<\/p>\n<p>\n\t<span><span style=\"line-height:15.6933px\"><span style=\"sans-serif\"><span lang=\"CS\"><span style=\"line-height:25.68px\"><strong>Concept of ideas:<\/strong> \u00a0Vanda Van\u00ed\u010dkov\u00e1<\/span><\/span><\/span><\/span><\/span>\n<\/p>\n<p>\n\t<br>\u00a0\n<\/p>\n<h3 style=\"text-align: center\">\n\t<span style=\"background-color:#f0f8ff;padding: 20px 10px\"><a href=\"https:\/\/sisu.ut.ee\/sensiclass\/en\/state\/know-how\"><span style=\"background-color:#f0f8ff\">You should know before click \u2026<\/span><\/a> <\/span><br>\n<\/h3>\n","protected":false},"excerpt":{"rendered":"<p>What is it about? Both the English word \u201cstate\u201d and its Czech equivalent \u201cst\u00e1t\u201d refer to the basic form of organization of human society. Similarly, the acronym STATE represents something fundamental in the SensiClass project that should not be missing &#8230;<\/p>\n","protected":false},"author":240,"featured_media":0,"parent":2436,"menu_order":0,"comment_status":"closed","ping_status":"closed","template":"","meta":{"_acf_changed":false,"inline_featured_image":false,"footnotes":""},"class_list":["post-313","page","type-page","status-publish","hentry"],"acf":[],"_links":{"self":[{"href":"https:\/\/sisu.ut.ee\/sensiclass\/wp-json\/wp\/v2\/pages\/313","targetHints":{"allow":["GET"]}}],"collection":[{"href":"https:\/\/sisu.ut.ee\/sensiclass\/wp-json\/wp\/v2\/pages"}],"about":[{"href":"https:\/\/sisu.ut.ee\/sensiclass\/wp-json\/wp\/v2\/types\/page"}],"author":[{"embeddable":true,"href":"https:\/\/sisu.ut.ee\/sensiclass\/wp-json\/wp\/v2\/users\/240"}],"replies":[{"embeddable":true,"href":"https:\/\/sisu.ut.ee\/sensiclass\/wp-json\/wp\/v2\/comments?post=313"}],"version-history":[{"count":2,"href":"https:\/\/sisu.ut.ee\/sensiclass\/wp-json\/wp\/v2\/pages\/313\/revisions"}],"predecessor-version":[{"id":2447,"href":"https:\/\/sisu.ut.ee\/sensiclass\/wp-json\/wp\/v2\/pages\/313\/revisions\/2447"}],"up":[{"embeddable":true,"href":"https:\/\/sisu.ut.ee\/sensiclass\/wp-json\/wp\/v2\/pages\/2436"}],"wp:attachment":[{"href":"https:\/\/sisu.ut.ee\/sensiclass\/wp-json\/wp\/v2\/media?parent=313"}],"curies":[{"name":"wp","href":"https:\/\/api.w.org\/{rel}","templated":true}]}}