{"id":312,"date":"2024-04-04T06:43:46","date_gmt":"2024-04-04T03:43:46","guid":{"rendered":"https:\/\/sisu.ut.ee\/sensiclass\/vyuka\/"},"modified":"2024-06-21T15:31:18","modified_gmt":"2024-06-21T12:31:18","slug":"vyuka","status":"publish","type":"page","link":"https:\/\/sisu.ut.ee\/sensiclass\/toolbox\/reflektivni-vyuka\/vyuka\/","title":{"rendered":"P\u0159\u00edpadov\u00e9 studie"},"content":{"rendered":"<nav style=\"font-style:normal;font-weight:400;\" class=\"has-background has-light-background-color has-regular-font-size is-responsive items-justified-left mb-1 mt-1 wp-block-navigation is-horizontal is-content-justification-left is-layout-flex wp-container-core-navigation-is-layout-c39e78a4 wp-block-navigation-is-layout-flex\" aria-label=\"Reflektivn\u00ed v\u00fduka\" data-wp-interactive=\"core\/navigation\" data-wp-context='{\"overlayOpenedBy\":{\"click\":false,\"hover\":false,\"focus\":false},\"type\":\"overlay\",\"roleAttribute\":\"\",\"ariaLabel\":\"Menu\"}'><button aria-haspopup=\"dialog\" aria-label=\"Open menu\" class=\"wp-block-navigation__responsive-container-open\" data-wp-on--click=\"actions.openMenuOnClick\" data-wp-on--keydown=\"actions.handleMenuKeydown\"><svg width=\"24\" height=\"24\" xmlns=\"http:\/\/www.w3.org\/2000\/svg\" viewbox=\"0 0 24 24\"><path d=\"M5 5v1.5h14V5H5z\"><\/path><path d=\"M5 12.8h14v-1.5H5v1.5z\"><\/path><path d=\"M5 19h14v-1.5H5V19z\"><\/path><\/svg><\/button>\n\t\t\t\t<div class=\"wp-block-navigation__responsive-container\" id=\"modal-1\" data-wp-class--has-modal-open=\"state.isMenuOpen\" data-wp-class--is-menu-open=\"state.isMenuOpen\" data-wp-watch=\"callbacks.initMenu\" data-wp-on--keydown=\"actions.handleMenuKeydown\" data-wp-on--focusout=\"actions.handleMenuFocusout\" tabindex=\"-1\">\n\t\t\t\t\t<div class=\"wp-block-navigation__responsive-close\" tabindex=\"-1\">\n\t\t\t\t\t\t<div class=\"wp-block-navigation__responsive-dialog\" data-wp-bind--aria-modal=\"state.ariaModal\" data-wp-bind--aria-label=\"state.ariaLabel\" data-wp-bind--role=\"state.roleAttribute\">\n\t\t\t\t\t\t\t<button aria-label=\"Close menu\" class=\"wp-block-navigation__responsive-container-close\" data-wp-on--click=\"actions.closeMenuOnClick\"><svg xmlns=\"http:\/\/www.w3.org\/2000\/svg\" viewbox=\"0 0 24 24\" width=\"24\" height=\"24\" aria-hidden=\"true\" focusable=\"false\"><path d=\"m13.06 12 6.47-6.47-1.06-1.06L12 10.94 5.53 4.47 4.47 5.53 10.94 12l-6.47 6.47 1.06 1.06L12 13.06l6.47 6.47 1.06-1.06L13.06 12Z\"><\/path><\/svg><\/button>\n\t\t\t\t\t\t\t<div class=\"wp-block-navigation__responsive-container-content\" data-wp-watch=\"callbacks.focusFirstElement\" id=\"modal-1-content\">\n\t\t\t\t\t\t\t\t<ul style=\"font-style:normal;font-weight:400;\" class=\"wp-block-navigation__container has-background has-light-background-color has-regular-font-size is-responsive items-justified-left mb-1 mt-1 wp-block-navigation has-regular-font-size\"><li class=\"has-regular-font-size wp-block-navigation-item wp-block-navigation-link\"><a class=\"wp-block-navigation-item__content\" href=\"https:\/\/sisu.ut.ee\/sensiclass\/toolbox\/reflektivni-vyuka\/\"><span class=\"wp-block-navigation-item__label\">Reflektivn\u00ed v\u00fduka<\/span><\/a><\/li><li class=\"has-regular-font-size wp-block-navigation-item wp-block-navigation-link\"><a class=\"wp-block-navigation-item__content\" href=\"https:\/\/sisu.ut.ee\/sensiclass\/toolbox\/reflektivni-vyuka\/reflexe-a-kriticka-reflexe\/\"><span class=\"wp-block-navigation-item__label\">Reflexe a kritick\u00e1 reflexe<\/span><\/a><\/li><li class=\"has-regular-font-size wp-block-navigation-item wp-block-navigation-link\"><a class=\"wp-block-navigation-item__content\" href=\"https:\/\/sisu.ut.ee\/sensiclass\/toolbox\/reflektivni-vyuka\/jak-na-reflektivni-vyuku\/\"><span class=\"wp-block-navigation-item__label\">Jak na reflektivn\u00ed v\u00fduku<\/span><\/a><\/li><li data-wp-context='{ \"submenuOpenedBy\": { \"click\": false, \"hover\": false, \"focus\": false }, \"type\": \"submenu\", \"modal\": null, \"previousFocus\": null }' data-wp-interactive=\"core\/navigation\" data-wp-on--focusout=\"actions.handleMenuFocusout\" data-wp-on--keydown=\"actions.handleMenuKeydown\" data-wp-watch=\"callbacks.initMenu\" tabindex=\"-1\" class=\"wp-block-navigation-item has-regular-font-size has-child open-on-click wp-block-navigation-submenu\"><button data-wp-bind--aria-expanded=\"state.isMenuOpen\" data-wp-on--click=\"actions.toggleMenuOnClick\" aria-label=\"V\u00fdukov\u00e9 zdroje submenu\" class=\"wp-block-navigation-item__content wp-block-navigation-submenu__toggle\"><span class=\"wp-block-navigation-item__label\">V\u00fdukov\u00e9 zdroje<\/span><\/button><span class=\"wp-block-navigation__submenu-icon\"><svg xmlns=\"http:\/\/www.w3.org\/2000\/svg\" width=\"12\" height=\"12\" viewbox=\"0 0 12 12\" fill=\"none\" aria-hidden=\"true\" focusable=\"false\"><path d=\"M1.50002 4L6.00002 8L10.5 4\" stroke-width=\"1.5\"><\/path><\/svg><\/span><ul data-wp-on--focus=\"actions.openMenuOnFocus\" class=\"wp-block-navigation__submenu-container wp-block-navigation-submenu\"><li class=\"has-regular-font-size wp-block-navigation-item wp-block-navigation-link\"><a class=\"wp-block-navigation-item__content\" href=\"https:\/\/sisu.ut.ee\/sensiclass\/toolbox\/reflektivni-vyuka\/strategie-pro-reflektivni-vyuku\/otazky-pro-evaluaci-ve-tride\/\"><span class=\"wp-block-navigation-item__label\">Materi\u00e1l pro extern\u00ed reflexi<\/span><\/a><\/li><li class=\"has-regular-font-size wp-block-navigation-item wp-block-navigation-link\"><a class=\"wp-block-navigation-item__content\" href=\"https:\/\/sisu.ut.ee\/sensiclass\/toolbox\/reflektivni-vyuka\/strategie-pro-reflektivni-vyuku\/material-pro-sebereflexi\/\"><span class=\"wp-block-navigation-item__label\">Materi\u00e1l pro sebereflexi<\/span><\/a><\/li><\/ul><\/li><li class=\"has-regular-font-size wp-block-navigation-item wp-block-navigation-link\"><a class=\"wp-block-navigation-item__content\" href=\"https:\/\/sisu.ut.ee\/sensiclass\/toolbox\/reflektivni-vyuka\/vyuka\/\"><span class=\"wp-block-navigation-item__label\">P\u0159\u00edpadov\u00e9 studie<\/span><\/a><\/li><li class=\"has-regular-font-size wp-block-navigation-item wp-block-navigation-link\"><a class=\"wp-block-navigation-item__content\" href=\"https:\/\/sisu.ut.ee\/sensiclass\/toolbox\/reflektivni-vyuka\/otestuj-sve-znalosti-reflektivni-vyuka\/\"><span class=\"wp-block-navigation-item__label\">Otestujte sv\u00e9 znalosti!<\/span><\/a><\/li><\/ul>\n\t\t\t\t\t\t\t<\/div>\n\t\t\t\t\t\t<\/div>\n\t\t\t\t\t<\/div>\n\t\t\t\t<\/div><\/nav>\n\n<p style=\"text-align:justify\">\n\t<span><span><span style=\"line-height:107%\"><span>V sekci p\u0159\u00edpadov\u00e1 studie najdete reflexi u\u010ditel\u016f z Ma\u010farska, Polska, \u010cesk\u00e9 republiky a Estonska, kte\u0159\u00ed pracovali se zdroji z toho modulu. U\u010ditel\u00e9 byli po\u017e\u00e1d\u00e1ni o poskytnut\u00ed\u00a0 sebereflexe i\u00a0 extern\u00ed reflexe potom, co pracovali s handouty a\u00a0 prostudovali materi\u00e1ly z tohoto modulu. Tady jsou jejich zku\u0161enosti: <\/span><\/span><\/span><\/span>\n<\/p>\n<p style=\"text-align:justify\">\n\t<span><span><span style=\"line-height:107%\"><span>Zp\u011btn\u00e1 vazba m\u011b inspirovala k tomu, abych d\u00e1le pokra\u010dovala s modern\u00edmi v\u00fdukov\u00fdmi metodami a vyu\u017e\u00edvala i p\u0159\u00edpadov\u00e9 studie.\u00a0 B\u011bhem hodin, a n\u00e1sledn\u00e9ho hodnocen\u00ed, jsem si uv\u011bdomila, \u017ee jsem si u\u017e\u00edv\u00e1m pohled na to, jak studenti akademicky rostou a stejn\u011b tak i diskuze o sou\u010dasn\u00fdch soci\u00e1ln\u00edch ot\u00e1zk\u00e1ch, kter\u00e9 jsem s nimi vedla. <\/span><\/span><\/span><\/span>\n<\/p>\n<p style=\"text-align:justify\">\n\t<span><span><span style=\"line-height:107%\"><span>(u\u010ditelka z \u010cesk\u00e9 republiky)<\/span><\/span><\/span><\/span>\n<\/p>\n<p style=\"margin-top:5.0pt;margin-right:0cm;margin-bottom:5.0pt;margin-left:0cm;text-align:justify\">\n\t\u00a0\n<\/p>\n<p style=\"margin-top:5.0pt;margin-right:0cm;margin-bottom:5.0pt;margin-left:0cm;text-align:justify\">\n\t<span><span style=\"line-height:normal\"><span><span style=\"background:white\"><span>Sebehodnocen\u00ed bylo u\u017eite\u010dn\u00fdm zp\u016fsobem, jak p\u0159ehodnotit, co se ve t\u0159\u00edd\u011b ud\u00e1lo. Obvykle se z pozice u\u010ditele zam\u011b\u0159uji na p\u0159edm\u011bt a informace (nebo obsah, kter\u00fd p\u0159ed\u00e1v\u00e1m), a proto \u010dasto nev\u011bnuji pozornost tomu, jak sv\u00e9 my\u0161lenky sd\u011bluji a jak se studenty mluv\u00edm. D\u00edky t\u00e9to sebereflexi jsem m\u011bla mo\u017enost to ud\u011blat\u00a0 a p\u0159em\u00fd\u0161let i o r\u016fzn\u00fdch d\u016fsledc\u00edch m\u00e9 hodiny. D\u016fle\u017eit\u00e9 je, \u017ee jsem se nau\u010dila pod\u00edvat se na sv\u016fj zp\u016fsob v\u00fduky kriticky a pt\u00e1t se sama sebe, zda studenti ve t\u0159\u00edd\u011b: a) pochopili, co je chci nau\u010dit; 2) vn\u00edmali obsah v\u00fduky tak, jak jsem zam\u00fd\u0161lela. Prost\u0159ednictv\u00edm t\u00e9to sebereflexe jsem se tak\u00e9 mohla p\u0159esv\u011bd\u010dit, zda se mi da\u0159\u00ed dosahovat c\u00edle, kter\u00fd si stanov\u00edm. Tato sebereflexe byla dobrou p\u0159\u00edle\u017eitost\u00ed k zamy\u0161len\u00ed se nad t\u00edm, co se ve t\u0159\u00edd\u011b d\u011bje, a nejen to, co u\u010d\u00edm, ale tak\u00e9, jak\u00fdm stylem u\u010d\u00edm. <\/span><\/span><\/span><\/span><\/span>\n<\/p>\n<p style=\"margin-top:5.0pt;margin-right:0cm;margin-bottom:5.0pt;margin-left:0cm;text-align:justify\">\n\t<span><span style=\"line-height:normal\"><span><span style=\"background:white\"><span>(u\u010ditelka z Estonska)<\/span><\/span><\/span><\/span><\/span>\n<\/p>\n<p style=\"margin-top:5.0pt;margin-right:0cm;margin-bottom:5.0pt;margin-left:0cm;text-align:justify\">\n\t\u00a0\n<\/p>\n<p style=\"margin-top:5.0pt;margin-right:0cm;margin-bottom:5.0pt;margin-left:0cm;text-align:justify\">\n\t<span><span style=\"line-height:normal\"><span><span style=\"background:white\"><span>B\u011bhem on-line v\u00fduky byla u\u017eite\u010dn\u00e1 jak\u00e1koli forma sebereflexe. V m\u00e9m p\u0159\u00edpad\u011b zejm\u00e9na up\u0159\u00edmn\u00e1 a otev\u0159en\u00e1 komunikace o m\u00fdch c\u00edlech, motivaci a v\u00fdzv\u00e1ch (zejm\u00e9na spojen\u00fdch s hybridn\u00edm form\u00e1tem v\u00fduky nebo nov\u011b zaveden\u00fdm uspo\u0159\u00e1d\u00e1n\u00edm v\u00fduky) ve mn\u011b vyvol\u00e1vala nep\u0159\u00edjemn\u00e9 pocity, ob\u010das dokonce zranitelnost. Pokud experimentujeme s n\u011b\u010d\u00edm nov\u00fdm (nov\u00fd u\u010debn\u00ed form\u00e1t, nov\u00e9 obsahy, \u2026), uvid\u00edme a\u017e pozd\u011bji ze zp\u011btn\u00e9 vazby a hodnocen\u00ed student\u016f na konci kurzu, co se povedlo, co se nepovedlo, a pr\u00e1v\u011b tuhle nejistotu obt\u00ed\u017en\u011b zvl\u00e1d\u00e1m. Pr\u00e1v\u011b z tohoto d\u016fvodu pro m\u011b bylo sebehodnocen\u00ed a hodnocen\u00ed koleg\u016f velice u\u017eite\u010dn\u00e9. P\u0159ed koncem semestru jsem tak mohl z\u00edskat zp\u011btnou vazbu a zv\u00e1\u017eit p\u0159\u00edpadn\u00e9 zm\u011bny\u00a0 v\u00fduky a stylu (nebo naopak p\u0159ijmout povzbuzen\u00ed a pochvalu).<\/span><\/span><\/span><\/span><\/span>\n<\/p>\n<p style=\"margin-top:5.0pt;margin-right:0cm;margin-bottom:5.0pt;margin-left:0cm\">\n\t<span style=\"line-height:normal\"><span><span style=\"background:white\"><span>(u\u010ditel z Ma\u010farska)<\/span><\/span><\/span><\/span>\n<\/p>\n<p style=\"margin-top:5.0pt;margin-right:0cm;margin-bottom:5.0pt;margin-left:0cm;text-align:justify\">\n\t\u00a0\n<\/p>\n<p style=\"margin-top:5.0pt;margin-right:0cm;margin-bottom:5.0pt;margin-left:0cm;text-align:justify\">\n\t<span><span style=\"line-height:normal\"><span><span style=\"background:white\"><span>Extern\u00ed hodnocen\u00ed moj\u00ed v\u00fduky bylo velmi u\u017eite\u010dn\u00e9, zejm\u00e9na pokud jde o detaily ve vztahu u\u010ditel-student a u\u010ditel- t\u0159\u00edda. Po p\u0159e\u010dten\u00ed pozn\u00e1mek hodnotitel\u016f jsem za\u010dal uva\u017eovat o pou\u017e\u00edv\u00e1n\u00ed rozmanit\u011bj\u0161\u00edch pracovn\u00edch metod a pochopil jsem, jak d\u016fle\u017eit\u00e9 je v\u011bnovat v\u00edce pozornosti tomu, zda a jak studenti dan\u00fdm t\u00e9mat\u016fm rozum\u00ed. Na z\u00e1klad\u011b hodnocen\u00ed jsem tak\u00e9 za\u010dal uva\u017eovat o pou\u017eit\u00ed r\u016fzn\u00fdch materi\u00e1l\u016f ve t\u0159\u00edd\u011b. Pr\u00e1v\u011b d\u00edky tomuto \u00fakolu jsem si uv\u011bdomil, jak je d\u016fle\u017eit\u00e9 dost\u00e1vat zp\u011btnou vazbu od n\u011bkoho, kdo m\u016f\u017ee m\u00edt jin\u00fd pohled na v\u00fduku, metody nebo styl komunikace p\u0159i v\u00fduce.<\/span><\/span><\/span><\/span><\/span>\n<\/p>\n<p style=\"margin-top:5.0pt;margin-right:0cm;margin-bottom:5.0pt;margin-left:0cm\">\n\t<span style=\"line-height:normal\"><span><span style=\"background:white\"><span>(u\u010ditel z Polska)<\/span><\/span><\/span><\/span>\n<\/p>\n<p style=\"margin-top:5.0pt;margin-right:0cm;margin-bottom:5.0pt;margin-left:0cm\">\n\t\u00a0\n<\/p>","protected":false},"excerpt":{"rendered":"<p>V sekci p\u0159\u00edpadov\u00e1 studie najdete reflexi u\u010ditel\u016f z Ma\u010farska, Polska, \u010cesk\u00e9 republiky a Estonska, kte\u0159\u00ed pracovali se zdroji z toho modulu. U\u010ditel\u00e9 byli po\u017e\u00e1d\u00e1ni o poskytnut\u00ed\u00a0 sebereflexe i\u00a0 extern\u00ed reflexe potom, co pracovali s handouty a\u00a0 prostudovali materi\u00e1ly z tohoto &#8230;<\/p>\n","protected":false},"author":240,"featured_media":0,"parent":300,"menu_order":0,"comment_status":"closed","ping_status":"closed","template":"","meta":{"_acf_changed":false,"inline_featured_image":false,"footnotes":""},"class_list":["post-312","page","type-page","status-publish","hentry"],"acf":[],"_links":{"self":[{"href":"https:\/\/sisu.ut.ee\/sensiclass\/wp-json\/wp\/v2\/pages\/312","targetHints":{"allow":["GET"]}}],"collection":[{"href":"https:\/\/sisu.ut.ee\/sensiclass\/wp-json\/wp\/v2\/pages"}],"about":[{"href":"https:\/\/sisu.ut.ee\/sensiclass\/wp-json\/wp\/v2\/types\/page"}],"author":[{"embeddable":true,"href":"https:\/\/sisu.ut.ee\/sensiclass\/wp-json\/wp\/v2\/users\/240"}],"replies":[{"embeddable":true,"href":"https:\/\/sisu.ut.ee\/sensiclass\/wp-json\/wp\/v2\/comments?post=312"}],"version-history":[{"count":4,"href":"https:\/\/sisu.ut.ee\/sensiclass\/wp-json\/wp\/v2\/pages\/312\/revisions"}],"predecessor-version":[{"id":2576,"href":"https:\/\/sisu.ut.ee\/sensiclass\/wp-json\/wp\/v2\/pages\/312\/revisions\/2576"}],"up":[{"embeddable":true,"href":"https:\/\/sisu.ut.ee\/sensiclass\/wp-json\/wp\/v2\/pages\/300"}],"wp:attachment":[{"href":"https:\/\/sisu.ut.ee\/sensiclass\/wp-json\/wp\/v2\/media?parent=312"}],"curies":[{"name":"wp","href":"https:\/\/api.w.org\/{rel}","templated":true}]}}