{"id":309,"date":"2024-04-04T06:43:45","date_gmt":"2024-04-04T03:43:45","guid":{"rendered":"https:\/\/sisu.ut.ee\/sensiclass\/material-pro-sebereflexi\/"},"modified":"2024-06-21T15:30:37","modified_gmt":"2024-06-21T12:30:37","slug":"material-pro-sebereflexi","status":"publish","type":"page","link":"https:\/\/sisu.ut.ee\/sensiclass\/toolbox\/reflektivni-vyuka\/strategie-pro-reflektivni-vyuku\/material-pro-sebereflexi\/","title":{"rendered":"Materi\u00e1l pro sebereflexi"},"content":{"rendered":"<nav style=\"font-style:normal;font-weight:400;\" class=\"has-background has-light-background-color has-regular-font-size is-responsive items-justified-left mb-1 mt-1 wp-block-navigation is-horizontal is-content-justification-left is-layout-flex wp-container-core-navigation-is-layout-c39e78a4 wp-block-navigation-is-layout-flex\" aria-label=\"Reflektivn\u00ed v\u00fduka\" data-wp-interactive=\"core\/navigation\" data-wp-context='{\"overlayOpenedBy\":{\"click\":false,\"hover\":false,\"focus\":false},\"type\":\"overlay\",\"roleAttribute\":\"\",\"ariaLabel\":\"Menu\"}'><button aria-haspopup=\"dialog\" aria-label=\"Open menu\" class=\"wp-block-navigation__responsive-container-open\" data-wp-on--click=\"actions.openMenuOnClick\" data-wp-on--keydown=\"actions.handleMenuKeydown\"><svg width=\"24\" height=\"24\" xmlns=\"http:\/\/www.w3.org\/2000\/svg\" viewbox=\"0 0 24 24\"><path d=\"M5 5v1.5h14V5H5z\"><\/path><path d=\"M5 12.8h14v-1.5H5v1.5z\"><\/path><path d=\"M5 19h14v-1.5H5V19z\"><\/path><\/svg><\/button>\n\t\t\t\t<div class=\"wp-block-navigation__responsive-container\" id=\"modal-1\" data-wp-class--has-modal-open=\"state.isMenuOpen\" data-wp-class--is-menu-open=\"state.isMenuOpen\" data-wp-watch=\"callbacks.initMenu\" data-wp-on--keydown=\"actions.handleMenuKeydown\" data-wp-on--focusout=\"actions.handleMenuFocusout\" tabindex=\"-1\">\n\t\t\t\t\t<div class=\"wp-block-navigation__responsive-close\" tabindex=\"-1\">\n\t\t\t\t\t\t<div class=\"wp-block-navigation__responsive-dialog\" data-wp-bind--aria-modal=\"state.ariaModal\" data-wp-bind--aria-label=\"state.ariaLabel\" data-wp-bind--role=\"state.roleAttribute\">\n\t\t\t\t\t\t\t<button aria-label=\"Close menu\" class=\"wp-block-navigation__responsive-container-close\" data-wp-on--click=\"actions.closeMenuOnClick\"><svg xmlns=\"http:\/\/www.w3.org\/2000\/svg\" viewbox=\"0 0 24 24\" width=\"24\" height=\"24\" aria-hidden=\"true\" focusable=\"false\"><path d=\"m13.06 12 6.47-6.47-1.06-1.06L12 10.94 5.53 4.47 4.47 5.53 10.94 12l-6.47 6.47 1.06 1.06L12 13.06l6.47 6.47 1.06-1.06L13.06 12Z\"><\/path><\/svg><\/button>\n\t\t\t\t\t\t\t<div class=\"wp-block-navigation__responsive-container-content\" data-wp-watch=\"callbacks.focusFirstElement\" id=\"modal-1-content\">\n\t\t\t\t\t\t\t\t<ul style=\"font-style:normal;font-weight:400;\" class=\"wp-block-navigation__container has-background has-light-background-color has-regular-font-size is-responsive items-justified-left mb-1 mt-1 wp-block-navigation has-regular-font-size\"><li class=\"has-regular-font-size wp-block-navigation-item wp-block-navigation-link\"><a class=\"wp-block-navigation-item__content\" href=\"https:\/\/sisu.ut.ee\/sensiclass\/toolbox\/reflektivni-vyuka\/\"><span class=\"wp-block-navigation-item__label\">Reflektivn\u00ed v\u00fduka<\/span><\/a><\/li><li class=\"has-regular-font-size wp-block-navigation-item wp-block-navigation-link\"><a class=\"wp-block-navigation-item__content\" href=\"https:\/\/sisu.ut.ee\/sensiclass\/toolbox\/reflektivni-vyuka\/reflexe-a-kriticka-reflexe\/\"><span class=\"wp-block-navigation-item__label\">Reflexe a kritick\u00e1 reflexe<\/span><\/a><\/li><li class=\"has-regular-font-size wp-block-navigation-item wp-block-navigation-link\"><a class=\"wp-block-navigation-item__content\" href=\"https:\/\/sisu.ut.ee\/sensiclass\/toolbox\/reflektivni-vyuka\/jak-na-reflektivni-vyuku\/\"><span class=\"wp-block-navigation-item__label\">Jak na reflektivn\u00ed v\u00fduku<\/span><\/a><\/li><li data-wp-context='{ \"submenuOpenedBy\": { \"click\": false, \"hover\": false, \"focus\": false }, \"type\": \"submenu\", \"modal\": null, \"previousFocus\": null }' data-wp-interactive=\"core\/navigation\" data-wp-on--focusout=\"actions.handleMenuFocusout\" data-wp-on--keydown=\"actions.handleMenuKeydown\" data-wp-watch=\"callbacks.initMenu\" tabindex=\"-1\" class=\"wp-block-navigation-item has-regular-font-size has-child open-on-click wp-block-navigation-submenu\"><button data-wp-bind--aria-expanded=\"state.isMenuOpen\" data-wp-on--click=\"actions.toggleMenuOnClick\" aria-label=\"V\u00fdukov\u00e9 zdroje submenu\" class=\"wp-block-navigation-item__content wp-block-navigation-submenu__toggle\"><span class=\"wp-block-navigation-item__label\">V\u00fdukov\u00e9 zdroje<\/span><\/button><span class=\"wp-block-navigation__submenu-icon\"><svg xmlns=\"http:\/\/www.w3.org\/2000\/svg\" width=\"12\" height=\"12\" viewbox=\"0 0 12 12\" fill=\"none\" aria-hidden=\"true\" focusable=\"false\"><path d=\"M1.50002 4L6.00002 8L10.5 4\" stroke-width=\"1.5\"><\/path><\/svg><\/span><ul data-wp-on--focus=\"actions.openMenuOnFocus\" class=\"wp-block-navigation__submenu-container wp-block-navigation-submenu\"><li class=\"has-regular-font-size wp-block-navigation-item wp-block-navigation-link\"><a class=\"wp-block-navigation-item__content\" href=\"https:\/\/sisu.ut.ee\/sensiclass\/toolbox\/reflektivni-vyuka\/strategie-pro-reflektivni-vyuku\/otazky-pro-evaluaci-ve-tride\/\"><span class=\"wp-block-navigation-item__label\">Materi\u00e1l pro extern\u00ed reflexi<\/span><\/a><\/li><li class=\"has-regular-font-size wp-block-navigation-item wp-block-navigation-link\"><a class=\"wp-block-navigation-item__content\" href=\"https:\/\/sisu.ut.ee\/sensiclass\/toolbox\/reflektivni-vyuka\/strategie-pro-reflektivni-vyuku\/material-pro-sebereflexi\/\"><span class=\"wp-block-navigation-item__label\">Materi\u00e1l pro sebereflexi<\/span><\/a><\/li><\/ul><\/li><li class=\"has-regular-font-size wp-block-navigation-item wp-block-navigation-link\"><a class=\"wp-block-navigation-item__content\" href=\"https:\/\/sisu.ut.ee\/sensiclass\/toolbox\/reflektivni-vyuka\/vyuka\/\"><span class=\"wp-block-navigation-item__label\">P\u0159\u00edpadov\u00e9 studie<\/span><\/a><\/li><li class=\"has-regular-font-size wp-block-navigation-item wp-block-navigation-link\"><a class=\"wp-block-navigation-item__content\" href=\"https:\/\/sisu.ut.ee\/sensiclass\/toolbox\/reflektivni-vyuka\/otestuj-sve-znalosti-reflektivni-vyuka\/\"><span class=\"wp-block-navigation-item__label\">Otestujte sv\u00e9 znalosti!<\/span><\/a><\/li><\/ul>\n\t\t\t\t\t\t\t<\/div>\n\t\t\t\t\t\t<\/div>\n\t\t\t\t\t<\/div>\n\t\t\t\t<\/div><\/nav>\n\n<table class=\"table table-hover\" width=\"669\" cellspacing=\"1\" cellpadding=\"1\" border=\"1\">\n<tbody>\n<tr>\n<td>\n\t\t\t\tOt\u00e1zky pro evaluaci ve t\u0159\u00edd\u011b\n\t\t\t<\/td>\n<\/tr>\n<tr>\n<td>\n\t\t\t\tN\u00e1zev kurzu:\n\t\t\t<\/td>\n<\/tr>\n<tr>\n<td>\n\t\t\t\tU\u010ditel:\n\t\t\t<\/td>\n<\/tr>\n<tr>\n<td>\n<p style=\"margin-bottom:.0001pt;text-align:justify\">\n\t\t\t\t\t<span><span style=\"line-height:normal\"><i><span><span>Pros\u00edm vypl\u0148te polo\u017eky na z\u00e1klad\u011b pozorov\u00e1n\u00ed d\u011bn\u00ed ve t\u0159\u00edd\u011b od va\u0161eho kolegy.<\/span><\/span><\/i><\/span><\/span>\n\t\t\t\t<\/p>\n<\/td>\n<\/tr>\n<\/tbody>\n<\/table>\n<table class=\"table table-hover\" width=\"671\" cellspacing=\"1\" cellpadding=\"1\" border=\"1\">\n<tbody>\n<tr>\n<td>\n\t\t\t\t<span>Jak\u00e1 byla dnes moje nejlep\u0161\u00ed chv\u00edle a jak mohu dos\u00e1hnout toho, aby takov\u00fdch bylo v\u00edc?<\/span>\n\t\t\t<\/td>\n<td>\n\t\t\t\t\u2026\u2026\u2026\u2026\u2026\u2026\u2026\u2026\u2026\u2026\u2026\u2026\u2026\u2026\u2026\u2026\u2026\u2026.\n\t\t\t<\/td>\n<\/tr>\n<tr>\n<td>\n\t\t\t\t<span>Jak\u00fd okam\u017eik pro m\u011b byl nejv\u011bt\u0161\u00ed v\u00fdzvou a pro\u010d? Co z\u00a0toho pro m\u011b plyne pro p\u0159\u00ed\u0161t\u011b?<\/span>\n\t\t\t<\/td>\n<td>\n\t\t\t\t\u00a0\n\t\t\t<\/td>\n<\/tr>\n<tr>\n<td>\n\t\t\t\t<span>Byli studenti ve t\u0159\u00edd\u011b nad\u0161en\u00ed? Pokud ne, mohu to zm\u011bnit?<\/span>\n\t\t\t<\/td>\n<td>\n\t\t\t\t\u00a0\n\t\t\t<\/td>\n<\/tr>\n<tr>\n<td>\n\t\t\t\t<span>Jakou jsem m\u011bla n\u00e1ladu p\u0159i komunikaci s\u00a0ostatn\u00edmi? Jak to m\u016f\u017eu zlep\u0161it?<\/span>\n\t\t\t<\/td>\n<td>\n\t\t\t\t\u00a0\n\t\t\t<\/td>\n<\/tr>\n<tr>\n<td>\n\t\t\t\t<span>Jak dob\u0159e se mi dnes se studenty komunikovalo? Co mohu ud\u011blat pro zlep\u0161en\u00ed?<\/span>\n\t\t\t<\/td>\n<td>\n\t\t\t\t\u00a0\n\t\t\t<\/td>\n<\/tr>\n<tr>\n<td>\n\t\t\t\t<span>V\u00a0\u010dem m\u011b dnes studenti nejv\u00edc p\u0159ekvapili?<\/span>\n\t\t\t<\/td>\n<td>\n\t\t\t\t\u00a0\n\t\t\t<\/td>\n<\/tr>\n<tr>\n<td>\n\t\t\t\t<span>V\u011bnovali jsme se dnes n\u011bjak\u00fdm kontroverzn\u00edm t\u00e9mat\u016fm? Pokud ano, poradil jsem si s\u00a0t\u00edm dob\u0159e?<\/span>\n\t\t\t<\/td>\n<td>\n\t\t\t\t\u00a0\n\t\t\t<\/td>\n<\/tr>\n<tr>\n<td>\n\t\t\t\t<span>Byla dnes ve t\u0159\u00edd\u011b konstruktivn\u00ed a respektuj\u00edc\u00ed atmosf\u00e9ra? \u010c\u00edm to mohu zlep\u0161it?<\/span>\n\t\t\t<\/td>\n<td>\n\t\t\t\t\u00a0\n\t\t\t<\/td>\n<\/tr>\n<tr>\n<td>\n\t\t\t\t<span>Co chci, aby ostatn\u00ed \u0159\u00edkali o m\u00e9 v\u00fduce a o mn\u011b?<\/span>\n\t\t\t<\/td>\n<td>\n\t\t\t\t\u00a0\n\t\t\t<\/td>\n<\/tr>\n<\/tbody>\n<\/table>\n<p>\n\t\u00a0\n<\/p>","protected":false},"excerpt":{"rendered":"<p>Ot\u00e1zky pro evaluaci ve t\u0159\u00edd\u011b N\u00e1zev kurzu: U\u010ditel: Pros\u00edm vypl\u0148te polo\u017eky na z\u00e1klad\u011b pozorov\u00e1n\u00ed d\u011bn\u00ed ve t\u0159\u00edd\u011b od va\u0161eho kolegy. Jak\u00e1 byla dnes moje nejlep\u0161\u00ed chv\u00edle a jak mohu dos\u00e1hnout toho, aby takov\u00fdch bylo v\u00edc? \u2026\u2026\u2026\u2026\u2026\u2026\u2026\u2026\u2026\u2026\u2026\u2026\u2026\u2026\u2026\u2026\u2026\u2026. Jak\u00fd okam\u017eik pro m\u011b &#8230;<\/p>\n","protected":false},"author":240,"featured_media":0,"parent":305,"menu_order":0,"comment_status":"closed","ping_status":"closed","template":"","meta":{"_acf_changed":false,"inline_featured_image":false,"footnotes":""},"class_list":["post-309","page","type-page","status-publish","hentry"],"acf":[],"_links":{"self":[{"href":"https:\/\/sisu.ut.ee\/sensiclass\/wp-json\/wp\/v2\/pages\/309","targetHints":{"allow":["GET"]}}],"collection":[{"href":"https:\/\/sisu.ut.ee\/sensiclass\/wp-json\/wp\/v2\/pages"}],"about":[{"href":"https:\/\/sisu.ut.ee\/sensiclass\/wp-json\/wp\/v2\/types\/page"}],"author":[{"embeddable":true,"href":"https:\/\/sisu.ut.ee\/sensiclass\/wp-json\/wp\/v2\/users\/240"}],"replies":[{"embeddable":true,"href":"https:\/\/sisu.ut.ee\/sensiclass\/wp-json\/wp\/v2\/comments?post=309"}],"version-history":[{"count":4,"href":"https:\/\/sisu.ut.ee\/sensiclass\/wp-json\/wp\/v2\/pages\/309\/revisions"}],"predecessor-version":[{"id":2574,"href":"https:\/\/sisu.ut.ee\/sensiclass\/wp-json\/wp\/v2\/pages\/309\/revisions\/2574"}],"up":[{"embeddable":true,"href":"https:\/\/sisu.ut.ee\/sensiclass\/wp-json\/wp\/v2\/pages\/305"}],"wp:attachment":[{"href":"https:\/\/sisu.ut.ee\/sensiclass\/wp-json\/wp\/v2\/media?parent=309"}],"curies":[{"name":"wp","href":"https:\/\/api.w.org\/{rel}","templated":true}]}}