{"id":307,"date":"2024-04-04T06:43:45","date_gmt":"2024-04-04T03:43:45","guid":{"rendered":"https:\/\/sisu.ut.ee\/sensiclass\/otazky-pro-evaluaci-ve-tride\/"},"modified":"2024-06-21T15:30:02","modified_gmt":"2024-06-21T12:30:02","slug":"otazky-pro-evaluaci-ve-tride","status":"publish","type":"page","link":"https:\/\/sisu.ut.ee\/sensiclass\/toolbox\/reflektivni-vyuka\/strategie-pro-reflektivni-vyuku\/otazky-pro-evaluaci-ve-tride\/","title":{"rendered":"Materi\u00e1l pro extern\u00ed reflexi"},"content":{"rendered":"<nav style=\"font-style:normal;font-weight:400;\" class=\"has-background has-light-background-color has-regular-font-size is-responsive items-justified-left mb-1 mt-1 wp-block-navigation is-horizontal is-content-justification-left is-layout-flex wp-container-core-navigation-is-layout-c39e78a4 wp-block-navigation-is-layout-flex\" aria-label=\"Reflektivn\u00ed v\u00fduka\" data-wp-interactive=\"core\/navigation\" data-wp-context='{\"overlayOpenedBy\":{\"click\":false,\"hover\":false,\"focus\":false},\"type\":\"overlay\",\"roleAttribute\":\"\",\"ariaLabel\":\"Menu\"}'><button aria-haspopup=\"dialog\" aria-label=\"Open menu\" class=\"wp-block-navigation__responsive-container-open\" data-wp-on--click=\"actions.openMenuOnClick\" data-wp-on--keydown=\"actions.handleMenuKeydown\"><svg width=\"24\" height=\"24\" xmlns=\"http:\/\/www.w3.org\/2000\/svg\" viewbox=\"0 0 24 24\"><path d=\"M5 5v1.5h14V5H5z\"><\/path><path d=\"M5 12.8h14v-1.5H5v1.5z\"><\/path><path d=\"M5 19h14v-1.5H5V19z\"><\/path><\/svg><\/button>\n\t\t\t\t<div class=\"wp-block-navigation__responsive-container\" id=\"modal-1\" data-wp-class--has-modal-open=\"state.isMenuOpen\" data-wp-class--is-menu-open=\"state.isMenuOpen\" data-wp-watch=\"callbacks.initMenu\" data-wp-on--keydown=\"actions.handleMenuKeydown\" data-wp-on--focusout=\"actions.handleMenuFocusout\" tabindex=\"-1\">\n\t\t\t\t\t<div class=\"wp-block-navigation__responsive-close\" tabindex=\"-1\">\n\t\t\t\t\t\t<div class=\"wp-block-navigation__responsive-dialog\" data-wp-bind--aria-modal=\"state.ariaModal\" data-wp-bind--aria-label=\"state.ariaLabel\" data-wp-bind--role=\"state.roleAttribute\">\n\t\t\t\t\t\t\t<button aria-label=\"Close menu\" class=\"wp-block-navigation__responsive-container-close\" data-wp-on--click=\"actions.closeMenuOnClick\"><svg xmlns=\"http:\/\/www.w3.org\/2000\/svg\" viewbox=\"0 0 24 24\" width=\"24\" height=\"24\" aria-hidden=\"true\" focusable=\"false\"><path d=\"m13.06 12 6.47-6.47-1.06-1.06L12 10.94 5.53 4.47 4.47 5.53 10.94 12l-6.47 6.47 1.06 1.06L12 13.06l6.47 6.47 1.06-1.06L13.06 12Z\"><\/path><\/svg><\/button>\n\t\t\t\t\t\t\t<div class=\"wp-block-navigation__responsive-container-content\" data-wp-watch=\"callbacks.focusFirstElement\" id=\"modal-1-content\">\n\t\t\t\t\t\t\t\t<ul style=\"font-style:normal;font-weight:400;\" class=\"wp-block-navigation__container has-background has-light-background-color has-regular-font-size is-responsive items-justified-left mb-1 mt-1 wp-block-navigation has-regular-font-size\"><li class=\"has-regular-font-size wp-block-navigation-item wp-block-navigation-link\"><a class=\"wp-block-navigation-item__content\" href=\"https:\/\/sisu.ut.ee\/sensiclass\/toolbox\/reflektivni-vyuka\/\"><span class=\"wp-block-navigation-item__label\">Reflektivn\u00ed v\u00fduka<\/span><\/a><\/li><li class=\"has-regular-font-size wp-block-navigation-item wp-block-navigation-link\"><a class=\"wp-block-navigation-item__content\" href=\"https:\/\/sisu.ut.ee\/sensiclass\/toolbox\/reflektivni-vyuka\/reflexe-a-kriticka-reflexe\/\"><span class=\"wp-block-navigation-item__label\">Reflexe a kritick\u00e1 reflexe<\/span><\/a><\/li><li class=\"has-regular-font-size wp-block-navigation-item wp-block-navigation-link\"><a class=\"wp-block-navigation-item__content\" href=\"https:\/\/sisu.ut.ee\/sensiclass\/toolbox\/reflektivni-vyuka\/jak-na-reflektivni-vyuku\/\"><span class=\"wp-block-navigation-item__label\">Jak na reflektivn\u00ed v\u00fduku<\/span><\/a><\/li><li data-wp-context='{ \"submenuOpenedBy\": { \"click\": false, \"hover\": false, \"focus\": false }, \"type\": \"submenu\", \"modal\": null, \"previousFocus\": null }' data-wp-interactive=\"core\/navigation\" data-wp-on--focusout=\"actions.handleMenuFocusout\" data-wp-on--keydown=\"actions.handleMenuKeydown\" data-wp-watch=\"callbacks.initMenu\" tabindex=\"-1\" class=\"wp-block-navigation-item has-regular-font-size has-child open-on-click wp-block-navigation-submenu\"><button data-wp-bind--aria-expanded=\"state.isMenuOpen\" data-wp-on--click=\"actions.toggleMenuOnClick\" aria-label=\"V\u00fdukov\u00e9 zdroje submenu\" class=\"wp-block-navigation-item__content wp-block-navigation-submenu__toggle\"><span class=\"wp-block-navigation-item__label\">V\u00fdukov\u00e9 zdroje<\/span><\/button><span class=\"wp-block-navigation__submenu-icon\"><svg xmlns=\"http:\/\/www.w3.org\/2000\/svg\" width=\"12\" height=\"12\" viewbox=\"0 0 12 12\" fill=\"none\" aria-hidden=\"true\" focusable=\"false\"><path d=\"M1.50002 4L6.00002 8L10.5 4\" stroke-width=\"1.5\"><\/path><\/svg><\/span><ul data-wp-on--focus=\"actions.openMenuOnFocus\" class=\"wp-block-navigation__submenu-container wp-block-navigation-submenu\"><li class=\"has-regular-font-size wp-block-navigation-item wp-block-navigation-link\"><a class=\"wp-block-navigation-item__content\" href=\"https:\/\/sisu.ut.ee\/sensiclass\/toolbox\/reflektivni-vyuka\/strategie-pro-reflektivni-vyuku\/otazky-pro-evaluaci-ve-tride\/\"><span class=\"wp-block-navigation-item__label\">Materi\u00e1l pro extern\u00ed reflexi<\/span><\/a><\/li><li class=\"has-regular-font-size wp-block-navigation-item wp-block-navigation-link\"><a class=\"wp-block-navigation-item__content\" href=\"https:\/\/sisu.ut.ee\/sensiclass\/toolbox\/reflektivni-vyuka\/strategie-pro-reflektivni-vyuku\/material-pro-sebereflexi\/\"><span class=\"wp-block-navigation-item__label\">Materi\u00e1l pro sebereflexi<\/span><\/a><\/li><\/ul><\/li><li class=\"has-regular-font-size wp-block-navigation-item wp-block-navigation-link\"><a class=\"wp-block-navigation-item__content\" href=\"https:\/\/sisu.ut.ee\/sensiclass\/toolbox\/reflektivni-vyuka\/vyuka\/\"><span class=\"wp-block-navigation-item__label\">P\u0159\u00edpadov\u00e9 studie<\/span><\/a><\/li><li class=\"has-regular-font-size wp-block-navigation-item wp-block-navigation-link\"><a class=\"wp-block-navigation-item__content\" href=\"https:\/\/sisu.ut.ee\/sensiclass\/toolbox\/reflektivni-vyuka\/otestuj-sve-znalosti-reflektivni-vyuka\/\"><span class=\"wp-block-navigation-item__label\">Otestujte sv\u00e9 znalosti!<\/span><\/a><\/li><\/ul>\n\t\t\t\t\t\t\t<\/div>\n\t\t\t\t\t\t<\/div>\n\t\t\t\t\t<\/div>\n\t\t\t\t<\/div><\/nav>\n\n<table class=\"table table-hover\" style=\"width: 500px;\" border=\"1\" cellspacing=\"1\" cellpadding=\"1\">\n<tbody>\n<tr>\n<td>\n<p style=\"margin-bottom: .0001pt; text-align: center;\" align=\"center\"><span style=\"line-height: normal;\"><b>Ot\u00e1zky pro evaluaci ve t\u0159\u00edd\u011b<\/b><\/span><\/p>\n<\/td>\n<\/tr>\n<tr>\n<td>N\u00e1zev kurzu:<\/td>\n<\/tr>\n<tr>\n<td>U\u010ditel:<\/td>\n<\/tr>\n<tr>\n<td>\n<p style=\"margin-bottom: .0001pt; text-align: justify;\"><span style=\"line-height: normal;\"><i>Pros\u00edm vypl\u0148te polo\u017eky na z\u00e1klad\u011b pozorov\u00e1n\u00ed d\u011bn\u00ed ve t\u0159\u00edd\u011b.<\/i><\/span><\/p>\n<\/td>\n<\/tr>\n<tr>\n<td>\n<ul>\n<li>Co se ve v\u00fduce da\u0159ilo? Pro\u010d?<\/li>\n<\/ul>\n<\/td>\n<\/tr>\n<tr>\n<td>\n<ul>\n<li>Jak aktivn\u00ed a vyt\u00ed\u017een\u00ed byli studenti?<\/li>\n<\/ul>\n<\/td>\n<\/tr>\n<tr>\n<td>\n<ul>\n<li>Kolik \u010dasu bylo v\u011bnov\u00e1no u\u010den\u00ed?<\/li>\n<\/ul>\n<\/td>\n<\/tr>\n<tr>\n<td>\n<ul>\n<li>Jak vyt\u00ed\u017een\u00fd, zam\u011bstnan\u00fd byl u\u010ditel?<\/li>\n<\/ul>\n<\/td>\n<\/tr>\n<tr>\n<td>\n<ul>\n<li>Co se ve v\u00fduce neda\u0159ilo?<\/li>\n<\/ul>\n<\/td>\n<\/tr>\n<tr>\n<td>\n<ul>\n<li>Co by se mohlo ud\u011blat jinak?<\/li>\n<\/ul>\n<\/td>\n<\/tr>\n<\/tbody>\n<\/table>\n<p>\u00a0<\/p>\n<p style=\"text-align: justify;\"><b><span style=\"line-height: 107%;\">Pou\u017eit\u00e1 literatura:<\/span><\/b><\/p>\n<p style=\"text-align: justify;\"><span style=\"line-height: 107%;\">Cambridge International Education. Teaching and Learning Team. \u201cGetting started with Reflective Practice\u201d. Available at: <\/span><a href=\"https:\/\/www.cambridge-community.org.uk\/professional-development\/gswrp\/index.html\"><span style=\"line-height: 107%;\"><span style=\"color: blue;\">https:\/\/www.cambridge-community.org.uk\/professional-development\/gswrp\/index.html<\/span><\/span><\/a><\/p>\n<p>\u00a0<\/p>","protected":false},"excerpt":{"rendered":"<p>Ot\u00e1zky pro evaluaci ve t\u0159\u00edd\u011b N\u00e1zev kurzu: U\u010ditel: Pros\u00edm vypl\u0148te polo\u017eky na z\u00e1klad\u011b pozorov\u00e1n\u00ed d\u011bn\u00ed ve t\u0159\u00edd\u011b. Co se ve v\u00fduce da\u0159ilo? Pro\u010d? Jak aktivn\u00ed a vyt\u00ed\u017een\u00ed byli studenti? Kolik \u010dasu bylo v\u011bnov\u00e1no u\u010den\u00ed? Jak vyt\u00ed\u017een\u00fd, zam\u011bstnan\u00fd byl u\u010ditel? Co &#8230;<\/p>\n","protected":false},"author":240,"featured_media":0,"parent":305,"menu_order":0,"comment_status":"closed","ping_status":"closed","template":"","meta":{"_acf_changed":false,"inline_featured_image":false,"footnotes":""},"class_list":["post-307","page","type-page","status-publish","hentry"],"acf":[],"_links":{"self":[{"href":"https:\/\/sisu.ut.ee\/sensiclass\/wp-json\/wp\/v2\/pages\/307","targetHints":{"allow":["GET"]}}],"collection":[{"href":"https:\/\/sisu.ut.ee\/sensiclass\/wp-json\/wp\/v2\/pages"}],"about":[{"href":"https:\/\/sisu.ut.ee\/sensiclass\/wp-json\/wp\/v2\/types\/page"}],"author":[{"embeddable":true,"href":"https:\/\/sisu.ut.ee\/sensiclass\/wp-json\/wp\/v2\/users\/240"}],"replies":[{"embeddable":true,"href":"https:\/\/sisu.ut.ee\/sensiclass\/wp-json\/wp\/v2\/comments?post=307"}],"version-history":[{"count":6,"href":"https:\/\/sisu.ut.ee\/sensiclass\/wp-json\/wp\/v2\/pages\/307\/revisions"}],"predecessor-version":[{"id":2573,"href":"https:\/\/sisu.ut.ee\/sensiclass\/wp-json\/wp\/v2\/pages\/307\/revisions\/2573"}],"up":[{"embeddable":true,"href":"https:\/\/sisu.ut.ee\/sensiclass\/wp-json\/wp\/v2\/pages\/305"}],"wp:attachment":[{"href":"https:\/\/sisu.ut.ee\/sensiclass\/wp-json\/wp\/v2\/media?parent=307"}],"curies":[{"name":"wp","href":"https:\/\/api.w.org\/{rel}","templated":true}]}}