{"id":305,"date":"2024-04-04T06:43:45","date_gmt":"2024-04-04T03:43:45","guid":{"rendered":"https:\/\/sisu.ut.ee\/sensiclass\/strategie-pro-reflektivni-vyuku\/"},"modified":"2024-06-21T15:31:04","modified_gmt":"2024-06-21T12:31:04","slug":"strategie-pro-reflektivni-vyuku","status":"publish","type":"page","link":"https:\/\/sisu.ut.ee\/sensiclass\/toolbox\/reflektivni-vyuka\/strategie-pro-reflektivni-vyuku\/","title":{"rendered":"V\u00fdukov\u00e9 zdroje"},"content":{"rendered":"<nav style=\"font-style:normal;font-weight:400;\" class=\"has-background has-light-background-color has-regular-font-size is-responsive items-justified-left mb-1 mt-1 wp-block-navigation is-horizontal is-content-justification-left is-layout-flex wp-container-core-navigation-is-layout-c39e78a4 wp-block-navigation-is-layout-flex\" aria-label=\"Reflektivn\u00ed v\u00fduka\" data-wp-interactive=\"core\/navigation\" data-wp-context='{\"overlayOpenedBy\":{\"click\":false,\"hover\":false,\"focus\":false},\"type\":\"overlay\",\"roleAttribute\":\"\",\"ariaLabel\":\"Menu\"}'><button aria-haspopup=\"dialog\" aria-label=\"Open menu\" class=\"wp-block-navigation__responsive-container-open\" data-wp-on--click=\"actions.openMenuOnClick\" data-wp-on--keydown=\"actions.handleMenuKeydown\"><svg width=\"24\" height=\"24\" xmlns=\"http:\/\/www.w3.org\/2000\/svg\" viewbox=\"0 0 24 24\"><path d=\"M5 5v1.5h14V5H5z\"><\/path><path d=\"M5 12.8h14v-1.5H5v1.5z\"><\/path><path d=\"M5 19h14v-1.5H5V19z\"><\/path><\/svg><\/button>\n\t\t\t\t<div class=\"wp-block-navigation__responsive-container\" id=\"modal-1\" data-wp-class--has-modal-open=\"state.isMenuOpen\" data-wp-class--is-menu-open=\"state.isMenuOpen\" data-wp-watch=\"callbacks.initMenu\" data-wp-on--keydown=\"actions.handleMenuKeydown\" data-wp-on--focusout=\"actions.handleMenuFocusout\" tabindex=\"-1\">\n\t\t\t\t\t<div class=\"wp-block-navigation__responsive-close\" tabindex=\"-1\">\n\t\t\t\t\t\t<div class=\"wp-block-navigation__responsive-dialog\" data-wp-bind--aria-modal=\"state.ariaModal\" data-wp-bind--aria-label=\"state.ariaLabel\" data-wp-bind--role=\"state.roleAttribute\">\n\t\t\t\t\t\t\t<button aria-label=\"Close menu\" class=\"wp-block-navigation__responsive-container-close\" data-wp-on--click=\"actions.closeMenuOnClick\"><svg xmlns=\"http:\/\/www.w3.org\/2000\/svg\" viewbox=\"0 0 24 24\" width=\"24\" height=\"24\" aria-hidden=\"true\" focusable=\"false\"><path d=\"m13.06 12 6.47-6.47-1.06-1.06L12 10.94 5.53 4.47 4.47 5.53 10.94 12l-6.47 6.47 1.06 1.06L12 13.06l6.47 6.47 1.06-1.06L13.06 12Z\"><\/path><\/svg><\/button>\n\t\t\t\t\t\t\t<div class=\"wp-block-navigation__responsive-container-content\" data-wp-watch=\"callbacks.focusFirstElement\" id=\"modal-1-content\">\n\t\t\t\t\t\t\t\t<ul style=\"font-style:normal;font-weight:400;\" class=\"wp-block-navigation__container has-background has-light-background-color has-regular-font-size is-responsive items-justified-left mb-1 mt-1 wp-block-navigation has-regular-font-size\"><li class=\"has-regular-font-size wp-block-navigation-item wp-block-navigation-link\"><a class=\"wp-block-navigation-item__content\" href=\"https:\/\/sisu.ut.ee\/sensiclass\/toolbox\/reflektivni-vyuka\/\"><span class=\"wp-block-navigation-item__label\">Reflektivn\u00ed v\u00fduka<\/span><\/a><\/li><li class=\"has-regular-font-size wp-block-navigation-item wp-block-navigation-link\"><a class=\"wp-block-navigation-item__content\" href=\"https:\/\/sisu.ut.ee\/sensiclass\/toolbox\/reflektivni-vyuka\/reflexe-a-kriticka-reflexe\/\"><span class=\"wp-block-navigation-item__label\">Reflexe a kritick\u00e1 reflexe<\/span><\/a><\/li><li class=\"has-regular-font-size wp-block-navigation-item wp-block-navigation-link\"><a class=\"wp-block-navigation-item__content\" href=\"https:\/\/sisu.ut.ee\/sensiclass\/toolbox\/reflektivni-vyuka\/jak-na-reflektivni-vyuku\/\"><span class=\"wp-block-navigation-item__label\">Jak na reflektivn\u00ed v\u00fduku<\/span><\/a><\/li><li data-wp-context='{ \"submenuOpenedBy\": { \"click\": false, \"hover\": false, \"focus\": false }, \"type\": \"submenu\", \"modal\": null, \"previousFocus\": null }' data-wp-interactive=\"core\/navigation\" data-wp-on--focusout=\"actions.handleMenuFocusout\" data-wp-on--keydown=\"actions.handleMenuKeydown\" data-wp-watch=\"callbacks.initMenu\" tabindex=\"-1\" class=\"wp-block-navigation-item has-regular-font-size has-child open-on-click wp-block-navigation-submenu\"><button data-wp-bind--aria-expanded=\"state.isMenuOpen\" data-wp-on--click=\"actions.toggleMenuOnClick\" aria-label=\"V\u00fdukov\u00e9 zdroje submenu\" class=\"wp-block-navigation-item__content wp-block-navigation-submenu__toggle\"><span class=\"wp-block-navigation-item__label\">V\u00fdukov\u00e9 zdroje<\/span><\/button><span class=\"wp-block-navigation__submenu-icon\"><svg xmlns=\"http:\/\/www.w3.org\/2000\/svg\" width=\"12\" height=\"12\" viewbox=\"0 0 12 12\" fill=\"none\" aria-hidden=\"true\" focusable=\"false\"><path d=\"M1.50002 4L6.00002 8L10.5 4\" stroke-width=\"1.5\"><\/path><\/svg><\/span><ul data-wp-on--focus=\"actions.openMenuOnFocus\" class=\"wp-block-navigation__submenu-container wp-block-navigation-submenu\"><li class=\"has-regular-font-size wp-block-navigation-item wp-block-navigation-link\"><a class=\"wp-block-navigation-item__content\" href=\"https:\/\/sisu.ut.ee\/sensiclass\/toolbox\/reflektivni-vyuka\/strategie-pro-reflektivni-vyuku\/otazky-pro-evaluaci-ve-tride\/\"><span class=\"wp-block-navigation-item__label\">Materi\u00e1l pro extern\u00ed reflexi<\/span><\/a><\/li><li class=\"has-regular-font-size wp-block-navigation-item wp-block-navigation-link\"><a class=\"wp-block-navigation-item__content\" href=\"https:\/\/sisu.ut.ee\/sensiclass\/toolbox\/reflektivni-vyuka\/strategie-pro-reflektivni-vyuku\/material-pro-sebereflexi\/\"><span class=\"wp-block-navigation-item__label\">Materi\u00e1l pro sebereflexi<\/span><\/a><\/li><\/ul><\/li><li class=\"has-regular-font-size wp-block-navigation-item wp-block-navigation-link\"><a class=\"wp-block-navigation-item__content\" href=\"https:\/\/sisu.ut.ee\/sensiclass\/toolbox\/reflektivni-vyuka\/vyuka\/\"><span class=\"wp-block-navigation-item__label\">P\u0159\u00edpadov\u00e9 studie<\/span><\/a><\/li><li class=\"has-regular-font-size wp-block-navigation-item wp-block-navigation-link\"><a class=\"wp-block-navigation-item__content\" href=\"https:\/\/sisu.ut.ee\/sensiclass\/toolbox\/reflektivni-vyuka\/otestuj-sve-znalosti-reflektivni-vyuka\/\"><span class=\"wp-block-navigation-item__label\">Otestujte sv\u00e9 znalosti!<\/span><\/a><\/li><\/ul>\n\t\t\t\t\t\t\t<\/div>\n\t\t\t\t\t\t<\/div>\n\t\t\t\t\t<\/div>\n\t\t\t\t<\/div><\/nav>\n\n<h2>\n\tStrategie pro reflektivn\u00ed v\u00fduku:<br>\n<\/h2>\n<p>\n\tOsvojit si sebereflexi ve v\u00fduce je samoz\u0159ejm\u011b dlouhob\u00fd proces, existuj\u00ed ale mal\u00e9 kroky, kter\u00e9 mohou u\u010ditel\u00e9 pravideln\u011b d\u011blat, aby do sv\u00e9 v\u00fduky reflektivn\u00ed styl zahrnuli. Jedn\u00edm zp\u016fsobem jak toho dos\u00e1hnout, je vyhradit si ur\u010dut\u00fd \u010das na konci hodiny a p\u0159em\u00fd\u0161let a o prob\u011bhl\u00e9 hodin\u011b a hledat zp\u016fsoby, jak hodinu a v\u00fduku co nejv\u00edce vylep\u0161it. Dal\u0161\u00edm zp\u016fsobem je spolupr\u00e1ce s \u201ckritick\u00fdm p\u0159\u00edtelem\u201d, nap\u0159\u00edklad kolegou, kter\u00fd m\u016f\u017ee p\u0159ij\u00edt do hodiny a pozorovat styl v\u00fduky, dynamiku hodiny a celkovou interakci mezi studenty a u\u010ditelem.\n<\/p>\n<p>\n\t\u00a0Oba p\u0159\u00edstupy pom\u00e1haj\u00ed p\u0159i dotazov\u00e1n\u00ed a re-interpretaci u\u010ditelov\u00fdch zku\u0161enost\u00ed z kritick\u00e9 perspektivy. D\u00edky tomu budou u\u010ditel\u00e9\u00a0 schopni p\u0159ij\u00edt s kreativn\u00edm \u0159e\u0161en\u00edm v\u00fduky, zlep\u0161it sv\u00e9 odborn\u00e9 postupy a rozv\u00edjet se jako\u017eto vychovatel\u00e9. (Sebe) reflexe je tedy kl\u00ed\u010dem k tomu, aby se u\u010ditel stal kriticky reflektivn\u00edm u\u010ditelem. Je to proces sebepozorov\u00e1n\u00ed a sebehodnocen\u00ed, kter\u00fd zlep\u0161uje v\u00fdukov\u00e9 a u\u010d\u00edc\u00ed postupy. Pro oba p\u0159\u00edstupy jsou k dispozici jsou materi\u00e1ly ke sta\u017een\u00ed s n\u00e1vodn\u00fdmi ot\u00e1zkami.\n<\/p>\n<p>\n\t\u00a0\n<\/p>\n<p>\n\t\u00a0\n<\/p>","protected":false},"excerpt":{"rendered":"<p>Strategie pro reflektivn\u00ed v\u00fduku: Osvojit si sebereflexi ve v\u00fduce je samoz\u0159ejm\u011b dlouhob\u00fd proces, existuj\u00ed ale mal\u00e9 kroky, kter\u00e9 mohou u\u010ditel\u00e9 pravideln\u011b d\u011blat, aby do sv\u00e9 v\u00fduky reflektivn\u00ed styl zahrnuli. Jedn\u00edm zp\u016fsobem jak toho dos\u00e1hnout, je vyhradit si ur\u010dut\u00fd \u010das na &#8230;<\/p>\n","protected":false},"author":240,"featured_media":0,"parent":300,"menu_order":0,"comment_status":"closed","ping_status":"closed","template":"","meta":{"_acf_changed":false,"inline_featured_image":false,"footnotes":""},"class_list":["post-305","page","type-page","status-publish","hentry"],"acf":[],"_links":{"self":[{"href":"https:\/\/sisu.ut.ee\/sensiclass\/wp-json\/wp\/v2\/pages\/305","targetHints":{"allow":["GET"]}}],"collection":[{"href":"https:\/\/sisu.ut.ee\/sensiclass\/wp-json\/wp\/v2\/pages"}],"about":[{"href":"https:\/\/sisu.ut.ee\/sensiclass\/wp-json\/wp\/v2\/types\/page"}],"author":[{"embeddable":true,"href":"https:\/\/sisu.ut.ee\/sensiclass\/wp-json\/wp\/v2\/users\/240"}],"replies":[{"embeddable":true,"href":"https:\/\/sisu.ut.ee\/sensiclass\/wp-json\/wp\/v2\/comments?post=305"}],"version-history":[{"count":4,"href":"https:\/\/sisu.ut.ee\/sensiclass\/wp-json\/wp\/v2\/pages\/305\/revisions"}],"predecessor-version":[{"id":2575,"href":"https:\/\/sisu.ut.ee\/sensiclass\/wp-json\/wp\/v2\/pages\/305\/revisions\/2575"}],"up":[{"embeddable":true,"href":"https:\/\/sisu.ut.ee\/sensiclass\/wp-json\/wp\/v2\/pages\/300"}],"wp:attachment":[{"href":"https:\/\/sisu.ut.ee\/sensiclass\/wp-json\/wp\/v2\/media?parent=305"}],"curies":[{"name":"wp","href":"https:\/\/api.w.org\/{rel}","templated":true}]}}