{"id":302,"date":"2024-04-04T06:43:45","date_gmt":"2024-04-04T03:43:45","guid":{"rendered":"https:\/\/sisu.ut.ee\/sensiclass\/know-how\/"},"modified":"2024-06-21T12:15:23","modified_gmt":"2024-06-21T09:15:23","slug":"know-how","status":"publish","type":"page","link":"https:\/\/sisu.ut.ee\/sensiclass\/cz\/state\/know-how\/","title":{"rendered":"Ne\u017e kliknete, m\u011bli byste v\u011bd\u011bt \u2026"},"content":{"rendered":"<p>\n\tVe\u0161ker\u00e9 STATE materi\u00e1ly jsou zpracov\u00e1ny pomoci aplikace <strong>Lumi<\/strong>, kter\u00e1 umo\u017e\u0148uje vyv\u00e1\u0159et, upravovat, prohl\u00ed\u017eet a sd\u00edlet interaktivn\u00ed obsah s des\u00edtkami r\u016fzn\u00fdch typ\u016f obsahu. \u00a0V r\u00e1mci tohoto programu byly vybr\u00e1ny dva typy sd\u00edlen\u00ed (<strong>Interaktivn\u00ed kniha<\/strong> \u2013 Interactive Book, <strong>Sc\u00e9n\u00e1\u0159 v\u011btven\u00ed<\/strong> \u2013 Branching Scenario). Ob\u011b sd\u00edlen\u00ed maj\u00ed sv\u00e1 specifika, jak vytv\u00e1\u0159en\u00ed obsahu, tak i jeho prohl\u00ed\u017een\u00ed.\n<\/p>\n<h3>\n\t<strong>1) Interaktivn\u00ed kniha<\/strong><br>\n<\/h3>\n<p>\n\tJak u\u017e n\u00e1zev napov\u00edd\u00e1, tento typ sd\u00edlen\u00ed nab\u00edz\u00ed \u010dten\u00e1\u0159i mo\u017enost poskl\u00e1dat texty do uspo\u0159\u00e1d\u00e1n\u00ed knihy. Doplnit text lze <strong>obr\u00e1zky<\/strong> nebo <strong>kv\u00edzy<\/strong> (pravda\/nepravda, spr\u00e1vn\u011b odpov\u011bdi, dopl\u0148ov\u00e1n\u00ed slov, \u2026). U kv\u00edz\u016f je mo\u017enost hned prov\u00e9st vyhodnocen\u00ed.\n<\/p>\n<p>\n\tPo zah\u00e1jen\u00ed prezentace knihy vid\u00ed \u010dten\u00e1\u0159 hlavn\u00ed str\u00e1nky knihy, m\u016f\u017ee p\u0159ep\u00ednat na jednotliv\u00e9 str\u00e1nky a je zde mo\u017enost vr\u00e1tit se i na str\u00e1nku p\u0159ede\u0161lou. Na lev\u00e9 stran\u011b se \u010dten\u00e1\u0159i zobrazuje <strong>obsah interaktivn\u00ed knihy<\/strong>. Doporu\u010dujeme v\u017edy srolovat na str\u00e1nce a\u017e dol\u016f, m\u016f\u017ee zde b\u00fdt dal\u0161\u00ed \u010d\u00e1st, kter\u00e1 se neve\u0161la do obrazu prezentace (nap\u0159. obr\u00e1zky, kv\u00edzy, ot\u00e1zky, \u2026). Vr\u00e1tit zp\u011bt k obsahu nebo p\u0159epnout na dal\u0161\u00ed str\u00e1nku je mo\u017eno pomoc\u00ed <strong>\u0161ipek<\/strong>, kter\u00e9 jsou v horn\u00ed i doln\u00ed \u010d\u00e1sti prezentace knihy.\n<\/p>\n<p>\n\tU interaktivn\u00ed knihy se na n\u011bkter\u00fdch str\u00e1nk\u00e1ch nach\u00e1z\u00ed <strong>ikony<\/strong>, na kter\u00e9 je pot\u0159eba kliknout, aby se zobrazil dal\u0161\u00ed text. Jedn\u00e1 se o ikony jako <strong>?,#,i<\/strong> apod.\n<\/p>\n<h3>\n\t<strong>2) Sc\u00e9n\u00e1\u0159 v\u011btven\u00ed<\/strong><br>\n<\/h3>\n<p>\n\tTento typ prezentace (sd\u00edlen\u00ed) je v administr\u00e1torsk\u00e9m prost\u0159ed\u00ed zobrazen jako rodokmenov\u00e1 mapa, pavouk. Pro u\u017eivatele je v\u00fdsledkem interaktivn\u00ed prezentace, ve kter\u00e9 se m\u016f\u017ee \u201epohybovat\u201c dle sv\u00e9ho uv\u00e1\u017een\u00ed. <strong>\u010cten\u00e1\u0159 si vol\u00ed z nab\u00eddky jednotliv\u00fdch t\u00e9mat, a potom z \u00farovn\u00ed (level\u016f) v\u00fdukov\u00fdch aktivit.<\/strong>\n<\/p>\n<p>\n\t<strong>Nev\u00fdhodou<\/strong> tohoto typu sd\u00edlen\u00ed je nemo\u017enost vracet se v prezentaci zp\u011bt. \u010cten\u00e1\u0159 se mus\u00ed proklikat ke konci zobrazen\u00e9ho t\u00e9matu\/levelu, pot\u00e9 se m\u016f\u017ee vr\u00e1tit na volbu jin\u00e9 \u00farovn\u011b vzd\u011bl\u00e1vac\u00ed aktivity nebo do nab\u00eddky t\u00e9mat.\n<\/p>\n<p>\n\tV jednotliv\u00fdch slidech se nach\u00e1z\u00ed <strong>text, video<\/strong> (odkaz na Youtube nebo jin\u00fd stream \u2013 p\u0159ehr\u00e1t lze p\u0159\u00edmo v prezentaci), <strong>obr\u00e1zky<\/strong> nebo <strong>hypertextov\u00fd odkaz<\/strong>, na kter\u00fd je mo\u017eno p\u0159\u00edmo kliknout. Po kliknut\u00ed se odkaz otev\u0159e v prezentaci. Pokud chcete, aby se otev\u0159el v nov\u00e9 z\u00e1lo\u017ece, stiskn\u011bte kombinaci kl\u00e1vesy CTRL + lev\u00e9 tla\u010d\u00edtko my\u0161i. Jeliko\u017e se jedn\u00e1 o zahrani\u010dn\u00ed program, <strong>nastal probl\u00e9m s fonty a \u010deskou (\u010di jinou) diakritikou.<\/strong> Z tohoto d\u016fvodu jsou <strong>texty vytvo\u0159eny v jin\u00e9m editoru a vlo\u017eeny jako obr\u00e1zky.<\/strong>\n<\/p>\n<h3>\n\t<strong>STATE tvo\u0159\u00ed:<\/strong><br>\n<\/h3>\n<ul>\n<li>\n\t\t<strong>Interaktivn\u00ed kniha<\/strong>\n<ul>\n<li>\n\t\t\t\t<strong><a class=\"btn btn-default\" data-url=\"https:\/\/sisu.ut.ee\/sensiclass\/h5p\/protoze-na-pribezich-zalezi\/\" href=\"https:\/\/sisu.ut.ee\/sensiclass\/h5p\/protoze-na-pribezich-zalezi\/\" target=\"_blank\" title=\"\" rel=\"noopener\">Osobn\u00ed p\u0159\u00edb\u011bhy<\/a><\/strong> \u2013 interaktivn\u00ed kniha s ikonami a dal\u0161\u00edm textem;\n\t\t\t<\/li>\n<li>\n\t\t\t\t<strong><a class=\"btn btn-default\" data-url=\"https:\/\/sisu.ut.ee\/sensiclass\/h5p\/trocha-teorie-nez-zacnete-ucit\/\" href=\"https:\/\/sisu.ut.ee\/sensiclass\/h5p\/trocha-teorie-nez-zacnete-ucit\/\" target=\"_blank\" title=\"\" rel=\"noopener\">Teoretick\u00fd start<\/a><\/strong>\u2013 interaktivn\u00ed kniha s dopl\u0148uj\u00edc\u00edmi kv\u00edzy a ot\u00e1zkami;\n\t\t\t<\/li>\n<li>\n\t\t\t\t<strong><a class=\"btn btn-default\" data-url=\"https:\/\/sisu.ut.ee\/sensiclass\/h5p\/ohlasy-aneb-mam-vam-venovat-cas\" href=\"https:\/\/sisu.ut.ee\/sensiclass\/h5p\/ohlasy-aneb-mam-vam-venovat-cas\" target=\"_blank\" title=\"\" rel=\"noopener\">Ohlasy?<\/a><\/strong> \u2013 interaktivn\u00ed kniha s obr\u00e1zky a ikonami s dal\u0161\u00edm textem.\n\t\t\t<\/li>\n<\/ul>\n<\/li>\n<li>\n\t\t<strong>Sc\u00e9n\u00e1\u0159 v\u011btven\u00ed<\/strong>\n<ul>\n<li>\n\t\t\t\t<strong><a class=\"btn btn-default\" data-url=\"https:\/\/sisu.ut.ee\/sensiclass\/h5p\/vyukove_aktivity\/\" href=\"https:\/\/sisu.ut.ee\/sensiclass\/h5p\/vyukove_aktivity\/\" target=\"_blank\" title=\"\" rel=\"noopener\">V\u00fdukov\u00e9 aktivity<\/a><\/strong> \u2013 interaktivn\u00ed prezentace s mo\u017enost\u00ed dal\u0161\u00edho prokliku\n\t\t\t<\/li>\n<\/ul>\n<\/li>\n<\/ul>\n","protected":false},"excerpt":{"rendered":"<p>Ve\u0161ker\u00e9 STATE materi\u00e1ly jsou zpracov\u00e1ny pomoci aplikace Lumi, kter\u00e1 umo\u017e\u0148uje vyv\u00e1\u0159et, upravovat, prohl\u00ed\u017eet a sd\u00edlet interaktivn\u00ed obsah s des\u00edtkami r\u016fzn\u00fdch typ\u016f obsahu. \u00a0V r\u00e1mci tohoto programu byly vybr\u00e1ny dva typy sd\u00edlen\u00ed (Interaktivn\u00ed kniha \u2013 Interactive Book, Sc\u00e9n\u00e1\u0159 v\u011btven\u00ed \u2013 Branching &#8230;<\/p>\n","protected":false},"author":240,"featured_media":0,"parent":310,"menu_order":0,"comment_status":"closed","ping_status":"closed","template":"","meta":{"_acf_changed":false,"inline_featured_image":false,"footnotes":""},"class_list":["post-302","page","type-page","status-publish","hentry"],"acf":[],"_links":{"self":[{"href":"https:\/\/sisu.ut.ee\/sensiclass\/wp-json\/wp\/v2\/pages\/302","targetHints":{"allow":["GET"]}}],"collection":[{"href":"https:\/\/sisu.ut.ee\/sensiclass\/wp-json\/wp\/v2\/pages"}],"about":[{"href":"https:\/\/sisu.ut.ee\/sensiclass\/wp-json\/wp\/v2\/types\/page"}],"author":[{"embeddable":true,"href":"https:\/\/sisu.ut.ee\/sensiclass\/wp-json\/wp\/v2\/users\/240"}],"replies":[{"embeddable":true,"href":"https:\/\/sisu.ut.ee\/sensiclass\/wp-json\/wp\/v2\/comments?post=302"}],"version-history":[{"count":6,"href":"https:\/\/sisu.ut.ee\/sensiclass\/wp-json\/wp\/v2\/pages\/302\/revisions"}],"predecessor-version":[{"id":2461,"href":"https:\/\/sisu.ut.ee\/sensiclass\/wp-json\/wp\/v2\/pages\/302\/revisions\/2461"}],"up":[{"embeddable":true,"href":"https:\/\/sisu.ut.ee\/sensiclass\/wp-json\/wp\/v2\/pages\/310"}],"wp:attachment":[{"href":"https:\/\/sisu.ut.ee\/sensiclass\/wp-json\/wp\/v2\/media?parent=302"}],"curies":[{"name":"wp","href":"https:\/\/api.w.org\/{rel}","templated":true}]}}