{"id":301,"date":"2024-04-04T06:43:44","date_gmt":"2024-04-04T03:43:44","guid":{"rendered":"https:\/\/sisu.ut.ee\/sensiclass\/reflexe-a-kriticka-reflexe\/"},"modified":"2024-06-21T15:27:21","modified_gmt":"2024-06-21T12:27:21","slug":"reflexe-a-kriticka-reflexe","status":"publish","type":"page","link":"https:\/\/sisu.ut.ee\/sensiclass\/toolbox\/reflektivni-vyuka\/reflexe-a-kriticka-reflexe\/","title":{"rendered":"Reflexe a kritick\u00e1 reflexe"},"content":{"rendered":"<nav style=\"font-style:normal;font-weight:400;\" class=\"has-background has-light-background-color has-regular-font-size is-responsive items-justified-left mb-1 mt-1 wp-block-navigation is-horizontal is-content-justification-left is-layout-flex wp-container-core-navigation-is-layout-c39e78a4 wp-block-navigation-is-layout-flex\" aria-label=\"Reflektivn\u00ed v\u00fduka\" data-wp-interactive=\"core\/navigation\" data-wp-context='{\"overlayOpenedBy\":{\"click\":false,\"hover\":false,\"focus\":false},\"type\":\"overlay\",\"roleAttribute\":\"\",\"ariaLabel\":\"Menu\"}'><button aria-haspopup=\"dialog\" aria-label=\"Open menu\" class=\"wp-block-navigation__responsive-container-open\" data-wp-on--click=\"actions.openMenuOnClick\" data-wp-on--keydown=\"actions.handleMenuKeydown\"><svg width=\"24\" height=\"24\" xmlns=\"http:\/\/www.w3.org\/2000\/svg\" viewbox=\"0 0 24 24\"><path d=\"M5 5v1.5h14V5H5z\"><\/path><path d=\"M5 12.8h14v-1.5H5v1.5z\"><\/path><path d=\"M5 19h14v-1.5H5V19z\"><\/path><\/svg><\/button>\n\t\t\t\t<div class=\"wp-block-navigation__responsive-container\" id=\"modal-1\" data-wp-class--has-modal-open=\"state.isMenuOpen\" data-wp-class--is-menu-open=\"state.isMenuOpen\" data-wp-watch=\"callbacks.initMenu\" data-wp-on--keydown=\"actions.handleMenuKeydown\" data-wp-on--focusout=\"actions.handleMenuFocusout\" tabindex=\"-1\">\n\t\t\t\t\t<div class=\"wp-block-navigation__responsive-close\" tabindex=\"-1\">\n\t\t\t\t\t\t<div class=\"wp-block-navigation__responsive-dialog\" data-wp-bind--aria-modal=\"state.ariaModal\" data-wp-bind--aria-label=\"state.ariaLabel\" data-wp-bind--role=\"state.roleAttribute\">\n\t\t\t\t\t\t\t<button aria-label=\"Close menu\" class=\"wp-block-navigation__responsive-container-close\" data-wp-on--click=\"actions.closeMenuOnClick\"><svg xmlns=\"http:\/\/www.w3.org\/2000\/svg\" viewbox=\"0 0 24 24\" width=\"24\" height=\"24\" aria-hidden=\"true\" focusable=\"false\"><path d=\"m13.06 12 6.47-6.47-1.06-1.06L12 10.94 5.53 4.47 4.47 5.53 10.94 12l-6.47 6.47 1.06 1.06L12 13.06l6.47 6.47 1.06-1.06L13.06 12Z\"><\/path><\/svg><\/button>\n\t\t\t\t\t\t\t<div class=\"wp-block-navigation__responsive-container-content\" data-wp-watch=\"callbacks.focusFirstElement\" id=\"modal-1-content\">\n\t\t\t\t\t\t\t\t<ul style=\"font-style:normal;font-weight:400;\" class=\"wp-block-navigation__container has-background has-light-background-color has-regular-font-size is-responsive items-justified-left mb-1 mt-1 wp-block-navigation has-regular-font-size\"><li class=\"has-regular-font-size wp-block-navigation-item wp-block-navigation-link\"><a class=\"wp-block-navigation-item__content\" href=\"https:\/\/sisu.ut.ee\/sensiclass\/toolbox\/reflektivni-vyuka\/\"><span class=\"wp-block-navigation-item__label\">Reflektivn\u00ed v\u00fduka<\/span><\/a><\/li><li class=\"has-regular-font-size wp-block-navigation-item wp-block-navigation-link\"><a class=\"wp-block-navigation-item__content\" href=\"https:\/\/sisu.ut.ee\/sensiclass\/toolbox\/reflektivni-vyuka\/reflexe-a-kriticka-reflexe\/\"><span class=\"wp-block-navigation-item__label\">Reflexe a kritick\u00e1 reflexe<\/span><\/a><\/li><li class=\"has-regular-font-size wp-block-navigation-item wp-block-navigation-link\"><a class=\"wp-block-navigation-item__content\" href=\"https:\/\/sisu.ut.ee\/sensiclass\/toolbox\/reflektivni-vyuka\/jak-na-reflektivni-vyuku\/\"><span class=\"wp-block-navigation-item__label\">Jak na reflektivn\u00ed v\u00fduku<\/span><\/a><\/li><li data-wp-context='{ \"submenuOpenedBy\": { \"click\": false, \"hover\": false, \"focus\": false }, \"type\": \"submenu\", \"modal\": null, \"previousFocus\": null }' data-wp-interactive=\"core\/navigation\" data-wp-on--focusout=\"actions.handleMenuFocusout\" data-wp-on--keydown=\"actions.handleMenuKeydown\" data-wp-watch=\"callbacks.initMenu\" tabindex=\"-1\" class=\"wp-block-navigation-item has-regular-font-size has-child open-on-click wp-block-navigation-submenu\"><button data-wp-bind--aria-expanded=\"state.isMenuOpen\" data-wp-on--click=\"actions.toggleMenuOnClick\" aria-label=\"V\u00fdukov\u00e9 zdroje submenu\" class=\"wp-block-navigation-item__content wp-block-navigation-submenu__toggle\"><span class=\"wp-block-navigation-item__label\">V\u00fdukov\u00e9 zdroje<\/span><\/button><span class=\"wp-block-navigation__submenu-icon\"><svg xmlns=\"http:\/\/www.w3.org\/2000\/svg\" width=\"12\" height=\"12\" viewbox=\"0 0 12 12\" fill=\"none\" aria-hidden=\"true\" focusable=\"false\"><path d=\"M1.50002 4L6.00002 8L10.5 4\" stroke-width=\"1.5\"><\/path><\/svg><\/span><ul data-wp-on--focus=\"actions.openMenuOnFocus\" class=\"wp-block-navigation__submenu-container wp-block-navigation-submenu\"><li class=\"has-regular-font-size wp-block-navigation-item wp-block-navigation-link\"><a class=\"wp-block-navigation-item__content\" href=\"https:\/\/sisu.ut.ee\/sensiclass\/toolbox\/reflektivni-vyuka\/strategie-pro-reflektivni-vyuku\/otazky-pro-evaluaci-ve-tride\/\"><span class=\"wp-block-navigation-item__label\">Materi\u00e1l pro extern\u00ed reflexi<\/span><\/a><\/li><li class=\"has-regular-font-size wp-block-navigation-item wp-block-navigation-link\"><a class=\"wp-block-navigation-item__content\" href=\"https:\/\/sisu.ut.ee\/sensiclass\/toolbox\/reflektivni-vyuka\/strategie-pro-reflektivni-vyuku\/material-pro-sebereflexi\/\"><span class=\"wp-block-navigation-item__label\">Materi\u00e1l pro sebereflexi<\/span><\/a><\/li><\/ul><\/li><li class=\"has-regular-font-size wp-block-navigation-item wp-block-navigation-link\"><a class=\"wp-block-navigation-item__content\" href=\"https:\/\/sisu.ut.ee\/sensiclass\/toolbox\/reflektivni-vyuka\/vyuka\/\"><span class=\"wp-block-navigation-item__label\">P\u0159\u00edpadov\u00e9 studie<\/span><\/a><\/li><li class=\"has-regular-font-size wp-block-navigation-item wp-block-navigation-link\"><a class=\"wp-block-navigation-item__content\" href=\"https:\/\/sisu.ut.ee\/sensiclass\/toolbox\/reflektivni-vyuka\/otestuj-sve-znalosti-reflektivni-vyuka\/\"><span class=\"wp-block-navigation-item__label\">Otestujte sv\u00e9 znalosti!<\/span><\/a><\/li><\/ul>\n\t\t\t\t\t\t\t<\/div>\n\t\t\t\t\t\t<\/div>\n\t\t\t\t\t<\/div>\n\t\t\t\t<\/div><\/nav>\n\n<p style=\"text-align:justify\">\n\t<span><b><span><span style=\"line-height:107%\"><span>Definice:<\/span><\/span><\/span><\/b><\/span>\n<\/p>\n<p style=\"margin-top:5.0pt;margin-right:0cm;margin-bottom:5.0pt;margin-left:0cm;text-align:justify\">\n\t<span><span style=\"line-height:normal\"><span><span>Reflektuj\u00edc\u00ed u\u010ditel\u00e9 se sna\u017e\u00ed p\u0159izp\u016fsobit sv\u00e9 vyu\u010dovac\u00ed strategie a p\u0159\u00edstupy v\u017edy konkr\u00e9tn\u00edmu kontextu, a z\u00e1rove\u0148 vym\u00fd\u0161let nov\u00e9 strategie a vytv\u00e1\u0159et individu\u00e1ln\u00ed \u0159e\u0161en\u00ed probl\u00e9m\u016f dle situace. Reflektivn\u00ed vyu\u010dov\u00e1n\u00ed m\u016f\u017ee pomoci \u00fasp\u011b\u0161n\u011b \u0159e\u0161it citliv\u00e1 t\u00e9mata v r\u00e1mci t\u0159\u00eddy, a\u00a0 m\u016f\u017ee tak zlep\u0161it schopnosti u\u010ditel\u016f l\u00e9pe se vypo\u0159\u00e1d\u00e1vat s probl\u00e9my spojen\u00fdmi s rozd\u00edlnost\u00ed \u017e\u00e1k\u016f. <\/span><\/span><\/span><\/span>\n<\/p>\n<p style=\"text-align:justify\">\n\t<span><span><span style=\"line-height:107%\"><span>Reflexe sama o sob\u011b nemus\u00ed b\u00fdt pouze kritick\u00e1 a \u00favahy o podstat\u011b v\u00fduky jsou reflex\u00ed bez kritick\u00fdch aspekt\u016f\u00a0 (Brookfield, 1995).\u00a0 Av\u0161ak reflexe naopak mus\u00ed b\u00fdt kritick\u00e1, je-li jej\u00edm \u00fa\u010delem:<\/span><\/span><\/span><\/span>\n<\/p>\n<ul>\n<li style=\"text-align:justify\">\n\t\t<span><span><span style=\"line-height:107%\"><span>zpochybnit existuj\u00edc\u00ed mocensk\u00e9 hierarchie, kter\u00e9 mohou naru\u0161ovat vyu\u010dovac\u00ed proces a interakci ve t\u0159\u00edd\u011b;<\/span><\/span><\/span><\/span>\n\t<\/li>\n<li style=\"margin-top:5.0pt;margin-right:0cm;margin-bottom:5.0pt;text-align:justify\">\n\t\t<span><span style=\"line-height:normal\"><span><span>zpochybnit vlastn\u00ed domn\u011bnky a \u010dinnosti ve v\u00fduce, kter\u00e9 mi jako u\u010diteli maj\u00ed usnadnit pr\u00e1ci, ale ve skute\u010dnosti by mohly zesilovat st\u00e1vaj\u00edc\u00ed hierarchick\u00e9 uspo\u0159\u00e1d\u00e1n\u00ed ve t\u0159\u00edd\u011b. (Brookfield 1995). <\/span><\/span><\/span><\/span>\n\t<\/li>\n<\/ul>\n<p style=\"text-align:justify\">\n\t<span><span><span style=\"line-height:107%\"><span>Uka\u017eme si rozd\u00edl na n\u00e1sleduj\u00edc\u00edm p\u0159\u00edkladu: <\/span><\/span><\/span><\/span>\n<\/p>\n<ul>\n<li style=\"text-align:justify\">\n\t\t<span><span><span style=\"line-height:107%\"><span>Reflexe: Efektivn\u011bj\u0161\u00ed stanoven\u00ed term\u00edn\u016f pro odevzd\u00e1v\u00e1n\u00ed studentsk\u00fdch prac\u00ed;<\/span><\/span><\/span><\/span>\n\t<\/li>\n<li style=\"text-align:justify\">\n\t\t<span><span><span style=\"line-height:107%\"><span>Kritick\u00e1 reflexe: Promyslet a vy\u0161et\u0159it, zda bylo zad\u00e1n\u00ed u\u010ditele spr\u00e1vn\u00e9 \u2013 podle \u010deho stanovil krit\u00e9ria odevzd\u00e1n\u00ed studentsk\u00fdch prac\u00ed? (Brookfield 1995)<\/span><\/span><\/span><\/span>\n\t<\/li>\n<\/ul>\n<p style=\"margin-right:-3.7pt;text-align:justify\">\n\t<span><span><span style=\"line-height:107%\"><span>V d\u016fsledku uveden\u00e9ho se kriticky reflektuj\u00edc\u00ed u\u010ditel bude zab\u00fdvat t\u00edm, \u201eaby se mu poda\u0159ilo z\u00edskat zv\u00fd\u0161en\u00e9 pov\u011bdom\u00ed o sv\u00e9m zp\u016fsobu v\u00fduky z r\u016fzn\u00fdch \u00fahl\u016f pohledu.\u201c (Miller 2010). Kritick\u00e1 reflexe tedy u\u010ditel\u016fm umo\u017e\u0148uje objevovat, analyzovat a p\u0159ehodnocovat sv\u00e9 domn\u011bnky o v\u00fduce a u\u010den\u00ed. <\/span><\/span><\/span><\/span>\n<\/p>\n<table class=\"table table-hover\" width=\"669\" cellspacing=\"1\" cellpadding=\"1\" border=\"1\">\n<tbody>\n<tr>\n<td>\n\t\t\t\t\u00a0\n\t\t\t<\/td>\n<td>\n\t\t\t\t\u00a0\n\t\t\t<\/td>\n<\/tr>\n<tr>\n<td>\n\t\t\t\t\u00a0 <span>vytv\u00e1\u0159et demokratick\u00e9 a inkluzivn\u00ed vztahy ve t\u0159\u00edd\u011b\u00a0<\/span>\n\t\t\t<\/td>\n<td>\n<div align=\"center\">\n<table class=\"table table-hover\" style=\"border-collapse:collapse;border:solidblack1.0pt\">\n<tbody>\n<tr>\n<td style=\"width:241.1pt;border:solidblack1.0pt;background:white\" width=\"321\">\n<p style=\"text-align:center;padding:0cm3.7pt0cm3.7pt\" align=\"center\">\n\t\t\t\t\t\t\t\t\t\t<span><span style=\"line-height:107%\"><span>uv\u011bdomit si a pochopit d\u016fsledky dynamiky moci ve t\u0159\u00edd\u011b, jejich aplikace na studenty a jejich u\u010den\u00ed (Larrivee 2000, 295)<\/span><\/span><\/span>\n\t\t\t\t\t\t\t\t\t<\/p>\n<\/td>\n<\/tr>\n<\/tbody>\n<\/table><\/div>\n<\/td>\n<\/tr>\n<tr>\n<td>\n\t\t\t\t<span>uv\u011bdomit si si rozd\u00edlnost student\u016f ve smyslu jejich emo\u010dn\u00edch a intelektu\u00e1ln\u00edch pot\u0159eb <\/span>\n\t\t\t<\/td>\n<td>\n\t\t\t\t<span>p\u0159i sebereflexi a v\u011bdom\u00e9m zkoum\u00e1n\u00ed osobn\u00edch hodnot a p\u0159esv\u011bd\u010den\u00ed, je\u017e formuj\u00ed n\u00e1\u0161 p\u0159\u00edstup k v\u00fduce\u00a0\u00a0(Larrivee\u00a02000, 295)\u00a0<\/span>\n\t\t\t<\/td>\n<\/tr>\n<tr>\n<td>\n\t\t\t\t<span>vytv\u00e1\u0159et autentick\u00e9 studijn\u00ed komunity\u00a0\u00a0<\/span>\n\t\t\t<\/td>\n<td>\n\t\t\t\t<span>zlep\u0161ovat profesion\u00e1ln\u00ed postupy prost\u0159ednictv\u00edm z\u00edsk\u00e1v\u00e1n\u00ed pravideln\u00e9 zp\u011btn\u00e9 vazby\u00a0(Shandomo\u00a02010)\u00a0<\/span>\n\t\t\t<\/td>\n<\/tr>\n<tr>\n<td>\n\t\t\t\t<span>prom\u011bnit studenty v\u00a0aktivn\u00ed \u010dl\u00e1nky, aktivn\u00ed tazatele\u00a0<\/span>\n\t\t\t<\/td>\n<td>\n\t\t\t\t<span>jednat z\u00e1m\u011brn\u011b, rozhodovat se p\u0159\u00edmo na z\u00e1klad\u011b zku\u0161enost\u00ed student\u016f\u00a0(Shandomo\u00a02010)<\/span>\n\t\t\t<\/td>\n<\/tr>\n<\/tbody>\n<\/table>\n<p>\n\t\u00a0\n<\/p>\n<p>\n\t\u00a0\n<\/p>\n<p style=\"text-align:justify\">\n\t<span><b><span><span style=\"line-height:107%\"><span>Pou\u017eit\u00e1 literatura:<\/span><\/span><\/span><\/b><\/span>\n<\/p>\n<p style=\"margin-top:5.0pt;margin-right:0cm;margin-bottom:5.0pt;margin-left:0cm;text-align:justify\">\n\t<span><span style=\"line-height:normal\"><span><span style=\"background:white\"><span><span style=\"color:black\">Larrivee, B. (2000). \u201cTransforming Teaching Practice: Becoming the critically reflective teacher\u201d Reflective Practice, 1:3, 293-307. <\/span><\/span><\/span><\/span><\/span><\/span>\n<\/p>\n<p style=\"margin-top:5.0pt;margin-right:0cm;margin-bottom:5.0pt;margin-left:0cm;text-align:justify\">\n\t<span><span style=\"line-height:normal\"><span><span style=\"background:white\"><span><span style=\"color:black\">Brookfield, S.D. (1995). Becoming a Critically Reflective Teacher. San Francisco, CA: Jossey-Bass. <\/span><\/span><\/span><\/span><\/span><\/span>\n<\/p>\n<p style=\"margin-top:5.0pt;margin-right:0cm;margin-bottom:5.0pt;margin-left:0cm;text-align:justify\">\n\t<span><span style=\"line-height:normal\"><span><span style=\"background:white\"><span><span style=\"color:black\">Miller, B. (2010). \u201cBrookfield\u2019s Four Lenses: Becoming a Critically Reflective Teacher\u201d. Available at: <\/span><\/span><\/span><\/span><a href=\"https:\/\/valenciacollege.edu\/faculty\/development\/courses-resources\/documents\/Brookfield_summary.pdf\"><span><span style=\"background:white\"><span><span style=\"color:blue\">https:\/\/valenciacollege.edu\/faculty\/development\/courses-resources\/documents\/Brookfield_summary.pdf<\/span><\/span><\/span><\/span><\/a> <\/span><\/span>\n<\/p>\n<p style=\"margin-top:5.0pt;margin-right:0cm;margin-bottom:5.0pt;margin-left:0cm;text-align:justify\">\n\t<span><span style=\"line-height:normal\"><span><span style=\"background:white\"><span><span style=\"color:black\">Shandomo, H. M. (2010) \u201cThe Role of Critical Reflection in Teacher Education. ERIC 4(1), 101-113. <\/span><\/span><\/span><\/span><\/span><\/span>\n<\/p>\n<p>\n\t\u00a0\n<\/p>","protected":false},"excerpt":{"rendered":"<p>Definice: Reflektuj\u00edc\u00ed u\u010ditel\u00e9 se sna\u017e\u00ed p\u0159izp\u016fsobit sv\u00e9 vyu\u010dovac\u00ed strategie a p\u0159\u00edstupy v\u017edy konkr\u00e9tn\u00edmu kontextu, a z\u00e1rove\u0148 vym\u00fd\u0161let nov\u00e9 strategie a vytv\u00e1\u0159et individu\u00e1ln\u00ed \u0159e\u0161en\u00ed probl\u00e9m\u016f dle situace. Reflektivn\u00ed vyu\u010dov\u00e1n\u00ed m\u016f\u017ee pomoci \u00fasp\u011b\u0161n\u011b \u0159e\u0161it citliv\u00e1 t\u00e9mata v r\u00e1mci t\u0159\u00eddy, a\u00a0 m\u016f\u017ee tak &#8230;<\/p>\n","protected":false},"author":240,"featured_media":0,"parent":300,"menu_order":0,"comment_status":"closed","ping_status":"closed","template":"","meta":{"_acf_changed":false,"inline_featured_image":false,"footnotes":""},"class_list":["post-301","page","type-page","status-publish","hentry"],"acf":[],"_links":{"self":[{"href":"https:\/\/sisu.ut.ee\/sensiclass\/wp-json\/wp\/v2\/pages\/301","targetHints":{"allow":["GET"]}}],"collection":[{"href":"https:\/\/sisu.ut.ee\/sensiclass\/wp-json\/wp\/v2\/pages"}],"about":[{"href":"https:\/\/sisu.ut.ee\/sensiclass\/wp-json\/wp\/v2\/types\/page"}],"author":[{"embeddable":true,"href":"https:\/\/sisu.ut.ee\/sensiclass\/wp-json\/wp\/v2\/users\/240"}],"replies":[{"embeddable":true,"href":"https:\/\/sisu.ut.ee\/sensiclass\/wp-json\/wp\/v2\/comments?post=301"}],"version-history":[{"count":4,"href":"https:\/\/sisu.ut.ee\/sensiclass\/wp-json\/wp\/v2\/pages\/301\/revisions"}],"predecessor-version":[{"id":2569,"href":"https:\/\/sisu.ut.ee\/sensiclass\/wp-json\/wp\/v2\/pages\/301\/revisions\/2569"}],"up":[{"embeddable":true,"href":"https:\/\/sisu.ut.ee\/sensiclass\/wp-json\/wp\/v2\/pages\/300"}],"wp:attachment":[{"href":"https:\/\/sisu.ut.ee\/sensiclass\/wp-json\/wp\/v2\/media?parent=301"}],"curies":[{"name":"wp","href":"https:\/\/api.w.org\/{rel}","templated":true}]}}