{"id":285,"date":"2024-04-04T06:43:43","date_gmt":"2024-04-04T03:43:43","guid":{"rendered":"https:\/\/sisu.ut.ee\/sensiclass\/test-your-knowledge-en\/"},"modified":"2024-06-21T15:51:49","modified_gmt":"2024-06-21T12:51:49","slug":"test-your-knowledge-en","status":"publish","type":"page","link":"https:\/\/sisu.ut.ee\/sensiclass\/toolbox\/emotions-and-prejudice-classroom\/test-your-knowledge-en\/","title":{"rendered":"Otestuj sv\u00e9 znalosti!"},"content":{"rendered":"<nav style=\"font-style:normal;font-weight:400;\" class=\"has-background has-light-background-color has-regular-font-size is-responsive items-justified-left mb-1 mt-1 wp-block-navigation is-horizontal is-content-justification-left is-layout-flex wp-container-core-navigation-is-layout-c39e78a4 wp-block-navigation-is-layout-flex\" aria-label=\"Konflikty ve t\u0159\u00edd\u011b\" data-wp-interactive=\"core\/navigation\" data-wp-context='{\"overlayOpenedBy\":{\"click\":false,\"hover\":false,\"focus\":false},\"type\":\"overlay\",\"roleAttribute\":\"\",\"ariaLabel\":\"Menu\"}'><button aria-haspopup=\"dialog\" aria-label=\"Open menu\" class=\"wp-block-navigation__responsive-container-open\" data-wp-on--click=\"actions.openMenuOnClick\" data-wp-on--keydown=\"actions.handleMenuKeydown\"><svg width=\"24\" height=\"24\" xmlns=\"http:\/\/www.w3.org\/2000\/svg\" viewbox=\"0 0 24 24\"><path d=\"M5 5v1.5h14V5H5z\"><\/path><path d=\"M5 12.8h14v-1.5H5v1.5z\"><\/path><path d=\"M5 19h14v-1.5H5V19z\"><\/path><\/svg><\/button>\n\t\t\t\t<div class=\"wp-block-navigation__responsive-container\" id=\"modal-1\" data-wp-class--has-modal-open=\"state.isMenuOpen\" data-wp-class--is-menu-open=\"state.isMenuOpen\" data-wp-watch=\"callbacks.initMenu\" data-wp-on--keydown=\"actions.handleMenuKeydown\" data-wp-on--focusout=\"actions.handleMenuFocusout\" tabindex=\"-1\">\n\t\t\t\t\t<div class=\"wp-block-navigation__responsive-close\" tabindex=\"-1\">\n\t\t\t\t\t\t<div class=\"wp-block-navigation__responsive-dialog\" data-wp-bind--aria-modal=\"state.ariaModal\" data-wp-bind--aria-label=\"state.ariaLabel\" data-wp-bind--role=\"state.roleAttribute\">\n\t\t\t\t\t\t\t<button aria-label=\"Close menu\" class=\"wp-block-navigation__responsive-container-close\" data-wp-on--click=\"actions.closeMenuOnClick\"><svg xmlns=\"http:\/\/www.w3.org\/2000\/svg\" viewbox=\"0 0 24 24\" width=\"24\" height=\"24\" aria-hidden=\"true\" focusable=\"false\"><path d=\"m13.06 12 6.47-6.47-1.06-1.06L12 10.94 5.53 4.47 4.47 5.53 10.94 12l-6.47 6.47 1.06 1.06L12 13.06l6.47 6.47 1.06-1.06L13.06 12Z\"><\/path><\/svg><\/button>\n\t\t\t\t\t\t\t<div class=\"wp-block-navigation__responsive-container-content\" data-wp-watch=\"callbacks.focusFirstElement\" id=\"modal-1-content\">\n\t\t\t\t\t\t\t\t<ul style=\"font-style:normal;font-weight:400;\" class=\"wp-block-navigation__container has-background has-light-background-color has-regular-font-size is-responsive items-justified-left mb-1 mt-1 wp-block-navigation has-regular-font-size\"><li class=\"has-regular-font-size wp-block-navigation-item wp-block-navigation-link\"><a class=\"wp-block-navigation-item__content\" href=\"https:\/\/sisu.ut.ee\/sensiclass\/toolbox\/emotions-and-prejudice-classroom\/\"><span class=\"wp-block-navigation-item__label\">Konflikty ve t\u0159\u00edd\u011b<\/span><\/a><\/li><li class=\"has-regular-font-size wp-block-navigation-item wp-block-navigation-link\"><a class=\"wp-block-navigation-item__content\" href=\"https:\/\/sisu.ut.ee\/sensiclass\/toolbox\/emotions-and-prejudice-classroom\/prace-s-emocemi-ve-tride\/\"><span class=\"wp-block-navigation-item__label\">Pr\u00e1ce s emocemi ve t\u0159\u00edd\u011b<\/span><\/a><\/li><li data-wp-context='{ \"submenuOpenedBy\": { \"click\": false, \"hover\": false, \"focus\": false }, \"type\": \"submenu\", \"modal\": null, \"previousFocus\": null }' data-wp-interactive=\"core\/navigation\" data-wp-on--focusout=\"actions.handleMenuFocusout\" data-wp-on--keydown=\"actions.handleMenuKeydown\" data-wp-watch=\"callbacks.initMenu\" tabindex=\"-1\" class=\"wp-block-navigation-item has-regular-font-size has-child open-on-click wp-block-navigation-submenu\"><button data-wp-bind--aria-expanded=\"state.isMenuOpen\" data-wp-on--click=\"actions.toggleMenuOnClick\" aria-label=\"V\u00fdukov\u00e9 zdroje submenu\" class=\"wp-block-navigation-item__content wp-block-navigation-submenu__toggle\"><span class=\"wp-block-navigation-item__label\">V\u00fdukov\u00e9 zdroje<\/span><\/button><span class=\"wp-block-navigation__submenu-icon\"><svg xmlns=\"http:\/\/www.w3.org\/2000\/svg\" width=\"12\" height=\"12\" viewbox=\"0 0 12 12\" fill=\"none\" aria-hidden=\"true\" focusable=\"false\"><path d=\"M1.50002 4L6.00002 8L10.5 4\" stroke-width=\"1.5\"><\/path><\/svg><\/span><ul data-wp-on--focus=\"actions.openMenuOnFocus\" class=\"wp-block-navigation__submenu-container wp-block-navigation-submenu\"><li class=\"has-regular-font-size wp-block-navigation-item wp-block-navigation-link\"><a class=\"wp-block-navigation-item__content\" href=\"https:\/\/sisu.ut.ee\/sensiclass\/toolbox\/emotions-and-prejudice-classroom\/educational-sources\/from-controversial-to-academic-class-discussions\/\"><span class=\"wp-block-navigation-item__label\">Od kontroverzn\u00edch a\u017e po akademick\u00e9 diskuse<\/span><\/a><\/li><li class=\"has-regular-font-size wp-block-navigation-item wp-block-navigation-link\"><a class=\"wp-block-navigation-item__content\" href=\"https:\/\/sisu.ut.ee\/sensiclass\/toolbox\/emotions-and-prejudice-classroom\/educational-sources\/planning-course-with-controversial-topics\/\"><span class=\"wp-block-navigation-item__label\">Pl\u00e1nov\u00e1n\u00ed hodiny s kontroverzn\u00edmi t\u00e9maty<\/span><\/a><\/li><\/ul><\/li><li data-wp-context='{ \"submenuOpenedBy\": { \"click\": false, \"hover\": false, \"focus\": false }, \"type\": \"submenu\", \"modal\": null, \"previousFocus\": null }' data-wp-interactive=\"core\/navigation\" data-wp-on--focusout=\"actions.handleMenuFocusout\" data-wp-on--keydown=\"actions.handleMenuKeydown\" data-wp-watch=\"callbacks.initMenu\" tabindex=\"-1\" class=\"wp-block-navigation-item has-regular-font-size has-child open-on-click wp-block-navigation-submenu\"><button data-wp-bind--aria-expanded=\"state.isMenuOpen\" data-wp-on--click=\"actions.toggleMenuOnClick\" aria-label=\"P\u0159\u00edpadov\u00e9 studie submenu\" class=\"wp-block-navigation-item__content wp-block-navigation-submenu__toggle\"><span class=\"wp-block-navigation-item__label\">P\u0159\u00edpadov\u00e9 studie<\/span><\/button><span class=\"wp-block-navigation__submenu-icon\"><svg xmlns=\"http:\/\/www.w3.org\/2000\/svg\" width=\"12\" height=\"12\" viewbox=\"0 0 12 12\" fill=\"none\" aria-hidden=\"true\" focusable=\"false\"><path d=\"M1.50002 4L6.00002 8L10.5 4\" stroke-width=\"1.5\"><\/path><\/svg><\/span><ul data-wp-on--focus=\"actions.openMenuOnFocus\" class=\"wp-block-navigation__submenu-container wp-block-navigation-submenu\"><li class=\"has-regular-font-size wp-block-navigation-item wp-block-navigation-link\"><a class=\"wp-block-navigation-item__content\" href=\"https:\/\/sisu.ut.ee\/sensiclass\/toolbox\/emotions-and-prejudice-classroom\/case-studies-en\/managing-prejudice-in-classroom\/\"><span class=\"wp-block-navigation-item__label\">Zvl\u00e1d\u00e1n\u00ed p\u0159edsudk\u016f ve t\u0159\u00edd\u011b<\/span><\/a><\/li><\/ul><\/li><li class=\"has-regular-font-size wp-block-navigation-item wp-block-navigation-link\"><a class=\"wp-block-navigation-item__content\" href=\"https:\/\/sisu.ut.ee\/sensiclass\/toolbox\/emotions-and-prejudice-classroom\/test-your-knowledge-en\/\"><span class=\"wp-block-navigation-item__label\">Otestuj sv\u00e9 znalosti!<\/span><\/a><\/li><\/ul>\n\t\t\t\t\t\t\t<\/div>\n\t\t\t\t\t\t<\/div>\n\t\t\t\t\t<\/div>\n\t\t\t\t<\/div><\/nav>\n\n<p style=\"text-align:justify\">\n\t<span><span style=\"line-height:115%\"><b><span><span style=\"line-height:115%\"><span style=\",serif\"><span style=\"color:#202124\">Otestuj sv\u00e9 znalosti!<\/span><\/span><\/span><\/span><\/b><\/span><\/span>\n<\/p>\n<p style=\"text-align:justify\">\n\t<strong><span><span style=\"line-height:115%\"><span><span style=\"line-height:115%\"><span style=\",serif\"><span style=\"color:#202124\">Pedagogick\u00e9 strategie, kter\u00e9 lze pou\u017e\u00edt pro \u0159\u00edzen\u00ed emoc\u00ed ve t\u0159\u00edd\u011b, jsou n\u00e1sleduj\u00edc\u00ed:<\/span><\/span><\/span><\/span><\/span><\/span><\/strong>\n<\/p>\n<ul>\n<li style=\"text-align:justify\">\n\t\t<span><span style=\"line-height:115%\"><span><span style=\"line-height:115%\"><span style=\",serif\"><span style=\"color:#202124\">p\u0159\u00edstup \u201aspojenec\u2018, p\u0159\u00edstup \u201auveden\u00fd z\u00e1vazek\u2018, kooperativn\u00ed u\u010den\u00ed<\/span><\/span><\/span><\/span><\/span><\/span>\n\t<\/li>\n<li style=\"text-align:justify\">\n\t\t<span><span style=\"line-height:115%\"><span><span style=\"line-height:115%\"><span style=\",serif\"><span style=\"color:#202124\">kooperativn\u00ed u\u010den\u00ed, spolupracuj\u00edc\u00ed u\u010den\u00ed, service learning, u\u010den\u00ed zam\u011b\u0159en\u00e9 na studenta<\/span><\/span><\/span><\/span><\/span><\/span>\n\t<\/li>\n<li style=\"text-align:justify\">\n\t\t<span><span style=\"line-height:115%\"><span><span style=\"line-height:115%\"><span style=\",serif\"><span style=\"color:#202124\">p\u0159\u00edstup \u201aofici\u00e1ln\u00ed linie\u2018, \u201avyv\u00e1\u017een\u00fd\u2018 p\u0159\u00edstup, u\u010den\u00ed zam\u011b\u0159en\u00e9 na studenty<\/span><\/span><\/span><\/span><\/span><\/span>\n\t<\/li>\n<\/ul>\n<p style=\"text-align:justify\">\n\t<strong><span><span style=\"line-height:115%\"><span><span style=\"line-height:115%\"><span style=\",serif\"><span style=\"color:#202124\">\u0158e\u0161it ve t\u0159\u00edd\u011b kontroverzn\u00ed t\u00e9mata\u2026<\/span><\/span><\/span><\/span><\/span><\/span><\/strong>\n<\/p>\n<ul>\n<li style=\"text-align:justify\">\n\t\t<span><span style=\"line-height:115%\"><span><span style=\"line-height:115%\"><span style=\",serif\"><span style=\"color:#202124\">nen\u00ed nevyhnuteln\u00e9 a u\u010ditel\u00e9 mohou rozhodnout, \u017ee se s t\u00edmto probl\u00e9mem ve t\u0159\u00edd\u011b nebudou zab\u00fdvat.<\/span><\/span><\/span><\/span><\/span><\/span>\n\t<\/li>\n<li style=\"text-align:justify\">\n\t\t<span><span style=\"line-height:115%\"><span><span style=\"line-height:115%\"><span style=\",serif\"><span style=\"color:#202124\">znamen\u00e1 p\u0159evz\u00edt odpov\u011bdnost za psychick\u00fd v\u00fdvoj student\u016f a podporovat kritick\u00e9 my\u0161len\u00ed.<\/span><\/span><\/span><\/span><\/span><\/span>\n\t<\/li>\n<li style=\"text-align:justify\">\n\t\t<span><span style=\"line-height:115%\"><span><span style=\"line-height:115%\"><span style=\",serif\"><span style=\"color:#202124\">je t\u0159eba se vyvarovat toho, aby se \u017e\u00e1dn\u00fd ze student\u016f nec\u00edtil <\/span><\/span><\/span><\/span><span><span style=\"line-height:115%\"><span style=\",serif\">dot\u010den\u00fd.<\/span><\/span><\/span><\/span><\/span>\n\t<\/li>\n<\/ul>\n<p style=\"text-align:justify\">\n\t<strong><span><span style=\"line-height:115%\"><span><span style=\"line-height:115%\"><span style=\",serif\"><span style=\"color:#202124\">Jak\u00fdch probl\u00e9m\u016f se kontroverze obvykle t\u00fdkaj\u00ed?<\/span><\/span><\/span><\/span><\/span><\/span><\/strong>\n<\/p>\n<ul>\n<li style=\"text-align: justify\">\n\t\t<span><span style=\"line-height:115%\"><span><span style=\"line-height:115%\"><span style=\",serif\"><span style=\"color:#202124\">n\u00e1bo\u017eenstv\u00ed, politick\u00e9 n\u00e1zory a n\u00e1zory<\/span><\/span><\/span><\/span><\/span><\/span>\n\t<\/li>\n<li style=\"text-align:justify\">\n\t\t<span><span style=\"line-height:115%\"><span><span style=\"line-height:115%\"><span style=\",serif\"><span style=\"color:#202124\">p\u0159edsudky, diskriminace a \u0161patn\u00e9 informace<\/span><\/span><\/span><\/span><\/span><\/span>\n\t<\/li>\n<li style=\"text-align:justify\">\n\t\t<span><span style=\"line-height:115%\"><span><span style=\"line-height:115%\"><span style=\",serif\"><span style=\"color:#202124\">hodnoty, informace a pojmy<\/span><\/span><\/span><\/span><\/span><\/span>\n\t<\/li>\n<\/ul>\n<p style=\"text-align:justify\">\n\t<span><span style=\"line-height:115%\"><span><span style=\"line-height:115%\"><span style=\",serif\"><span style=\"color:#202124\"><strong>Jak\u00e1 jsou dv\u011b mor\u00e1ln\u00ed krit\u00e9ria pou\u017e\u00edvan\u00e1 pro posouzen\u00ed probl\u00e9mu?<\/strong><\/span><\/span><\/span><\/span><\/span><\/span>\n<\/p>\n<ul>\n<li style=\"text-align:justify\">\n\t\t<span><span style=\"line-height:115%\"><span><span style=\"line-height:115%\"><span style=\",serif\"><span style=\"color:#202124\">mor\u00e1ln\u00ed a obez\u0159etnostn\u00ed krit\u00e9ria<\/span><\/span><\/span><\/span><\/span><\/span>\n\t<\/li>\n<li style=\"text-align:justify\">\n\t\t<span><span style=\"line-height:115%\"><span><span style=\"line-height:115%\"><span style=\",serif\"><span style=\"color:#202124\">kulturn\u00ed a n\u00e1bo\u017eensk\u00e1<\/span><\/span><\/span><\/span><\/span><\/span>\n\t<\/li>\n<li style=\"text-align:justify\">\n\t\t<span><span style=\"line-height:115%\"><span><span style=\"line-height:115%\"><span style=\",serif\"><span style=\"color:#202124\">politick\u00e9 a n\u00e1bo\u017eensk\u00e1<\/span><\/span><\/span><\/span><\/span><\/span>\n\t<\/li>\n<\/ul>\n<p style=\"text-align:justify\">\n\t<strong><span><span style=\"line-height:115%\"><span><span style=\"line-height:115%\"><span style=\",serif\"><span style=\"color:#202124\">Pro\u010d je d\u016fle\u017eit\u00e9, aby studenti uva\u017eovali o politizaci probl\u00e9mu?<\/span><\/span><\/span><\/span><\/span><\/span><\/strong>\n<\/p>\n<ul>\n<li style=\"text-align:justify\">\n\t\t<span><span style=\"line-height:115%\"><span><span style=\"line-height:115%\"><span style=\",serif\"><span style=\"color:#202124\">proto\u017ee politick\u00e1 p\u0159\u00edslu\u0161nost n\u00e1m m\u016f\u017ee pomoci pochopit, co je spr\u00e1vn\u00e9 a co \u0161patn\u00e9<\/span><\/span><\/span><\/span><\/span><\/span>\n\t<\/li>\n<li style=\"text-align:justify\">\n\t\t<span><span style=\"line-height:115%\"><span><span style=\"line-height:115%\"><span style=\",serif\"><span style=\"color:#202124\">proto\u017ee pom\u00e1h\u00e1 student\u016fm u\u010dit se o politologii<\/span><\/span><\/span><\/span><\/span><\/span>\n\t<\/li>\n<li style=\"text-align:justify\">\n\t\t<span><span style=\"line-height:115%\"><span><span style=\"line-height:115%\"><span style=\",serif\"><span style=\"color:#202124\">proto\u017ee argumenty lze pou\u017e\u00edt k manipulaci a formov\u00e1n\u00ed n\u00e1zor\u016f<\/span><\/span><\/span><\/span><\/span><\/span>\n\t<\/li>\n<\/ul>\n<p style=\"margin-left:36.0pt;text-align:justify\">\n\t\u00a0\n<\/p>\n<p style=\"margin-left:36.0pt;text-align:justify\">\n\t\u00a0\n<\/p>","protected":false},"excerpt":{"rendered":"<p>Otestuj sv\u00e9 znalosti! Pedagogick\u00e9 strategie, kter\u00e9 lze pou\u017e\u00edt pro \u0159\u00edzen\u00ed emoc\u00ed ve t\u0159\u00edd\u011b, jsou n\u00e1sleduj\u00edc\u00ed: p\u0159\u00edstup \u201aspojenec\u2018, p\u0159\u00edstup \u201auveden\u00fd z\u00e1vazek\u2018, kooperativn\u00ed u\u010den\u00ed kooperativn\u00ed u\u010den\u00ed, spolupracuj\u00edc\u00ed u\u010den\u00ed, service learning, u\u010den\u00ed zam\u011b\u0159en\u00e9 na studenta p\u0159\u00edstup \u201aofici\u00e1ln\u00ed linie\u2018, \u201avyv\u00e1\u017een\u00fd\u2018 p\u0159\u00edstup, u\u010den\u00ed zam\u011b\u0159en\u00e9 na &#8230;<\/p>\n","protected":false},"author":240,"featured_media":0,"parent":268,"menu_order":0,"comment_status":"closed","ping_status":"closed","template":"","meta":{"_acf_changed":false,"inline_featured_image":false,"footnotes":""},"class_list":["post-285","page","type-page","status-publish","hentry"],"acf":[],"_links":{"self":[{"href":"https:\/\/sisu.ut.ee\/sensiclass\/wp-json\/wp\/v2\/pages\/285","targetHints":{"allow":["GET"]}}],"collection":[{"href":"https:\/\/sisu.ut.ee\/sensiclass\/wp-json\/wp\/v2\/pages"}],"about":[{"href":"https:\/\/sisu.ut.ee\/sensiclass\/wp-json\/wp\/v2\/types\/page"}],"author":[{"embeddable":true,"href":"https:\/\/sisu.ut.ee\/sensiclass\/wp-json\/wp\/v2\/users\/240"}],"replies":[{"embeddable":true,"href":"https:\/\/sisu.ut.ee\/sensiclass\/wp-json\/wp\/v2\/comments?post=285"}],"version-history":[{"count":4,"href":"https:\/\/sisu.ut.ee\/sensiclass\/wp-json\/wp\/v2\/pages\/285\/revisions"}],"predecessor-version":[{"id":2586,"href":"https:\/\/sisu.ut.ee\/sensiclass\/wp-json\/wp\/v2\/pages\/285\/revisions\/2586"}],"up":[{"embeddable":true,"href":"https:\/\/sisu.ut.ee\/sensiclass\/wp-json\/wp\/v2\/pages\/268"}],"wp:attachment":[{"href":"https:\/\/sisu.ut.ee\/sensiclass\/wp-json\/wp\/v2\/media?parent=285"}],"curies":[{"name":"wp","href":"https:\/\/api.w.org\/{rel}","templated":true}]}}