{"id":281,"date":"2024-04-04T06:43:42","date_gmt":"2024-04-04T03:43:42","guid":{"rendered":"https:\/\/sisu.ut.ee\/sensiclass\/references-1\/"},"modified":"2024-06-21T09:20:21","modified_gmt":"2024-06-21T06:20:21","slug":"references-1","status":"publish","type":"page","link":"https:\/\/sisu.ut.ee\/sensiclass\/e-modules\/e-module4\/presentation-topic-2\/references-1\/","title":{"rendered":"References"},"content":{"rendered":"<nav style=\"font-style:normal;font-weight:400;\" class=\"has-background has-light-background-color has-regular-font-size is-responsive items-justified-left mb-1 mt-1 wp-block-navigation is-horizontal is-content-justification-left is-layout-flex wp-container-core-navigation-is-layout-c39e78a4 wp-block-navigation-is-layout-flex\" aria-label=\"The \u201cabsent present\u201d: challenges of educating about Jews in Central and Eastern Europe in the context of the past and present\" data-wp-interactive=\"core\/navigation\" data-wp-context='{\"overlayOpenedBy\":{\"click\":false,\"hover\":false,\"focus\":false},\"type\":\"overlay\",\"roleAttribute\":\"\",\"ariaLabel\":\"Menu\"}'><button aria-haspopup=\"dialog\" aria-label=\"Open menu\" class=\"wp-block-navigation__responsive-container-open\" data-wp-on--click=\"actions.openMenuOnClick\" data-wp-on--keydown=\"actions.handleMenuKeydown\"><svg width=\"24\" height=\"24\" xmlns=\"http:\/\/www.w3.org\/2000\/svg\" viewbox=\"0 0 24 24\"><path d=\"M5 5v1.5h14V5H5z\"><\/path><path d=\"M5 12.8h14v-1.5H5v1.5z\"><\/path><path d=\"M5 19h14v-1.5H5V19z\"><\/path><\/svg><\/button>\n\t\t\t\t<div class=\"wp-block-navigation__responsive-container\" id=\"modal-1\" data-wp-class--has-modal-open=\"state.isMenuOpen\" data-wp-class--is-menu-open=\"state.isMenuOpen\" data-wp-watch=\"callbacks.initMenu\" data-wp-on--keydown=\"actions.handleMenuKeydown\" data-wp-on--focusout=\"actions.handleMenuFocusout\" tabindex=\"-1\">\n\t\t\t\t\t<div class=\"wp-block-navigation__responsive-close\" tabindex=\"-1\">\n\t\t\t\t\t\t<div class=\"wp-block-navigation__responsive-dialog\" data-wp-bind--aria-modal=\"state.ariaModal\" data-wp-bind--aria-label=\"state.ariaLabel\" data-wp-bind--role=\"state.roleAttribute\">\n\t\t\t\t\t\t\t<button aria-label=\"Close menu\" class=\"wp-block-navigation__responsive-container-close\" data-wp-on--click=\"actions.closeMenuOnClick\"><svg xmlns=\"http:\/\/www.w3.org\/2000\/svg\" viewbox=\"0 0 24 24\" width=\"24\" height=\"24\" aria-hidden=\"true\" focusable=\"false\"><path d=\"m13.06 12 6.47-6.47-1.06-1.06L12 10.94 5.53 4.47 4.47 5.53 10.94 12l-6.47 6.47 1.06 1.06L12 13.06l6.47 6.47 1.06-1.06L13.06 12Z\"><\/path><\/svg><\/button>\n\t\t\t\t\t\t\t<div class=\"wp-block-navigation__responsive-container-content\" data-wp-watch=\"callbacks.focusFirstElement\" id=\"modal-1-content\">\n\t\t\t\t\t\t\t\t<ul style=\"font-style:normal;font-weight:400;\" class=\"wp-block-navigation__container has-background has-light-background-color has-regular-font-size is-responsive items-justified-left mb-1 mt-1 wp-block-navigation has-regular-font-size\"><li class=\"has-regular-font-size wp-block-navigation-item wp-block-navigation-link\"><a class=\"wp-block-navigation-item__content\" href=\"https:\/\/sisu.ut.ee\/sensiclass\/e-modules\/e-module4\/\"><span class=\"wp-block-navigation-item__label\">The \u201cabsent present\u201d: challenges of educating about Jews in Central and Eastern Europe in the context of the past and present<\/span><\/a><\/li><li class=\"has-regular-font-size wp-block-navigation-item wp-block-navigation-link\"><a class=\"wp-block-navigation-item__content\" href=\"https:\/\/sisu.ut.ee\/sensiclass\/e-modules\/e-module4\/methodological-explanation-2\/\"><span class=\"wp-block-navigation-item__label\">Methodological explanation<\/span><\/a><\/li><li data-wp-context='{ \"submenuOpenedBy\": { \"click\": false, \"hover\": false, \"focus\": false }, \"type\": \"submenu\", \"modal\": null, \"previousFocus\": null }' data-wp-interactive=\"core\/navigation\" data-wp-on--focusout=\"actions.handleMenuFocusout\" data-wp-on--keydown=\"actions.handleMenuKeydown\" data-wp-watch=\"callbacks.initMenu\" tabindex=\"-1\" class=\"wp-block-navigation-item has-regular-font-size has-child open-on-click wp-block-navigation-submenu\"><button data-wp-bind--aria-expanded=\"state.isMenuOpen\" data-wp-on--click=\"actions.toggleMenuOnClick\" aria-label=\"Presentation of the topic submenu\" class=\"wp-block-navigation-item__content wp-block-navigation-submenu__toggle\"><span class=\"wp-block-navigation-item__label\">Presentation of the topic<\/span><\/button><span class=\"wp-block-navigation__submenu-icon\"><svg xmlns=\"http:\/\/www.w3.org\/2000\/svg\" width=\"12\" height=\"12\" viewbox=\"0 0 12 12\" fill=\"none\" aria-hidden=\"true\" focusable=\"false\"><path d=\"M1.50002 4L6.00002 8L10.5 4\" stroke-width=\"1.5\"><\/path><\/svg><\/span><ul data-wp-on--focus=\"actions.openMenuOnFocus\" class=\"wp-block-navigation__submenu-container wp-block-navigation-submenu\"><li class=\"has-regular-font-size wp-block-navigation-item wp-block-navigation-link\"><a class=\"wp-block-navigation-item__content\" href=\"https:\/\/sisu.ut.ee\/sensiclass\/e-modules\/e-module4\/presentation-topic-2\/two-movies-jewish-life-cee\/\"><span class=\"wp-block-navigation-item__label\">Two movies on Jewish life in CEE<\/span><\/a><\/li><li class=\"has-regular-font-size wp-block-navigation-item wp-block-navigation-link\"><a class=\"wp-block-navigation-item__content\" href=\"https:\/\/sisu.ut.ee\/sensiclass\/e-modules\/e-module4\/presentation-topic-2\/jews-poland\/\"><span class=\"wp-block-navigation-item__label\">Jews in Poland<\/span><\/a><\/li><li class=\"has-regular-font-size wp-block-navigation-item wp-block-navigation-link\"><a class=\"wp-block-navigation-item__content\" href=\"https:\/\/sisu.ut.ee\/sensiclass\/e-modules\/e-module4\/presentation-topic-2\/references-1\/\"><span class=\"wp-block-navigation-item__label\">References<\/span><\/a><\/li><\/ul><\/li><li data-wp-context='{ \"submenuOpenedBy\": { \"click\": false, \"hover\": false, \"focus\": false }, \"type\": \"submenu\", \"modal\": null, \"previousFocus\": null }' data-wp-interactive=\"core\/navigation\" data-wp-on--focusout=\"actions.handleMenuFocusout\" data-wp-on--keydown=\"actions.handleMenuKeydown\" data-wp-watch=\"callbacks.initMenu\" tabindex=\"-1\" class=\"wp-block-navigation-item has-regular-font-size has-child open-on-click wp-block-navigation-submenu\"><button data-wp-bind--aria-expanded=\"state.isMenuOpen\" data-wp-on--click=\"actions.toggleMenuOnClick\" aria-label=\"Exercises submenu\" class=\"wp-block-navigation-item__content wp-block-navigation-submenu__toggle\"><span class=\"wp-block-navigation-item__label\">Exercises<\/span><\/button><span class=\"wp-block-navigation__submenu-icon\"><svg xmlns=\"http:\/\/www.w3.org\/2000\/svg\" width=\"12\" height=\"12\" viewbox=\"0 0 12 12\" fill=\"none\" aria-hidden=\"true\" focusable=\"false\"><path d=\"M1.50002 4L6.00002 8L10.5 4\" stroke-width=\"1.5\"><\/path><\/svg><\/span><ul data-wp-on--focus=\"actions.openMenuOnFocus\" class=\"wp-block-navigation__submenu-container wp-block-navigation-submenu\"><li class=\"has-regular-font-size wp-block-navigation-item wp-block-navigation-link\"><a class=\"wp-block-navigation-item__content\" href=\"https:\/\/sisu.ut.ee\/sensiclass\/e-modules\/e-module4\/exercises-2\/exercise-1-attitudes-towards-others\/\"><span class=\"wp-block-navigation-item__label\">Exercise 1: Attitudes towards others<\/span><\/a><\/li><li class=\"has-regular-font-size wp-block-navigation-item wp-block-navigation-link\"><a class=\"wp-block-navigation-item__content\" href=\"https:\/\/sisu.ut.ee\/sensiclass\/e-modules\/e-module4\/exercises-2\/exercise-2-anti-semitism\/\"><span class=\"wp-block-navigation-item__label\">Exercise 2: Anti-Semitism<\/span><\/a><\/li><li class=\"has-regular-font-size wp-block-navigation-item wp-block-navigation-link\"><a class=\"wp-block-navigation-item__content\" href=\"https:\/\/sisu.ut.ee\/sensiclass\/e-modules\/e-module4\/exercises-2\/exercise-3-creating-dialogue\/\"><span class=\"wp-block-navigation-item__label\">Exercise 3: Creating dialogue<\/span><\/a><\/li><\/ul><\/li><\/ul>\n\t\t\t\t\t\t\t<\/div>\n\t\t\t\t\t\t<\/div>\n\t\t\t\t\t<\/div>\n\t\t\t\t<\/div><\/nav>\n\n<p>\n\t<a data-url=\"https:\/\/www.taubephilanthropies.org\/sites\/default\/files\/pdf\/2019-11\/Timeline_1000years.pdf \" href=\"https:\/\/www.taubephilanthropies.org\/sites\/default\/files\/pdf\/2019-11\/Timeline_1000years.pdf%20\" target=\"_blank\" title=\"\" rel=\"noopener\">1,000 Years of Jewish Life in Poland<\/a> (2009). Taube Center for the Renewal of Jewish Life in Poland, Taube Foundation for Jewish Life &amp; Culture, Honorary Consulate for the Republic of Poland in the San Francisco Bay Area.\n<\/p>\n<p>\n\t<a data-url=\"https:\/\/unesdoc.unesco.org\/in\/documentViewer.xhtml?v=2.1.196&amp;id=p::usmarcdef_0000374865&amp;file=\/in\/rest\/annotationSVC\/DownloadWatermarkedAttachment\/attach_upload_e930580d-53ab-4f48-accd-bcda8ced3b80%3F_%3D374865eng.pdf&amp;locale=en&amp;multi=true&amp;ark=\/ark:\/48223\/pf0000374865\/PDF\/374865eng.pdf#anti_pub_01_primary_linki_MG_1609.indd%3A.19105%3A528\" href=\"https:\/\/unesdoc.unesco.org\/in\/documentViewer.xhtml?v=2.1.196&amp;id=p::usmarcdef_0000374865&amp;file=\/in\/rest\/annotationSVC\/DownloadWatermarkedAttachment\/attach_upload_e930580d-53ab-4f48-accd-bcda8ced3b80%3F_%3D374865eng.pdf&amp;locale=en&amp;multi=true&amp;ark=\/ark:\/48223\/pf0000374865\/PDF\/374865eng.pdf#anti_pub_01_primary_linki_MG_1609.indd%3A.19105%3A528\" target=\"_blank\" title=\"\" rel=\"noopener\">Addressing Anti-Semitism in Schools: Training Curricula <\/a>(2020). Training Curriculum for Primary Education Teachers. United Nations Educational, Scientific and Cultural Organization (UNESCO), The Organization for Security and Co-operation in Europe (OSCE) Office for Democratic Institutions and Human Rights (ODIHR).\n<\/p>\n<p>\n\tAllport, G. (1954). The Nature of Prejudice. Massachusetts, California, London, Amsterdam, Ontario, Sydney, Addison-Wesley Publishing Company.\n<\/p>\n<p>\n\t<a data-url=\" https:\/\/www.pitt.edu\/~dash\/antisemitic.html#pfefferkorn\" href=\"https:\/\/www.pitt.edu\/~dash\/antisemitic.html#pfefferkorn\" target=\"_blank\" title=\"\" rel=\"noopener\">Anti-Semitic Legends<\/a> (1999-2005). D. L., Ashliman (edited and\/or translated)\n<\/p>\n<p>\n\tBerkowitz, L. (1964). Aggressive cues in aggressive behavior and hostility catharsis. Psychological Rewiev, 71(2), 204-122.\n<\/p>\n<p>\n\tEstreicher, K. (2003). Cultural Losses of Poland during the German Occupation 1939-1944: With Original Documents of the Looting. Society of the Friends of Fine Arts.\n<\/p>\n<p>\n\t<a data-url=\"https:\/\/www.ohchr.org\/Documents\/AboutUs\/CivilSociety\/ReportHC\/75_The%20Louis%20D.%20Brandeis%20Center%20_Fact%20Sheet%20Anti-Semitism.pdf\" href=\"https:\/\/www.ohchr.org\/Documents\/AboutUs\/CivilSociety\/ReportHC\/75_The%20Louis%20D.%20Brandeis%20Center%20_Fact%20Sheet%20Anti-Semitism.pdf\" target=\"_blank\" title=\"\" rel=\"noopener\">Fact Sheet on the Elements of Anti-Semitic Discourse<\/a>. Brandeis Center for Human Rights Under Law. Kenneth L. Marcus, President &amp; General Counsel.\n<\/p>\n<p>\n\tInstytut Pami\u0119ci Narodowej (The Institute of National Remembrance),<a data-url=\"https:\/\/www.straty.pl\/pl\/starty-osobowe\/103-straty-osobowe-i-ofiary-represji\" href=\"https:\/\/www.straty.pl\/pl\/starty-osobowe\/103-straty-osobowe-i-ofiary-represji\" target=\"_blank\" title=\"\" rel=\"noopener\">Ofiary represji <\/a>\n<\/p>\n<p>\n\tLeonardelli, G. J., Pickett, L. C., Brewer, M. B. (2010). Optimal Distinctiveness Theory: A Framework for Social Identity,Social Cognition, and Intergroup Relations. Advances in Experimental Social Psychology, Vol. 43, pp. 64-107.\n<\/p>\n<p>\n\tLipka, M. (2015). The continuing decline of Europe\u2019s Jewish population,\n<\/p>\n<p>\n\tMa\u0142a Encyklopedia Powszechna PWN. Warszawa: Wydawnictwo Naukowe PWN, 1970.\n<\/p>\n<p>\n\tMarkowska-Manista, U., Zakrzewska-Ol\u0119dzka, D., Chmiel-Antoniuk, P. (2018). The proces of Social Anchoring in the context of siege mentality syndrome on the example of Haitian and Jewish diasporas in the United States. In: The Contemporary Problems of Children and Youth in Multicultural Societies. Theory, Research, Praxis. Wydawnictwo Akademii Pedagogiki Specjalnej, Warsaw, pp. 90-111.\n<\/p>\n<p>\n\tNelson, T. D. (2003). Geneza i utrzymywanie si\u0119 stereotyp\u00f3w i uprzedze\u0144. In: Psychologia uprzedze\u0144, Gda\u0144skie Wydawnictwo Psychologiczne, pp. 76-84. Pettigrew, T. F. (1998). Intergroup Contact Theory. Annual Review of Psychology. Volume 49, 65\u201385.\n<\/p>\n<p>\n\t<a data-url=\"http:\/\/web.archive.org\/web\/20180717184136\/http:\/\/www.um.warszawa.pl\/sites\/default\/files\/Raport_o_stratach_wojennych_Warszawy.pdf\" href=\"http:\/\/web.archive.org\/web\/20180717184136\/http:\/\/www.um.warszawa.pl\/sites\/default\/files\/Raport_o_stratach_wojennych_Warszawy.pdf\" target=\"_blank\" title=\"\" rel=\"noopener\">Report on the war losses of Warsaw<\/a> (2004). The Capital City of Warsaw. Team for determining the value of losses suffered by Warsaw as a result World War II.\n<\/p>\n<p>\n\tStola, D. (2000). Emigracja pomarcowa. Instytut Studi\u00f3w Spo\u0142ecznych UW , Prace Migracyjne, nr 34, s. 1-21.\n<\/p>\n<p>\n\tTajfel, H., Turner, J. (2004). An integrative theory of intergroup conflict. In: H. J. Hatch, M., Schultz (red.) Organizational Identity, Oxford University Press, pp. 56-65.\n<\/p>\n<p>\n\tWhitley, B.E. &amp; Kite, M.E. (2010). The Psychology of Prejudice and Discrimination. Belmont, CA: Wadsworth. pp. 325\u2013330.\n<\/p>\n<p>\n\tZakrzewska-Ol\u0119dzka, D. (2018). Socialisation processes in monovs multi-cultural environments and attitudes towards Otherness. An international comparison study in Poland and Israel In: U., Markowska-Manista (ed.) Children and Youth in Varied Socio-Cultural Contexts. Theory, Research, Praxis. Wydawnictwo Akademii Pedagogiki Specjalnej, Warsaw, pp. 189-204.<br>\u00a0\n<\/p>","protected":false},"excerpt":{"rendered":"<p>1,000 Years of Jewish Life in Poland (2009). Taube Center for the Renewal of Jewish Life in Poland, Taube Foundation for Jewish Life &amp; Culture, Honorary Consulate for the Republic of Poland in the San Francisco Bay Area. Addressing Anti-Semitism &#8230;<\/p>\n","protected":false},"author":240,"featured_media":0,"parent":265,"menu_order":0,"comment_status":"closed","ping_status":"closed","template":"","meta":{"_acf_changed":false,"inline_featured_image":false,"footnotes":""},"class_list":["post-281","page","type-page","status-publish","hentry"],"acf":[],"_links":{"self":[{"href":"https:\/\/sisu.ut.ee\/sensiclass\/wp-json\/wp\/v2\/pages\/281","targetHints":{"allow":["GET"]}}],"collection":[{"href":"https:\/\/sisu.ut.ee\/sensiclass\/wp-json\/wp\/v2\/pages"}],"about":[{"href":"https:\/\/sisu.ut.ee\/sensiclass\/wp-json\/wp\/v2\/types\/page"}],"author":[{"embeddable":true,"href":"https:\/\/sisu.ut.ee\/sensiclass\/wp-json\/wp\/v2\/users\/240"}],"replies":[{"embeddable":true,"href":"https:\/\/sisu.ut.ee\/sensiclass\/wp-json\/wp\/v2\/comments?post=281"}],"version-history":[{"count":4,"href":"https:\/\/sisu.ut.ee\/sensiclass\/wp-json\/wp\/v2\/pages\/281\/revisions"}],"predecessor-version":[{"id":2280,"href":"https:\/\/sisu.ut.ee\/sensiclass\/wp-json\/wp\/v2\/pages\/281\/revisions\/2280"}],"up":[{"embeddable":true,"href":"https:\/\/sisu.ut.ee\/sensiclass\/wp-json\/wp\/v2\/pages\/265"}],"wp:attachment":[{"href":"https:\/\/sisu.ut.ee\/sensiclass\/wp-json\/wp\/v2\/media?parent=281"}],"curies":[{"name":"wp","href":"https:\/\/api.w.org\/{rel}","templated":true}]}}