{"id":272,"date":"2024-04-04T06:43:41","date_gmt":"2024-04-04T03:43:41","guid":{"rendered":"https:\/\/sisu.ut.ee\/sensiclass\/educational-sources\/"},"modified":"2024-06-21T15:52:30","modified_gmt":"2024-06-21T12:52:30","slug":"educational-sources","status":"publish","type":"page","link":"https:\/\/sisu.ut.ee\/sensiclass\/toolbox\/emotions-and-prejudice-classroom\/educational-sources\/","title":{"rendered":"V\u00fdukov\u00e9 zdroje"},"content":{"rendered":"<nav style=\"font-style:normal;font-weight:400;\" class=\"has-background has-light-background-color has-regular-font-size is-responsive items-justified-left mb-1 mt-1 wp-block-navigation is-horizontal is-content-justification-left is-layout-flex wp-container-core-navigation-is-layout-c39e78a4 wp-block-navigation-is-layout-flex\" aria-label=\"Konflikty ve t\u0159\u00edd\u011b\" data-wp-interactive=\"core\/navigation\" data-wp-context='{\"overlayOpenedBy\":{\"click\":false,\"hover\":false,\"focus\":false},\"type\":\"overlay\",\"roleAttribute\":\"\",\"ariaLabel\":\"Menu\"}'><button aria-haspopup=\"dialog\" aria-label=\"Open menu\" class=\"wp-block-navigation__responsive-container-open\" data-wp-on--click=\"actions.openMenuOnClick\" data-wp-on--keydown=\"actions.handleMenuKeydown\"><svg width=\"24\" height=\"24\" xmlns=\"http:\/\/www.w3.org\/2000\/svg\" viewbox=\"0 0 24 24\"><path d=\"M5 5v1.5h14V5H5z\"><\/path><path d=\"M5 12.8h14v-1.5H5v1.5z\"><\/path><path d=\"M5 19h14v-1.5H5V19z\"><\/path><\/svg><\/button>\n\t\t\t\t<div class=\"wp-block-navigation__responsive-container\" id=\"modal-1\" data-wp-class--has-modal-open=\"state.isMenuOpen\" data-wp-class--is-menu-open=\"state.isMenuOpen\" data-wp-watch=\"callbacks.initMenu\" data-wp-on--keydown=\"actions.handleMenuKeydown\" data-wp-on--focusout=\"actions.handleMenuFocusout\" tabindex=\"-1\">\n\t\t\t\t\t<div class=\"wp-block-navigation__responsive-close\" tabindex=\"-1\">\n\t\t\t\t\t\t<div class=\"wp-block-navigation__responsive-dialog\" data-wp-bind--aria-modal=\"state.ariaModal\" data-wp-bind--aria-label=\"state.ariaLabel\" data-wp-bind--role=\"state.roleAttribute\">\n\t\t\t\t\t\t\t<button aria-label=\"Close menu\" class=\"wp-block-navigation__responsive-container-close\" data-wp-on--click=\"actions.closeMenuOnClick\"><svg xmlns=\"http:\/\/www.w3.org\/2000\/svg\" viewbox=\"0 0 24 24\" width=\"24\" height=\"24\" aria-hidden=\"true\" focusable=\"false\"><path d=\"m13.06 12 6.47-6.47-1.06-1.06L12 10.94 5.53 4.47 4.47 5.53 10.94 12l-6.47 6.47 1.06 1.06L12 13.06l6.47 6.47 1.06-1.06L13.06 12Z\"><\/path><\/svg><\/button>\n\t\t\t\t\t\t\t<div class=\"wp-block-navigation__responsive-container-content\" data-wp-watch=\"callbacks.focusFirstElement\" id=\"modal-1-content\">\n\t\t\t\t\t\t\t\t<ul style=\"font-style:normal;font-weight:400;\" class=\"wp-block-navigation__container has-background has-light-background-color has-regular-font-size is-responsive items-justified-left mb-1 mt-1 wp-block-navigation has-regular-font-size\"><li class=\"has-regular-font-size wp-block-navigation-item wp-block-navigation-link\"><a class=\"wp-block-navigation-item__content\" href=\"https:\/\/sisu.ut.ee\/sensiclass\/toolbox\/emotions-and-prejudice-classroom\/\"><span class=\"wp-block-navigation-item__label\">Konflikty ve t\u0159\u00edd\u011b<\/span><\/a><\/li><li class=\"has-regular-font-size wp-block-navigation-item wp-block-navigation-link\"><a class=\"wp-block-navigation-item__content\" href=\"https:\/\/sisu.ut.ee\/sensiclass\/toolbox\/emotions-and-prejudice-classroom\/prace-s-emocemi-ve-tride\/\"><span class=\"wp-block-navigation-item__label\">Pr\u00e1ce s emocemi ve t\u0159\u00edd\u011b<\/span><\/a><\/li><li data-wp-context='{ \"submenuOpenedBy\": { \"click\": false, \"hover\": false, \"focus\": false }, \"type\": \"submenu\", \"modal\": null, \"previousFocus\": null }' data-wp-interactive=\"core\/navigation\" data-wp-on--focusout=\"actions.handleMenuFocusout\" data-wp-on--keydown=\"actions.handleMenuKeydown\" data-wp-watch=\"callbacks.initMenu\" tabindex=\"-1\" class=\"wp-block-navigation-item has-regular-font-size has-child open-on-click wp-block-navigation-submenu\"><button data-wp-bind--aria-expanded=\"state.isMenuOpen\" data-wp-on--click=\"actions.toggleMenuOnClick\" aria-label=\"V\u00fdukov\u00e9 zdroje submenu\" class=\"wp-block-navigation-item__content wp-block-navigation-submenu__toggle\"><span class=\"wp-block-navigation-item__label\">V\u00fdukov\u00e9 zdroje<\/span><\/button><span class=\"wp-block-navigation__submenu-icon\"><svg xmlns=\"http:\/\/www.w3.org\/2000\/svg\" width=\"12\" height=\"12\" viewbox=\"0 0 12 12\" fill=\"none\" aria-hidden=\"true\" focusable=\"false\"><path d=\"M1.50002 4L6.00002 8L10.5 4\" stroke-width=\"1.5\"><\/path><\/svg><\/span><ul data-wp-on--focus=\"actions.openMenuOnFocus\" class=\"wp-block-navigation__submenu-container wp-block-navigation-submenu\"><li class=\"has-regular-font-size wp-block-navigation-item wp-block-navigation-link\"><a class=\"wp-block-navigation-item__content\" href=\"https:\/\/sisu.ut.ee\/sensiclass\/toolbox\/emotions-and-prejudice-classroom\/educational-sources\/from-controversial-to-academic-class-discussions\/\"><span class=\"wp-block-navigation-item__label\">Od kontroverzn\u00edch a\u017e po akademick\u00e9 diskuse<\/span><\/a><\/li><li class=\"has-regular-font-size wp-block-navigation-item wp-block-navigation-link\"><a class=\"wp-block-navigation-item__content\" href=\"https:\/\/sisu.ut.ee\/sensiclass\/toolbox\/emotions-and-prejudice-classroom\/educational-sources\/planning-course-with-controversial-topics\/\"><span class=\"wp-block-navigation-item__label\">Pl\u00e1nov\u00e1n\u00ed hodiny s kontroverzn\u00edmi t\u00e9maty<\/span><\/a><\/li><\/ul><\/li><li data-wp-context='{ \"submenuOpenedBy\": { \"click\": false, \"hover\": false, \"focus\": false }, \"type\": \"submenu\", \"modal\": null, \"previousFocus\": null }' data-wp-interactive=\"core\/navigation\" data-wp-on--focusout=\"actions.handleMenuFocusout\" data-wp-on--keydown=\"actions.handleMenuKeydown\" data-wp-watch=\"callbacks.initMenu\" tabindex=\"-1\" class=\"wp-block-navigation-item has-regular-font-size has-child open-on-click wp-block-navigation-submenu\"><button data-wp-bind--aria-expanded=\"state.isMenuOpen\" data-wp-on--click=\"actions.toggleMenuOnClick\" aria-label=\"P\u0159\u00edpadov\u00e9 studie submenu\" class=\"wp-block-navigation-item__content wp-block-navigation-submenu__toggle\"><span class=\"wp-block-navigation-item__label\">P\u0159\u00edpadov\u00e9 studie<\/span><\/button><span class=\"wp-block-navigation__submenu-icon\"><svg xmlns=\"http:\/\/www.w3.org\/2000\/svg\" width=\"12\" height=\"12\" viewbox=\"0 0 12 12\" fill=\"none\" aria-hidden=\"true\" focusable=\"false\"><path d=\"M1.50002 4L6.00002 8L10.5 4\" stroke-width=\"1.5\"><\/path><\/svg><\/span><ul data-wp-on--focus=\"actions.openMenuOnFocus\" class=\"wp-block-navigation__submenu-container wp-block-navigation-submenu\"><li class=\"has-regular-font-size wp-block-navigation-item wp-block-navigation-link\"><a class=\"wp-block-navigation-item__content\" href=\"https:\/\/sisu.ut.ee\/sensiclass\/toolbox\/emotions-and-prejudice-classroom\/case-studies-en\/managing-prejudice-in-classroom\/\"><span class=\"wp-block-navigation-item__label\">Zvl\u00e1d\u00e1n\u00ed p\u0159edsudk\u016f ve t\u0159\u00edd\u011b<\/span><\/a><\/li><\/ul><\/li><li class=\"has-regular-font-size wp-block-navigation-item wp-block-navigation-link\"><a class=\"wp-block-navigation-item__content\" href=\"https:\/\/sisu.ut.ee\/sensiclass\/toolbox\/emotions-and-prejudice-classroom\/test-your-knowledge-en\/\"><span class=\"wp-block-navigation-item__label\">Otestuj sv\u00e9 znalosti!<\/span><\/a><\/li><\/ul>\n\t\t\t\t\t\t\t<\/div>\n\t\t\t\t\t\t<\/div>\n\t\t\t\t\t<\/div>\n\t\t\t\t<\/div><\/nav>\n\n<p style=\"text-align:justify\">\n\t<span><span style=\"line-height:115%\"><span><span style=\"line-height:115%\"><span style=\",serif\"><span style=\"color:#202124\">U\u010ditel\u00e9 si uv\u011bdomuj\u00ed, \u017ee existuj\u00ed p\u0159edsudky spojen\u00e9 s r\u016fzn\u00fdmi probl\u00e9my, kter\u00e9 mohou vyvol\u00e1vat konflikty. Mohou hodinu zam\u011b\u0159enou na kontroverzn\u00ed t\u00e9ma napl\u00e1novat p\u0159edem a vytvo\u0159it vhodn\u00e9 prost\u0159ed\u00ed pro diskusi o citliv\u00fdch t\u00e9matech. V t\u00e9to \u010d\u00e1sti lze naj\u00edt strategie, jak prom\u011bnit konflikty vznikl\u00e9 d\u00edky emocion\u00e1ln\u00edm reakc\u00edm na kontroverzn\u00ed t\u00e9mata nebo p\u0159edsudk\u016fm na konstruktivn\u00ed t\u0159\u00eddn\u00ed interakce, kter\u00e9 podporuj\u00ed analytick\u00e9 a kritick\u00e9 my\u0161len\u00ed. Tyto materi\u00e1ly by m\u011bly u\u010ditel\u016fm pomoci \u0159\u00eddit diskuse o kontroverzn\u00edch nebo citliv\u00fdch t\u00e9matech, pokud k nim ve t\u0159\u00edd\u011b dojde. P\u0159esn\u011bji \u0159e\u010deno, materi\u00e1ly pomohou s pl\u00e1nov\u00e1n\u00edm hodiny, v n\u00ed\u017e se budou kontroverzn\u00ed ot\u00e1zky prob\u00edrat a nab\u00edzej\u00ed mo\u017en\u00e9 kroky, kter\u00e9 mohou u\u010ditel\u00e9 podniknout, aby se kontroverzn\u00ed diskuse zm\u011bnila v konstruktivn\u00ed u\u010debn\u00ed \u00fakol.<\/span><\/span><\/span><\/span><\/span><\/span>\n<\/p>","protected":false},"excerpt":{"rendered":"<p>U\u010ditel\u00e9 si uv\u011bdomuj\u00ed, \u017ee existuj\u00ed p\u0159edsudky spojen\u00e9 s r\u016fzn\u00fdmi probl\u00e9my, kter\u00e9 mohou vyvol\u00e1vat konflikty. Mohou hodinu zam\u011b\u0159enou na kontroverzn\u00ed t\u00e9ma napl\u00e1novat p\u0159edem a vytvo\u0159it vhodn\u00e9 prost\u0159ed\u00ed pro diskusi o citliv\u00fdch t\u00e9matech. V t\u00e9to \u010d\u00e1sti lze naj\u00edt strategie, jak prom\u011bnit konflikty &#8230;<\/p>\n","protected":false},"author":240,"featured_media":0,"parent":268,"menu_order":0,"comment_status":"closed","ping_status":"closed","template":"","meta":{"_acf_changed":false,"inline_featured_image":false,"footnotes":""},"class_list":["post-272","page","type-page","status-publish","hentry"],"acf":[],"_links":{"self":[{"href":"https:\/\/sisu.ut.ee\/sensiclass\/wp-json\/wp\/v2\/pages\/272","targetHints":{"allow":["GET"]}}],"collection":[{"href":"https:\/\/sisu.ut.ee\/sensiclass\/wp-json\/wp\/v2\/pages"}],"about":[{"href":"https:\/\/sisu.ut.ee\/sensiclass\/wp-json\/wp\/v2\/types\/page"}],"author":[{"embeddable":true,"href":"https:\/\/sisu.ut.ee\/sensiclass\/wp-json\/wp\/v2\/users\/240"}],"replies":[{"embeddable":true,"href":"https:\/\/sisu.ut.ee\/sensiclass\/wp-json\/wp\/v2\/comments?post=272"}],"version-history":[{"count":5,"href":"https:\/\/sisu.ut.ee\/sensiclass\/wp-json\/wp\/v2\/pages\/272\/revisions"}],"predecessor-version":[{"id":2589,"href":"https:\/\/sisu.ut.ee\/sensiclass\/wp-json\/wp\/v2\/pages\/272\/revisions\/2589"}],"up":[{"embeddable":true,"href":"https:\/\/sisu.ut.ee\/sensiclass\/wp-json\/wp\/v2\/pages\/268"}],"wp:attachment":[{"href":"https:\/\/sisu.ut.ee\/sensiclass\/wp-json\/wp\/v2\/media?parent=272"}],"curies":[{"name":"wp","href":"https:\/\/api.w.org\/{rel}","templated":true}]}}