{"id":268,"date":"2024-04-04T06:43:41","date_gmt":"2024-04-04T03:43:41","guid":{"rendered":"https:\/\/sisu.ut.ee\/sensiclass\/emotions-and-prejudice-classroom\/"},"modified":"2024-06-21T15:50:41","modified_gmt":"2024-06-21T12:50:41","slug":"emotions-and-prejudice-classroom","status":"publish","type":"page","link":"https:\/\/sisu.ut.ee\/sensiclass\/toolbox\/emotions-and-prejudice-classroom\/","title":{"rendered":"Konflikty ve t\u0159\u00edd\u011b"},"content":{"rendered":"<nav style=\"font-style:normal;font-weight:400;\" class=\"has-background has-light-background-color has-regular-font-size is-responsive items-justified-left mb-1 mt-1 wp-block-navigation is-horizontal is-content-justification-left is-layout-flex wp-container-core-navigation-is-layout-c39e78a4 wp-block-navigation-is-layout-flex\" aria-label=\"Konflikty ve t\u0159\u00edd\u011b\" data-wp-interactive=\"core\/navigation\" data-wp-context='{\"overlayOpenedBy\":{\"click\":false,\"hover\":false,\"focus\":false},\"type\":\"overlay\",\"roleAttribute\":\"\",\"ariaLabel\":\"Menu\"}'><button aria-haspopup=\"dialog\" aria-label=\"Open menu\" class=\"wp-block-navigation__responsive-container-open\" data-wp-on--click=\"actions.openMenuOnClick\" data-wp-on--keydown=\"actions.handleMenuKeydown\"><svg width=\"24\" height=\"24\" xmlns=\"http:\/\/www.w3.org\/2000\/svg\" viewbox=\"0 0 24 24\"><path d=\"M5 5v1.5h14V5H5z\"><\/path><path d=\"M5 12.8h14v-1.5H5v1.5z\"><\/path><path d=\"M5 19h14v-1.5H5V19z\"><\/path><\/svg><\/button>\n\t\t\t\t<div class=\"wp-block-navigation__responsive-container\" id=\"modal-1\" data-wp-class--has-modal-open=\"state.isMenuOpen\" data-wp-class--is-menu-open=\"state.isMenuOpen\" data-wp-watch=\"callbacks.initMenu\" data-wp-on--keydown=\"actions.handleMenuKeydown\" data-wp-on--focusout=\"actions.handleMenuFocusout\" tabindex=\"-1\">\n\t\t\t\t\t<div class=\"wp-block-navigation__responsive-close\" tabindex=\"-1\">\n\t\t\t\t\t\t<div class=\"wp-block-navigation__responsive-dialog\" data-wp-bind--aria-modal=\"state.ariaModal\" data-wp-bind--aria-label=\"state.ariaLabel\" data-wp-bind--role=\"state.roleAttribute\">\n\t\t\t\t\t\t\t<button aria-label=\"Close menu\" class=\"wp-block-navigation__responsive-container-close\" data-wp-on--click=\"actions.closeMenuOnClick\"><svg xmlns=\"http:\/\/www.w3.org\/2000\/svg\" viewbox=\"0 0 24 24\" width=\"24\" height=\"24\" aria-hidden=\"true\" focusable=\"false\"><path d=\"m13.06 12 6.47-6.47-1.06-1.06L12 10.94 5.53 4.47 4.47 5.53 10.94 12l-6.47 6.47 1.06 1.06L12 13.06l6.47 6.47 1.06-1.06L13.06 12Z\"><\/path><\/svg><\/button>\n\t\t\t\t\t\t\t<div class=\"wp-block-navigation__responsive-container-content\" data-wp-watch=\"callbacks.focusFirstElement\" id=\"modal-1-content\">\n\t\t\t\t\t\t\t\t<ul style=\"font-style:normal;font-weight:400;\" class=\"wp-block-navigation__container has-background has-light-background-color has-regular-font-size is-responsive items-justified-left mb-1 mt-1 wp-block-navigation has-regular-font-size\"><li class=\"has-regular-font-size wp-block-navigation-item wp-block-navigation-link\"><a class=\"wp-block-navigation-item__content\" href=\"https:\/\/sisu.ut.ee\/sensiclass\/toolbox\/emotions-and-prejudice-classroom\/\"><span class=\"wp-block-navigation-item__label\">Konflikty ve t\u0159\u00edd\u011b<\/span><\/a><\/li><li class=\"has-regular-font-size wp-block-navigation-item wp-block-navigation-link\"><a class=\"wp-block-navigation-item__content\" href=\"https:\/\/sisu.ut.ee\/sensiclass\/toolbox\/emotions-and-prejudice-classroom\/prace-s-emocemi-ve-tride\/\"><span class=\"wp-block-navigation-item__label\">Pr\u00e1ce s emocemi ve t\u0159\u00edd\u011b<\/span><\/a><\/li><li data-wp-context='{ \"submenuOpenedBy\": { \"click\": false, \"hover\": false, \"focus\": false }, \"type\": \"submenu\", \"modal\": null, \"previousFocus\": null }' data-wp-interactive=\"core\/navigation\" data-wp-on--focusout=\"actions.handleMenuFocusout\" data-wp-on--keydown=\"actions.handleMenuKeydown\" data-wp-watch=\"callbacks.initMenu\" tabindex=\"-1\" class=\"wp-block-navigation-item has-regular-font-size has-child open-on-click wp-block-navigation-submenu\"><button data-wp-bind--aria-expanded=\"state.isMenuOpen\" data-wp-on--click=\"actions.toggleMenuOnClick\" aria-label=\"V\u00fdukov\u00e9 zdroje submenu\" class=\"wp-block-navigation-item__content wp-block-navigation-submenu__toggle\"><span class=\"wp-block-navigation-item__label\">V\u00fdukov\u00e9 zdroje<\/span><\/button><span class=\"wp-block-navigation__submenu-icon\"><svg xmlns=\"http:\/\/www.w3.org\/2000\/svg\" width=\"12\" height=\"12\" viewbox=\"0 0 12 12\" fill=\"none\" aria-hidden=\"true\" focusable=\"false\"><path d=\"M1.50002 4L6.00002 8L10.5 4\" stroke-width=\"1.5\"><\/path><\/svg><\/span><ul data-wp-on--focus=\"actions.openMenuOnFocus\" class=\"wp-block-navigation__submenu-container wp-block-navigation-submenu\"><li class=\"has-regular-font-size wp-block-navigation-item wp-block-navigation-link\"><a class=\"wp-block-navigation-item__content\" href=\"https:\/\/sisu.ut.ee\/sensiclass\/toolbox\/emotions-and-prejudice-classroom\/educational-sources\/from-controversial-to-academic-class-discussions\/\"><span class=\"wp-block-navigation-item__label\">Od kontroverzn\u00edch a\u017e po akademick\u00e9 diskuse<\/span><\/a><\/li><li class=\"has-regular-font-size wp-block-navigation-item wp-block-navigation-link\"><a class=\"wp-block-navigation-item__content\" href=\"https:\/\/sisu.ut.ee\/sensiclass\/toolbox\/emotions-and-prejudice-classroom\/educational-sources\/planning-course-with-controversial-topics\/\"><span class=\"wp-block-navigation-item__label\">Pl\u00e1nov\u00e1n\u00ed hodiny s kontroverzn\u00edmi t\u00e9maty<\/span><\/a><\/li><\/ul><\/li><li data-wp-context='{ \"submenuOpenedBy\": { \"click\": false, \"hover\": false, \"focus\": false }, \"type\": \"submenu\", \"modal\": null, \"previousFocus\": null }' data-wp-interactive=\"core\/navigation\" data-wp-on--focusout=\"actions.handleMenuFocusout\" data-wp-on--keydown=\"actions.handleMenuKeydown\" data-wp-watch=\"callbacks.initMenu\" tabindex=\"-1\" class=\"wp-block-navigation-item has-regular-font-size has-child open-on-click wp-block-navigation-submenu\"><button data-wp-bind--aria-expanded=\"state.isMenuOpen\" data-wp-on--click=\"actions.toggleMenuOnClick\" aria-label=\"P\u0159\u00edpadov\u00e9 studie submenu\" class=\"wp-block-navigation-item__content wp-block-navigation-submenu__toggle\"><span class=\"wp-block-navigation-item__label\">P\u0159\u00edpadov\u00e9 studie<\/span><\/button><span class=\"wp-block-navigation__submenu-icon\"><svg xmlns=\"http:\/\/www.w3.org\/2000\/svg\" width=\"12\" height=\"12\" viewbox=\"0 0 12 12\" fill=\"none\" aria-hidden=\"true\" focusable=\"false\"><path d=\"M1.50002 4L6.00002 8L10.5 4\" stroke-width=\"1.5\"><\/path><\/svg><\/span><ul data-wp-on--focus=\"actions.openMenuOnFocus\" class=\"wp-block-navigation__submenu-container wp-block-navigation-submenu\"><li class=\"has-regular-font-size wp-block-navigation-item wp-block-navigation-link\"><a class=\"wp-block-navigation-item__content\" href=\"https:\/\/sisu.ut.ee\/sensiclass\/toolbox\/emotions-and-prejudice-classroom\/case-studies-en\/managing-prejudice-in-classroom\/\"><span class=\"wp-block-navigation-item__label\">Zvl\u00e1d\u00e1n\u00ed p\u0159edsudk\u016f ve t\u0159\u00edd\u011b<\/span><\/a><\/li><\/ul><\/li><li class=\"has-regular-font-size wp-block-navigation-item wp-block-navigation-link\"><a class=\"wp-block-navigation-item__content\" href=\"https:\/\/sisu.ut.ee\/sensiclass\/toolbox\/emotions-and-prejudice-classroom\/test-your-knowledge-en\/\"><span class=\"wp-block-navigation-item__label\">Otestuj sv\u00e9 znalosti!<\/span><\/a><\/li><\/ul>\n\t\t\t\t\t\t\t<\/div>\n\t\t\t\t\t\t<\/div>\n\t\t\t\t\t<\/div>\n\t\t\t\t<\/div><\/nav>\n\n<p style=\"text-align:justify\">\n\t<span><span style=\"line-height:115%\"><b><span><span style=\"line-height:115%\"><span style=\",serif\"><span style=\"color:#202124\">T\u00e9ma tohoto modulu: <\/span><\/span><\/span><\/span><\/b><\/span><\/span>\n<\/p>\n<p style=\"text-align:justify\">\n\t<span><span style=\"line-height:115%\"><span><span style=\"line-height:115%\"><span style=\",serif\"><span style=\"color:#202124\">N\u011bkter\u00e1 t\u00e9mata, zejm\u00e9na kontroverzn\u00ed a citliv\u00e1, mohou u student\u016f nebo u\u010ditel\u016f vyvolat siln\u00e9 emoce a v\u00e9st ke konflikt\u016fm. V takov\u00fdch p\u0159\u00edpadech se m\u016f\u017ee diskuse ve t\u0159\u00edd\u011b snadno prom\u011bnit ve v\u00e1\u0161nivou debatu, kter\u00e1 vy\u017eaduje, aby u\u010ditel um\u011bl \u0159\u00eddit a zvl\u00e1dat konflikty. Mezi kontroverzn\u00ed t\u00e9mata pat\u0159\u00ed t\u00e9mata jako pr\u00e1vo na potrat, trest smrti, eutanazie a\u017e po politick\u00e9 neshody, z nich\u017e n\u011bkter\u00e9\u00a0 mohou vzniknout p\u0159\u00edmo ve t\u0159\u00edd\u011b. Emotivn\u00ed reakce pramen\u00edc\u00ed z osobn\u00edho p\u0159esv\u011bd\u010den\u00ed, pocitu nespravedlnosti nebo z jin\u00fdch d\u016fvod\u016f se mohou objevit i tehdy, pokud se vyu\u010duj\u00edc\u00ed p\u0159i v\u00fduce kontroverzn\u00edm t\u00e9mat\u016fm vysloven\u011b vyh\u00fdb\u00e1. Jak p\u00ed\u0161e Wessel Haanstra, ignorov\u00e1n\u00ed kontroverzn\u00edch t\u00e9mat vlastn\u011b \u201em\u016f\u017ee vytvo\u0159it prostor pro extremistick\u00e9 prost\u0159ed\u00ed a odpov\u011bdi\u201c, a proto \u201ediskutovat o tabu jist\u011b znamen\u00e1 riskovat, ale znamen\u00e1 to tak\u00e9 p\u0159evz\u00edt odpov\u011bdnost za psychologick\u00fd v\u00fdvoj budouc\u00ed generace\u201c (Haanstra n.d., 1).<\/span><\/span><\/span><\/span><\/span><\/span>\n<\/p>\n<p style=\"text-align:justify\">\n\t\u00a0\n<\/p>\n<p style=\"text-align:justify\">\n\t<span><span style=\"line-height:115%\"><span><span style=\"line-height:115%\"><span style=\",serif\"><span style=\"color:#202124\">Vzhledem k tomu, \u017ee se konflikt\u016fm a citliv\u00fdm reakc\u00edm na r\u016fzn\u00e1 t\u00e9mata b\u011bhem hodiny nelze vyhnout, m\u011bli by b\u00fdt u\u010ditel\u00e9 p\u0159ipraveni \u0159e\u0161it tyto situace co nejkonstruktivn\u011bj\u0161\u00edm zp\u016fsobem \u2013 tento modul m\u00e1 za c\u00edl poskytnout zdroje k dosa\u017een\u00ed tohoto c\u00edle. Pokud ve t\u0159\u00edd\u011b vznikne konflikt, je v\u017edy c\u00edlem \u201esp\u00ed\u0161e konfliktu porozum\u011bt ne\u017e jej \u0159e\u0161it vytv\u00e1\u0159en\u00edm um\u011bl\u00e9ho konsenzu\u201c; tak se konflikt m\u016f\u017ee zm\u011bnit na\u00a0 \u201ezdroj energie a u\u010den\u00ed\u201c (Sturm a Guinier 2003, 531). Proces porozum\u011bn\u00ed konfliktu by m\u011bl b\u00fdt pova\u017eov\u00e1n za p\u0159\u00edle\u017eitost u\u010dit se, kolektivn\u011b se zapojit do dan\u00e9ho probl\u00e9mu a tak\u00e9 rozpoznat a zpochybnit z\u00e1kladn\u00ed p\u0159edpoklady a p\u0159edsudky, kter\u00e9 se s n\u00edm poj\u00ed.<\/span><\/span><\/span><\/span><\/span><\/span>\n<\/p>\n<p style=\"text-align:justify\">\n\t\u00a0\n<\/p>\n<p style=\"text-align:justify\">\n\t<span><span style=\"line-height:115%\"><b><span><span style=\"line-height:115%\"><span style=\",serif\"><span style=\"color:#202124\">C\u00edle tohoto modulu<\/span><\/span><\/span><\/span><\/b><span><span style=\"line-height:115%\"><span style=\",serif\"><span style=\"color:#202124\">:<\/span><\/span><\/span><\/span><\/span><\/span>\n<\/p>\n<p style=\"text-align:justify\">\n\t<span><span style=\"line-height:115%\"><span><span style=\"line-height:115%\"><span style=\",serif\"><span style=\"color:#202124\">Studenti, zejm\u00e9na mlad\u00ed dosp\u011bl\u00ed na univerzit\u00e1ch, mohou m\u00edt siln\u00e9 p\u0159edsudky a domn\u011bnky o spole\u010dnosti. Kelly Trezise (2017) v\u00fdsti\u017en\u011b tvrd\u00ed, \u017ee emoce jsou ned\u00edlnou sou\u010d\u00e1st\u00ed t\u0159\u00eddn\u00edch kolektiv\u016f:<\/span><\/span><\/span><\/span><\/span><\/span>\n<\/p>\n<p style=\"text-align:justify\">\n\t<span><span style=\"line-height:115%\"><span><span style=\"line-height:115%\"><span style=\",serif\"><span style=\"color:#202124\">\u201cU\u010debny jsou emotivn\u00ed prost\u0159ed\u00ed. \u2026 V\u00fdzkum ve vzd\u011bl\u00e1v\u00e1n\u00ed v\u0161ak p\u0159\u00edli\u0161 emoce \u010dasto ignoruje nebo neutralizuje. Aby se zlep\u0161ilo u\u010den\u00ed a emo\u010dn\u00ed stav student\u016f, sn\u00ed\u017eila se z\u00e1t\u011b\u017e u\u010ditel\u016f a d\u00e1le se rozv\u00edjely emoce a teorie u\u010den\u00ed, m\u011blo by se v\u00fdzkumn\u00e9 \u00fasil\u00ed zam\u011b\u0159it na to, jak se studenti mohou u\u010dit bez ohledu na jejich emocion\u00e1ln\u00ed stav.\u201d<\/span><\/span><\/span><\/span><\/span><\/span>\n<\/p>\n<p style=\"text-align:justify\">\n\t<span><span style=\"line-height:115%\"><span><span style=\"line-height:115%\"><span style=\",serif\"><span style=\"color:#202124\">Vzhledem k tomu, \u017ee v\u0161ichni u\u010ditel\u00e9 budou ve sv\u00fdch t\u0159\u00edd\u00e1ch \u010delit emoc\u00edm, poskytuje tento modul pomoc formou:<\/span><\/span><\/span><\/span><\/span><\/span>\n<\/p>\n<ul>\n<li style=\"text-align:justify\">\n\t\t<span><span style=\"line-height:115%\"><span><span style=\"line-height:115%\"><span style=\",serif\"><span style=\"color:#202124\">cvi\u010den\u00ed a strategie pro pr\u00e1ci s emocemi student\u016f, kter\u00e9 mohou b\u00fdt ve t\u0159\u00edd\u011b ru\u0161iv\u00e9<\/span><\/span><\/span><\/span><\/span><\/span>\n\t<\/li>\n<li style=\"text-align:justify\">\n\t\t<span><span style=\"line-height:115%\"><span><span style=\"line-height:115%\"><span style=\",serif\"><span style=\"color:#202124\">ilustra\u010dn\u00edch p\u0159\u00edpadov\u00fdch studi\u00ed, je\u017e jsou zam\u011b\u0159en\u00e9 na pr\u00e1ci s emocemi student\u016f<\/span><\/span><\/span><\/span><\/span><\/span>\n\t<\/li>\n<\/ul>\n<p style=\"text-align:justify\">\n\t<span><span style=\"line-height:115%\"><b><span><span style=\"line-height:115%\"><span style=\",serif\"><span style=\"color:#202124\">Citovan\u00e9 pr\u00e1ce<\/span><\/span><\/span><\/span><\/b><span><span style=\"line-height:115%\"><span style=\",serif\"><span style=\"color:#202124\">:<\/span><\/span><\/span><\/span><\/span><\/span>\n<\/p>\n<p style=\"text-align:justify\">\n\t<span><span style=\"line-height:115%\"><span><span style=\"line-height:115%\"><span style=\",serif\"><span style=\"color:#202124\">Haanstra, Wessel. \u201eDiskuse o tabu a kontroverzn\u00edch ot\u00e1zk\u00e1ch\u201c RAN vyd\u00e1n\u00ed. RAN Center for Excellence.<\/span><\/span><\/span><\/span><\/span><\/span>\n<\/p>\n<p style=\"text-align:justify\">\n\t<span><span style=\"line-height:115%\"><span><span style=\"line-height:115%\"><span style=\",serif\"><span style=\"color:#202124\">Sturm, Susan a Lani Guinierov\u00e9. \u201eU\u010den\u00ed se z konfliktu: \u00davahy o u\u010den\u00ed o rase a pohlav\u00ed\u201c Journal of Legal Education 53, no. 4 (2003): 515-547.<\/span><\/span><\/span><\/span><\/span><\/span>\n<\/p>\n<p style=\"text-align:justify\">\n\t<span><span style=\"line-height:115%\"><span><span style=\"line-height:115%\"><span style=\",serif\"><span style=\"color:#202124\">Trezise, Kelly. \u201eEmoce ve t\u0159\u00edd\u00e1ch: Pot\u0159eba pochopit, jak emoce ovliv\u0148uj\u00ed u\u010den\u00ed a vzd\u011bl\u00e1v\u00e1n\u00ed\u201c NPJ Science of Learning. 13. \u010dervence 2017 <\/span><\/span><\/span><\/span><a href=\"https:\/\/npjscilearncommunity.nature.com\/posts\/18507-emotions-in-classrooms-the-need-to-understand-how-emotions-affect-learning-and-education\"><span><span style=\"line-height:115%\"><span style=\",serif\"><span style=\"color:blue\">https:\/\/npjscilearncommunity.nature.com\/posts\/18507-emotions-in-classrooms-the-need-to-understand-how-emotions-affect-learning-and-education<\/span><\/span><\/span><\/span><\/a><\/span><\/span>\n<\/p>","protected":false},"excerpt":{"rendered":"<p>T\u00e9ma tohoto modulu: N\u011bkter\u00e1 t\u00e9mata, zejm\u00e9na kontroverzn\u00ed a citliv\u00e1, mohou u student\u016f nebo u\u010ditel\u016f vyvolat siln\u00e9 emoce a v\u00e9st ke konflikt\u016fm. V takov\u00fdch p\u0159\u00edpadech se m\u016f\u017ee diskuse ve t\u0159\u00edd\u011b snadno prom\u011bnit ve v\u00e1\u0161nivou debatu, kter\u00e1 vy\u017eaduje, aby u\u010ditel um\u011bl \u0159\u00eddit &#8230;<\/p>\n","protected":false},"author":240,"featured_media":0,"parent":259,"menu_order":0,"comment_status":"closed","ping_status":"closed","template":"","meta":{"_acf_changed":false,"inline_featured_image":false,"footnotes":""},"class_list":["post-268","page","type-page","status-publish","hentry"],"acf":[],"_links":{"self":[{"href":"https:\/\/sisu.ut.ee\/sensiclass\/wp-json\/wp\/v2\/pages\/268","targetHints":{"allow":["GET"]}}],"collection":[{"href":"https:\/\/sisu.ut.ee\/sensiclass\/wp-json\/wp\/v2\/pages"}],"about":[{"href":"https:\/\/sisu.ut.ee\/sensiclass\/wp-json\/wp\/v2\/types\/page"}],"author":[{"embeddable":true,"href":"https:\/\/sisu.ut.ee\/sensiclass\/wp-json\/wp\/v2\/users\/240"}],"replies":[{"embeddable":true,"href":"https:\/\/sisu.ut.ee\/sensiclass\/wp-json\/wp\/v2\/comments?post=268"}],"version-history":[{"count":4,"href":"https:\/\/sisu.ut.ee\/sensiclass\/wp-json\/wp\/v2\/pages\/268\/revisions"}],"predecessor-version":[{"id":2582,"href":"https:\/\/sisu.ut.ee\/sensiclass\/wp-json\/wp\/v2\/pages\/268\/revisions\/2582"}],"up":[{"embeddable":true,"href":"https:\/\/sisu.ut.ee\/sensiclass\/wp-json\/wp\/v2\/pages\/259"}],"wp:attachment":[{"href":"https:\/\/sisu.ut.ee\/sensiclass\/wp-json\/wp\/v2\/media?parent=268"}],"curies":[{"name":"wp","href":"https:\/\/api.w.org\/{rel}","templated":true}]}}