{"id":241,"date":"2024-04-04T06:43:38","date_gmt":"2024-04-04T03:43:38","guid":{"rendered":"https:\/\/sisu.ut.ee\/sensiclass\/case-study-et\/"},"modified":"2024-06-21T15:56:38","modified_gmt":"2024-06-21T12:56:38","slug":"case-study-et","status":"publish","type":"page","link":"https:\/\/sisu.ut.ee\/sensiclass\/toolbox\/conflicts-classroom-et\/case-study-et\/","title":{"rendered":"Juhtumianal\u00fc\u00fcsid"},"content":{"rendered":"<nav style=\"font-style:normal;font-weight:400;\" class=\"has-background has-light-background-color has-regular-font-size is-responsive items-justified-left mb-1 mt-1 wp-block-navigation is-horizontal is-content-justification-left is-layout-flex wp-container-core-navigation-is-layout-c39e78a4 wp-block-navigation-is-layout-flex\" aria-label=\"Konfliktid klassiruumis\" data-wp-interactive=\"core\/navigation\" data-wp-context='{\"overlayOpenedBy\":{\"click\":false,\"hover\":false,\"focus\":false},\"type\":\"overlay\",\"roleAttribute\":\"\",\"ariaLabel\":\"Menu\"}'><button aria-haspopup=\"dialog\" aria-label=\"Open menu\" class=\"wp-block-navigation__responsive-container-open\" data-wp-on--click=\"actions.openMenuOnClick\" data-wp-on--keydown=\"actions.handleMenuKeydown\"><svg width=\"24\" height=\"24\" xmlns=\"http:\/\/www.w3.org\/2000\/svg\" viewbox=\"0 0 24 24\"><path d=\"M5 5v1.5h14V5H5z\"><\/path><path d=\"M5 12.8h14v-1.5H5v1.5z\"><\/path><path d=\"M5 19h14v-1.5H5V19z\"><\/path><\/svg><\/button>\n\t\t\t\t<div class=\"wp-block-navigation__responsive-container\" id=\"modal-1\" data-wp-class--has-modal-open=\"state.isMenuOpen\" data-wp-class--is-menu-open=\"state.isMenuOpen\" data-wp-watch=\"callbacks.initMenu\" data-wp-on--keydown=\"actions.handleMenuKeydown\" data-wp-on--focusout=\"actions.handleMenuFocusout\" tabindex=\"-1\">\n\t\t\t\t\t<div class=\"wp-block-navigation__responsive-close\" tabindex=\"-1\">\n\t\t\t\t\t\t<div class=\"wp-block-navigation__responsive-dialog\" data-wp-bind--aria-modal=\"state.ariaModal\" data-wp-bind--aria-label=\"state.ariaLabel\" data-wp-bind--role=\"state.roleAttribute\">\n\t\t\t\t\t\t\t<button aria-label=\"Close menu\" class=\"wp-block-navigation__responsive-container-close\" data-wp-on--click=\"actions.closeMenuOnClick\"><svg xmlns=\"http:\/\/www.w3.org\/2000\/svg\" viewbox=\"0 0 24 24\" width=\"24\" height=\"24\" aria-hidden=\"true\" focusable=\"false\"><path d=\"m13.06 12 6.47-6.47-1.06-1.06L12 10.94 5.53 4.47 4.47 5.53 10.94 12l-6.47 6.47 1.06 1.06L12 13.06l6.47 6.47 1.06-1.06L13.06 12Z\"><\/path><\/svg><\/button>\n\t\t\t\t\t\t\t<div class=\"wp-block-navigation__responsive-container-content\" data-wp-watch=\"callbacks.focusFirstElement\" id=\"modal-1-content\">\n\t\t\t\t\t\t\t\t<ul style=\"font-style:normal;font-weight:400;\" class=\"wp-block-navigation__container has-background has-light-background-color has-regular-font-size is-responsive items-justified-left mb-1 mt-1 wp-block-navigation has-regular-font-size\"><li class=\"has-regular-font-size wp-block-navigation-item wp-block-navigation-link\"><a class=\"wp-block-navigation-item__content\" href=\"https:\/\/sisu.ut.ee\/sensiclass\/toolbox\/conflicts-classroom-et\/\"><span class=\"wp-block-navigation-item__label\">Konfliktid klassiruumis<\/span><\/a><\/li><li class=\"has-regular-font-size wp-block-navigation-item wp-block-navigation-link\"><a class=\"wp-block-navigation-item__content\" href=\"https:\/\/sisu.ut.ee\/sensiclass\/toolbox\/conflicts-classroom-et\/managing-emotions-classroom-et\/\"><span class=\"wp-block-navigation-item__label\">Emotsioonide haldamine \u00f5ppetunnis<\/span><\/a><\/li><li data-wp-context='{ \"submenuOpenedBy\": { \"click\": false, \"hover\": false, \"focus\": false }, \"type\": \"submenu\", \"modal\": null, \"previousFocus\": null }' data-wp-interactive=\"core\/navigation\" data-wp-on--focusout=\"actions.handleMenuFocusout\" data-wp-on--keydown=\"actions.handleMenuKeydown\" data-wp-watch=\"callbacks.initMenu\" tabindex=\"-1\" class=\"wp-block-navigation-item has-regular-font-size has-child open-on-click wp-block-navigation-submenu\"><button data-wp-bind--aria-expanded=\"state.isMenuOpen\" data-wp-on--click=\"actions.toggleMenuOnClick\" aria-label=\"\u00d5ppevahendid submenu\" class=\"wp-block-navigation-item__content wp-block-navigation-submenu__toggle\"><span class=\"wp-block-navigation-item__label\">\u00d5ppevahendid<\/span><\/button><span class=\"wp-block-navigation__submenu-icon\"><svg xmlns=\"http:\/\/www.w3.org\/2000\/svg\" width=\"12\" height=\"12\" viewbox=\"0 0 12 12\" fill=\"none\" aria-hidden=\"true\" focusable=\"false\"><path d=\"M1.50002 4L6.00002 8L10.5 4\" stroke-width=\"1.5\"><\/path><\/svg><\/span><ul data-wp-on--focus=\"actions.openMenuOnFocus\" class=\"wp-block-navigation__submenu-container wp-block-navigation-submenu\"><li class=\"has-regular-font-size wp-block-navigation-item wp-block-navigation-link\"><a class=\"wp-block-navigation-item__content\" href=\"https:\/\/sisu.ut.ee\/sensiclass\/toolbox\/conflicts-classroom-et\/teaching-resources-et-2\/planning-course-controversial-topics-et\/\"><span class=\"wp-block-navigation-item__label\">Vastuolulisi teemasid k\u00e4sitleva kursuse ettevalmistamine<\/span><\/a><\/li><li class=\"has-regular-font-size wp-block-navigation-item wp-block-navigation-link\"><a class=\"wp-block-navigation-item__content\" href=\"https:\/\/sisu.ut.ee\/sensiclass\/toolbox\/conflicts-classroom-et\/teaching-resources-et-2\/controversial-academic-class-discussions-et\/\"><span class=\"wp-block-navigation-item__label\">Vastuolulistest k\u00fcsimustest akadeemiliste aruteludeni klassiruumis<\/span><\/a><\/li><\/ul><\/li><li data-wp-context='{ \"submenuOpenedBy\": { \"click\": false, \"hover\": false, \"focus\": false }, \"type\": \"submenu\", \"modal\": null, \"previousFocus\": null }' data-wp-interactive=\"core\/navigation\" data-wp-on--focusout=\"actions.handleMenuFocusout\" data-wp-on--keydown=\"actions.handleMenuKeydown\" data-wp-watch=\"callbacks.initMenu\" tabindex=\"-1\" class=\"wp-block-navigation-item has-regular-font-size has-child open-on-click wp-block-navigation-submenu\"><button data-wp-bind--aria-expanded=\"state.isMenuOpen\" data-wp-on--click=\"actions.toggleMenuOnClick\" aria-label=\"Juhtumianal\u00fc\u00fcsid submenu\" class=\"wp-block-navigation-item__content wp-block-navigation-submenu__toggle\"><span class=\"wp-block-navigation-item__label\">Juhtumianal\u00fc\u00fcsid<\/span><\/button><span class=\"wp-block-navigation__submenu-icon\"><svg xmlns=\"http:\/\/www.w3.org\/2000\/svg\" width=\"12\" height=\"12\" viewbox=\"0 0 12 12\" fill=\"none\" aria-hidden=\"true\" focusable=\"false\"><path d=\"M1.50002 4L6.00002 8L10.5 4\" stroke-width=\"1.5\"><\/path><\/svg><\/span><ul data-wp-on--focus=\"actions.openMenuOnFocus\" class=\"wp-block-navigation__submenu-container wp-block-navigation-submenu\"><li class=\"has-regular-font-size wp-block-navigation-item wp-block-navigation-link\"><a class=\"wp-block-navigation-item__content\" href=\"https:\/\/sisu.ut.ee\/sensiclass\/toolbox\/conflicts-classroom-et\/case-study-et\/managing-prejudice-classroom-et\/\"><span class=\"wp-block-navigation-item__label\">Eelarvamuste haldamine klassiruumis<\/span><\/a><\/li><\/ul><\/li><li class=\"has-regular-font-size wp-block-navigation-item wp-block-navigation-link\"><a class=\"wp-block-navigation-item__content\" href=\"https:\/\/sisu.ut.ee\/sensiclass\/toolbox\/conflicts-classroom-et\/bibliography-and-further-resources-et-2\/\"><span class=\"wp-block-navigation-item__label\">Kasutatud kirjandus ja lisamaterjalid<\/span><\/a><\/li><li class=\"has-regular-font-size wp-block-navigation-item wp-block-navigation-link\"><a class=\"wp-block-navigation-item__content\" href=\"https:\/\/sisu.ut.ee\/sensiclass\/toolbox\/conflicts-classroom-et\/test-your-knowledge-et-2\/\"><span class=\"wp-block-navigation-item__label\">Testi oma teadmisi!<\/span><\/a><\/li><\/ul>\n\t\t\t\t\t\t\t<\/div>\n\t\t\t\t\t\t<\/div>\n\t\t\t\t\t<\/div>\n\t\t\t\t<\/div><\/nav>\n\n<p>\n\tJuhtumiuuringud esitavad erinevaid stsenaariume (tegevuskavu), mida \u00f5petajad reaalelus oma klassiruumides on kasutanud. K\u00e4esolevas juhtumiuuringus tekkisid vastuolud kahe eelarvamuse \u2013 antisemitismi ja homofoobia \u00a0t\u00f5ttu. Juhtumiuuring kirjeldab k\u00f5igepealt probleemi, seej\u00e4rel esitab lahendusi ja strateegiaid, millega edendada kaasavat \u00f5petamist.\n<\/p>","protected":false},"excerpt":{"rendered":"<p>Juhtumiuuringud esitavad erinevaid stsenaariume (tegevuskavu), mida \u00f5petajad reaalelus oma klassiruumides on kasutanud. K\u00e4esolevas juhtumiuuringus tekkisid vastuolud kahe eelarvamuse \u2013 antisemitismi ja homofoobia \u00a0t\u00f5ttu. Juhtumiuuring kirjeldab k\u00f5igepealt probleemi, seej\u00e4rel esitab lahendusi ja strateegiaid, millega edendada kaasavat \u00f5petamist.<\/p>\n","protected":false},"author":240,"featured_media":0,"parent":236,"menu_order":0,"comment_status":"closed","ping_status":"closed","template":"","meta":{"_acf_changed":false,"inline_featured_image":false,"footnotes":""},"class_list":["post-241","page","type-page","status-publish","hentry"],"acf":[],"_links":{"self":[{"href":"https:\/\/sisu.ut.ee\/sensiclass\/wp-json\/wp\/v2\/pages\/241","targetHints":{"allow":["GET"]}}],"collection":[{"href":"https:\/\/sisu.ut.ee\/sensiclass\/wp-json\/wp\/v2\/pages"}],"about":[{"href":"https:\/\/sisu.ut.ee\/sensiclass\/wp-json\/wp\/v2\/types\/page"}],"author":[{"embeddable":true,"href":"https:\/\/sisu.ut.ee\/sensiclass\/wp-json\/wp\/v2\/users\/240"}],"replies":[{"embeddable":true,"href":"https:\/\/sisu.ut.ee\/sensiclass\/wp-json\/wp\/v2\/comments?post=241"}],"version-history":[{"count":4,"href":"https:\/\/sisu.ut.ee\/sensiclass\/wp-json\/wp\/v2\/pages\/241\/revisions"}],"predecessor-version":[{"id":2602,"href":"https:\/\/sisu.ut.ee\/sensiclass\/wp-json\/wp\/v2\/pages\/241\/revisions\/2602"}],"up":[{"embeddable":true,"href":"https:\/\/sisu.ut.ee\/sensiclass\/wp-json\/wp\/v2\/pages\/236"}],"wp:attachment":[{"href":"https:\/\/sisu.ut.ee\/sensiclass\/wp-json\/wp\/v2\/media?parent=241"}],"curies":[{"name":"wp","href":"https:\/\/api.w.org\/{rel}","templated":true}]}}