{"id":232,"date":"2024-04-04T06:43:37","date_gmt":"2024-04-04T03:43:37","guid":{"rendered":"https:\/\/sisu.ut.ee\/sensiclass\/case-studies-et-1\/"},"modified":"2024-06-21T15:25:03","modified_gmt":"2024-06-21T12:25:03","slug":"case-studies-et-1","status":"publish","type":"page","link":"https:\/\/sisu.ut.ee\/sensiclass\/toolbox\/reflective-teaching-et\/case-studies-et-1\/","title":{"rendered":"Juhtumianal\u00fc\u00fcsid"},"content":{"rendered":"<nav style=\"font-style:normal;font-weight:400;\" class=\"has-background has-light-background-color has-regular-font-size is-responsive items-justified-left mb-1 mt-1 wp-block-navigation is-horizontal is-content-justification-left is-layout-flex wp-container-core-navigation-is-layout-c39e78a4 wp-block-navigation-is-layout-flex\" aria-label=\"Reflekteeriv \u00f5petamine\" data-wp-interactive=\"core\/navigation\" data-wp-context='{\"overlayOpenedBy\":{\"click\":false,\"hover\":false,\"focus\":false},\"type\":\"overlay\",\"roleAttribute\":\"\",\"ariaLabel\":\"Menu\"}'><button aria-haspopup=\"dialog\" aria-label=\"Open menu\" class=\"wp-block-navigation__responsive-container-open\" data-wp-on--click=\"actions.openMenuOnClick\" data-wp-on--keydown=\"actions.handleMenuKeydown\"><svg width=\"24\" height=\"24\" xmlns=\"http:\/\/www.w3.org\/2000\/svg\" viewbox=\"0 0 24 24\"><path d=\"M5 5v1.5h14V5H5z\"><\/path><path d=\"M5 12.8h14v-1.5H5v1.5z\"><\/path><path d=\"M5 19h14v-1.5H5V19z\"><\/path><\/svg><\/button>\n\t\t\t\t<div class=\"wp-block-navigation__responsive-container\" id=\"modal-1\" data-wp-class--has-modal-open=\"state.isMenuOpen\" data-wp-class--is-menu-open=\"state.isMenuOpen\" data-wp-watch=\"callbacks.initMenu\" data-wp-on--keydown=\"actions.handleMenuKeydown\" data-wp-on--focusout=\"actions.handleMenuFocusout\" tabindex=\"-1\">\n\t\t\t\t\t<div class=\"wp-block-navigation__responsive-close\" tabindex=\"-1\">\n\t\t\t\t\t\t<div class=\"wp-block-navigation__responsive-dialog\" data-wp-bind--aria-modal=\"state.ariaModal\" data-wp-bind--aria-label=\"state.ariaLabel\" data-wp-bind--role=\"state.roleAttribute\">\n\t\t\t\t\t\t\t<button aria-label=\"Close menu\" class=\"wp-block-navigation__responsive-container-close\" data-wp-on--click=\"actions.closeMenuOnClick\"><svg xmlns=\"http:\/\/www.w3.org\/2000\/svg\" viewbox=\"0 0 24 24\" width=\"24\" height=\"24\" aria-hidden=\"true\" focusable=\"false\"><path d=\"m13.06 12 6.47-6.47-1.06-1.06L12 10.94 5.53 4.47 4.47 5.53 10.94 12l-6.47 6.47 1.06 1.06L12 13.06l6.47 6.47 1.06-1.06L13.06 12Z\"><\/path><\/svg><\/button>\n\t\t\t\t\t\t\t<div class=\"wp-block-navigation__responsive-container-content\" data-wp-watch=\"callbacks.focusFirstElement\" id=\"modal-1-content\">\n\t\t\t\t\t\t\t\t<ul style=\"font-style:normal;font-weight:400;\" class=\"wp-block-navigation__container has-background has-light-background-color has-regular-font-size is-responsive items-justified-left mb-1 mt-1 wp-block-navigation has-regular-font-size\"><li class=\"has-regular-font-size wp-block-navigation-item wp-block-navigation-link\"><a class=\"wp-block-navigation-item__content\" href=\"https:\/\/sisu.ut.ee\/sensiclass\/toolbox\/reflective-teaching-et\/\"><span class=\"wp-block-navigation-item__label\">Reflekteeriv \u00f5petamine<\/span><\/a><\/li><li class=\"has-regular-font-size wp-block-navigation-item wp-block-navigation-link\"><a class=\"wp-block-navigation-item__content\" href=\"https:\/\/sisu.ut.ee\/sensiclass\/toolbox\/reflective-teaching-et\/reflection-and-critical-reflection-et\/\"><span class=\"wp-block-navigation-item__label\">Refleksioon ja kriitiline refleksioon<\/span><\/a><\/li><li class=\"has-regular-font-size wp-block-navigation-item wp-block-navigation-link\"><a class=\"wp-block-navigation-item__content\" href=\"https:\/\/sisu.ut.ee\/sensiclass\/toolbox\/reflective-teaching-et\/steps-towards-reflective-teaching-et\/\"><span class=\"wp-block-navigation-item__label\">Sammud reflekteeriva \u00f5petamise poole<\/span><\/a><\/li><li data-wp-context='{ \"submenuOpenedBy\": { \"click\": false, \"hover\": false, \"focus\": false }, \"type\": \"submenu\", \"modal\": null, \"previousFocus\": null }' data-wp-interactive=\"core\/navigation\" data-wp-on--focusout=\"actions.handleMenuFocusout\" data-wp-on--keydown=\"actions.handleMenuKeydown\" data-wp-watch=\"callbacks.initMenu\" tabindex=\"-1\" class=\"wp-block-navigation-item has-regular-font-size has-child open-on-click wp-block-navigation-submenu\"><button data-wp-bind--aria-expanded=\"state.isMenuOpen\" data-wp-on--click=\"actions.toggleMenuOnClick\" aria-label=\"\u00d5ppematerjalid submenu\" class=\"wp-block-navigation-item__content wp-block-navigation-submenu__toggle\"><span class=\"wp-block-navigation-item__label\">\u00d5ppematerjalid<\/span><\/button><span class=\"wp-block-navigation__submenu-icon\"><svg xmlns=\"http:\/\/www.w3.org\/2000\/svg\" width=\"12\" height=\"12\" viewbox=\"0 0 12 12\" fill=\"none\" aria-hidden=\"true\" focusable=\"false\"><path d=\"M1.50002 4L6.00002 8L10.5 4\" stroke-width=\"1.5\"><\/path><\/svg><\/span><ul data-wp-on--focus=\"actions.openMenuOnFocus\" class=\"wp-block-navigation__submenu-container wp-block-navigation-submenu\"><li class=\"has-regular-font-size wp-block-navigation-item wp-block-navigation-link\"><a class=\"wp-block-navigation-item__content\" href=\"https:\/\/sisu.ut.ee\/sensiclass\/toolbox\/reflective-teaching-et\/teaching-resources-et-1\/handout-external-reflection-et\/\"><span class=\"wp-block-navigation-item__label\">B7 Handout for external reflection \u2013 ET<\/span><\/a><\/li><li class=\"has-regular-font-size wp-block-navigation-item wp-block-navigation-link\"><a class=\"wp-block-navigation-item__content\" href=\"https:\/\/sisu.ut.ee\/sensiclass\/toolbox\/reflective-teaching-et\/teaching-resources-et-1\/handout-self-reflection-et\/\"><span class=\"wp-block-navigation-item__label\">B7 Handout for self-reflection \u2013 ET<\/span><\/a><\/li><\/ul><\/li><li class=\"has-regular-font-size wp-block-navigation-item wp-block-navigation-link\"><a class=\"wp-block-navigation-item__content\" href=\"https:\/\/sisu.ut.ee\/sensiclass\/toolbox\/reflective-teaching-et\/case-studies-et-1\/\"><span class=\"wp-block-navigation-item__label\">Juhtumianal\u00fc\u00fcsid<\/span><\/a><\/li><li class=\"has-regular-font-size wp-block-navigation-item wp-block-navigation-link\"><a class=\"wp-block-navigation-item__content\" href=\"https:\/\/sisu.ut.ee\/sensiclass\/toolbox\/reflective-teaching-et\/bibliography-and-further-resources-et-1\/\"><span class=\"wp-block-navigation-item__label\">Kasutatud kirjandus ja lisamaterjalid<\/span><\/a><\/li><li class=\"has-regular-font-size wp-block-navigation-item wp-block-navigation-link\"><a class=\"wp-block-navigation-item__content\" href=\"https:\/\/sisu.ut.ee\/sensiclass\/toolbox\/reflective-teaching-et\/test-your-knowledge-et-1\/\"><span class=\"wp-block-navigation-item__label\">Pane teadmised proovile!<\/span><\/a><\/li><\/ul>\n\t\t\t\t\t\t\t<\/div>\n\t\t\t\t\t\t<\/div>\n\t\t\t\t\t<\/div>\n\t\t\t\t<\/div><\/nav>\n\n<p>\n\tJ\u00e4rgnevast juhtumianal\u00fc\u00fcsi jaotisest leiate Ungarist, Poolast, T\u0161ehhist ja Eestist p\u00e4rit \u00f5petajate vastused, kes anal\u00fc\u00fcsivad selles moodulis esitatud ressursside kasutamist. \u00d5petajatel paluti t\u00e4ita eneserefleksiooni v\u00f5i v\u00e4lisrefleksiooni \u00fclesandeid, kasutades jaotusmaterjale ja tutvuda selles moodulis toodud materjalidega. Siin on esitatud, mida \u00f5petajad oma kogemuse kohta \u00fctlesid:\n<\/p>\n<p>\n\t\u00a0\n<\/p>\n<blockquote>\n<p>\n\t\t\u2026Hindamine inspireeris mind j\u00e4tkama kaasaegsete \u00f5petamismeetodite kasutamist ja t\u00f6\u00f6tamist juhtumiuuringutega. Tunnis ja j\u00e4relhindamise k\u00e4igus avastasin, et mulle v\u00e4ga meeldib j\u00e4lgida oma \u00f5pilaste akadeemilist arengut ja arutada nendega aktuaalseid sotsiaalseid probleeme. (\u00d5petaja T\u0161ehhist)\n\t<\/p>\n<\/blockquote>\n<p>\n\t\u00a0\n<\/p>\n<blockquote>\n<p>\n\t\t..Enesehindamine oli kasulik viis klassiruumis toimunu \u00fcmberhindamiseks. Tavaliselt keskendun ma \u00f5ppej\u00f5una klassiruumis ainele ja teabele (v\u00f5i sisule, mida tudengitele edastan) ning seet\u00f5ttu ei p\u00f6\u00f6ra ma sageli t\u00e4helepanu sellele, kuidas ma oma ideid edastan ja kuidas ma tudengitega r\u00e4\u00e4gin. Selle eneserefleksiooni kaudu oli mul v\u00f5imalus just seda teha ning sealjuures ka m\u00f5elda oma loengu erinevatele tagaj\u00e4rgedele. Oluline on see, et \u00f5ppisin oma \u00f5petamisprotsessi kriitiliselt vaatama ja endalt k\u00fcsima, kas mu \u00f5pilased: 1) said aru, mida ma neile \u00f5petada tahan; 2) kas nad tajusid \u00f5petatu sisu nii, nagu ma kavatsesin neile seda seletada. Selle eneserefleksiooni \u00fclesande kaudu n\u00e4gin ka seda, kas saavutan tunni eesm\u00e4rgi, mille p\u00fcstitasin. See eneserefleksiooni\u00fclesanne oli hea v\u00f5imalus m\u00f5elda klassiruumis toimuvale ja mitte ainult sellele, mida ma \u00f5petan, vaid ka oma \u00f5petamisstiilile. (\u00d5petaja Eestist)\n\t<\/p>\n<\/blockquote>\n<p>\n\t\u00a0\n<\/p>\n<blockquote>\n<p>\n\t\t..Igasugune refleksioon oli eriti kasulik veebip\u00f5hise \u00f5petamise ajal. Minu jaoks aus ja avatud suhtlemine minu p\u00fcstitatud eesm\u00e4rkidest, motivatsioonidest ja v\u00e4ljakutsetest (seotud peamiselt h\u00fcbriid\u00f5ppevormi v\u00f5i \u00e4sja alustatud tundidega) paneb mind tundma ebamugavalt ja kohati isegi haavatavalt. Kui katsetan midagi uut (uus \u00f5petamise formaat, uus tunnisisu), siis n\u00e4en alles hiljem, kursuse l\u00f5pus, \u00f5pilaste hinnangutes, mis \u00f5nnestus ja mis mitte, ning seda ebakindlust on mul v\u00e4ga raske taluda. Nimetatud p\u00f5hjustel oli enesehindamine ja minu \u00f5ppet\u00f6\u00f6 hindamine kolleegi poolt v\u00e4ga kasulik \u00fclesanne, nii sain enne semestri l\u00f5ppu tagasisidet, et kaaluda muudatusi (v\u00f5i tunda kindlustunnet ja julgustust) oma tunni ja \u00f5petamisstiili osas. (\u00d5petaja Ungarist)\n\t<\/p>\n<\/blockquote>\n<p>\n\t\u00a0\n<\/p>\n<blockquote>\n<p>\n\t\t..Minu \u00f5petamise v\u00e4line hindamine oli v\u00e4ga kasulik \u00f5petaja-\u00f5pilase ja \u00f5petaja-klassi suhte \u00fcksikasjade v\u00e4ljatoomisel. Olles lugenud hindajate m\u00f5tisklusi, kaalusin t\u00f6\u00f6meetodite mitmekesistamist ja m\u00f5istsin, kui oluline on t\u00e4hele panna, kuidas \u00f5pilased ainest aru saavad. Kaalusin refleksioonide p\u00f5hjal ka erinevate materjalide kasutamist tunnis. See \u00fclesanne pani mind m\u00f5istma, kui oluline on saada tagasisidet kelleltki, kellel v\u00f5ib olla teistsugune vaade \u00f5petamisele, meetoditele v\u00f5i suhtlusstiilile. (\u00d5petaja Poolast)\n\t<\/p>\n<\/blockquote>\n<p>\n\t\u00a0\n<\/p>","protected":false},"excerpt":{"rendered":"<p>J\u00e4rgnevast juhtumianal\u00fc\u00fcsi jaotisest leiate Ungarist, Poolast, T\u0161ehhist ja Eestist p\u00e4rit \u00f5petajate vastused, kes anal\u00fc\u00fcsivad selles moodulis esitatud ressursside kasutamist. \u00d5petajatel paluti t\u00e4ita eneserefleksiooni v\u00f5i v\u00e4lisrefleksiooni \u00fclesandeid, kasutades jaotusmaterjale ja tutvuda selles moodulis toodud materjalidega. Siin on esitatud, mida \u00f5petajad oma &#8230;<\/p>\n","protected":false},"author":240,"featured_media":0,"parent":216,"menu_order":0,"comment_status":"closed","ping_status":"closed","template":"","meta":{"_acf_changed":false,"inline_featured_image":false,"footnotes":""},"class_list":["post-232","page","type-page","status-publish","hentry"],"acf":[],"_links":{"self":[{"href":"https:\/\/sisu.ut.ee\/sensiclass\/wp-json\/wp\/v2\/pages\/232","targetHints":{"allow":["GET"]}}],"collection":[{"href":"https:\/\/sisu.ut.ee\/sensiclass\/wp-json\/wp\/v2\/pages"}],"about":[{"href":"https:\/\/sisu.ut.ee\/sensiclass\/wp-json\/wp\/v2\/types\/page"}],"author":[{"embeddable":true,"href":"https:\/\/sisu.ut.ee\/sensiclass\/wp-json\/wp\/v2\/users\/240"}],"replies":[{"embeddable":true,"href":"https:\/\/sisu.ut.ee\/sensiclass\/wp-json\/wp\/v2\/comments?post=232"}],"version-history":[{"count":4,"href":"https:\/\/sisu.ut.ee\/sensiclass\/wp-json\/wp\/v2\/pages\/232\/revisions"}],"predecessor-version":[{"id":2560,"href":"https:\/\/sisu.ut.ee\/sensiclass\/wp-json\/wp\/v2\/pages\/232\/revisions\/2560"}],"up":[{"embeddable":true,"href":"https:\/\/sisu.ut.ee\/sensiclass\/wp-json\/wp\/v2\/pages\/216"}],"wp:attachment":[{"href":"https:\/\/sisu.ut.ee\/sensiclass\/wp-json\/wp\/v2\/media?parent=232"}],"curies":[{"name":"wp","href":"https:\/\/api.w.org\/{rel}","templated":true}]}}