{"id":225,"date":"2024-04-04T06:43:37","date_gmt":"2024-04-04T03:43:37","guid":{"rendered":"https:\/\/sisu.ut.ee\/sensiclass\/references-further-reading\/"},"modified":"2024-06-21T08:53:14","modified_gmt":"2024-06-21T05:53:14","slug":"references-further-reading","status":"publish","type":"page","link":"https:\/\/sisu.ut.ee\/sensiclass\/e-modules\/e-module2\/presentation-topic-0\/references-further-reading\/","title":{"rendered":"References, further reading"},"content":{"rendered":"<nav style=\"font-style:normal;font-weight:400;\" class=\"has-background has-light-background-color has-regular-font-size is-responsive items-justified-left mb-1 mt-1 wp-block-navigation is-horizontal is-content-justification-left is-layout-flex wp-container-core-navigation-is-layout-c39e78a4 wp-block-navigation-is-layout-flex\" aria-label=\"History and counter-history: Roma and historical narrative(s)\" data-wp-interactive=\"core\/navigation\" data-wp-context='{\"overlayOpenedBy\":{\"click\":false,\"hover\":false,\"focus\":false},\"type\":\"overlay\",\"roleAttribute\":\"\",\"ariaLabel\":\"Menu\"}'><button aria-haspopup=\"dialog\" aria-label=\"Open menu\" class=\"wp-block-navigation__responsive-container-open\" data-wp-on--click=\"actions.openMenuOnClick\" data-wp-on--keydown=\"actions.handleMenuKeydown\"><svg width=\"24\" height=\"24\" xmlns=\"http:\/\/www.w3.org\/2000\/svg\" viewbox=\"0 0 24 24\"><path d=\"M5 5v1.5h14V5H5z\"><\/path><path d=\"M5 12.8h14v-1.5H5v1.5z\"><\/path><path d=\"M5 19h14v-1.5H5V19z\"><\/path><\/svg><\/button>\n\t\t\t\t<div class=\"wp-block-navigation__responsive-container\" id=\"modal-1\" data-wp-class--has-modal-open=\"state.isMenuOpen\" data-wp-class--is-menu-open=\"state.isMenuOpen\" data-wp-watch=\"callbacks.initMenu\" data-wp-on--keydown=\"actions.handleMenuKeydown\" data-wp-on--focusout=\"actions.handleMenuFocusout\" tabindex=\"-1\">\n\t\t\t\t\t<div class=\"wp-block-navigation__responsive-close\" tabindex=\"-1\">\n\t\t\t\t\t\t<div class=\"wp-block-navigation__responsive-dialog\" data-wp-bind--aria-modal=\"state.ariaModal\" data-wp-bind--aria-label=\"state.ariaLabel\" data-wp-bind--role=\"state.roleAttribute\">\n\t\t\t\t\t\t\t<button aria-label=\"Close menu\" class=\"wp-block-navigation__responsive-container-close\" data-wp-on--click=\"actions.closeMenuOnClick\"><svg xmlns=\"http:\/\/www.w3.org\/2000\/svg\" viewbox=\"0 0 24 24\" width=\"24\" height=\"24\" aria-hidden=\"true\" focusable=\"false\"><path d=\"m13.06 12 6.47-6.47-1.06-1.06L12 10.94 5.53 4.47 4.47 5.53 10.94 12l-6.47 6.47 1.06 1.06L12 13.06l6.47 6.47 1.06-1.06L13.06 12Z\"><\/path><\/svg><\/button>\n\t\t\t\t\t\t\t<div class=\"wp-block-navigation__responsive-container-content\" data-wp-watch=\"callbacks.focusFirstElement\" id=\"modal-1-content\">\n\t\t\t\t\t\t\t\t<ul style=\"font-style:normal;font-weight:400;\" class=\"wp-block-navigation__container has-background has-light-background-color has-regular-font-size is-responsive items-justified-left mb-1 mt-1 wp-block-navigation has-regular-font-size\"><li class=\"has-regular-font-size wp-block-navigation-item wp-block-navigation-link\"><a class=\"wp-block-navigation-item__content\" href=\"https:\/\/sisu.ut.ee\/sensiclass\/e-modules\/e-module2\/\"><span class=\"wp-block-navigation-item__label\">History and counter-history: Roma and historical narrative(s)<\/span><\/a><\/li><li class=\"has-regular-font-size wp-block-navigation-item wp-block-navigation-link\"><a class=\"wp-block-navigation-item__content\" href=\"https:\/\/sisu.ut.ee\/sensiclass\/e-modules\/e-module2\/methodological-explanation-1\/\"><span class=\"wp-block-navigation-item__label\">Methodological explanation<\/span><\/a><\/li><li data-wp-context='{ \"submenuOpenedBy\": { \"click\": false, \"hover\": false, \"focus\": false }, \"type\": \"submenu\", \"modal\": null, \"previousFocus\": null }' data-wp-interactive=\"core\/navigation\" data-wp-on--focusout=\"actions.handleMenuFocusout\" data-wp-on--keydown=\"actions.handleMenuKeydown\" data-wp-watch=\"callbacks.initMenu\" tabindex=\"-1\" class=\"wp-block-navigation-item has-regular-font-size has-child open-on-click wp-block-navigation-submenu\"><button data-wp-bind--aria-expanded=\"state.isMenuOpen\" data-wp-on--click=\"actions.toggleMenuOnClick\" aria-label=\"Presentation of the topic submenu\" class=\"wp-block-navigation-item__content wp-block-navigation-submenu__toggle\"><span class=\"wp-block-navigation-item__label\">Presentation of the topic<\/span><\/button><span class=\"wp-block-navigation__submenu-icon\"><svg xmlns=\"http:\/\/www.w3.org\/2000\/svg\" width=\"12\" height=\"12\" viewbox=\"0 0 12 12\" fill=\"none\" aria-hidden=\"true\" focusable=\"false\"><path d=\"M1.50002 4L6.00002 8L10.5 4\" stroke-width=\"1.5\"><\/path><\/svg><\/span><ul data-wp-on--focus=\"actions.openMenuOnFocus\" class=\"wp-block-navigation__submenu-container wp-block-navigation-submenu\"><li class=\"has-regular-font-size wp-block-navigation-item wp-block-navigation-link\"><a class=\"wp-block-navigation-item__content\" href=\"https:\/\/sisu.ut.ee\/sensiclass\/e-modules\/e-module2\/presentation-topic-0\/movie-people-uncounted\/\"><span class=\"wp-block-navigation-item__label\">Movie: A people uncounted<\/span><\/a><\/li><li class=\"has-regular-font-size wp-block-navigation-item wp-block-navigation-link\"><a class=\"wp-block-navigation-item__content\" href=\"https:\/\/sisu.ut.ee\/sensiclass\/e-modules\/e-module2\/presentation-topic-0\/roma-history-and-counter-history\/\"><span class=\"wp-block-navigation-item__label\">Roma history and counter-history<\/span><\/a><\/li><li class=\"has-regular-font-size wp-block-navigation-item wp-block-navigation-link\"><a class=\"wp-block-navigation-item__content\" href=\"https:\/\/sisu.ut.ee\/sensiclass\/e-modules\/e-module2\/presentation-topic-0\/references-further-reading\/\"><span class=\"wp-block-navigation-item__label\">References, further reading<\/span><\/a><\/li><\/ul><\/li><li data-wp-context='{ \"submenuOpenedBy\": { \"click\": false, \"hover\": false, \"focus\": false }, \"type\": \"submenu\", \"modal\": null, \"previousFocus\": null }' data-wp-interactive=\"core\/navigation\" data-wp-on--focusout=\"actions.handleMenuFocusout\" data-wp-on--keydown=\"actions.handleMenuKeydown\" data-wp-watch=\"callbacks.initMenu\" tabindex=\"-1\" class=\"wp-block-navigation-item has-regular-font-size has-child open-on-click wp-block-navigation-submenu\"><button data-wp-bind--aria-expanded=\"state.isMenuOpen\" data-wp-on--click=\"actions.toggleMenuOnClick\" aria-label=\"Exercises submenu\" class=\"wp-block-navigation-item__content wp-block-navigation-submenu__toggle\"><span class=\"wp-block-navigation-item__label\">Exercises<\/span><\/button><span class=\"wp-block-navigation__submenu-icon\"><svg xmlns=\"http:\/\/www.w3.org\/2000\/svg\" width=\"12\" height=\"12\" viewbox=\"0 0 12 12\" fill=\"none\" aria-hidden=\"true\" focusable=\"false\"><path d=\"M1.50002 4L6.00002 8L10.5 4\" stroke-width=\"1.5\"><\/path><\/svg><\/span><ul data-wp-on--focus=\"actions.openMenuOnFocus\" class=\"wp-block-navigation__submenu-container wp-block-navigation-submenu\"><li class=\"has-regular-font-size wp-block-navigation-item wp-block-navigation-link\"><a class=\"wp-block-navigation-item__content\" href=\"https:\/\/sisu.ut.ee\/sensiclass\/e-modules\/e-module2\/exercises-1\/exercise-2-voices-victims-counter-storytelling\/\"><span class=\"wp-block-navigation-item__label\">H-Exercise 2: Voices of the victims \u2013 counter-storytelling<\/span><\/a><\/li><li class=\"has-regular-font-size wp-block-navigation-item wp-block-navigation-link\"><a class=\"wp-block-navigation-item__content\" href=\"https:\/\/sisu.ut.ee\/sensiclass\/e-modules\/e-module2\/exercises-1\/exercise-1-narrative-and-counter-narrative\/\"><span class=\"wp-block-navigation-item__label\">Exercise 1: Narrative and counter-narrative<\/span><\/a><\/li><li class=\"has-regular-font-size wp-block-navigation-item wp-block-navigation-link\"><a class=\"wp-block-navigation-item__content\" href=\"https:\/\/sisu.ut.ee\/sensiclass\/e-modules\/e-module2\/exercises-1\/exercise-3-forms-resistance\/\"><span class=\"wp-block-navigation-item__label\">Exercise 3: Forms of resistance<\/span><\/a><\/li><li class=\"has-regular-font-size wp-block-navigation-item wp-block-navigation-link\"><a class=\"wp-block-navigation-item__content\" href=\"https:\/\/sisu.ut.ee\/sensiclass\/e-modules\/e-module2\/exercises-1\/exercise-4-importance-remembrance\/\"><span class=\"wp-block-navigation-item__label\">Exercise 4: Importance of remembrance<\/span><\/a><\/li><\/ul><\/li><\/ul>\n\t\t\t\t\t\t\t<\/div>\n\t\t\t\t\t\t<\/div>\n\t\t\t\t\t<\/div>\n\t\t\t\t<\/div><\/nav>\n\n<p>\n\tAnna Mirga-Kruszelnicka and Jekatyerina Dunajeva (eds.) 2020. Re-thinking Roma resistance throughout history: Recounting stories of strength and bravery. Berlin: ERIAC. ISBN: 978-3-9822573\n<\/p>\n<p>\n\tB\u00e1rsony, J\u00e1nos, and \u00c1gnes Dar\u00f3czi. 2008. Pharrajimos: The fate of the Roma during the Holocaust. New York: IDebate Press.\n<\/p>\n<p>\n\tBern\u00e1th, G\u00e1bor, ed. 2000. Porrajmos: Recollections of Roma Holocaust Survivers. Budapest: Roma Press Center Books.\n<\/p>\n<p>\n\tBinder, M., and Do\u0301ra Pa\u0301los. 2016. \u201c<a data-url=\"http:\/\/cfcf.hu\/sites\/default\/files\/Binder%20P\u00e1los%20-%20ROMA.TK.KUT.%202016.pdf\" href=\"http:\/\/cfcf.hu\/sites\/default\/files\/Binder%20P%C3%A1los%20-%20ROMA.TK.KUT.%202016.pdf\" target=\"_blank\" title=\"\" rel=\"noopener\">Rom\u00e1k a kerettantervekben \u00e9s a k\u00eds\u00e9rleti tank\u00f6nyvekben<\/a> (Roma in cirricula and experimental textbooks)\u201d. Chance for Children Foundation. (in Hungarian only)\n<\/p>\n<p>\n\tGrobbel, M. (2003). Contemporary Romany Autobiography as Performance. The German Quarterly, 76(2), 140-154. doi:10.2307\/3252171\n<\/p>\n<p>\n\tLueg, Klarissa \u00a0and Marianne Wolff Lundholt (eds.) 2020. Routledge Handbook of Counter-Narratives. 1st Edition. Routledge\n<\/p>\n<p>\n\tMargalit, G., &amp; Matras, Y. 2007. <a data-url=\"https:\/\/books.openedition.org\/ceup\/1417?lang=en\" href=\"https:\/\/books.openedition.org\/ceup\/1417?lang=en\" target=\"_blank\" title=\"\" rel=\"noopener\">Gypsies in Germany\u2014German Gypsies? Identity and Politics of Sinti and Roma in Germany<\/a>. In The Roma: a Minority in Europe: Historical, Political and Social Perspectives. Central European University Press.\n<\/p>\n<p>\n\tMiles, James. 2019. Historical silences and the enduring power of counter storytelling, Curriculum Inquiry, 49:3, 253-259.\n<\/p>\n<p>\n\tMoussa, Mario, and Ron Scapp. 1996. \u201cThe Practical Theorizing of Michel Foucault: Politics and Counter-Discourse.\u201d Cultural Critique Spring (33): 87-112.\n<\/p>\n<p>\n\tSol\u00f3rzano, D. G., Yosso T.J. Critical Race Methodology: Counter-Storytelling as an Analytical Framework for Education Research. Qualitative Inquiry. 2002;8(1):23-44.\n<\/p>\n<p>\n\tWisely, A. (2019). War against \u201cInternal Enemies\u201d: Dr. Franz Lucas\u2019s Sterilization of Sinti and Roma in Ravensbr\u00fcck Men\u2019s Camp in January 1945. Central European History, 52(4), 650-671.\n<\/p>","protected":false},"excerpt":{"rendered":"<p>Anna Mirga-Kruszelnicka and Jekatyerina Dunajeva (eds.) 2020. Re-thinking Roma resistance throughout history: Recounting stories of strength and bravery. Berlin: ERIAC. ISBN: 978-3-9822573 B\u00e1rsony, J\u00e1nos, and \u00c1gnes Dar\u00f3czi. 2008. Pharrajimos: The fate of the Roma during the Holocaust. New York: IDebate &#8230;<\/p>\n","protected":false},"author":240,"featured_media":0,"parent":193,"menu_order":3,"comment_status":"closed","ping_status":"closed","template":"","meta":{"_acf_changed":false,"inline_featured_image":false,"footnotes":""},"class_list":["post-225","page","type-page","status-publish","hentry"],"acf":[],"_links":{"self":[{"href":"https:\/\/sisu.ut.ee\/sensiclass\/wp-json\/wp\/v2\/pages\/225","targetHints":{"allow":["GET"]}}],"collection":[{"href":"https:\/\/sisu.ut.ee\/sensiclass\/wp-json\/wp\/v2\/pages"}],"about":[{"href":"https:\/\/sisu.ut.ee\/sensiclass\/wp-json\/wp\/v2\/types\/page"}],"author":[{"embeddable":true,"href":"https:\/\/sisu.ut.ee\/sensiclass\/wp-json\/wp\/v2\/users\/240"}],"replies":[{"embeddable":true,"href":"https:\/\/sisu.ut.ee\/sensiclass\/wp-json\/wp\/v2\/comments?post=225"}],"version-history":[{"count":4,"href":"https:\/\/sisu.ut.ee\/sensiclass\/wp-json\/wp\/v2\/pages\/225\/revisions"}],"predecessor-version":[{"id":2237,"href":"https:\/\/sisu.ut.ee\/sensiclass\/wp-json\/wp\/v2\/pages\/225\/revisions\/2237"}],"up":[{"embeddable":true,"href":"https:\/\/sisu.ut.ee\/sensiclass\/wp-json\/wp\/v2\/pages\/193"}],"wp:attachment":[{"href":"https:\/\/sisu.ut.ee\/sensiclass\/wp-json\/wp\/v2\/media?parent=225"}],"curies":[{"name":"wp","href":"https:\/\/api.w.org\/{rel}","templated":true}]}}